{"id":6195,"date":"2021-11-25T21:37:07","date_gmt":"2021-11-25T21:37:07","guid":{"rendered":"https:\/\/lt.sitegist.net\/?page_id=6195"},"modified":"2021-12-15T15:35:03","modified_gmt":"2021-12-15T15:35:03","slug":"referenser","status":"publish","type":"page","link":"https:\/\/lt.sitegist.net\/sv\/referenser\/","title":{"rendered":"Referenser"},"content":{"rendered":"<p>[et_pb_section fb_built=&#8221;1&#8243; admin_label=&#8221;heading component&#8221; _builder_version=&#8221;4.9.4&#8243; _module_preset=&#8221;default&#8221; background_color=&#8221;#f9f9f7&#8243; global_colors_info=&#8221;{}&#8221;][et_pb_row column_structure=&#8221;1_2,1_2&#8243; admin_label=&#8221;Header component&#8221; _builder_version=&#8221;4.9.4&#8243; _module_preset=&#8221;default&#8221; global_colors_info=&#8221;{}&#8221;][et_pb_column type=&#8221;1_2&#8243; _builder_version=&#8221;4.9.4&#8243; _module_preset=&#8221;default&#8221; global_colors_info=&#8221;{}&#8221;][et_pb_text _builder_version=&#8221;4.13.1&#8243; _module_preset=&#8221;default&#8221; hover_enabled=&#8221;0&#8243; global_colors_info=&#8221;{}&#8221; sticky_enabled=&#8221;0&#8243;]<\/p>\n<h1>Referenser<\/h1>\n<p>[\/et_pb_text][\/et_pb_column][et_pb_column type=&#8221;1_2&#8243; _builder_version=&#8221;4.9.4&#8243; _module_preset=&#8221;default&#8221; global_colors_info=&#8221;{}&#8221;][et_pb_image src=&#8221;\/wp-content\/uploads\/2021\/06\/Combined-Shape@15x.svg&#8221; title_text=&#8221;Combined Shape@1,5x&#8221; _builder_version=&#8221;4.9.4&#8243; _module_preset=&#8221;default&#8221; global_colors_info=&#8221;{}&#8221;][\/et_pb_image][\/et_pb_column][\/et_pb_row][\/et_pb_section][et_pb_section fb_built=&#8221;1&#8243; fullwidth=&#8221;on&#8221; _builder_version=&#8221;4.9.4&#8243; _module_preset=&#8221;default&#8221; global_colors_info=&#8221;{}&#8221;][et_pb_fullwidth_code _builder_version=&#8221;4.9.4&#8243; _module_preset=&#8221;default&#8221; global_colors_info=&#8221;{}&#8221;]<style>\n    #slide {\n      width: 100%;\n      background-color: #FBFAF9;\n      display: flex;\n      align-items: center;\n      margin:0px;\n      padding:0;\n      heigth:auto;\n      max-height:700px;\n  }\n  #recent > article > a {\n    text-decoration: none;\n    color: black;\n  }\n  #headLineContent > a {\n    text-decoration: none;\n    color: black;\n  }\n  \n  #slidewrap {\u00a0\n    max-width: 500px;\n    width: 50%;\n    margin: auto;\n  }\n  #slidewrap img {\n    width:100%;\n  }\n  \n  .headlineContent{\n    background: #FBFAF9;\n    background-color: #FBFAF9;\n    display: block;\n    position: relative;\n    left: 20%;\n    margin-top:35%;\n    max-width: 800px;\n    padding: 30px;\n    max-height: 200px;\n    }\n  .headlineContent h1{\n     font-size: 28px;\n     line-height: 30px;\n  } \n  #recent {\n    background-color: #FBFAF9;\n    margin-top: 0px;\n    overflow: auto;\n    display: flex;\n    align-items: stretch;\n    flex-wrap: wrap;\n    padding: 30px;\n  }\n  \n  #recent > article {\n    margin: 15px;\n    flex-basis: 31%;\n    background-color: white;\n  \n  }\n  #recent > article > h1, h2,h3,h4,h6, p, a { \n    padding: 20px;\n  }\n  \n  \n  #recent article img {\n    padding: 0px;\n    margin: 0px auto;\n    min-width:400px;\n    width: 100%;\n    height: auto;\n  }\n  #contentx{ \n    background-color: #FBFAF9;\n    width: 100%;\n    margin: auto;\n    display:block;\n  }\n  #casesContentWrapper{\n    max-width:1600px;\n    margin: 0 auto;\n  }\n  @media screen and (max-width: 600px) {\n    #recent, article {\n      padding-left: 0px !important;\n    }\n    #recent > article > h1, h2, h3, h4, h6, p, a {\n      width:90%;\n      padding-left:15px;\n    }\n  }\n<\/style>\n<div id=\"contentx\">\n <div id=\"casesContentWrapper\">\n  <!-- Start content -->\n  <div id=\"slide\">\n    <div id=\"slidewrap\">\n        <img decoding=\"async\"\n          src=\"https:\/\/lt.sitegist.net\/wp-content\/uploads\/2022\/11\/windturbine8-whole-area@03x-1024x683-1.jpg\"\n        \/>\n        <div class=\"headlineContent\" style=\"top:-400px;display:block;\">\n            <h1>Destias designsamordnare Krista Uutela ber\u00e4ttar om arbetet med det enorma byggprojektet vid Mutkalampi vindpark<\/h1>\n            <p>\n              Destia, Finlands st\u00f6rsta bolag f\u00f6r infrastrukturtj\u00e4nster, byggde infrastrukturen f\u00f6r Vestas Wind Systems vindkraftspark i Mutkalampi i mellersta och norra \u00d6sterbotten i Finland.\n            <\/p>\n            <a class=\"readMore\" href=\"https:\/\/lt.sitegist.net\/sv\/caseselected\/destias-designsamordnare-krista-uutela-berattar-om-arbetet-med-det-enorma-byggprojektet-vid-mutkalampi-vindpark\/\">L&auml;s mer &raquo;<\/a><br \/>&nbsp;<br \/>\n        <\/div>\n    <\/div>\n  <\/div>\n  <section id=\"recent\">\n        \n        <article>\n        <img decoding=\"async\"\n          src=\"https:\/\/lt.sitegist.net\/wp-content\/uploads\/2023\/08\/A9_highlighter_image.jpg\"\n        \/>\n        <h6>Advancement through digitalization and innovation \u2013 Benefits of digitalization in the A9 highway refurbishment for all project participants.<\/h6>\n        <p>\n        The refurbishment of the Pyhrn Motorway A9 is a groundbreaking project in which Austrian motorway authority, ASFiNAG, placed a strong emphasis on digitalization during the tendering phase.\n        <\/p>\n        <a class=\"readMore\" href=\"https:\/\/lt.sitegist.net\/sv\/caseselected\/advancement-through-digitalization-and-innovation-benefits-of-digitalization-in-the-a9-highway-refurbishment-for-all-project-participants\/\">L&auml;s mer &raquo;<\/a>\n      <\/article>\n        \n        <article>\n        <img decoding=\"async\"\n          src=\"https:\/\/lt.sitegist.net\/wp-content\/uploads\/2023\/02\/dunnewindgroep_highlighter_image.jpg\"\n        \/>\n        <h6>\u201cInfrakit is unmissable in our present-day work\u201d Jan Boerman, land surveyor at Dunnewind Groep in Ommen<\/h6>\n        <p>\n        He is an \u201cold hand\u201d in the trade. Jan Boerman works, among his other jobs, as a land surveyor at Dunnewind Groep in Ommen. The company specializes in earthworks, civil engineering, demolition projects, transport, and waste collection.\n        <\/p>\n        <a class=\"readMore\" href=\"https:\/\/lt.sitegist.net\/sv\/caseselected\/infrakit-is-unmissable-in-our-present-day-work-jan-boerman-land-surveyor-at-dunnewind-groep-in-ommen\/\">L&auml;s mer &raquo;<\/a>\n      <\/article>\n        \n        <article>\n        <img decoding=\"async\"\n          src=\"https:\/\/lt.sitegist.net\/wp-content\/uploads\/2022\/12\/destia_wind_farm_highlighter_image.jpg\"\n        \/>\n        <h6>Destia anv\u00e4nder Infrakit f\u00f6r att hantera byggnationen av infrastruktur i massivt vindkraftparksprojekt i Mutkalampi<\/h6>\n        <p>\n        Med 69 turbiner blir vindkraftparken Finlands st\u00f6rsta. Vindkraftparken drifts\u00e4tts i tv\u00e5 faser: i slutet av 2022 och i juli\u2013september 2023.\n        <\/p>\n        <a class=\"readMore\" href=\"https:\/\/lt.sitegist.net\/sv\/caseselected\/destia-anvander-infrakit-for-att-hantera-byggnationen-av-infrastruktur-i-massivt-vindkraftparksprojekt-i-mutkalampi\/\">L&auml;s mer &raquo;<\/a>\n      <\/article>\n        \n        <article>\n        <img decoding=\"async\"\n          src=\"https:\/\/lt.sitegist.net\/wp-content\/uploads\/2022\/09\/infrakit_heijmans_highlighter_image.jpg\"\n        \/>\n        <h6>Klavertje 4: Heijmans bygger hj\u00e4rtat av Greenport Venlo: huvudlantm\u00e4tare ber\u00e4ttar om projektets blandade maskinpark och kvalitetsstyrning<\/h6>\n        <p>\n        Nordv\u00e4st om Venlo, mellan motorv\u00e4garna A73 och A67, ligger det cirka 5 000 hektar stora omr\u00e5det Klavertje 4 (K4, fyrkl\u00f6vern).\n        <\/p>\n        <a class=\"readMore\" href=\"https:\/\/lt.sitegist.net\/sv\/caseselected\/klavertje-4-heijmans-bygger-hjartat-av-greenport-venlo-huvudlantmatare-berattar-om-projektets-blandade-maskinpark-och-kvalitetsstyrning\/\">L&auml;s mer &raquo;<\/a>\n      <\/article>\n        \n        <article>\n        <img decoding=\"async\"\n          src=\"https:\/\/lt.sitegist.net\/wp-content\/uploads\/2022\/08\/Bouygues-highlight-AB.jpg\"\n        \/>\n        <h6>Bouygues byggchef ber\u00e4ttar om hantering av realtidsdata p\u00e5 byggplatsen f\u00f6r metrolinje 11 i Paris<\/h6>\n        <p>\n        P\u00e5 byggplatsen vid metrolinje 11 kan byggchef Anthony Balbeurre fr\u00e5n Bouygues Construction nu anv\u00e4nda Infrakit f\u00f6r att samla in och dela data i realtid\n        <\/p>\n        <a class=\"readMore\" href=\"https:\/\/lt.sitegist.net\/sv\/caseselected\/bouygues-byggchef-berattar-om-hantering-av-realtidsdata-pa-byggplatsen-for-metrolinje-11-i-paris\/\">L&auml;s mer &raquo;<\/a>\n      <\/article>\n        \n        <article>\n        <img decoding=\"async\"\n          src=\"https:\/\/lt.sitegist.net\/wp-content\/uploads\/2022\/06\/E39-AF-Anlegg.png\"\n        \/>\n        <h6>AF Anleggs chef f\u00f6r maskinstyrning och automation talar om att hantera datafl\u00f6det f\u00f6r blandad flotta p\u00e5 motorv\u00e4gen E39<\/h6>\n        <p>\n        Vi intervjuade Kristen Petillon, chef f\u00f6r maskinstyrning och automation p\u00e5 AF Anlegg, om hans arbete med projektet med Infrakit.\n        <\/p>\n        <a class=\"readMore\" href=\"https:\/\/lt.sitegist.net\/sv\/caseselected\/af-anleggs-chef-for-maskinstyrning-och-automation-talar-om-att-hantera-dataflodet-for-blandad-flotta-pa-motorvagen-e39\/\">L&auml;s mer &raquo;<\/a>\n      <\/article>\n        <br><div style=\"width: 100%; text-align: center;float:none;\"><span aria-current=\"page\" class=\"page-numbers current\">1<\/span>\n<a class=\"page-numbers\" href=\"https:\/\/lt.sitegist.net\/sv\/wp-json\/wp\/v2\/pages\/6195\/page\/2\">2<\/a>\n<a class=\"page-numbers\" href=\"https:\/\/lt.sitegist.net\/sv\/wp-json\/wp\/v2\/pages\/6195\/page\/3\">3<\/a>\n<span class=\"page-numbers dots\">&hellip;<\/span>\n<a class=\"page-numbers\" href=\"https:\/\/lt.sitegist.net\/sv\/wp-json\/wp\/v2\/pages\/6195\/page\/7\">7<\/a>\n<a class=\"next page-numbers\" href=\"https:\/\/lt.sitegist.net\/sv\/wp-json\/wp\/v2\/pages\/6195\/page\/2\">&#9658;<\/a><\/div><\/section>[\/et_pb_fullwidth_code][\/et_pb_section]<\/p>\n","protected":false},"excerpt":{"rendered":"<p>AF Anleggs chef f\u00f6r maskinstyrning och automation talar om att hantera datafl\u00f6det f\u00f6r blandad flotta p\u00e5 motorv\u00e4gen E39AF Anlegg \u00e4r en ledande bygg- och industrikoncern. 2018 skrev de ett kontrakt med Nye Veier f\u00f6r konstruktion och byggnation av den nya motorv\u00e4gen E39. E39 Kristiansand V\u00e4st &#8211; Mandal \u00d6st var det f\u00f6rsta kontraktet i Nye Veiers [&hellip;]<\/p>\n","protected":false},"author":1,"featured_media":0,"parent":0,"menu_order":4,"comment_status":"closed","ping_status":"closed","template":"","meta":{"_acf_changed":false,"_et_pb_use_builder":"on","_et_pb_old_content":"","_et_gb_content_width":"","footnotes":""},"class_list":["post-6195","page","type-page","status-publish","hentry"],"acf":[],"_links":{"self":[{"href":"https:\/\/lt.sitegist.net\/sv\/wp-json\/wp\/v2\/pages\/6195","targetHints":{"allow":["GET"]}}],"collection":[{"href":"https:\/\/lt.sitegist.net\/sv\/wp-json\/wp\/v2\/pages"}],"about":[{"href":"https:\/\/lt.sitegist.net\/sv\/wp-json\/wp\/v2\/types\/page"}],"author":[{"embeddable":true,"href":"https:\/\/lt.sitegist.net\/sv\/wp-json\/wp\/v2\/users\/1"}],"replies":[{"embeddable":true,"href":"https:\/\/lt.sitegist.net\/sv\/wp-json\/wp\/v2\/comments?post=6195"}],"version-history":[{"count":3,"href":"https:\/\/lt.sitegist.net\/sv\/wp-json\/wp\/v2\/pages\/6195\/revisions"}],"predecessor-version":[{"id":6842,"href":"https:\/\/lt.sitegist.net\/sv\/wp-json\/wp\/v2\/pages\/6195\/revisions\/6842"}],"wp:attachment":[{"href":"https:\/\/lt.sitegist.net\/sv\/wp-json\/wp\/v2\/media?parent=6195"}],"curies":[{"name":"wp","href":"https:\/\/api.w.org\/{rel}","templated":true}]}}