{"id":6152,"date":"2021-11-25T20:43:06","date_gmt":"2021-11-25T20:43:06","guid":{"rendered":"https:\/\/lt.sitegist.net\/?page_id=6152"},"modified":"2023-03-29T23:42:27","modified_gmt":"2023-03-29T23:42:27","slug":"infra-agare","status":"publish","type":"page","link":"https:\/\/lt.sitegist.net\/sv\/produkt\/infra-agare\/","title":{"rendered":"Infra \u00e4gare"},"content":{"rendered":"<p>[et_pb_section fb_built=&#8221;1&#8243; _builder_version=&#8221;4.16&#8243; _module_preset=&#8221;default&#8221; global_colors_info=&#8221;{}&#8221;][et_pb_row _builder_version=&#8221;4.16&#8243; _module_preset=&#8221;default&#8221; global_colors_info=&#8221;{}&#8221;][et_pb_column type=&#8221;4_4&#8243; _builder_version=&#8221;4.16&#8243; _module_preset=&#8221;default&#8221; global_colors_info=&#8221;{}&#8221;][et_pb_text _builder_version=&#8221;4.20.2&#8243; _module_preset=&#8221;default&#8221; hover_enabled=&#8221;0&#8243; global_colors_info=&#8221;{}&#8221; sticky_enabled=&#8221;0&#8243;]<\/p>\n<h2>Infra\u00e4gare \u2013 Effektivisera din projektledning<\/h2>\n<p class=\"intro\">N\u00e4r du anv\u00e4nder Infrakit kommer du att f\u00e5 det du har anskaffat b\u00e5de n\u00e4r det g\u00e4ller design och konstruktion. Med Infrakit f\u00e5r du en visuell \u00f6verblick \u00f6ver slutresultatet \u2013 b\u00e5de fysiskt och digitalt.<\/p>\n<p>&nbsp;<\/p>\n<p>[\/et_pb_text][et_pb_image src=&#8221;https:\/\/lt.sitegist.net\/wp-content\/uploads\/2021\/11\/infrakit_infra_owner_h.jpg&#8221; title_text=&#8221;infrakit_infra_owner_h&#8221; align=&#8221;center&#8221; _builder_version=&#8221;4.16&#8243; _module_preset=&#8221;default&#8221; global_colors_info=&#8221;{}&#8221;][\/et_pb_image][\/et_pb_column][\/et_pb_row][\/et_pb_section][et_pb_section fb_built=&#8221;1&#8243; admin_label=&#8221;Testimonials section&#8221; _builder_version=&#8221;4.16&#8243; _module_preset=&#8221;default&#8221; background_color=&#8221;#f7f5f3&#8243; collapsed=&#8221;off&#8221; global_colors_info=&#8221;{}&#8221;][et_pb_row admin_label=&#8221;Testimonial section header&#8221; _builder_version=&#8221;4.16&#8243; _module_preset=&#8221;default&#8221; global_colors_info=&#8221;{}&#8221;][et_pb_column type=&#8221;4_4&#8243; _builder_version=&#8221;4.16&#8243; _module_preset=&#8221;default&#8221; global_colors_info=&#8221;{}&#8221;][et_pb_text admin_label=&#8221;Testimonials text heading&#8221; _builder_version=&#8221;4.16&#8243; _module_preset=&#8221;default&#8221; global_colors_info=&#8221;{}&#8221;]<\/p>\n<h3 style=\"text-align: center;\">Citat ur kundrespons<\/h3>\n<p>[\/et_pb_text][\/et_pb_column][\/et_pb_row][\/et_pb_section][et_pb_section fb_built=&#8221;1&#8243; _builder_version=&#8221;4.16&#8243; _module_preset=&#8221;default&#8221; background_color=&#8221;#f7f5f3&#8243; global_colors_info=&#8221;{}&#8221;][et_pb_row column_structure=&#8221;1_5,3_5,1_5&#8243; _builder_version=&#8221;4.16&#8243; _module_preset=&#8221;default&#8221; global_colors_info=&#8221;{}&#8221;][et_pb_column type=&#8221;1_5&#8243; _builder_version=&#8221;4.16&#8243; _module_preset=&#8221;default&#8221; global_colors_info=&#8221;{}&#8221;][\/et_pb_column][et_pb_column type=&#8221;3_5&#8243; _builder_version=&#8221;4.16&#8243; _module_preset=&#8221;default&#8221; global_colors_info=&#8221;{}&#8221;][et_pb_text admin_label=&#8221;Testimonials text&#8221; _builder_version=&#8221;4.16&#8243; _module_preset=&#8221;default&#8221; global_colors_info=&#8221;{}&#8221;]<\/p>\n<p style=\"text-align: center;\"><span style=\"max-width: 588px;\">\u201dUr ett \u00e4garperspektiv \u00e4r det v\u00e4ldigt bekv\u00e4mt att kunna registrera de problem som har uppst\u00e5tt p\u00e5 kartan med rutten under hela konstruktionsperioden. Detta g\u00f6r det mycket l\u00e4ttare att fastst\u00e4lla felens orsaker och att l\u00f6sa tvister under garantiperioden.\u201d<\/span><\/p>\n<p style=\"text-align: center;\"><img decoding=\"async\" class=\"aligncenter\" src=\"\/wp-content\/uploads\/2021\/11\/infrakit_customer_reta.png\" \/><br \/>\n<b>Kadi Tuum, Project Manager, projektledare, den estniska transportf\u00f6rvaltningen<\/b><\/p>\n<p><center><\/p>\n<hr \/>\n<p><\/center><\/p>\n<p>&nbsp;<\/p>\n<p>[\/et_pb_text][et_pb_text admin_label=&#8221;Testimonials text&#8221; _builder_version=&#8221;4.16&#8243; _module_preset=&#8221;default&#8221; global_colors_info=&#8221;{}&#8221;]<\/p>\n<p style=\"text-align: center;\"><span style=\"max-width: 588px;\">\u201dN\u00e4r vi planerade pilotprojektet ville vi dra nytta av finl\u00e4ndsk erfarenhet och kunskap \u2013 det \u00e4r d\u00e4rf\u00f6r vi valde Infrakit-plattformen. Den st\u00f6rsta f\u00f6rdelen med Infrakit kommer fram i byggprocessen, d\u00e4r man kan b\u00e4ra med sig hela projektdokumentationen \u00f6verallt i en smarttelefon eller surfplatta. Det \u00e4r ocks\u00e5 m\u00f6jligt att f\u00e5 \u00e5tkomst till den via vilken dator som helst utan att ha n\u00e5gon specifik CAD- eller designprogramvara. Och, slutligen, har vi m\u00f6jlighet att kontrollera designl\u00f6sningen i 3d.\u201d<\/span><\/p>\n<p style=\"text-align: center;\"><img decoding=\"async\" class=\"aligncenter\" src=\"\/wp-content\/uploads\/2021\/11\/infrakit_customer_reta.png\" \/><br \/>\n<b>Anti Palmi, chef f\u00f6r v\u00e4gbyggnads- och underh\u00e5llsavdelningen vid den estniska v\u00e4gf\u00f6rvaltningen<\/b><\/p>\n<p>[\/et_pb_text][\/et_pb_column][et_pb_column type=&#8221;1_5&#8243; _builder_version=&#8221;4.16&#8243; _module_preset=&#8221;default&#8221; global_colors_info=&#8221;{}&#8221;][\/et_pb_column][\/et_pb_row][\/et_pb_section][et_pb_section fb_built=&#8221;1&#8243; admin_label=&#8221;benefits&#8221; _builder_version=&#8221;4.16&#8243; _module_preset=&#8221;default&#8221; saved_tabs=&#8221;all&#8221; global_colors_info=&#8221;{}&#8221;][et_pb_row admin_label=&#8221;Row Benefits&#8221; _builder_version=&#8221;4.16&#8243; _module_preset=&#8221;default&#8221; global_colors_info=&#8221;{}&#8221;][et_pb_column type=&#8221;4_4&#8243; _builder_version=&#8221;4.16&#8243; _module_preset=&#8221;default&#8221; global_colors_info=&#8221;{}&#8221;][et_pb_text admin_label=&#8221;Benefits&#8221; _builder_version=&#8221;4.16&#8243; _module_preset=&#8221;default&#8221; global_colors_info=&#8221;{}&#8221;]<\/p>\n<h3 style=\"text-align: center;\">Effektivisera din projektledning<\/h3>\n<p>[\/et_pb_text][\/et_pb_column][\/et_pb_row][et_pb_row column_structure=&#8221;1_3,1_3,1_3&#8243; _builder_version=&#8221;4.16&#8243; _module_preset=&#8221;default&#8221; global_colors_info=&#8221;{}&#8221;][et_pb_column type=&#8221;1_3&#8243; _builder_version=&#8221;4.16&#8243; _module_preset=&#8221;default&#8221; global_colors_info=&#8221;{}&#8221;][et_pb_image src=&#8221;https:\/\/lt.sitegist.net\/wp-content\/uploads\/\/2021\/11\/The-single-system-architecture.svg&#8221; title_text=&#8221;The single system architecture&#8221; align=&#8221;center&#8221; disabled_on=&#8221;on|off|off&#8221; _builder_version=&#8221;4.16&#8243; _module_preset=&#8221;default&#8221; global_colors_info=&#8221;{}&#8221;][\/et_pb_image][et_pb_image src=&#8221;https:\/\/lt.sitegist.net\/wp-content\/uploads\/\/2021\/11\/The-single-system-architecture.svg&#8221; title_text=&#8221;The single system architecture&#8221; align=&#8221;center&#8221; disabled_on=&#8221;off|on|on&#8221; admin_label=&#8221;Mobile image&#8221; _builder_version=&#8221;4.16&#8243; _module_preset=&#8221;default&#8221; width=&#8221;50%&#8221; global_colors_info=&#8221;{}&#8221;][\/et_pb_image][et_pb_text admin_label=&#8221;Text&#8221; _builder_version=&#8221;4.16&#8243; _module_preset=&#8221;default&#8221; global_colors_info=&#8221;{}&#8221;]<\/p>\n<p style=\"text-align: center;\">P\u00e5skynda digitaliseringen med en molnl\u00f6sning och experttj\u00e4nster f\u00f6r att h\u00f6ja den operativa effektiviteten<\/p>\n<p>[\/et_pb_text][\/et_pb_column][et_pb_column type=&#8221;1_3&#8243; _builder_version=&#8221;4.16&#8243; _module_preset=&#8221;default&#8221; global_colors_info=&#8221;{}&#8221;][et_pb_image src=&#8221;https:\/\/lt.sitegist.net\/wp-content\/uploads\/\/2021\/11\/Manage-your-projects-easily.svg&#8221; title_text=&#8221;Manage your projects easily&#8221; align=&#8221;center&#8221; disabled_on=&#8221;on|off|off&#8221; _builder_version=&#8221;4.16&#8243; _module_preset=&#8221;default&#8221; global_colors_info=&#8221;{}&#8221;][\/et_pb_image][et_pb_image src=&#8221;https:\/\/lt.sitegist.net\/wp-content\/uploads\/\/2021\/11\/Manage-your-projects-easily.svg&#8221; title_text=&#8221;Manage your projects easily&#8221; align=&#8221;center&#8221; disabled_on=&#8221;off|on|on&#8221; admin_label=&#8221;Mobile image&#8221; _builder_version=&#8221;4.16&#8243; _module_preset=&#8221;default&#8221; width=&#8221;50%&#8221; global_colors_info=&#8221;{}&#8221;][\/et_pb_image][et_pb_text _builder_version=&#8221;4.16&#8243; _module_preset=&#8221;default&#8221; global_colors_info=&#8221;{}&#8221;]<\/p>\n<p style=\"text-align: center;\">F\u00e5 \u00e5tkomst till information i realtid under projektets livscykel f\u00f6r att \u00f6ka f\u00f6rtroendet och insynen<\/p>\n<p>[\/et_pb_text][\/et_pb_column][et_pb_column type=&#8221;1_3&#8243; _builder_version=&#8221;4.16&#8243; _module_preset=&#8221;default&#8221; global_colors_info=&#8221;{}&#8221;][et_pb_image src=&#8221;https:\/\/lt.sitegist.net\/wp-content\/uploads\/\/2021\/11\/Icon-3.svg&#8221; title_text=&#8221;Icon 3&#8243; align=&#8221;center&#8221; disabled_on=&#8221;on|off|off&#8221; _builder_version=&#8221;4.16&#8243; _module_preset=&#8221;default&#8221; global_colors_info=&#8221;{}&#8221;][\/et_pb_image][et_pb_image src=&#8221;https:\/\/lt.sitegist.net\/wp-content\/uploads\/\/2021\/11\/Icon-3.svg&#8221; title_text=&#8221;Icon 3&#8243; align=&#8221;center&#8221; disabled_on=&#8221;off|on|on&#8221; admin_label=&#8221;Mobile image&#8221; _builder_version=&#8221;4.16&#8243; _module_preset=&#8221;default&#8221; width=&#8221;50%&#8221; global_colors_info=&#8221;{}&#8221;][\/et_pb_image][et_pb_text _builder_version=&#8221;4.16&#8243; _module_preset=&#8221;default&#8221; global_colors_info=&#8221;{}&#8221;]<\/p>\n<p style=\"text-align: center;\">Granska och godk\u00e4nd kvaliteten enkelt genom visuell dokumentation f\u00f6r att s\u00e4kerst\u00e4lla projektets framg\u00e5ng<\/p>\n<p>[\/et_pb_text][\/et_pb_column][\/et_pb_row][et_pb_row _builder_version=&#8221;4.16&#8243; _module_preset=&#8221;default&#8221; global_colors_info=&#8221;{}&#8221;][et_pb_column type=&#8221;4_4&#8243; _builder_version=&#8221;4.16&#8243; _module_preset=&#8221;default&#8221; global_colors_info=&#8221;{}&#8221;][et_pb_video src=&#8221;https:\/\/youtu.be\/6iNZf94qcPs&#8221; image_src=&#8221;\/\/i.ytimg.com\/vi\/6iNZf94qcPs\/hqdefault.jpg&#8221; play_icon_color=&#8221;#F06400&#8243; font_icon=&#8221;&#x49;||divi||400&#8243; _builder_version=&#8221;4.20.2&#8243; _module_preset=&#8221;default&#8221; box_shadow_style=&#8221;preset1&#8243; global_colors_info=&#8221;{}&#8221;][\/et_pb_video][et_pb_text _builder_version=&#8221;4.20.2&#8243; _module_preset=&#8221;default&#8221; global_colors_info=&#8221;{}&#8221;]<\/p>\n<p>&nbsp;<\/p>\n<p>[\/et_pb_text][et_pb_video src=&#8221;https:\/\/youtu.be\/PFa3EPbHHP0&#8243; image_src=&#8221;\/\/i.ytimg.com\/vi\/PFa3EPbHHP0\/hqdefault.jpg&#8221; play_icon_color=&#8221;#F06400&#8243; font_icon=&#8221;&#x49;||divi||400&#8243; _builder_version=&#8221;4.20.2&#8243; _module_preset=&#8221;default&#8221; box_shadow_style=&#8221;preset1&#8243; global_colors_info=&#8221;{}&#8221;][\/et_pb_video][et_pb_text _builder_version=&#8221;4.20.2&#8243; _module_preset=&#8221;default&#8221; global_colors_info=&#8221;{}&#8221;]<\/p>\n<p>&nbsp;<\/p>\n<p>[\/et_pb_text][et_pb_video src=&#8221;https:\/\/youtu.be\/4jpw7i_q8aY&#8221; image_src=&#8221;\/\/i.ytimg.com\/vi\/4jpw7i_q8aY\/hqdefault.jpg&#8221; play_icon_color=&#8221;#F06400&#8243; font_icon=&#8221;&#x49;||divi||400&#8243; _builder_version=&#8221;4.20.2&#8243; _module_preset=&#8221;default&#8221; box_shadow_style=&#8221;preset1&#8243; global_colors_info=&#8221;{}&#8221;][\/et_pb_video][\/et_pb_column][\/et_pb_row][\/et_pb_section][et_pb_section fb_built=&#8221;1&#8243; admin_label=&#8221;BOOK A DEMO&#8221; _builder_version=&#8221;4.16&#8243; _module_preset=&#8221;default&#8221; background_color=&#8221;#FBFAF9&#8243; saved_tabs=&#8221;all&#8221; global_colors_info=&#8221;{}&#8221;][et_pb_row column_structure=&#8221;1_4,1_2,1_4&#8243; _builder_version=&#8221;4.16&#8243; _module_preset=&#8221;default&#8221; custom_padding=&#8221;20px|20px|20px|20px|false|false&#8221; global_colors_info=&#8221;{}&#8221;][et_pb_column type=&#8221;1_4&#8243; _builder_version=&#8221;4.16&#8243; _module_preset=&#8221;default&#8221; global_colors_info=&#8221;{}&#8221;][\/et_pb_column][et_pb_column type=&#8221;1_2&#8243; _builder_version=&#8221;4.16&#8243; _module_preset=&#8221;default&#8221; global_colors_info=&#8221;{}&#8221;][et_pb_text _builder_version=&#8221;4.16&#8243; _module_preset=&#8221;default&#8221; background_color=&#8221;#ffffff&#8221; custom_padding=&#8221;20px|20px|20px|20px|false|false&#8221; global_colors_info=&#8221;{}&#8221;]<\/p>\n<h4 style=\"text-align: center;\">Boka en demosession<\/h4>\n<p style=\"text-align: center;\">Uppt\u00e4ck hur Infrakit kopplar samman alla funktioner i ditt infraprojekt och ger v\u00e4rde \u00e5t varje del av din verksamhet.<\/p>\n<p style=\"text-align: center;\"><button class=\"btn-small purple\" onclick=\"Calendly.initPopupWidget({url:'https:\/\/calendly.com\/carldavidberggren\/boka-en-demo'});\nreturn false;\" id=>Boka en demo<\/button><\/p>\n<p>[\/et_pb_text][\/et_pb_column][et_pb_column type=&#8221;1_4&#8243; _builder_version=&#8221;4.16&#8243; _module_preset=&#8221;default&#8221; global_colors_info=&#8221;{}&#8221;][\/et_pb_column][\/et_pb_row][\/et_pb_section]<\/p>\n","protected":false},"excerpt":{"rendered":"<p>Infra\u00e4gare \u2013 Effektivisera din projektledning N\u00e4r du anv\u00e4nder Infrakit kommer du att f\u00e5 det du har anskaffat b\u00e5de n\u00e4r det g\u00e4ller design och konstruktion. Med Infrakit f\u00e5r du en visuell \u00f6verblick \u00f6ver slutresultatet \u2013 b\u00e5de fysiskt och digitalt. &nbsp;Citat ur kundrespons\u201dUr ett \u00e4garperspektiv \u00e4r det v\u00e4ldigt bekv\u00e4mt att kunna registrera de problem som har uppst\u00e5tt [&hellip;]<\/p>\n","protected":false},"author":1,"featured_media":0,"parent":6070,"menu_order":3,"comment_status":"closed","ping_status":"closed","template":"","meta":{"_acf_changed":false,"_et_pb_use_builder":"on","_et_pb_old_content":"","_et_gb_content_width":"","footnotes":""},"class_list":["post-6152","page","type-page","status-publish","hentry"],"acf":[],"_links":{"self":[{"href":"https:\/\/lt.sitegist.net\/sv\/wp-json\/wp\/v2\/pages\/6152","targetHints":{"allow":["GET"]}}],"collection":[{"href":"https:\/\/lt.sitegist.net\/sv\/wp-json\/wp\/v2\/pages"}],"about":[{"href":"https:\/\/lt.sitegist.net\/sv\/wp-json\/wp\/v2\/types\/page"}],"author":[{"embeddable":true,"href":"https:\/\/lt.sitegist.net\/sv\/wp-json\/wp\/v2\/users\/1"}],"replies":[{"embeddable":true,"href":"https:\/\/lt.sitegist.net\/sv\/wp-json\/wp\/v2\/comments?post=6152"}],"version-history":[{"count":9,"href":"https:\/\/lt.sitegist.net\/sv\/wp-json\/wp\/v2\/pages\/6152\/revisions"}],"predecessor-version":[{"id":17523,"href":"https:\/\/lt.sitegist.net\/sv\/wp-json\/wp\/v2\/pages\/6152\/revisions\/17523"}],"up":[{"embeddable":true,"href":"https:\/\/lt.sitegist.net\/sv\/wp-json\/wp\/v2\/pages\/6070"}],"wp:attachment":[{"href":"https:\/\/lt.sitegist.net\/sv\/wp-json\/wp\/v2\/media?parent=6152"}],"curies":[{"name":"wp","href":"https:\/\/api.w.org\/{rel}","templated":true}]}}