{"id":6113,"date":"2021-11-25T20:08:06","date_gmt":"2021-11-25T20:08:06","guid":{"rendered":"https:\/\/lt.sitegist.net\/?page_id=6113"},"modified":"2023-03-29T23:40:09","modified_gmt":"2023-03-29T23:40:09","slug":"entreprenor","status":"publish","type":"page","link":"https:\/\/lt.sitegist.net\/sv\/produkt\/entreprenor\/","title":{"rendered":"Entrepren\u00f6r"},"content":{"rendered":"<p>[et_pb_section fb_built=&#8221;1&#8243; _builder_version=&#8221;4.16&#8243; _module_preset=&#8221;default&#8221; global_colors_info=&#8221;{}&#8221;][et_pb_row _builder_version=&#8221;4.16&#8243; _module_preset=&#8221;default&#8221; global_colors_info=&#8221;{}&#8221;][et_pb_column type=&#8221;4_4&#8243; _builder_version=&#8221;4.16&#8243; _module_preset=&#8221;default&#8221; global_colors_info=&#8221;{}&#8221;][et_pb_text _builder_version=&#8221;4.16&#8243; _module_preset=&#8221;default&#8221; global_colors_info=&#8221;{}&#8221;]<\/p>\n<h2>Entrepren\u00f6r \u2013 Ge din byggarbetsplats ett enormt lyft<\/h2>\n<p class=\"intro\">Du kommer att kunna bygga p\u00e5 ett effektivt och h\u00f6gkvalitativt s\u00e4tt n\u00e4r du anv\u00e4nder Infrakit som plattform f\u00f6r byggandet. Projektet f\u00e5r en tydlig bild av situationen \u2013 samtliga projektdata p\u00e5 en karta och i en 3d-vy. \u00c4ven n\u00e4r det g\u00e4ller alla roller p\u00e5 arbetsplatsen har du aktuell, h\u00f6gkvalitativ information som l\u00e5ter dig utf\u00f6ra dina dagliga uppgifter samtidigt som du sparar b\u00e5de pengar och tid.<\/p>\n<p>&nbsp;<\/p>\n<p>[\/et_pb_text][et_pb_image src=&#8221;https:\/\/lt.sitegist.net\/wp-content\/uploads\/2021\/11\/infrakit_contractor_h.jpg&#8221; title_text=&#8221;infrakit_contractor_h&#8221; align=&#8221;center&#8221; _builder_version=&#8221;4.16&#8243; _module_preset=&#8221;default&#8221; global_colors_info=&#8221;{}&#8221;][\/et_pb_image][\/et_pb_column][\/et_pb_row][\/et_pb_section][et_pb_section fb_built=&#8221;1&#8243; admin_label=&#8221;Testimonials section&#8221; _builder_version=&#8221;4.16&#8243; _module_preset=&#8221;default&#8221; background_color=&#8221;#f7f5f3&#8243; collapsed=&#8221;off&#8221; global_colors_info=&#8221;{}&#8221;][et_pb_row admin_label=&#8221;Testimonial section header&#8221; _builder_version=&#8221;4.16&#8243; _module_preset=&#8221;default&#8221; global_colors_info=&#8221;{}&#8221;][et_pb_column type=&#8221;4_4&#8243; _builder_version=&#8221;4.16&#8243; _module_preset=&#8221;default&#8221; global_colors_info=&#8221;{}&#8221;][et_pb_text admin_label=&#8221;Testimonials text heading&#8221; _builder_version=&#8221;4.16&#8243; _module_preset=&#8221;default&#8221; global_colors_info=&#8221;{}&#8221;]<\/p>\n<h3 style=\"text-align: center;\">Citat ur kundrespons<\/h3>\n<p>[\/et_pb_text][\/et_pb_column][\/et_pb_row][\/et_pb_section][et_pb_section fb_built=&#8221;1&#8243; _builder_version=&#8221;4.16&#8243; _module_preset=&#8221;default&#8221; background_color=&#8221;#f7f5f3&#8243; global_colors_info=&#8221;{}&#8221;][et_pb_row column_structure=&#8221;1_5,3_5,1_5&#8243; _builder_version=&#8221;4.16&#8243; _module_preset=&#8221;default&#8221; global_colors_info=&#8221;{}&#8221;][et_pb_column type=&#8221;1_5&#8243; _builder_version=&#8221;4.16&#8243; _module_preset=&#8221;default&#8221; global_colors_info=&#8221;{}&#8221;][\/et_pb_column][et_pb_column type=&#8221;3_5&#8243; _builder_version=&#8221;4.16&#8243; _module_preset=&#8221;default&#8221; global_colors_info=&#8221;{}&#8221;][et_pb_text admin_label=&#8221;Testimonials text&#8221; _builder_version=&#8221;4.16&#8243; _module_preset=&#8221;default&#8221; global_colors_info=&#8221;{}&#8221;]<\/p>\n<p style=\"text-align: center;\"><span style=\"max-width: 588px;\">\u201dInfrakit ger en god \u00f6verblick \u00f6ver modellerna som anv\u00e4nds i maskinerna. Man kan se var maskinerna \u00e4r, och man kan enkelt h\u00e4mta data. Den st\u00f6rsta skillnaden mellan tidigare och nu \u00e4r att processen nu \u00e4r mer visuell: man f\u00e5r en b\u00e4ttre \u00f6verblick, och det \u00e4r enklare att orientera sig.\u201d<\/span><\/p>\n<p style=\"text-align: center;\"><img decoding=\"async\" class=\"aligncenter\" src=\"\/wp-content\/uploads\/2021\/11\/infrakit_customer_risa.png\" \/><br \/>\n<b>Jarle Vatne, projektledare vid Risa<\/b><\/p>\n<p><center><\/p>\n<hr \/>\n<p><\/center><\/p>\n<p>&nbsp;<\/p>\n<p>[\/et_pb_text][et_pb_text admin_label=&#8221;Testimonials text&#8221; _builder_version=&#8221;4.16&#8243; _module_preset=&#8221;default&#8221; global_colors_info=&#8221;{}&#8221;]<\/p>\n<p style=\"text-align: center;\"><span style=\"max-width: 588px;\">\u201dTidigare anv\u00e4nde vi flera program med olika portaler. Detta innebar att vi var tvungna att skicka modeller flera g\u00e5nger. P\u00e5 Infrakit samlas de ihop. I ett nyckelf\u00e4rdigt kontrakt som detta finns det m\u00e5nga modeller och uppdateringar. Ist\u00e4llet f\u00f6r att g\u00e5 igenom fem olika portaler h\u00e5ller det sig nu till en. Sammantaget ger detta en mycket effektivare maskinstyrning.\u201d<\/span><\/p>\n<p style=\"text-align: center;\"><img decoding=\"async\" class=\"aligncenter\" src=\"\/wp-content\/uploads\/2021\/10\/infrakit_customer_peab.png\" \/><br \/>\n<b>Eirik Frimannslund, lantm\u00e4terichef vid PEAB<\/b><\/p>\n<p><center><\/p>\n<hr \/>\n<p><\/center><\/p>\n<p>&nbsp;<\/p>\n<p>[\/et_pb_text][et_pb_text admin_label=&#8221;Testimonials text&#8221; _builder_version=&#8221;4.16&#8243; _module_preset=&#8221;default&#8221; global_colors_info=&#8221;{}&#8221;]<\/p>\n<p style=\"text-align: center;\"><span style=\"max-width: 588px;\">\u201dDet viktigaste med Infrakit \u00e4r att det \u00e4r v\u00e4ldigt enkelt att anv\u00e4nda. Man kan f\u00f6ra in m\u00e4ngder av olika typer av data, och det visualiserar informationen p\u00e5 ett bra s\u00e4tt.\u201d<\/span><\/p>\n<p style=\"text-align: center;\"><img decoding=\"async\" class=\"aligncenter\" src=\"\/wp-content\/uploads\/2021\/10\/infrakit_customer_veidekke.png\" \/><br \/>\n<b>Terje Glad, BIM-chef vid Veidekke<\/b><\/p>\n<p>[\/et_pb_text][\/et_pb_column][et_pb_column type=&#8221;1_5&#8243; _builder_version=&#8221;4.16&#8243; _module_preset=&#8221;default&#8221; global_colors_info=&#8221;{}&#8221;][\/et_pb_column][\/et_pb_row][\/et_pb_section][et_pb_section fb_built=&#8221;1&#8243; admin_label=&#8221;benefits&#8221; _builder_version=&#8221;4.16&#8243; _module_preset=&#8221;default&#8221; saved_tabs=&#8221;all&#8221; global_colors_info=&#8221;{}&#8221;][et_pb_row admin_label=&#8221;Row Benefits&#8221; _builder_version=&#8221;4.16&#8243; _module_preset=&#8221;default&#8221; global_colors_info=&#8221;{}&#8221;][et_pb_column type=&#8221;4_4&#8243; _builder_version=&#8221;4.16&#8243; _module_preset=&#8221;default&#8221; global_colors_info=&#8221;{}&#8221;][et_pb_text admin_label=&#8221;Benefits&#8221; _builder_version=&#8221;4.16&#8243; _module_preset=&#8221;default&#8221; global_colors_info=&#8221;{}&#8221;]<\/p>\n<h3 style=\"text-align: center;\">Ge din byggarbetsplats ett enormt lyft<\/h3>\n<p>[\/et_pb_text][\/et_pb_column][\/et_pb_row][et_pb_row column_structure=&#8221;1_3,1_3,1_3&#8243; _builder_version=&#8221;4.16&#8243; _module_preset=&#8221;default&#8221; global_colors_info=&#8221;{}&#8221;][et_pb_column type=&#8221;1_3&#8243; _builder_version=&#8221;4.16&#8243; _module_preset=&#8221;default&#8221; global_colors_info=&#8221;{}&#8221;][et_pb_image src=&#8221;https:\/\/lt.sitegist.net\/wp-content\/uploads\/\/2021\/11\/Icon-1.svg&#8221; alt=&#8221;infrakit&#8221; title_text=&#8221;Icon 1&#8243; align=&#8221;center&#8221; disabled_on=&#8221;on|off|off&#8221; admin_label=&#8221;Image&#8221; _builder_version=&#8221;4.16&#8243; _module_preset=&#8221;default&#8221; global_colors_info=&#8221;{}&#8221;][\/et_pb_image][et_pb_image src=&#8221;https:\/\/lt.sitegist.net\/wp-content\/uploads\/\/2021\/11\/Icon-1.svg&#8221; alt=&#8221;infrakit&#8221; title_text=&#8221;Icon 1&#8243; align=&#8221;center&#8221; disabled_on=&#8221;off|on|on&#8221; admin_label=&#8221;Mobile image&#8221; _builder_version=&#8221;4.16&#8243; _module_preset=&#8221;default&#8221; width=&#8221;50%&#8221; global_colors_info=&#8221;{}&#8221;][\/et_pb_image][et_pb_text _builder_version=&#8221;4.16&#8243; _module_preset=&#8221;default&#8221; global_colors_info=&#8221;{}&#8221;]<\/p>\n<p style=\"text-align: center;\">Hantera och dela visuell realtidsinformation f\u00f6r att f\u00f6rb\u00e4ttra kontrollen \u00f6ver projektet och kvaliteten<\/p>\n<p>[\/et_pb_text][\/et_pb_column][et_pb_column type=&#8221;1_3&#8243; _builder_version=&#8221;4.16&#8243; _module_preset=&#8221;default&#8221; global_colors_info=&#8221;{}&#8221;][et_pb_image src=&#8221;https:\/\/lt.sitegist.net\/wp-content\/uploads\/\/2021\/11\/The-single-system-architecture.svg&#8221; title_text=&#8221;The single system architecture&#8221; align=&#8221;center&#8221; disabled_on=&#8221;on|off|off&#8221; admin_label=&#8221;Image&#8221; _builder_version=&#8221;4.16&#8243; _module_preset=&#8221;default&#8221; global_colors_info=&#8221;{}&#8221;][\/et_pb_image][et_pb_image src=&#8221;https:\/\/lt.sitegist.net\/wp-content\/uploads\/\/2021\/11\/The-single-system-architecture.svg&#8221; alt=&#8221;infrakit&#8221; title_text=&#8221;The single system architecture&#8221; align=&#8221;center&#8221; disabled_on=&#8221;off|on|on&#8221; admin_label=&#8221;Mobile image&#8221; _builder_version=&#8221;4.16&#8243; _module_preset=&#8221;default&#8221; width=&#8221;50%&#8221; global_colors_info=&#8221;{}&#8221;][\/et_pb_image][et_pb_text _builder_version=&#8221;4.16&#8243; _module_preset=&#8221;default&#8221; global_colors_info=&#8221;{}&#8221;]<\/p>\n<p style=\"text-align: center;\">F\u00e5 \u00e5tkomst till information i realtid under projektets livscykel f\u00f6r att \u00f6ka f\u00f6rtroendet och insynen<\/p>\n<p>[\/et_pb_text][\/et_pb_column][et_pb_column type=&#8221;1_3&#8243; _builder_version=&#8221;4.16&#8243; _module_preset=&#8221;default&#8221; global_colors_info=&#8221;{}&#8221;][et_pb_image src=&#8221;https:\/\/lt.sitegist.net\/wp-content\/uploads\/\/2021\/11\/Complete-control.svg&#8221; title_text=&#8221;Complete control&#8221; align=&#8221;center&#8221; disabled_on=&#8221;on|off|off&#8221; admin_label=&#8221;Image&#8221; _builder_version=&#8221;4.16&#8243; _module_preset=&#8221;default&#8221; global_colors_info=&#8221;{}&#8221;][\/et_pb_image][et_pb_image src=&#8221;https:\/\/lt.sitegist.net\/wp-content\/uploads\/\/2021\/11\/Complete-control.svg&#8221; alt=&#8221;infrakit&#8221; title_text=&#8221;Complete control&#8221; align=&#8221;center&#8221; disabled_on=&#8221;off|on|on&#8221; admin_label=&#8221;Mobile image&#8221; _builder_version=&#8221;4.16&#8243; _module_preset=&#8221;default&#8221; width=&#8221;50%&#8221; global_colors_info=&#8221;{}&#8221;][\/et_pb_image][et_pb_text admin_label=&#8221;Text&#8221; _builder_version=&#8221;4.16&#8243; _module_preset=&#8221;default&#8221; global_colors_info=&#8221;{}&#8221;]<\/p>\n<p style=\"text-align: center;\">Lyckas vid genomf\u00f6randet med l\u00e4ttanv\u00e4nda l\u00f6sningar och expertst\u00f6d f\u00f6r att \u00f6ka antagandet<\/p>\n<p>[\/et_pb_text][\/et_pb_column][\/et_pb_row][et_pb_row _builder_version=&#8221;4.16&#8243; _module_preset=&#8221;default&#8221; global_colors_info=&#8221;{}&#8221;][et_pb_column type=&#8221;4_4&#8243; _builder_version=&#8221;4.16&#8243; _module_preset=&#8221;default&#8221; global_colors_info=&#8221;{}&#8221;][et_pb_video src=&#8221;https:\/\/youtu.be\/6iNZf94qcPs&#8221; image_src=&#8221;\/\/i.ytimg.com\/vi\/6iNZf94qcPs\/hqdefault.jpg&#8221; play_icon_color=&#8221;#F06400&#8243; _builder_version=&#8221;4.20.2&#8243; _module_preset=&#8221;default&#8221; hover_enabled=&#8221;0&#8243; global_colors_info=&#8221;{}&#8221; font_icon=&#8221;&#x49;||divi||400&#8243; box_shadow_style=&#8221;preset1&#8243; sticky_enabled=&#8221;0&#8243;][\/et_pb_video][et_pb_text _builder_version=&#8221;4.20.2&#8243; _module_preset=&#8221;default&#8221; hover_enabled=&#8221;0&#8243; sticky_enabled=&#8221;0&#8243;]<\/p>\n<p>&nbsp;<\/p>\n<p>[\/et_pb_text][et_pb_video src=&#8221;https:\/\/youtu.be\/PFa3EPbHHP0&#8243; image_src=&#8221;\/\/i.ytimg.com\/vi\/PFa3EPbHHP0\/hqdefault.jpg&#8221; play_icon_color=&#8221;#F06400&#8243; _builder_version=&#8221;4.20.2&#8243; _module_preset=&#8221;default&#8221; hover_enabled=&#8221;0&#8243; global_colors_info=&#8221;{}&#8221; font_icon=&#8221;&#x49;||divi||400&#8243; box_shadow_style=&#8221;preset1&#8243; sticky_enabled=&#8221;0&#8243;][\/et_pb_video][et_pb_text _builder_version=&#8221;4.20.2&#8243; _module_preset=&#8221;default&#8221; hover_enabled=&#8221;0&#8243; sticky_enabled=&#8221;0&#8243;]<\/p>\n<p>&nbsp;<\/p>\n<p>[\/et_pb_text][et_pb_video src=&#8221;https:\/\/youtu.be\/4jpw7i_q8aY&#8221; image_src=&#8221;\/\/i.ytimg.com\/vi\/4jpw7i_q8aY\/hqdefault.jpg&#8221; play_icon_color=&#8221;#F06400&#8243; _builder_version=&#8221;4.20.2&#8243; _module_preset=&#8221;default&#8221; hover_enabled=&#8221;0&#8243; global_colors_info=&#8221;{}&#8221; font_icon=&#8221;&#x49;||divi||400&#8243; box_shadow_style=&#8221;preset1&#8243; sticky_enabled=&#8221;0&#8243;][\/et_pb_video][\/et_pb_column][\/et_pb_row][\/et_pb_section][et_pb_section fb_built=&#8221;1&#8243; admin_label=&#8221;BOOK A DEMO&#8221; _builder_version=&#8221;4.16&#8243; _module_preset=&#8221;default&#8221; background_color=&#8221;#FBFAF9&#8243; saved_tabs=&#8221;all&#8221; global_colors_info=&#8221;{}&#8221;][et_pb_row column_structure=&#8221;1_4,1_2,1_4&#8243; _builder_version=&#8221;4.16&#8243; _module_preset=&#8221;default&#8221; custom_padding=&#8221;20px|20px|20px|20px|false|false&#8221; hover_enabled=&#8221;0&#8243; global_colors_info=&#8221;{}&#8221; sticky_enabled=&#8221;0&#8243;][et_pb_column type=&#8221;1_4&#8243; _builder_version=&#8221;4.16&#8243; _module_preset=&#8221;default&#8221; global_colors_info=&#8221;{}&#8221;][\/et_pb_column][et_pb_column type=&#8221;1_2&#8243; _builder_version=&#8221;4.16&#8243; _module_preset=&#8221;default&#8221; global_colors_info=&#8221;{}&#8221;][et_pb_text _builder_version=&#8221;4.16&#8243; _module_preset=&#8221;default&#8221; background_color=&#8221;#ffffff&#8221; custom_padding=&#8221;20px|20px|20px|20px|false|false&#8221; global_colors_info=&#8221;{}&#8221;]<\/p>\n<h4 style=\"text-align: center;\">Boka en demosession<\/h4>\n<p style=\"text-align: center;\">Uppt\u00e4ck hur Infrakit kopplar samman alla funktioner i ditt infraprojekt och ger v\u00e4rde \u00e5t varje del av din verksamhet.<\/p>\n<p style=\"text-align: center;\"><button class=\"btn-small purple\" onclick=\"Calendly.initPopupWidget({url:'https:\/\/calendly.com\/carldavidberggren\/boka-en-demo'});\nreturn false;\" id=>Boka en demo<\/button><\/p>\n<p>[\/et_pb_text][\/et_pb_column][et_pb_column type=&#8221;1_4&#8243; _builder_version=&#8221;4.16&#8243; _module_preset=&#8221;default&#8221; global_colors_info=&#8221;{}&#8221;][\/et_pb_column][\/et_pb_row][\/et_pb_section]<\/p>\n","protected":false},"excerpt":{"rendered":"<p>Entrepren\u00f6r \u2013 Ge din byggarbetsplats ett enormt lyft Du kommer att kunna bygga p\u00e5 ett effektivt och h\u00f6gkvalitativt s\u00e4tt n\u00e4r du anv\u00e4nder Infrakit som plattform f\u00f6r byggandet. Projektet f\u00e5r en tydlig bild av situationen \u2013 samtliga projektdata p\u00e5 en karta och i en 3d-vy. \u00c4ven n\u00e4r det g\u00e4ller alla roller p\u00e5 arbetsplatsen har du aktuell, [&hellip;]<\/p>\n","protected":false},"author":1,"featured_media":0,"parent":6070,"menu_order":2,"comment_status":"closed","ping_status":"closed","template":"","meta":{"_acf_changed":false,"_et_pb_use_builder":"on","_et_pb_old_content":"","_et_gb_content_width":"","footnotes":""},"class_list":["post-6113","page","type-page","status-publish","hentry"],"acf":[],"_links":{"self":[{"href":"https:\/\/lt.sitegist.net\/sv\/wp-json\/wp\/v2\/pages\/6113","targetHints":{"allow":["GET"]}}],"collection":[{"href":"https:\/\/lt.sitegist.net\/sv\/wp-json\/wp\/v2\/pages"}],"about":[{"href":"https:\/\/lt.sitegist.net\/sv\/wp-json\/wp\/v2\/types\/page"}],"author":[{"embeddable":true,"href":"https:\/\/lt.sitegist.net\/sv\/wp-json\/wp\/v2\/users\/1"}],"replies":[{"embeddable":true,"href":"https:\/\/lt.sitegist.net\/sv\/wp-json\/wp\/v2\/comments?post=6113"}],"version-history":[{"count":8,"href":"https:\/\/lt.sitegist.net\/sv\/wp-json\/wp\/v2\/pages\/6113\/revisions"}],"predecessor-version":[{"id":17519,"href":"https:\/\/lt.sitegist.net\/sv\/wp-json\/wp\/v2\/pages\/6113\/revisions\/17519"}],"up":[{"embeddable":true,"href":"https:\/\/lt.sitegist.net\/sv\/wp-json\/wp\/v2\/pages\/6070"}],"wp:attachment":[{"href":"https:\/\/lt.sitegist.net\/sv\/wp-json\/wp\/v2\/media?parent=6113"}],"curies":[{"name":"wp","href":"https:\/\/api.w.org\/{rel}","templated":true}]}}