{"id":20142,"date":"2024-09-12T08:11:23","date_gmt":"2024-09-12T08:11:23","guid":{"rendered":"https:\/\/lt.sitegist.net\/?page_id=20142"},"modified":"2024-11-20T12:07:54","modified_gmt":"2024-11-20T12:07:54","slug":"infrakit-day-2024","status":"publish","type":"page","link":"https:\/\/lt.sitegist.net\/sv\/contact-us\/events\/infrakit-day-2024\/","title":{"rendered":"Infrakit Day 2024"},"content":{"rendered":"<p>[et_pb_section fb_built=&#8221;1&#8243; _builder_version=&#8221;4.20.2&#8243; _module_preset=&#8221;default&#8221; global_colors_info=&#8221;{}&#8221;][et_pb_row _builder_version=&#8221;4.20.2&#8243; _module_preset=&#8221;default&#8221; global_colors_info=&#8221;{}&#8221;][et_pb_column type=&#8221;4_4&#8243; _builder_version=&#8221;4.20.2&#8243; _module_preset=&#8221;default&#8221; global_colors_info=&#8221;{}&#8221;][et_pb_text _builder_version=&#8221;4.20.2&#8243; _module_preset=&#8221;default&#8221; hover_enabled=&#8221;0&#8243; global_colors_info=&#8221;{}&#8221; sticky_enabled=&#8221;0&#8243;]<\/p>\n<h1><span>Maksuton Infrakit-p\u00e4iv\u00e4 2024<\/span><\/h1>\n<p>[\/et_pb_text][et_pb_image src=&#8221;https:\/\/lt.sitegist.net\/wp-content\/uploads\/2024\/11\/infrakit_paiva_2024.jpg&#8221; title_text=&#8221;infrakit_paiva_2024&#8243; _builder_version=&#8221;4.20.2&#8243; _module_preset=&#8221;default&#8221; global_colors_info=&#8221;{}&#8221;][\/et_pb_image][\/et_pb_column][\/et_pb_row][et_pb_row _builder_version=&#8221;4.20.2&#8243; _module_preset=&#8221;default&#8221; global_colors_info=&#8221;{}&#8221;][et_pb_column type=&#8221;4_4&#8243; _builder_version=&#8221;4.20.2&#8243; _module_preset=&#8221;default&#8221; global_colors_info=&#8221;{}&#8221;][et_pb_text _builder_version=&#8221;4.20.2&#8243; _module_preset=&#8221;default&#8221; hover_enabled=&#8221;0&#8243; global_colors_info=&#8221;{}&#8221; sticky_enabled=&#8221;0&#8243;]<\/p>\n<p><span>Tervetuloa maksuttomaan Infrakit p\u00e4iv\u00e4\u00e4n Keilaniemeen eli Espoon Manhattaniin. J\u00e4lleen kerran tarjolla on kattaus laadukkaita esityksi\u00e4 digitalisaatiosta niin infran tilaajien, urakoitsijoiden kuin konsulttienkin n\u00e4k\u00f6kulmasta. Unohtamatta kest\u00e4v\u00e4\u00e4 kehityst\u00e4 ja katsausta Infrakitin konepellin alle. Esitysten lis\u00e4ksi luvassa on mukavaa verkostoitumista ja tietysti kahvi- ja lounastarjoilut.<\/span><\/p>\n<p>[\/et_pb_text][\/et_pb_column][\/et_pb_row][et_pb_row column_structure=&#8221;1_2,1_2&#8243; _builder_version=&#8221;4.20.2&#8243; _module_preset=&#8221;default&#8221; global_colors_info=&#8221;{}&#8221;][et_pb_column type=&#8221;1_2&#8243; _builder_version=&#8221;4.20.2&#8243; _module_preset=&#8221;default&#8221; global_colors_info=&#8221;{}&#8221;][et_pb_text _builder_version=&#8221;4.20.2&#8243; _module_preset=&#8221;default&#8221; global_colors_info=&#8221;{}&#8221;]<\/p>\n<h2>Agenda<\/h2>\n<p>8:30 Saapuminen-Aamukahvi<\/p>\n<p>9:00 Avaussanat Janne Paitsola \/ Infrakit<\/p>\n<p>9.15 Keynote Speaker Antti Knuuti \/ Deep Scan Tech: Tarkat maaper\u00e4tiedot resurssiviisaan infrasuunnittelun tukena<\/p>\n<p>&nbsp;<\/p>\n<p>10.00 Esa Hyt\u00f6nen &amp; Erkka Meht\u00e4l\u00e4 \/ Tieluiska Oy: Tietomallipohjainen rakentaminen urakoitsijan n\u00e4k\u00f6kulmasta, Case Espoo Meritori<\/p>\n<p>&nbsp;<\/p>\n<p>10.30 Tauko<\/p>\n<p>&nbsp;<\/p>\n<p>11.00 Jere Syrj\u00e4l\u00e4 \/ Infrakit Group Oy: Tuotejulkistus Infrakit INSIGHTS \u2013 Tiedolla johtamisen uusi aikakausi<\/p>\n<p>11.30 Petter Braathen \/ Bane NOR: How Bane NOR keep track of activity and quality of production with Infrakit<\/p>\n<p>12.00 Vuoden Infrakit-k\u00e4ytt\u00e4j\u00e4n palkitseminen<\/p>\n<p>&nbsp;<\/p>\n<p>12.10-13.00 Lounas<\/p>\n<p>&nbsp;<\/p>\n<p>13.00 Heikki Lehkonen \/ Skanska Infra Oy: Infrakit urakoitsijan k\u00e4yt\u00f6ss\u00e4<\/p>\n<p>13.30 Tero Nurmi \/ V\u00e4yl\u00e4virasto: Case Espoon kaupunkirata<\/p>\n<p>&nbsp;<\/p>\n<p>14.00 Tauko<\/p>\n<p>&nbsp;<\/p>\n<p>14.30 Visa Hokkanen \/ Infrakit Group Oy: Tuotep\u00e4\u00e4llik\u00f6n terveiset<\/p>\n<p>15.00 Sami Moilanen \/ Kreate Oy: Case Poikkimaantie Oulu<\/p>\n<p>15.30 Kumppanien puheenvuorot<\/p>\n<p>16.00 Tilaisuus p\u00e4\u00e4ttyy. Mahdollisuus osallistua vapaamuotoiseen ajanviettoon Infrakitin tiloissa 21. krs.<\/p>\n<p>[\/et_pb_text][\/et_pb_column][et_pb_column type=&#8221;1_2&#8243; _builder_version=&#8221;4.20.2&#8243; _module_preset=&#8221;default&#8221; global_colors_info=&#8221;{}&#8221;][et_pb_text _builder_version=&#8221;4.20.2&#8243; _module_preset=&#8221;default&#8221; hover_enabled=&#8221;0&#8243; global_colors_info=&#8221;{}&#8221; sticky_enabled=&#8221;0&#8243;]<\/p>\n<h2 class=\"tw-data-text tw-text-large tw-ta\" data-placeholder=\"Translation\" id=\"tw-target-text\" data-ved=\"2ahUKEwj30Zq28fCBAxVdHRAIHX1VBcQQ3ewLegQICBAQ\" dir=\"ltr\"><span class=\"Y2IQFc\" lang=\"fi\">Ajankohta<\/span><\/h2>\n<ul>\n<li><span class=\" decm-show-data-display-block ecs-eventDate duration time  eventDate-ecs-icon\"><span class=\"ecs-detail-label\"><strong><span>Pvm<\/span><\/strong><span> 28.11<\/span><\/span><\/span><\/li>\n<li><span style=\"color: #000000;\"><strong><span class=\" decm-show-data-display-block ecs-eventDate duration time  eventDate-ecs-icon\"><span class=\"ecs-detail-label\">Aika\u00a0<\/span><\/span><\/strong><span class=\" decm-show-data-display-block ecs-eventDate duration time  eventDate-ecs-icon\"><span class=\"ecs-detail-label\">8:30 \u2013 16:00<\/span><\/span><\/span><\/li>\n<li><span class=\" decm-show-data-display-block ecs-location duration venue event-location-ecs-icon\"><span class=\"ecs-detail-label\"><strong>Sijainti<\/strong><span>\u00a0<\/span><span>Keilaniementie 1, 02150 Espoo<\/span><\/span><\/span><\/li>\n<\/ul>\n<h2><\/h2>\n<p>[\/et_pb_text][\/et_pb_column][\/et_pb_row][et_pb_row column_structure=&#8221;1_2,1_2&#8243; _builder_version=&#8221;4.20.2&#8243; _module_preset=&#8221;default&#8221; global_colors_info=&#8221;{}&#8221;][et_pb_column type=&#8221;1_2&#8243; _builder_version=&#8221;4.20.2&#8243; _module_preset=&#8221;default&#8221; global_colors_info=&#8221;{}&#8221;][et_pb_button button_url=&#8221;https:\/\/forms.office.com\/Pages\/ResponsePage.aspx?id=jIjoHN_uQk6nwfxA91Zp3qcLVQZkMVxKoA_7-_2s255URTlUMUhKSFdXTjVURjYwRVJJTDJaQTZOQi4u&#8221; button_text=&#8221; Ilmoittaudu tapahtumaan&#8221; _builder_version=&#8221;4.20.2&#8243; _module_preset=&#8221;default&#8221; global_colors_info=&#8221;{}&#8221;][\/et_pb_button][\/et_pb_column][et_pb_column type=&#8221;1_2&#8243; _builder_version=&#8221;4.20.2&#8243; _module_preset=&#8221;default&#8221; global_colors_info=&#8221;{}&#8221;][\/et_pb_column][\/et_pb_row][\/et_pb_section]<\/p>\n","protected":false},"excerpt":{"rendered":"<p>Maksuton Infrakit-p\u00e4iv\u00e4 2024Tervetuloa maksuttomaan Infrakit p\u00e4iv\u00e4\u00e4n Keilaniemeen eli Espoon Manhattaniin. J\u00e4lleen kerran tarjolla on kattaus laadukkaita esityksi\u00e4 digitalisaatiosta niin infran tilaajien, urakoitsijoiden kuin konsulttienkin n\u00e4k\u00f6kulmasta. Unohtamatta kest\u00e4v\u00e4\u00e4 kehityst\u00e4 ja katsausta Infrakitin konepellin alle. Esitysten lis\u00e4ksi luvassa on mukavaa verkostoitumista ja tietysti kahvi- ja lounastarjoilut.Agenda 8:30 Saapuminen-Aamukahvi 9:00 Avaussanat Janne Paitsola \/ Infrakit 9.15 Keynote Speaker [&hellip;]<\/p>\n","protected":false},"author":9,"featured_media":0,"parent":17584,"menu_order":0,"comment_status":"closed","ping_status":"closed","template":"","meta":{"_acf_changed":false,"_et_pb_use_builder":"on","_et_pb_old_content":"","_et_gb_content_width":"","footnotes":""},"class_list":["post-20142","page","type-page","status-publish","hentry"],"acf":[],"_links":{"self":[{"href":"https:\/\/lt.sitegist.net\/sv\/wp-json\/wp\/v2\/pages\/20142","targetHints":{"allow":["GET"]}}],"collection":[{"href":"https:\/\/lt.sitegist.net\/sv\/wp-json\/wp\/v2\/pages"}],"about":[{"href":"https:\/\/lt.sitegist.net\/sv\/wp-json\/wp\/v2\/types\/page"}],"author":[{"embeddable":true,"href":"https:\/\/lt.sitegist.net\/sv\/wp-json\/wp\/v2\/users\/9"}],"replies":[{"embeddable":true,"href":"https:\/\/lt.sitegist.net\/sv\/wp-json\/wp\/v2\/comments?post=20142"}],"version-history":[{"count":15,"href":"https:\/\/lt.sitegist.net\/sv\/wp-json\/wp\/v2\/pages\/20142\/revisions"}],"predecessor-version":[{"id":20417,"href":"https:\/\/lt.sitegist.net\/sv\/wp-json\/wp\/v2\/pages\/20142\/revisions\/20417"}],"up":[{"embeddable":true,"href":"https:\/\/lt.sitegist.net\/sv\/wp-json\/wp\/v2\/pages\/17584"}],"wp:attachment":[{"href":"https:\/\/lt.sitegist.net\/sv\/wp-json\/wp\/v2\/media?parent=20142"}],"curies":[{"name":"wp","href":"https:\/\/api.w.org\/{rel}","templated":true}]}}