{"id":6191,"date":"2021-11-25T21:34:57","date_gmt":"2021-11-25T21:34:57","guid":{"rendered":"https:\/\/lt.sitegist.net\/?page_id=6191"},"modified":"2021-12-14T19:24:54","modified_gmt":"2021-12-14T19:24:54","slug":"referanser","status":"publish","type":"page","link":"https:\/\/lt.sitegist.net\/no\/referanser\/","title":{"rendered":"Referanser"},"content":{"rendered":"<p>[et_pb_section fb_built=&raquo;1&#8243; admin_label=&raquo;heading component&raquo; _builder_version=&raquo;4.9.4&#8243; _module_preset=&raquo;default&raquo; background_color=&raquo;#f9f9f7&#8243; global_colors_info=&raquo;{}&raquo;][et_pb_row column_structure=&raquo;1_2,1_2&#8243; admin_label=&raquo;Header component&raquo; _builder_version=&raquo;4.9.4&#8243; _module_preset=&raquo;default&raquo; global_colors_info=&raquo;{}&raquo;][et_pb_column type=&raquo;1_2&#8243; _builder_version=&raquo;4.9.4&#8243; _module_preset=&raquo;default&raquo; global_colors_info=&raquo;{}&raquo;][et_pb_text _builder_version=&raquo;4.13.1&#8243; _module_preset=&raquo;default&raquo; hover_enabled=&raquo;0&#8243; global_colors_info=&raquo;{}&raquo; sticky_enabled=&raquo;0&#8243;]<\/p>\n<h1>Referanser<\/h1>\n<p>[\/et_pb_text][\/et_pb_column][et_pb_column type=&raquo;1_2&#8243; _builder_version=&raquo;4.9.4&#8243; _module_preset=&raquo;default&raquo; global_colors_info=&raquo;{}&raquo;][et_pb_image src=&raquo;\/wp-content\/uploads\/2021\/06\/Combined-Shape@15x.svg&raquo; title_text=&raquo;Combined Shape@1,5x&raquo; _builder_version=&raquo;4.9.4&#8243; _module_preset=&raquo;default&raquo; global_colors_info=&raquo;{}&raquo;][\/et_pb_image][\/et_pb_column][\/et_pb_row][\/et_pb_section][et_pb_section fb_built=&raquo;1&#8243; fullwidth=&raquo;on&raquo; _builder_version=&raquo;4.9.4&#8243; _module_preset=&raquo;default&raquo; global_colors_info=&raquo;{}&raquo;][et_pb_fullwidth_code _builder_version=&raquo;4.9.4&#8243; _module_preset=&raquo;default&raquo; global_colors_info=&raquo;{}&raquo;]<style>\n    #slide {\n      width: 100%;\n      background-color: #FBFAF9;\n      display: flex;\n      align-items: center;\n      margin:0px;\n      padding:0;\n      heigth:auto;\n      max-height:700px;\n  }\n  #recent > article > a {\n    text-decoration: none;\n    color: black;\n  }\n  #headLineContent > a {\n    text-decoration: none;\n    color: black;\n  }\n  \n  #slidewrap {\u00a0\n    max-width: 500px;\n    width: 50%;\n    margin: auto;\n  }\n  #slidewrap img {\n    width:100%;\n  }\n  \n  .headlineContent{\n    background: #FBFAF9;\n    background-color: #FBFAF9;\n    display: block;\n    position: relative;\n    left: 20%;\n    margin-top:35%;\n    max-width: 800px;\n    padding: 30px;\n    max-height: 200px;\n    }\n  .headlineContent h1{\n     font-size: 28px;\n     line-height: 30px;\n  } \n  #recent {\n    background-color: #FBFAF9;\n    margin-top: 0px;\n    overflow: auto;\n    display: flex;\n    align-items: stretch;\n    flex-wrap: wrap;\n    padding: 30px;\n  }\n  \n  #recent > article {\n    margin: 15px;\n    flex-basis: 31%;\n    background-color: white;\n  \n  }\n  #recent > article > h1, h2,h3,h4,h6, p, a { \n    padding: 20px;\n  }\n  \n  \n  #recent article img {\n    padding: 0px;\n    margin: 0px auto;\n    min-width:400px;\n    width: 100%;\n    height: auto;\n  }\n  #contentx{ \n    background-color: #FBFAF9;\n    width: 100%;\n    margin: auto;\n    display:block;\n  }\n  #casesContentWrapper{\n    max-width:1600px;\n    margin: 0 auto;\n  }\n  @media screen and (max-width: 600px) {\n    #recent, article {\n      padding-left: 0px !important;\n    }\n    #recent > article > h1, h2, h3, h4, h6, p, a {\n      width:90%;\n      padding-left:15px;\n    }\n  }\n<\/style>\n<div id=\"contentx\">\n <div id=\"casesContentWrapper\">\n  <!-- Start content -->\n  <div id=\"slide\">\n    <div id=\"slidewrap\">\n        <img decoding=\"async\"\n          src=\"https:\/\/lt.sitegist.net\/wp-content\/uploads\/2022\/11\/windturbine8-whole-area@03x-1024x683-1.jpg\"\n        \/>\n        <div class=\"headlineContent\" style=\"top:-400px;display:block;\">\n            <h1>Destias projekteringskoordinator Krista Uutela forteller oss om arbeidet med det omfattende byggeprosjektet Mutkalampi-vindpark<\/h1>\n            <p>\n              Destia, Finlands st\u00f8rste selskap for infrastrukturtjenester, bygde vindparkinfrastruktur for Vestas Wind Systems for Mutkalampi-vindparken i det sentrale og nordlige \u00d6sterbotten i Finland.\n            <\/p>\n            <a class=\"readMore\" href=\"https:\/\/lt.sitegist.net\/no\/caseselected\/destias-projekteringskoordinator-krista-uutela-forteller-oss-om-arbeidet-med-det-omfattende-byggeprosjektet-mutkalampi-vindpark\/\">Les mer &raquo;<\/a><br \/>&nbsp;<br \/>\n        <\/div>\n    <\/div>\n  <\/div>\n  <section id=\"recent\">\n        \n        <article>\n        <img decoding=\"async\"\n          src=\"https:\/\/lt.sitegist.net\/wp-content\/uploads\/2023\/08\/A9_highlighter_image.jpg\"\n        \/>\n        <h6>Advancement through digitalization and innovation \u2013 Benefits of digitalization in the A9 highway refurbishment for all project participants.<\/h6>\n        <p>\n        The refurbishment of the Pyhrn Motorway A9 is a groundbreaking project in which Austrian motorway authority, ASFiNAG, placed a strong emphasis on digitalization during the tendering phase.\n        <\/p>\n        <a class=\"readMore\" href=\"https:\/\/lt.sitegist.net\/no\/caseselected\/advancement-through-digitalization-and-innovation-benefits-of-digitalization-in-the-a9-highway-refurbishment-for-all-project-participants\/\">Les mer &raquo;<\/a>\n      <\/article>\n        \n        <article>\n        <img decoding=\"async\"\n          src=\"https:\/\/lt.sitegist.net\/wp-content\/uploads\/2023\/02\/dunnewindgroep_highlighter_image.jpg\"\n        \/>\n        <h6>\u201cInfrakit is unmissable in our present-day work\u201d Jan Boerman, land surveyor at Dunnewind Groep in Ommen<\/h6>\n        <p>\n        He is an \u201cold hand\u201d in the trade. Jan Boerman works, among his other jobs, as a land surveyor at Dunnewind Groep in Ommen. The company specializes in earthworks, civil engineering, demolition projects, transport, and waste collection.\n        <\/p>\n        <a class=\"readMore\" href=\"https:\/\/lt.sitegist.net\/no\/caseselected\/infrakit-is-unmissable-in-our-present-day-work-jan-boerman-land-surveyor-at-dunnewind-groep-in-ommen\/\">Les mer &raquo;<\/a>\n      <\/article>\n        \n        <article>\n        <img decoding=\"async\"\n          src=\"https:\/\/lt.sitegist.net\/wp-content\/uploads\/2022\/12\/destia_wind_farm_highlighter_image.jpg\"\n        \/>\n        <h6>Destia bruker Infrakit til \u00e5 administrere infrastrukturbygging gjennom et omfattende vindparkprosjekt i Mutkalampi<\/h6>\n        <p>\n        Med 69 turbiner blir vindparken Finlands st\u00f8rste. Vindparken settes i drift i to faser; i slutten av 2022 og i perioden juli\u2013september 2023.\n        <\/p>\n        <a class=\"readMore\" href=\"https:\/\/lt.sitegist.net\/no\/caseselected\/destia-bruker-infrakit-til-a-administrere-infrastrukturbygging-gjennom-et-omfattende-vindparkprosjekt-i-mutkalampi\/\">Les mer &raquo;<\/a>\n      <\/article>\n        \n        <article>\n        <img decoding=\"async\"\n          src=\"https:\/\/lt.sitegist.net\/wp-content\/uploads\/2022\/09\/infrakit_heijmans_highlighter_image.jpg\"\n        \/>\n        <h6>Klavertje 4: Heijmans bygger hjertet av Greenport Venlo \u2013 Oppm\u00e5lingsleder p\u00e5 blandet fl\u00e5te og kvalitetsstyring<\/h6>\n        <p>\n        Klavertje 4 (K4, firkl\u00f8ver) er et omr\u00e5de p\u00e5 omtrent 5 000 hektar nordvest for Venlo, mellom motorveiene A73 og A67.\n        <\/p>\n        <a class=\"readMore\" href=\"https:\/\/lt.sitegist.net\/no\/caseselected\/klavertje-4-heijmans-bygger-hjertet-av-greenport-venlo-oppmalingsleder-pa-blandet-flate-og-kvalitetsstyring\/\">Les mer &raquo;<\/a>\n      <\/article>\n        \n        <article>\n        <img decoding=\"async\"\n          src=\"https:\/\/lt.sitegist.net\/wp-content\/uploads\/2022\/08\/Bouygues-highlight-AB.jpg\"\n        \/>\n        <h6>Bouygues&#8217; byggeplassleder for h\u00e5ndtering av sanntidsdata p\u00e5 byggeplassen for metrolinje 11 i Paris<\/h6>\n        <p>\n        P\u00e5 byggeplassen hvor metrolinje 11 forlenges, kan Anthony Balbeurre, byggeplassleder ved Bouygues Construction, stole p\u00e5 at Infrakit innhenter og deler data i sanntid\n        <\/p>\n        <a class=\"readMore\" href=\"https:\/\/lt.sitegist.net\/no\/caseselected\/bouygues-byggeplassleder-for-handtering-av-sanntidsdata-pa-byggeplassen-for-metrolinje-11-i-paris\/\">Les mer &raquo;<\/a>\n      <\/article>\n        \n        <article>\n        <img decoding=\"async\"\n          src=\"https:\/\/lt.sitegist.net\/wp-content\/uploads\/2022\/06\/E39-AF-Anlegg.png\"\n        \/>\n        <h6>Sjefen for maskinkontroll og automatisering hos AF Anlegg, forteller hvordan det er \u00e5 administrere dataflyt for en blandet fl\u00e5te p\u00e5 E39-motorveiprosjektet<\/h6>\n        <p>\n        Vi intervjuet Kristen Petillon, leder for maskinkontroll og automatisering hos AF Anlegg, om hans arbeid med prosjektet i Infrakit.\n        <\/p>\n        <a class=\"readMore\" href=\"https:\/\/lt.sitegist.net\/no\/caseselected\/sjefen-for-maskinkontroll-og-automatisering-hos-af-anlegg-forteller-hvordan-det-er-a-administrere-dataflyt-for-en-blandet-flate-pa-e39-motorveiprosjektet\/\">Les mer &raquo;<\/a>\n      <\/article>\n        <br><div style=\"width: 100%; text-align: center;float:none;\"><span aria-current=\"page\" class=\"page-numbers current\">1<\/span>\n<a class=\"page-numbers\" href=\"https:\/\/lt.sitegist.net\/no\/wp-json\/wp\/v2\/pages\/6191\/page\/2\">2<\/a>\n<a class=\"page-numbers\" href=\"https:\/\/lt.sitegist.net\/no\/wp-json\/wp\/v2\/pages\/6191\/page\/3\">3<\/a>\n<span class=\"page-numbers dots\">&hellip;<\/span>\n<a class=\"page-numbers\" href=\"https:\/\/lt.sitegist.net\/no\/wp-json\/wp\/v2\/pages\/6191\/page\/7\">7<\/a>\n<a class=\"next page-numbers\" href=\"https:\/\/lt.sitegist.net\/no\/wp-json\/wp\/v2\/pages\/6191\/page\/2\">&#9658;<\/a><\/div><\/section>[\/et_pb_fullwidth_code][\/et_pb_section]<\/p>\n","protected":false},"excerpt":{"rendered":"<p>Sjefen for maskinkontroll og automatisering hos AF Anlegg, forteller hvordan det er \u00e5 administrere dataflyt for en blandet fl\u00e5te p\u00e5 E39-motorveiprosjektetAF Anlegg er et ledende bygg- og industrikonsern. I 2018 signerte de kontrakt med Nye Veier for prosjektering og bygging av den nye motorveien E39. E39 Kristiansand Vest \u2013 Mandal \u00d8st var den f\u00f8rste kontrakten [&hellip;]<\/p>\n","protected":false},"author":1,"featured_media":0,"parent":0,"menu_order":4,"comment_status":"closed","ping_status":"closed","template":"","meta":{"_acf_changed":false,"_et_pb_use_builder":"on","_et_pb_old_content":"","_et_gb_content_width":"","footnotes":""},"class_list":["post-6191","page","type-page","status-publish","hentry"],"acf":[],"_links":{"self":[{"href":"https:\/\/lt.sitegist.net\/no\/wp-json\/wp\/v2\/pages\/6191","targetHints":{"allow":["GET"]}}],"collection":[{"href":"https:\/\/lt.sitegist.net\/no\/wp-json\/wp\/v2\/pages"}],"about":[{"href":"https:\/\/lt.sitegist.net\/no\/wp-json\/wp\/v2\/types\/page"}],"author":[{"embeddable":true,"href":"https:\/\/lt.sitegist.net\/no\/wp-json\/wp\/v2\/users\/1"}],"replies":[{"embeddable":true,"href":"https:\/\/lt.sitegist.net\/no\/wp-json\/wp\/v2\/comments?post=6191"}],"version-history":[{"count":5,"href":"https:\/\/lt.sitegist.net\/no\/wp-json\/wp\/v2\/pages\/6191\/revisions"}],"predecessor-version":[{"id":6727,"href":"https:\/\/lt.sitegist.net\/no\/wp-json\/wp\/v2\/pages\/6191\/revisions\/6727"}],"wp:attachment":[{"href":"https:\/\/lt.sitegist.net\/no\/wp-json\/wp\/v2\/media?parent=6191"}],"curies":[{"name":"wp","href":"https:\/\/api.w.org\/{rel}","templated":true}]}}