{"id":6147,"date":"2021-11-25T20:40:37","date_gmt":"2021-11-25T20:40:37","guid":{"rendered":"https:\/\/lt.sitegist.net\/?page_id=6147"},"modified":"2023-03-29T22:57:16","modified_gmt":"2023-03-29T22:57:16","slug":"infra-eier","status":"publish","type":"page","link":"https:\/\/lt.sitegist.net\/no\/produkt\/infra-eier\/","title":{"rendered":"Byggherre"},"content":{"rendered":"<p>[et_pb_section fb_built=&raquo;1&#8243; _builder_version=&raquo;4.16&#8243; _module_preset=&raquo;default&raquo; global_colors_info=&raquo;{}&raquo;][et_pb_row _builder_version=&raquo;4.16&#8243; _module_preset=&raquo;default&raquo; global_colors_info=&raquo;{}&raquo;][et_pb_column type=&raquo;4_4&#8243; _builder_version=&raquo;4.16&#8243; _module_preset=&raquo;default&raquo; global_colors_info=&raquo;{}&raquo;][et_pb_text _builder_version=&raquo;4.20.2&#8243; _module_preset=&raquo;default&raquo; hover_enabled=&raquo;0&#8243; global_colors_info=&raquo;{}&raquo; sticky_enabled=&raquo;0&#8243;]<\/p>\n<h2>Byggherre \u2013 str\u00f8mlinjeform prosjektledelsen<\/h2>\n<p class=\"intro\"><span>Infrakit bidrar til at du f\u00e5r det du har anskaffet deg, b\u00e5de innen prosjektering og bygging. Med Infrakit f\u00e5r du en visuell oversikt over sluttresultatet \u2013 b\u00e5de fysisk og digitalt.<\/span><\/p>\n<p>&nbsp;<\/p>\n<p>[\/et_pb_text][et_pb_image src=&raquo;https:\/\/lt.sitegist.net\/wp-content\/uploads\/2021\/11\/infrakit_infra_owner_h.jpg&raquo; title_text=&raquo;infrakit_infra_owner_h&raquo; align=&raquo;center&raquo; _builder_version=&raquo;4.16&#8243; _module_preset=&raquo;default&raquo; global_colors_info=&raquo;{}&raquo;][\/et_pb_image][\/et_pb_column][\/et_pb_row][\/et_pb_section][et_pb_section fb_built=&raquo;1&#8243; admin_label=&raquo;Testimonials section&raquo; _builder_version=&raquo;4.16&#8243; _module_preset=&raquo;default&raquo; background_color=&raquo;#f7f5f3&#8243; collapsed=&raquo;off&raquo; global_colors_info=&raquo;{}&raquo;][et_pb_row admin_label=&raquo;Testimonial section header&raquo; _builder_version=&raquo;4.16&#8243; _module_preset=&raquo;default&raquo; global_colors_info=&raquo;{}&raquo;][et_pb_column type=&raquo;4_4&#8243; _builder_version=&raquo;4.16&#8243; _module_preset=&raquo;default&raquo; global_colors_info=&raquo;{}&raquo;][et_pb_text admin_label=&raquo;Testimonials text heading&raquo; _builder_version=&raquo;4.17.3&#8243; _module_preset=&raquo;default&raquo; global_colors_info=&raquo;{}&raquo;]<\/p>\n<h3 style=\"text-align: center;\">Hva v\u00e5re kunder sier om oss<\/h3>\n<p>[\/et_pb_text][\/et_pb_column][\/et_pb_row][\/et_pb_section][et_pb_section fb_built=&raquo;1&#8243; _builder_version=&raquo;4.16&#8243; _module_preset=&raquo;default&raquo; background_color=&raquo;#f7f5f3&#8243; global_colors_info=&raquo;{}&raquo;][et_pb_row column_structure=&raquo;1_5,3_5,1_5&#8243; _builder_version=&raquo;4.16&#8243; _module_preset=&raquo;default&raquo; global_colors_info=&raquo;{}&raquo;][et_pb_column type=&raquo;1_5&#8243; _builder_version=&raquo;4.16&#8243; _module_preset=&raquo;default&raquo; global_colors_info=&raquo;{}&raquo;][\/et_pb_column][et_pb_column type=&raquo;3_5&#8243; _builder_version=&raquo;4.16&#8243; _module_preset=&raquo;default&raquo; global_colors_info=&raquo;{}&raquo;][et_pb_text admin_label=&raquo;Testimonials text&raquo; _builder_version=&raquo;4.16&#8243; _module_preset=&raquo;default&raquo; global_colors_info=&raquo;{}&raquo;]<\/p>\n<p style=\"text-align: center;\"><span style=\"max-width: 588px;\">\u201cFra eiers side er det sv\u00e6rt praktisk \u00e5 kunne registrere problemene som har oppst\u00e5tt p\u00e5 kartet med traseen i hele byggeperioden. Dette gj\u00f8r det mye lettere \u00e5 identifisere \u00e5rsakene til feil og l\u00f8se uenigheter i garantiperioden.\u201c<\/span><\/p>\n<p style=\"text-align: center;\"><img decoding=\"async\" class=\"aligncenter\" src=\"\/wp-content\/uploads\/2021\/11\/infrakit_customer_reta.png\" \/><br \/>\n<b>Kadi Tuum, prosjektleder i den estiske transportadministrasjon<\/b><\/p>\n<p><center><\/p>\n<hr \/>\n<p><\/center><\/p>\n<p>&nbsp;<\/p>\n<p>[\/et_pb_text][et_pb_text admin_label=&raquo;Testimonials text&raquo; _builder_version=&raquo;4.16&#8243; _module_preset=&raquo;default&raquo; global_colors_info=&raquo;{}&raquo;]<\/p>\n<p style=\"text-align: center;\"><span style=\"max-width: 588px;\">\u201dMens vi planla pilotprosjektet, \u00f8nsket vi \u00e5 benytte finsk erfaringe og kunnskap \u2013 derfor valgte vi Infrakit-plattformen. Den st\u00f8rste fordelen med Infrakit kommer frem i byggeprosessen, hvor du kan ta med deg hele prosjektdokumentasjonen overalt med smarttelefon eller nettbrett. Det er ogs\u00e5 mulig \u00e5 f\u00e5 tilgang p\u00e5 hver PC, uten \u00e5 eie noen spesifikk CAD- eller designprogramvare. Og sist, men ikke minst f\u00e5r vi muligheten til \u00e5 sjekke designl\u00f8sningen i 3D.\u201d<\/span><\/p>\n<p style=\"text-align: center;\"><img decoding=\"async\" class=\"aligncenter\" src=\"\/wp-content\/uploads\/2021\/11\/infrakit_customer_reta.png\" \/><br \/>\n<b>Anti Palmi, leder for veibygging og vedlikeholdsavdelingen i den estiske veiadministrasjonen<\/b><\/p>\n<p>[\/et_pb_text][\/et_pb_column][et_pb_column type=&raquo;1_5&#8243; _builder_version=&raquo;4.16&#8243; _module_preset=&raquo;default&raquo; global_colors_info=&raquo;{}&raquo;][\/et_pb_column][\/et_pb_row][\/et_pb_section][et_pb_section fb_built=&raquo;1&#8243; admin_label=&raquo;benefits&raquo; _builder_version=&raquo;4.16&#8243; _module_preset=&raquo;default&raquo; saved_tabs=&raquo;all&raquo; global_colors_info=&raquo;{}&raquo;][et_pb_row admin_label=&raquo;Row Benefits&raquo; _builder_version=&raquo;4.16&#8243; _module_preset=&raquo;default&raquo; global_colors_info=&raquo;{}&raquo;][et_pb_column type=&raquo;4_4&#8243; _builder_version=&raquo;4.16&#8243; _module_preset=&raquo;default&raquo; global_colors_info=&raquo;{}&raquo;][et_pb_text admin_label=&raquo;Benefits&raquo; _builder_version=&raquo;4.16&#8243; _module_preset=&raquo;default&raquo; global_colors_info=&raquo;{}&raquo;]<\/p>\n<h3 style=\"text-align: center;\">Str\u00f8mlinjeform prosjektledelsen<\/h3>\n<p>[\/et_pb_text][\/et_pb_column][\/et_pb_row][et_pb_row column_structure=&raquo;1_3,1_3,1_3&#8243; _builder_version=&raquo;4.16&#8243; _module_preset=&raquo;default&raquo; global_colors_info=&raquo;{}&raquo;][et_pb_column type=&raquo;1_3&#8243; _builder_version=&raquo;4.16&#8243; _module_preset=&raquo;default&raquo; global_colors_info=&raquo;{}&raquo;][et_pb_image src=&raquo;https:\/\/lt.sitegist.net\/wp-content\/uploads\/\/2021\/11\/The-single-system-architecture.svg&raquo; title_text=&raquo;The single system architecture&raquo; align=&raquo;center&raquo; disabled_on=&raquo;on|off|off&raquo; _builder_version=&raquo;4.16&#8243; _module_preset=&raquo;default&raquo; global_colors_info=&raquo;{}&raquo;][\/et_pb_image][et_pb_image src=&raquo;https:\/\/lt.sitegist.net\/wp-content\/uploads\/\/2021\/11\/The-single-system-architecture.svg&raquo; title_text=&raquo;The single system architecture&raquo; align=&raquo;center&raquo; disabled_on=&raquo;off|on|on&raquo; admin_label=&raquo;Mobile image&raquo; _builder_version=&raquo;4.16&#8243; _module_preset=&raquo;default&raquo; width=&raquo;50%&raquo; global_colors_info=&raquo;{}&raquo;][\/et_pb_image][et_pb_text admin_label=&raquo;Text&raquo; _builder_version=&raquo;4.17.3&#8243; _module_preset=&raquo;default&raquo; global_colors_info=&raquo;{}&raquo;]<\/p>\n<p style=\"text-align: center;\">F\u00e5 fart p\u00e5 digitaliseringen! Forbedre den operasjonelle effektiviteten med skyl\u00f8sning og st\u00f8tte fra v\u00e5re eksperter<\/p>\n<p>[\/et_pb_text][\/et_pb_column][et_pb_column type=&raquo;1_3&#8243; _builder_version=&raquo;4.16&#8243; _module_preset=&raquo;default&raquo; global_colors_info=&raquo;{}&raquo;][et_pb_image src=&raquo;https:\/\/lt.sitegist.net\/wp-content\/uploads\/\/2021\/11\/Manage-your-projects-easily.svg&raquo; title_text=&raquo;Manage your projects easily&raquo; align=&raquo;center&raquo; disabled_on=&raquo;on|off|off&raquo; _builder_version=&raquo;4.16&#8243; _module_preset=&raquo;default&raquo; global_colors_info=&raquo;{}&raquo;][\/et_pb_image][et_pb_image src=&raquo;https:\/\/lt.sitegist.net\/wp-content\/uploads\/\/2021\/11\/Manage-your-projects-easily.svg&raquo; title_text=&raquo;Manage your projects easily&raquo; align=&raquo;center&raquo; disabled_on=&raquo;off|on|on&raquo; admin_label=&raquo;Mobile image&raquo; _builder_version=&raquo;4.16&#8243; _module_preset=&raquo;default&raquo; width=&raquo;50%&raquo; global_colors_info=&raquo;{}&raquo;][\/et_pb_image][et_pb_text _builder_version=&raquo;4.17.3&#8243; _module_preset=&raquo;default&raquo; global_colors_info=&raquo;{}&raquo;]<\/p>\n<p style=\"text-align: center;\">Bruk sanntidsinformasjon gjennom hele prosjektets levetid for \u00f8kt \u00e5penhet og tillit<\/p>\n<p>[\/et_pb_text][\/et_pb_column][et_pb_column type=&raquo;1_3&#8243; _builder_version=&raquo;4.16&#8243; _module_preset=&raquo;default&raquo; global_colors_info=&raquo;{}&raquo;][et_pb_image src=&raquo;https:\/\/lt.sitegist.net\/wp-content\/uploads\/\/2021\/11\/Icon-3.svg&raquo; title_text=&raquo;Icon 3&#8243; align=&raquo;center&raquo; disabled_on=&raquo;on|off|off&raquo; _builder_version=&raquo;4.16&#8243; _module_preset=&raquo;default&raquo; global_colors_info=&raquo;{}&raquo;][\/et_pb_image][et_pb_image src=&raquo;https:\/\/lt.sitegist.net\/wp-content\/uploads\/\/2021\/11\/Icon-3.svg&raquo; title_text=&raquo;Icon 3&#8243; align=&raquo;center&raquo; disabled_on=&raquo;off|on|on&raquo; admin_label=&raquo;Mobile image&raquo; _builder_version=&raquo;4.16&#8243; _module_preset=&raquo;default&raquo; width=&raquo;50%&raquo; global_colors_info=&raquo;{}&raquo;][\/et_pb_image][et_pb_text _builder_version=&raquo;4.17.3&#8243; _module_preset=&raquo;default&raquo; global_colors_info=&raquo;{}&raquo;]<\/p>\n<p style=\"text-align: center;\">Enklere kvalitetskontroll og visuell dokumentasjon sikrer suksessfulle prosjekter<\/p>\n<p>[\/et_pb_text][\/et_pb_column][\/et_pb_row][et_pb_row _builder_version=&raquo;4.16&#8243; _module_preset=&raquo;default&raquo; global_colors_info=&raquo;{}&raquo;][et_pb_column type=&raquo;4_4&#8243; _builder_version=&raquo;4.16&#8243; _module_preset=&raquo;default&raquo; global_colors_info=&raquo;{}&raquo;][et_pb_video src=&raquo;https:\/\/youtu.be\/ILz1ASSIlfg&raquo; image_src=&raquo;\/\/i.ytimg.com\/vi\/ILz1ASSIlfg\/hqdefault.jpg&raquo; play_icon_color=&raquo;#F06400&#8243; font_icon=&raquo;&#x49;||divi||400&#8243; _builder_version=&raquo;4.20.2&#8243; _module_preset=&raquo;default&raquo; box_shadow_style=&raquo;preset1&#8243; global_colors_info=&raquo;{}&raquo;][\/et_pb_video][et_pb_text _builder_version=&raquo;4.20.2&#8243; _module_preset=&raquo;default&raquo; global_colors_info=&raquo;{}&raquo;]<\/p>\n<p>&nbsp;<\/p>\n<p>[\/et_pb_text][et_pb_video src=&raquo;https:\/\/youtu.be\/wrxCWFh3p3A&raquo; image_src=&raquo;\/\/i.ytimg.com\/vi\/wrxCWFh3p3A\/hqdefault.jpg&raquo; play_icon_color=&raquo;#F06400&#8243; font_icon=&raquo;&#x49;||divi||400&#8243; _builder_version=&raquo;4.20.2&#8243; _module_preset=&raquo;default&raquo; box_shadow_style=&raquo;preset1&#8243; global_colors_info=&raquo;{}&raquo;][\/et_pb_video][et_pb_text _builder_version=&raquo;4.20.2&#8243; _module_preset=&raquo;default&raquo; global_colors_info=&raquo;{}&raquo;]<\/p>\n<p>&nbsp;<\/p>\n<p>[\/et_pb_text][et_pb_video src=&raquo;https:\/\/youtu.be\/5cSRhxRQaFc&raquo; image_src=&raquo;\/\/i.ytimg.com\/vi\/5cSRhxRQaFc\/hqdefault.jpg&raquo; play_icon_color=&raquo;#F06400&#8243; font_icon=&raquo;&#x49;||divi||400&#8243; _builder_version=&raquo;4.20.2&#8243; _module_preset=&raquo;default&raquo; box_shadow_style=&raquo;preset1&#8243; global_colors_info=&raquo;{}&raquo;][\/et_pb_video][\/et_pb_column][\/et_pb_row][\/et_pb_section][et_pb_section fb_built=&raquo;1&#8243; admin_label=&raquo;BOOK A DEMO&raquo; _builder_version=&raquo;4.16&#8243; _module_preset=&raquo;default&raquo; background_color=&raquo;#FBFAF9&#8243; saved_tabs=&raquo;all&raquo; global_colors_info=&raquo;{}&raquo;][et_pb_row column_structure=&raquo;1_4,1_2,1_4&#8243; _builder_version=&raquo;4.16&#8243; _module_preset=&raquo;default&raquo; custom_padding=&raquo;20px|20px|20px|20px|false|false&raquo; global_colors_info=&raquo;{}&raquo;][et_pb_column type=&raquo;1_4&#8243; _builder_version=&raquo;4.16&#8243; _module_preset=&raquo;default&raquo; global_colors_info=&raquo;{}&raquo;][\/et_pb_column][et_pb_column type=&raquo;1_2&#8243; _builder_version=&raquo;4.16&#8243; _module_preset=&raquo;default&raquo; global_colors_info=&raquo;{}&raquo;][et_pb_text _builder_version=&raquo;4.16&#8243; _module_preset=&raquo;default&raquo; background_color=&raquo;#ffffff&raquo; custom_padding=&raquo;20px|20px|20px|20px|false|false&raquo; global_colors_info=&raquo;{}&raquo;]<\/p>\n<h4 style=\"text-align: center;\">Bestill en demo-\u00f8kt<\/h4>\n<p style=\"text-align: center;\">Se hvordan Infrakit kobler hele driften av anleggsprosjektet ditt sammen, og gir ekstra verdi til alle deler av virksomheten din.<\/p>\n<p style=\"text-align: center;\"><button class=\"btn-small purple\" onclick=\"Calendly.initPopupWidget({url:'https:\/\/calendly.com\/anderstiltnes\/bestill-demo\/'});\nreturn false;\" id=>Bestill demo<\/button><\/p>\n<p>[\/et_pb_text][\/et_pb_column][et_pb_column type=&raquo;1_4&#8243; _builder_version=&raquo;4.16&#8243; _module_preset=&raquo;default&raquo; global_colors_info=&raquo;{}&raquo;][\/et_pb_column][\/et_pb_row][\/et_pb_section]<\/p>\n","protected":false},"excerpt":{"rendered":"<p>Byggherre \u2013 str\u00f8mlinjeform prosjektledelsen Infrakit bidrar til at du f\u00e5r det du har anskaffet deg, b\u00e5de innen prosjektering og bygging. Med Infrakit f\u00e5r du en visuell oversikt over sluttresultatet \u2013 b\u00e5de fysisk og digitalt. &nbsp;Hva v\u00e5re kunder sier om oss\u201cFra eiers side er det sv\u00e6rt praktisk \u00e5 kunne registrere problemene som har oppst\u00e5tt p\u00e5 kartet [&hellip;]<\/p>\n","protected":false},"author":1,"featured_media":0,"parent":6064,"menu_order":3,"comment_status":"closed","ping_status":"closed","template":"","meta":{"_acf_changed":false,"_et_pb_use_builder":"on","_et_pb_old_content":"","_et_gb_content_width":"","footnotes":""},"class_list":["post-6147","page","type-page","status-publish","hentry"],"acf":[],"_links":{"self":[{"href":"https:\/\/lt.sitegist.net\/no\/wp-json\/wp\/v2\/pages\/6147","targetHints":{"allow":["GET"]}}],"collection":[{"href":"https:\/\/lt.sitegist.net\/no\/wp-json\/wp\/v2\/pages"}],"about":[{"href":"https:\/\/lt.sitegist.net\/no\/wp-json\/wp\/v2\/types\/page"}],"author":[{"embeddable":true,"href":"https:\/\/lt.sitegist.net\/no\/wp-json\/wp\/v2\/users\/1"}],"replies":[{"embeddable":true,"href":"https:\/\/lt.sitegist.net\/no\/wp-json\/wp\/v2\/comments?post=6147"}],"version-history":[{"count":16,"href":"https:\/\/lt.sitegist.net\/no\/wp-json\/wp\/v2\/pages\/6147\/revisions"}],"predecessor-version":[{"id":17508,"href":"https:\/\/lt.sitegist.net\/no\/wp-json\/wp\/v2\/pages\/6147\/revisions\/17508"}],"up":[{"embeddable":true,"href":"https:\/\/lt.sitegist.net\/no\/wp-json\/wp\/v2\/pages\/6064"}],"wp:attachment":[{"href":"https:\/\/lt.sitegist.net\/no\/wp-json\/wp\/v2\/media?parent=6147"}],"curies":[{"name":"wp","href":"https:\/\/api.w.org\/{rel}","templated":true}]}}