{"id":6109,"date":"2021-11-25T20:04:09","date_gmt":"2021-11-25T20:04:09","guid":{"rendered":"https:\/\/lt.sitegist.net\/?page_id=6109"},"modified":"2023-03-29T22:59:29","modified_gmt":"2023-03-29T22:59:29","slug":"entreprenor","status":"publish","type":"page","link":"https:\/\/lt.sitegist.net\/no\/produkt\/entreprenor\/","title":{"rendered":"Entrepren\u00f8r"},"content":{"rendered":"<p>[et_pb_section fb_built=&raquo;1&#8243; _builder_version=&raquo;4.16&#8243; _module_preset=&raquo;default&raquo; global_colors_info=&raquo;{}&raquo;][et_pb_row _builder_version=&raquo;4.16&#8243; _module_preset=&raquo;default&raquo; global_colors_info=&raquo;{}&raquo;][et_pb_column type=&raquo;4_4&#8243; _builder_version=&raquo;4.16&#8243; _module_preset=&raquo;default&raquo; global_colors_info=&raquo;{}&raquo;][et_pb_text _builder_version=&raquo;4.16&#8243; _module_preset=&raquo;default&raquo; global_colors_info=&raquo;{}&raquo;]<\/p>\n<h2>Entrepren\u00f8r \u2013 gi byggeplassen et l\u00f8ft<\/h2>\n<p class=\"intro\"><span>Med Infrakit som anleggsplattform sikrer du en mer effektiv prosjektgjennomf\u00f8ring. Bedre totaloversikt i prosjektet gir deg bedre kontroll p\u00e5 fremdriften og sikrer h\u00f8y kvalitet i utf\u00f8relsen. Med all prosjektdata p\u00e5 kart og i 3D-visning f\u00e5r du enkel tilgang til sanntidsinformasjon. Noe som sparer tid og penger.<\/span><\/p>\n<p>&nbsp;<\/p>\n<p>[\/et_pb_text][et_pb_image src=&raquo;https:\/\/lt.sitegist.net\/wp-content\/uploads\/2021\/11\/infrakit_contractor_h.jpg&raquo; title_text=&raquo;infrakit_contractor_h&raquo; align=&raquo;center&raquo; _builder_version=&raquo;4.16&#8243; _module_preset=&raquo;default&raquo; global_colors_info=&raquo;{}&raquo;][\/et_pb_image][\/et_pb_column][\/et_pb_row][\/et_pb_section][et_pb_section fb_built=&raquo;1&#8243; admin_label=&raquo;Testimonials section&raquo; _builder_version=&raquo;4.16&#8243; _module_preset=&raquo;default&raquo; background_color=&raquo;#f7f5f3&#8243; collapsed=&raquo;off&raquo; global_colors_info=&raquo;{}&raquo;][et_pb_row admin_label=&raquo;Testimonial section header&raquo; _builder_version=&raquo;4.16&#8243; _module_preset=&raquo;default&raquo; global_colors_info=&raquo;{}&raquo;][et_pb_column type=&raquo;4_4&#8243; _builder_version=&raquo;4.16&#8243; _module_preset=&raquo;default&raquo; global_colors_info=&raquo;{}&raquo;][et_pb_text admin_label=&raquo;Testimonials text heading&raquo; _builder_version=&raquo;4.17.3&#8243; _module_preset=&raquo;default&raquo; global_colors_info=&raquo;{}&raquo;]<\/p>\n<h3 style=\"text-align: center;\">Hva v\u00e5re kunder sier om oss<\/h3>\n<p>[\/et_pb_text][\/et_pb_column][\/et_pb_row][\/et_pb_section][et_pb_section fb_built=&raquo;1&#8243; _builder_version=&raquo;4.16&#8243; _module_preset=&raquo;default&raquo; background_color=&raquo;#f7f5f3&#8243; global_colors_info=&raquo;{}&raquo;][et_pb_row column_structure=&raquo;1_5,3_5,1_5&#8243; _builder_version=&raquo;4.16&#8243; _module_preset=&raquo;default&raquo; global_colors_info=&raquo;{}&raquo;][et_pb_column type=&raquo;1_5&#8243; _builder_version=&raquo;4.16&#8243; _module_preset=&raquo;default&raquo; global_colors_info=&raquo;{}&raquo;][\/et_pb_column][et_pb_column type=&raquo;3_5&#8243; _builder_version=&raquo;4.16&#8243; _module_preset=&raquo;default&raquo; global_colors_info=&raquo;{}&raquo;][et_pb_text admin_label=&raquo;Testimonials text&raquo; _builder_version=&raquo;4.16&#8243; _module_preset=&raquo;default&raquo; global_colors_info=&raquo;{}&raquo;]<\/p>\n<p style=\"text-align: center;\"><span style=\"max-width: 588px;\">&laquo;Infrakit gir en god oversikt over modellene som brukes i maskinene. Du kan se hvor maskinene er, og du kan enkelt hente data. Den st\u00f8rste forskjellen mellom f\u00f8r og n\u00e5 er at prosessen n\u00e5 er mer visuell, du har bedre oversikt, og det er lettere \u00e5 orientere deg.&raquo;<\/span><\/p>\n<p style=\"text-align: center;\"><img decoding=\"async\" class=\"aligncenter\" src=\"\/wp-content\/uploads\/2021\/11\/infrakit_customer_risa.png\" \/><br \/>\n<b>Jarle Vatne, prosjektleder i Risa<\/b><\/p>\n<p><center><\/p>\n<hr \/>\n<p><\/center><\/p>\n<p>&nbsp;<\/p>\n<p>[\/et_pb_text][et_pb_text admin_label=&raquo;Testimonials text&raquo; _builder_version=&raquo;4.16&#8243; _module_preset=&raquo;default&raquo; global_colors_info=&raquo;{}&raquo;]<\/p>\n<p style=\"text-align: center;\"><span style=\"max-width: 588px;\">\u201cF\u00f8r brukte vi flere programmer med forskjellige portaler. Dette innebar at vi m\u00e5tte legge ut modeller flere ganger. P\u00e5 Infrakit blir de samlet. I en totalentreprise som denne, er det mange modeller og oppdateringer. I stedet for \u00e5 g\u00e5 gjennom fem forskjellige portaler, holder det n\u00e5 med en. Samlet sett gir dette mye mer effektiv maskinstyring.\u201c<\/span><\/p>\n<p style=\"text-align: center;\"><img decoding=\"async\" class=\"aligncenter\" src=\"\/wp-content\/uploads\/2021\/10\/infrakit_customer_peab.png\" \/><br \/>\n<b>Eirik Frimannslund, Survey Manager hos PEAB<\/b><\/p>\n<p><center><\/p>\n<hr \/>\n<p><\/center><\/p>\n<p>&nbsp;<\/p>\n<p>[\/et_pb_text][et_pb_text admin_label=&raquo;Testimonials text&raquo; _builder_version=&raquo;4.16&#8243; _module_preset=&raquo;default&raquo; global_colors_info=&raquo;{}&raquo;]<\/p>\n<p style=\"text-align: center;\"><span style=\"max-width: 588px;\">\u201cDet viktigste med Infrakit er at det er veldig enkelt \u00e5 bruke. Du kan legge inn mange forskjellige typer data, og det visualiserer informasjonen p\u00e5 en god m\u00e5te.\u201d<\/span><\/p>\n<p style=\"text-align: center;\"><img decoding=\"async\" class=\"aligncenter\" src=\"\/wp-content\/uploads\/2021\/10\/infrakit_customer_veidekke.png\" \/><br \/>\n<b>Terje Glad, BIM Manager hos Veidekke<\/b><\/p>\n<p>[\/et_pb_text][\/et_pb_column][et_pb_column type=&raquo;1_5&#8243; _builder_version=&raquo;4.16&#8243; _module_preset=&raquo;default&raquo; global_colors_info=&raquo;{}&raquo;][\/et_pb_column][\/et_pb_row][\/et_pb_section][et_pb_section fb_built=&raquo;1&#8243; admin_label=&raquo;benefits&raquo; _builder_version=&raquo;4.16&#8243; _module_preset=&raquo;default&raquo; saved_tabs=&raquo;all&raquo; global_colors_info=&raquo;{}&raquo;][et_pb_row admin_label=&raquo;Row Benefits&raquo; _builder_version=&raquo;4.16&#8243; _module_preset=&raquo;default&raquo; global_colors_info=&raquo;{}&raquo;][et_pb_column type=&raquo;4_4&#8243; _builder_version=&raquo;4.16&#8243; _module_preset=&raquo;default&raquo; global_colors_info=&raquo;{}&raquo;][et_pb_text admin_label=&raquo;Benefits&raquo; _builder_version=&raquo;4.16&#8243; _module_preset=&raquo;default&raquo; global_colors_info=&raquo;{}&raquo;]<\/p>\n<h3 style=\"text-align: center;\">Gi byggeplassen en vitamininnstpr\u00f8ytning<\/h3>\n<p>[\/et_pb_text][\/et_pb_column][\/et_pb_row][et_pb_row column_structure=&raquo;1_3,1_3,1_3&#8243; _builder_version=&raquo;4.16&#8243; _module_preset=&raquo;default&raquo; global_colors_info=&raquo;{}&raquo;][et_pb_column type=&raquo;1_3&#8243; _builder_version=&raquo;4.16&#8243; _module_preset=&raquo;default&raquo; global_colors_info=&raquo;{}&raquo;][et_pb_image src=&raquo;https:\/\/lt.sitegist.net\/wp-content\/uploads\/\/2021\/11\/Icon-1.svg&raquo; alt=&raquo;infrakit&raquo; title_text=&raquo;Icon 1&#8243; align=&raquo;center&raquo; disabled_on=&raquo;on|off|off&raquo; admin_label=&raquo;Image&raquo; _builder_version=&raquo;4.16&#8243; _module_preset=&raquo;default&raquo; global_colors_info=&raquo;{}&raquo;][\/et_pb_image][et_pb_image src=&raquo;https:\/\/lt.sitegist.net\/wp-content\/uploads\/\/2021\/11\/Icon-1.svg&raquo; alt=&raquo;infrakit&raquo; title_text=&raquo;Icon 1&#8243; align=&raquo;center&raquo; disabled_on=&raquo;off|on|on&raquo; admin_label=&raquo;Mobile image&raquo; _builder_version=&raquo;4.16&#8243; _module_preset=&raquo;default&raquo; width=&raquo;50%&raquo; global_colors_info=&raquo;{}&raquo;][\/et_pb_image][et_pb_text _builder_version=&raquo;4.17.3&#8243; _module_preset=&raquo;default&raquo; global_colors_info=&raquo;{}&raquo;]<\/p>\n<p style=\"text-align: center;\"><span>Del sanntidsinformasjon mellom alle parter for en vellykket prosjektgjennomf\u00f8ring<\/span><\/p>\n<p>[\/et_pb_text][\/et_pb_column][et_pb_column type=&raquo;1_3&#8243; _builder_version=&raquo;4.16&#8243; _module_preset=&raquo;default&raquo; global_colors_info=&raquo;{}&raquo;][et_pb_image src=&raquo;https:\/\/lt.sitegist.net\/wp-content\/uploads\/\/2021\/11\/The-single-system-architecture.svg&raquo; title_text=&raquo;The single system architecture&raquo; align=&raquo;center&raquo; disabled_on=&raquo;on|off|off&raquo; admin_label=&raquo;Image&raquo; _builder_version=&raquo;4.16&#8243; _module_preset=&raquo;default&raquo; global_colors_info=&raquo;{}&raquo;][\/et_pb_image][et_pb_image src=&raquo;https:\/\/lt.sitegist.net\/wp-content\/uploads\/\/2021\/11\/The-single-system-architecture.svg&raquo; alt=&raquo;infrakit&raquo; title_text=&raquo;The single system architecture&raquo; align=&raquo;center&raquo; disabled_on=&raquo;off|on|on&raquo; admin_label=&raquo;Mobile image&raquo; _builder_version=&raquo;4.16&#8243; _module_preset=&raquo;default&raquo; width=&raquo;50%&raquo; global_colors_info=&raquo;{}&raquo;][\/et_pb_image][et_pb_text _builder_version=&raquo;4.17.3&#8243; _module_preset=&raquo;default&raquo; global_colors_info=&raquo;{}&raquo;]<\/p>\n<p style=\"text-align: center;\">Bruk sanntidsinformasjon gjennom hele prosjektetgjennomf\u00f8ringen for \u00e5penhet og \u00f8kt tillit<\/p>\n<p>[\/et_pb_text][\/et_pb_column][et_pb_column type=&raquo;1_3&#8243; _builder_version=&raquo;4.16&#8243; _module_preset=&raquo;default&raquo; global_colors_info=&raquo;{}&raquo;][et_pb_image src=&raquo;https:\/\/lt.sitegist.net\/wp-content\/uploads\/\/2021\/11\/Complete-control.svg&raquo; title_text=&raquo;Complete control&raquo; align=&raquo;center&raquo; disabled_on=&raquo;on|off|off&raquo; admin_label=&raquo;Image&raquo; _builder_version=&raquo;4.16&#8243; _module_preset=&raquo;default&raquo; global_colors_info=&raquo;{}&raquo;][\/et_pb_image][et_pb_image src=&raquo;https:\/\/lt.sitegist.net\/wp-content\/uploads\/\/2021\/11\/Complete-control.svg&raquo; alt=&raquo;infrakit&raquo; title_text=&raquo;Complete control&raquo; align=&raquo;center&raquo; disabled_on=&raquo;off|on|on&raquo; admin_label=&raquo;Mobile image&raquo; _builder_version=&raquo;4.16&#8243; _module_preset=&raquo;default&raquo; width=&raquo;50%&raquo; global_colors_info=&raquo;{}&raquo;][\/et_pb_image][et_pb_text admin_label=&raquo;Text&raquo; _builder_version=&raquo;4.17.3&#8243; _module_preset=&raquo;default&raquo; global_colors_info=&raquo;{}&raquo;]<\/p>\n<p style=\"text-align: center;\">Brukervenlige l\u00f8sninger og st\u00f8tte fra v\u00e5re produktspesialister bidrar til en smidig implementering og onboarding\u00a0<\/p>\n<p>[\/et_pb_text][\/et_pb_column][\/et_pb_row][et_pb_row _builder_version=&raquo;4.16&#8243; _module_preset=&raquo;default&raquo; global_colors_info=&raquo;{}&raquo;][et_pb_column type=&raquo;4_4&#8243; _builder_version=&raquo;4.16&#8243; _module_preset=&raquo;default&raquo; global_colors_info=&raquo;{}&raquo;][et_pb_video src=&raquo;https:\/\/youtu.be\/ILz1ASSIlfg&raquo; image_src=&raquo;\/\/i.ytimg.com\/vi\/ILz1ASSIlfg\/hqdefault.jpg&raquo; play_icon_color=&raquo;#F06400&#8243; font_icon=&raquo;&#x49;||divi||400&#8243; _builder_version=&raquo;4.20.2&#8243; _module_preset=&raquo;default&raquo; hover_enabled=&raquo;0&#8243; box_shadow_style=&raquo;preset1&#8243; global_colors_info=&raquo;{}&raquo; sticky_enabled=&raquo;0&#8243;][\/et_pb_video][et_pb_text _builder_version=&raquo;4.20.2&#8243; _module_preset=&raquo;default&raquo; global_colors_info=&raquo;{}&raquo;]<\/p>\n<p>&nbsp;<\/p>\n<p>[\/et_pb_text][et_pb_video src=&raquo;https:\/\/youtu.be\/wrxCWFh3p3A&raquo; image_src=&raquo;\/\/i.ytimg.com\/vi\/wrxCWFh3p3A\/hqdefault.jpg&raquo; play_icon_color=&raquo;#F06400&#8243; font_icon=&raquo;&#x49;||divi||400&#8243; _builder_version=&raquo;4.20.2&#8243; _module_preset=&raquo;default&raquo; box_shadow_style=&raquo;preset1&#8243; global_colors_info=&raquo;{}&raquo;][\/et_pb_video][et_pb_text _builder_version=&raquo;4.20.2&#8243; _module_preset=&raquo;default&raquo; global_colors_info=&raquo;{}&raquo;]<\/p>\n<p>&nbsp;<\/p>\n<p>[\/et_pb_text][et_pb_video src=&raquo;https:\/\/youtu.be\/5cSRhxRQaFc&raquo; image_src=&raquo;\/\/i.ytimg.com\/vi\/5cSRhxRQaFc\/hqdefault.jpg&raquo; play_icon_color=&raquo;#F06400&#8243; font_icon=&raquo;&#x49;||divi||400&#8243; _builder_version=&raquo;4.20.2&#8243; _module_preset=&raquo;default&raquo; box_shadow_style=&raquo;preset1&#8243; global_colors_info=&raquo;{}&raquo;][\/et_pb_video][\/et_pb_column][\/et_pb_row][\/et_pb_section][et_pb_section fb_built=&raquo;1&#8243; admin_label=&raquo;BOOK A DEMO&raquo; _builder_version=&raquo;4.16&#8243; _module_preset=&raquo;default&raquo; background_color=&raquo;#FBFAF9&#8243; saved_tabs=&raquo;all&raquo; global_colors_info=&raquo;{}&raquo;][et_pb_row column_structure=&raquo;1_4,1_2,1_4&#8243; _builder_version=&raquo;4.16&#8243; _module_preset=&raquo;default&raquo; custom_padding=&raquo;20px|20px|20px|20px|false|false&raquo; global_colors_info=&raquo;{}&raquo;][et_pb_column type=&raquo;1_4&#8243; _builder_version=&raquo;4.16&#8243; _module_preset=&raquo;default&raquo; global_colors_info=&raquo;{}&raquo;][\/et_pb_column][et_pb_column type=&raquo;1_2&#8243; _builder_version=&raquo;4.16&#8243; _module_preset=&raquo;default&raquo; global_colors_info=&raquo;{}&raquo;][et_pb_text _builder_version=&raquo;4.16&#8243; _module_preset=&raquo;default&raquo; background_color=&raquo;#ffffff&raquo; custom_padding=&raquo;20px|20px|20px|20px|false|false&raquo; global_colors_info=&raquo;{}&raquo;]<\/p>\n<h4 style=\"text-align: center;\">Bestill en demo-\u00f8kt<\/h4>\n<p style=\"text-align: center;\">Se hvordan Infrakit kobler hele driften av anleggsprosjektet ditt sammen, og gir ekstra verdi til alle deler av virksomheten din.<\/p>\n<p style=\"text-align: center;\"><button class=\"btn-small purple\" onclick=\"Calendly.initPopupWidget({url:'https:\/\/calendly.com\/anderstiltnes\/bestill-demo\/'});\nreturn false;\" id=>Bestill demo<\/button><\/p>\n<p>[\/et_pb_text][\/et_pb_column][et_pb_column type=&raquo;1_4&#8243; _builder_version=&raquo;4.16&#8243; _module_preset=&raquo;default&raquo; global_colors_info=&raquo;{}&raquo;][\/et_pb_column][\/et_pb_row][\/et_pb_section]<\/p>\n","protected":false},"excerpt":{"rendered":"<p>Entrepren\u00f8r \u2013 gi byggeplassen et l\u00f8ft Med Infrakit som anleggsplattform sikrer du en mer effektiv prosjektgjennomf\u00f8ring. Bedre totaloversikt i prosjektet gir deg bedre kontroll p\u00e5 fremdriften og sikrer h\u00f8y kvalitet i utf\u00f8relsen. Med all prosjektdata p\u00e5 kart og i 3D-visning f\u00e5r du enkel tilgang til sanntidsinformasjon. Noe som sparer tid og penger. &nbsp;Hva v\u00e5re kunder [&hellip;]<\/p>\n","protected":false},"author":1,"featured_media":0,"parent":6064,"menu_order":2,"comment_status":"closed","ping_status":"closed","template":"","meta":{"_acf_changed":false,"_et_pb_use_builder":"on","_et_pb_old_content":"","_et_gb_content_width":"","footnotes":""},"class_list":["post-6109","page","type-page","status-publish","hentry"],"acf":[],"_links":{"self":[{"href":"https:\/\/lt.sitegist.net\/no\/wp-json\/wp\/v2\/pages\/6109","targetHints":{"allow":["GET"]}}],"collection":[{"href":"https:\/\/lt.sitegist.net\/no\/wp-json\/wp\/v2\/pages"}],"about":[{"href":"https:\/\/lt.sitegist.net\/no\/wp-json\/wp\/v2\/types\/page"}],"author":[{"embeddable":true,"href":"https:\/\/lt.sitegist.net\/no\/wp-json\/wp\/v2\/users\/1"}],"replies":[{"embeddable":true,"href":"https:\/\/lt.sitegist.net\/no\/wp-json\/wp\/v2\/comments?post=6109"}],"version-history":[{"count":18,"href":"https:\/\/lt.sitegist.net\/no\/wp-json\/wp\/v2\/pages\/6109\/revisions"}],"predecessor-version":[{"id":17513,"href":"https:\/\/lt.sitegist.net\/no\/wp-json\/wp\/v2\/pages\/6109\/revisions\/17513"}],"up":[{"embeddable":true,"href":"https:\/\/lt.sitegist.net\/no\/wp-json\/wp\/v2\/pages\/6064"}],"wp:attachment":[{"href":"https:\/\/lt.sitegist.net\/no\/wp-json\/wp\/v2\/media?parent=6109"}],"curies":[{"name":"wp","href":"https:\/\/api.w.org\/{rel}","templated":true}]}}