{"id":6005,"date":"2021-11-25T18:38:13","date_gmt":"2021-11-25T18:38:13","guid":{"rendered":"https:\/\/lt.sitegist.net\/?page_id=6005"},"modified":"2021-12-14T19:26:58","modified_gmt":"2021-12-14T19:26:58","slug":"om-oss","status":"publish","type":"page","link":"https:\/\/lt.sitegist.net\/no\/kontakt-oss\/om-oss\/","title":{"rendered":"Om oss"},"content":{"rendered":"<p>[et_pb_section fb_built=&raquo;1&#8243; _builder_version=&raquo;4.9.4&#8243; _module_preset=&raquo;default&raquo; background_color=&raquo;#FBFAF9&#8243; global_colors_info=&raquo;{}&raquo;][et_pb_row _builder_version=&raquo;4.9.4&#8243; _module_preset=&raquo;default&raquo; global_colors_info=&raquo;{}&raquo;][et_pb_column type=&raquo;4_4&#8243; _builder_version=&raquo;4.9.4&#8243; _module_preset=&raquo;default&raquo; global_colors_info=&raquo;{}&raquo;][et_pb_text _builder_version=&raquo;4.13.1&#8243; _module_preset=&raquo;default&raquo; global_colors_info=&raquo;{}&raquo;]<\/p>\n<h1>Om oss<\/h1>\n<p>[\/et_pb_text][\/et_pb_column][\/et_pb_row][\/et_pb_section][et_pb_section fb_built=&raquo;1&#8243; _builder_version=&raquo;4.9.4&#8243; _module_preset=&raquo;default&raquo; background_color=&raquo;#FBFAF9&#8243; custom_margin=&raquo;||-23px|||&raquo; custom_padding=&raquo;0px||0px|||&raquo; global_colors_info=&raquo;{}&raquo;][et_pb_row column_structure=&raquo;1_5,3_5,1_5&#8243; _builder_version=&raquo;4.9.4&#8243; _module_preset=&raquo;default&raquo; min_height=&raquo;843.6px&raquo; custom_margin=&raquo;|auto|3px|auto||&raquo; custom_padding=&raquo;||0px|||&raquo; global_colors_info=&raquo;{}&raquo;][et_pb_column type=&raquo;1_5&#8243; _builder_version=&raquo;4.9.4&#8243; _module_preset=&raquo;default&raquo; global_colors_info=&raquo;{}&raquo;][\/et_pb_column][et_pb_column type=&raquo;3_5&#8243; _builder_version=&raquo;4.9.4&#8243; _module_preset=&raquo;default&raquo; global_colors_info=&raquo;{}&raquo;][et_pb_image src=&raquo;https:\/\/lt.sitegist.net\/wp-content\/uploads\/2021\/11\/infrakit_about_us-1.jpg&raquo; title_text=&raquo;infrakit_about_us&raquo; module_id=&raquo;headingPicture&raquo; _builder_version=&raquo;4.12.1&#8243; _module_preset=&raquo;default&raquo; global_colors_info=&raquo;{}&raquo;][\/et_pb_image][et_pb_text module_id=&raquo;theContent&raquo; _builder_version=&raquo;4.13.1&#8243; _module_preset=&raquo;default&raquo; background_color=&raquo;#FBFAF9&#8243; custom_padding=&raquo;30px|30px|30px|30px|false|false&raquo; custom_css_main_element=&raquo;top: -100px;||left: 100px;||&raquo; global_colors_info=&raquo;{}&raquo;]<\/p>\n<h2>Hvordan det hele startet<\/h2>\n<p>Infrakit startet med et forskningsprosjekt p\u00e5 automasjon i anleggsprosjekt ved Universitetet i Oulu, Finland. Det ble bevist at krunglete kommunikasjon f\u00f8rte til feil og forsinkelser i prosjektfremdriften.<\/p>\n<p>Vi har laget et skybasert verkt\u00f8y for digital flyt av BIM-modeller og as-built informasjon gjennom alle prosjektfaser. P\u00e5 den m\u00e5ten klarte vi \u00e5 fjerne store kilder til forsinkelser og feil. Vi jobber kontinuerlig med utvikling og har kommet langt siden oppstarten i 2010.<\/p>\n<p>Vennlig hilsen,<br \/>Teemu Kivim\u00e4ki<\/p>\n<p>[\/et_pb_text][\/et_pb_column][et_pb_column type=&raquo;1_5&#8243; _builder_version=&raquo;4.9.4&#8243; _module_preset=&raquo;default&raquo; global_colors_info=&raquo;{}&raquo;][\/et_pb_column][\/et_pb_row][\/et_pb_section][et_pb_section fb_built=&raquo;1&#8243; _builder_version=&raquo;4.9.4&#8243; _module_preset=&raquo;default&raquo; background_color=&raquo;#FBFAF9&#8243; custom_padding=&raquo;0px|||||&raquo; global_colors_info=&raquo;{}&raquo;][et_pb_row column_structure=&raquo;1_4,1_2,1_4&#8243; _builder_version=&raquo;4.9.4&#8243; _module_preset=&raquo;default&raquo; global_colors_info=&raquo;{}&raquo;][et_pb_column type=&raquo;1_4&#8243; _builder_version=&raquo;4.9.4&#8243; _module_preset=&raquo;default&raquo; global_colors_info=&raquo;{}&raquo;][\/et_pb_column][et_pb_column type=&raquo;1_2&#8243; _builder_version=&raquo;4.9.4&#8243; _module_preset=&raquo;default&raquo; global_colors_info=&raquo;{}&raquo;][et_pb_text _builder_version=&raquo;4.13.1&#8243; _module_preset=&raquo;default&raquo; text_text_color=&raquo;#3F0F6B&raquo; background_color=&raquo;#ffffff&raquo; custom_padding=&raquo;20px|20px|20px|20px|false|false&raquo; hover_enabled=&raquo;0&#8243; global_colors_info=&raquo;{}&raquo; sticky_enabled=&raquo;0&#8243;]<\/p>\n<h3>Misjon<\/h3>\n<p class=\"p1\" align=\"center\"><span class=\"s1\">\u00c5 tilby den beste skyl\u00f8sningen for anleggsbransjen.<\/span><\/p>\n<p>[\/et_pb_text][\/et_pb_column][et_pb_column type=&raquo;1_4&#8243; _builder_version=&raquo;4.9.4&#8243; _module_preset=&raquo;default&raquo; global_colors_info=&raquo;{}&raquo;][\/et_pb_column][\/et_pb_row][et_pb_row column_structure=&raquo;1_4,1_2,1_4&#8243; _builder_version=&raquo;4.9.4&#8243; _module_preset=&raquo;default&raquo; global_colors_info=&raquo;{}&raquo;][et_pb_column type=&raquo;1_4&#8243; _builder_version=&raquo;4.9.4&#8243; _module_preset=&raquo;default&raquo; global_colors_info=&raquo;{}&raquo;][\/et_pb_column][et_pb_column type=&raquo;1_2&#8243; _builder_version=&raquo;4.9.4&#8243; _module_preset=&raquo;default&raquo; global_colors_info=&raquo;{}&raquo;][et_pb_text _builder_version=&raquo;4.13.1&#8243; _module_preset=&raquo;default&raquo; text_text_color=&raquo;#3F0F6B&raquo; background_color=&raquo;#ffffff&raquo; custom_padding=&raquo;20px|20px|20px|20px|false|false&raquo; global_colors_info=&raquo;{}&raquo;]<\/p>\n<h3>Visjon<\/h3>\n<p class=\"p1\" align=\"center\"><span class=\"s1\">B\u00e6rekraftige anlegg- og infrastrukturprosjekter.<\/span><\/p>\n<p>[\/et_pb_text][\/et_pb_column][et_pb_column type=&raquo;1_4&#8243; _builder_version=&raquo;4.9.4&#8243; _module_preset=&raquo;default&raquo; global_colors_info=&raquo;{}&raquo;][\/et_pb_column][\/et_pb_row][\/et_pb_section][et_pb_section fb_built=&raquo;1&#8243; admin_label=&raquo;BOOK A DEMO&raquo; _builder_version=&raquo;4.9.4&#8243; _module_preset=&raquo;default&raquo; background_color=&raquo;#FBFAF9&#8243; saved_tabs=&raquo;all&raquo; global_colors_info=&raquo;{}&raquo;][et_pb_row column_structure=&raquo;1_4,1_2,1_4&#8243; _builder_version=&raquo;4.9.4&#8243; _module_preset=&raquo;default&raquo; custom_padding=&raquo;20px|20px|20px|20px|false|false&raquo; global_colors_info=&raquo;{}&raquo;][et_pb_column type=&raquo;1_4&#8243; _builder_version=&raquo;4.9.4&#8243; _module_preset=&raquo;default&raquo; global_colors_info=&raquo;{}&raquo;][\/et_pb_column][et_pb_column type=&raquo;1_2&#8243; _builder_version=&raquo;4.9.4&#8243; _module_preset=&raquo;default&raquo; global_colors_info=&raquo;{}&raquo;][et_pb_text _builder_version=&raquo;4.13.1&#8243; _module_preset=&raquo;default&raquo; background_color=&raquo;#ffffff&raquo; custom_padding=&raquo;20px|20px|20px|20px|false|false&raquo; global_colors_info=&raquo;{}&raquo;]<\/p>\n<h4 style=\"text-align: center;\">Bestill en demo-\u00f8kt<\/h4>\n<p style=\"text-align: center;\">Se hvordan Infrakit kobler hele driften av anleggsprosjektet ditt sammen, og gir ekstra verdi til alle deler av virksomheten din.<\/p>\n<p style=\"text-align: center;\"><button class=\"btn-small purple\">Bestill en demo<\/button><\/p>\n<p>[\/et_pb_text][\/et_pb_column][et_pb_column type=&raquo;1_4&#8243; _builder_version=&raquo;4.9.4&#8243; _module_preset=&raquo;default&raquo; global_colors_info=&raquo;{}&raquo;][\/et_pb_column][\/et_pb_row][\/et_pb_section]<\/p>\n","protected":false},"excerpt":{"rendered":"<p>Om ossHvordan det hele startet Infrakit startet med et forskningsprosjekt p\u00e5 automasjon i anleggsprosjekt ved Universitetet i Oulu, Finland. Det ble bevist at krunglete kommunikasjon f\u00f8rte til feil og forsinkelser i prosjektfremdriften. Vi har laget et skybasert verkt\u00f8y for digital flyt av BIM-modeller og as-built informasjon gjennom alle prosjektfaser. P\u00e5 den m\u00e5ten klarte vi \u00e5 [&hellip;]<\/p>\n","protected":false},"author":1,"featured_media":0,"parent":5936,"menu_order":0,"comment_status":"closed","ping_status":"closed","template":"","meta":{"_acf_changed":false,"_et_pb_use_builder":"on","_et_pb_old_content":"","_et_gb_content_width":"","footnotes":""},"class_list":["post-6005","page","type-page","status-publish","hentry"],"acf":[],"_links":{"self":[{"href":"https:\/\/lt.sitegist.net\/no\/wp-json\/wp\/v2\/pages\/6005","targetHints":{"allow":["GET"]}}],"collection":[{"href":"https:\/\/lt.sitegist.net\/no\/wp-json\/wp\/v2\/pages"}],"about":[{"href":"https:\/\/lt.sitegist.net\/no\/wp-json\/wp\/v2\/types\/page"}],"author":[{"embeddable":true,"href":"https:\/\/lt.sitegist.net\/no\/wp-json\/wp\/v2\/users\/1"}],"replies":[{"embeddable":true,"href":"https:\/\/lt.sitegist.net\/no\/wp-json\/wp\/v2\/comments?post=6005"}],"version-history":[{"count":4,"href":"https:\/\/lt.sitegist.net\/no\/wp-json\/wp\/v2\/pages\/6005\/revisions"}],"predecessor-version":[{"id":6730,"href":"https:\/\/lt.sitegist.net\/no\/wp-json\/wp\/v2\/pages\/6005\/revisions\/6730"}],"up":[{"embeddable":true,"href":"https:\/\/lt.sitegist.net\/no\/wp-json\/wp\/v2\/pages\/5936"}],"wp:attachment":[{"href":"https:\/\/lt.sitegist.net\/no\/wp-json\/wp\/v2\/media?parent=6005"}],"curies":[{"name":"wp","href":"https:\/\/api.w.org\/{rel}","templated":true}]}}