{"id":15391,"date":"2022-10-12T09:16:50","date_gmt":"2022-10-12T09:16:50","guid":{"rendered":"https:\/\/lt.sitegist.net\/?page_id=15391"},"modified":"2022-10-12T12:51:42","modified_gmt":"2022-10-12T12:51:42","slug":"baerekraft","status":"publish","type":"page","link":"https:\/\/lt.sitegist.net\/no\/baerekraft\/","title":{"rendered":"B\u00e6rekraft"},"content":{"rendered":"<p>[et_pb_section fb_built=&raquo;1&#8243; _builder_version=&raquo;4.18.0&#8243; _module_preset=&raquo;default&raquo; background_color=&raquo;#fbfaf9&#8243; global_colors_info=&raquo;{}&raquo;][et_pb_row column_structure=&raquo;1_2,1_2&#8243; _builder_version=&raquo;4.16&#8243; _module_preset=&raquo;default&raquo; global_colors_info=&raquo;{}&raquo;][et_pb_column type=&raquo;1_2&#8243; _builder_version=&raquo;4.16&#8243; _module_preset=&raquo;default&raquo; global_colors_info=&raquo;{}&raquo;][et_pb_text _builder_version=&raquo;4.18.0&#8243; _module_preset=&raquo;default&raquo; global_colors_info=&raquo;{}&raquo;]<\/p>\n<h1>B\u00e6rekraft<\/h1>\n<p class=\"intro\">Riktig digitalisering av prosjekter er din vei til b\u00e6rekraftig infrakonstruksjon. V\u00e5rt oppdrag er \u00e5 gj\u00f8re det mulig for infrastrukturbransjen \u00e5 bli b\u00e6rekraftig.<\/p>\n<p>[\/et_pb_text][\/et_pb_column][et_pb_column type=&raquo;1_2&#8243; _builder_version=&raquo;4.16&#8243; _module_preset=&raquo;default&raquo; global_colors_info=&raquo;{}&raquo;][et_pb_image src=&raquo;\/wp-content\/uploads\/2021\/05\/services_image.png&raquo; title_text=&raquo;services_image&raquo; _builder_version=&raquo;4.16&#8243; _module_preset=&raquo;default&raquo; global_colors_info=&raquo;{}&raquo;][\/et_pb_image][\/et_pb_column][\/et_pb_row][\/et_pb_section][et_pb_section fb_built=&raquo;1&#8243; admin_label=&raquo;core services label&raquo; _builder_version=&raquo;4.16&#8243; _module_preset=&raquo;default&raquo; background_color=&raquo;#FBFAF9&#8243; saved_tabs=&raquo;all&raquo; global_colors_info=&raquo;{}&raquo;][et_pb_row _builder_version=&raquo;4.17.4&#8243; _module_preset=&raquo;default&raquo; global_colors_info=&raquo;{}&raquo;][et_pb_column type=&raquo;4_4&#8243; _builder_version=&raquo;4.17.4&#8243; _module_preset=&raquo;default&raquo; global_colors_info=&raquo;{}&raquo;][et_pb_image src=&raquo;https:\/\/lt.sitegist.net\/wp-content\/uploads\/2022\/07\/infrakit_sustainability_page-2.jpg&raquo; title_text=&raquo;infrakit_sustainability_page&raquo; align=&raquo;center&raquo; force_fullwidth=&raquo;on&raquo; _builder_version=&raquo;4.17.4&#8243; _module_preset=&raquo;default&raquo; global_colors_info=&raquo;{}&raquo;][\/et_pb_image][\/et_pb_column][\/et_pb_row][et_pb_row column_structure=&raquo;1_3,1_3,1_3&#8243; make_equal=&raquo;on&raquo; admin_label=&raquo;core services row&raquo; _builder_version=&raquo;4.16&#8243; _module_preset=&raquo;default&raquo; global_colors_info=&raquo;{}&raquo;][et_pb_column type=&raquo;1_3&#8243; _builder_version=&raquo;4.16&#8243; _module_preset=&raquo;default&raquo; global_colors_info=&raquo;{}&raquo;][et_pb_number_counter number=&raquo;100&#8243; _builder_version=&raquo;4.17.4&#8243; _module_preset=&raquo;default&raquo; global_colors_info=&raquo;{}&raquo;][\/et_pb_number_counter][et_pb_text _builder_version=&raquo;4.17.4&#8243; _module_preset=&raquo;default&raquo; global_colors_info=&raquo;{}&raquo;]<\/p>\n<p style=\"text-align: center;\">Riktig digitalisering gj\u00f8r at organisasjonen din kan f\u00e5 h\u00f8yere poengsum fra b\u00e6rekraftsvurderinger som <strong>CEEQUAL<\/strong> eller <strong>ESG<\/strong><\/p>\n<p>[\/et_pb_text][\/et_pb_column][et_pb_column type=&raquo;1_3&#8243; _builder_version=&raquo;4.16&#8243; _module_preset=&raquo;default&raquo; global_colors_info=&raquo;{}&raquo;][et_pb_number_counter number=&raquo;5&#8243; _builder_version=&raquo;4.17.4&#8243; _module_preset=&raquo;default&raquo; global_colors_info=&raquo;{}&raquo;][\/et_pb_number_counter][et_pb_text admin_label=&raquo;Text&raquo; _builder_version=&raquo;4.18.0&#8243; _module_preset=&raquo;default&raquo; global_colors_info=&raquo;{}&raquo;]<\/p>\n<p style=\"text-align: center;\">&gt;5% av <strong>karbonavtrykket<\/strong> til et prosjekt reduseres ved \u00e5 bruke effektivitets\u00f8kende digitalisering, og med v\u00e5r hjelp kan du gj\u00f8re denne effekten mye st\u00f8rre<\/p>\n<p>[\/et_pb_text][\/et_pb_column][et_pb_column type=&raquo;1_3&#8243; _builder_version=&raquo;4.16&#8243; _module_preset=&raquo;default&raquo; global_colors_info=&raquo;{}&raquo;][et_pb_number_counter number=&raquo;9 SDGs&raquo; percent_sign=&raquo;off&raquo; _builder_version=&raquo;4.17.4&#8243; _module_preset=&raquo;default&raquo; global_colors_info=&raquo;{}&raquo;][\/et_pb_number_counter][et_pb_text admin_label=&raquo;Text&raquo; _builder_version=&raquo;4.17.4&#8243; _module_preset=&raquo;default&raquo; global_colors_info=&raquo;{}&raquo;]<\/p>\n<p style=\"text-align: center;\"><strong>Riktig digitalisering<\/strong> av et infrastrukturprosjekt bidrar til minst 9 b\u00e6rekraftsm\u00e5l<\/p>\n<p>[\/et_pb_text][\/et_pb_column][\/et_pb_row][\/et_pb_section][et_pb_section fb_built=&raquo;1&#8243; _builder_version=&raquo;4.18.0&#8243; _module_preset=&raquo;default&raquo; background_enable_color=&raquo;off&raquo; global_colors_info=&raquo;{}&raquo;][et_pb_row column_structure=&raquo;2_5,3_5&#8243; _builder_version=&raquo;4.18.0&#8243; _module_preset=&raquo;default&raquo; background_enable_color=&raquo;off&raquo; global_colors_info=&raquo;{}&raquo;][et_pb_column type=&raquo;2_5&#8243; _builder_version=&raquo;4.18.0&#8243; _module_preset=&raquo;default&raquo; global_colors_info=&raquo;{}&raquo;][et_pb_image src=&raquo;https:\/\/lt.sitegist.net\/wp-content\/uploads\/2022\/09\/Measureandcap.svg&raquo; title_text=&raquo;Measureandcap&raquo; align=&raquo;center&raquo; module_class=&raquo;servicesblockImg&raquo; _builder_version=&raquo;4.18.0&#8243; _module_preset=&raquo;default&raquo; background_enable_color=&raquo;off&raquo; width=&raquo;50%&raquo; global_colors_info=&raquo;{}&raquo;][\/et_pb_image][\/et_pb_column][et_pb_column type=&raquo;3_5&#8243; _builder_version=&raquo;4.18.0&#8243; _module_preset=&raquo;default&raquo; global_colors_info=&raquo;{}&raquo;][et_pb_text module_class=&raquo;servicesblock&raquo; _builder_version=&raquo;4.18.0&#8243; _module_preset=&raquo;default&raquo; background_enable_color=&raquo;off&raquo; width=&raquo;110%&raquo; min_height=&raquo;419px&raquo; custom_margin=&raquo;|||20px|false|false&raquo; custom_padding=&raquo;20px|20px|20px|20px|false|false&raquo; global_colors_info=&raquo;{}&raquo;]<\/p>\n<h2 class=\"p1\">M\u00e5l &amp; innhenting<\/h2>\n<p class=\"p1\">V\u00e5r felles reise mot \u00e5 redusere karbonavtrykket til infraprosjekter begynner med \u00e5 estimere prosjektets CO2e-p\u00e5virkning, f\u00f8r det g\u00e5r videre til den faktiske m\u00e5lingen av p\u00e5virkningen.<\/p>\n<p>[\/et_pb_text][\/et_pb_column][\/et_pb_row][et_pb_row column_structure=&raquo;2_5,3_5&#8243; _builder_version=&raquo;4.18.0&#8243; _module_preset=&raquo;default&raquo; background_enable_color=&raquo;off&raquo; global_colors_info=&raquo;{}&raquo;][et_pb_column type=&raquo;2_5&#8243; _builder_version=&raquo;4.18.0&#8243; _module_preset=&raquo;default&raquo; global_colors_info=&raquo;{}&raquo;][et_pb_image src=&raquo;https:\/\/lt.sitegist.net\/wp-content\/uploads\/2022\/10\/Know-and-optimize-icon.svg&raquo; title_text=&raquo;Know and optimize icon&raquo; module_class=&raquo;servicesblockImg&raquo; _builder_version=&raquo;4.18.0&#8243; _module_preset=&raquo;default&raquo; background_enable_color=&raquo;off&raquo; width=&raquo;50%&raquo; module_alignment=&raquo;center&raquo; global_colors_info=&raquo;{}&raquo;][\/et_pb_image][\/et_pb_column][et_pb_column type=&raquo;3_5&#8243; _builder_version=&raquo;4.18.0&#8243; _module_preset=&raquo;default&raquo; global_colors_info=&raquo;{}&raquo;][et_pb_text module_class=&raquo;servicesblock&raquo; _builder_version=&raquo;4.18.0&#8243; _module_preset=&raquo;default&raquo; background_enable_color=&raquo;off&raquo; width=&raquo;110%&raquo; min_height=&raquo;419px&raquo; custom_margin=&raquo;|||20px|false|false&raquo; custom_padding=&raquo;20px|20px|20px|20px|false|false&raquo; global_colors_info=&raquo;{}&raquo;]<\/p>\n<h2 class=\"p1\">Kunnskap &amp; optimalisering<\/h2>\n<p class=\"p1\">N\u00e5r vi er i stand til \u00e5 spore den faktiske CO2e-p\u00e5virkningen og sammenligne den med estimatene, er tiden inne for \u00e5 optimalisere arbeidet v\u00e5rt. M\u00e5let v\u00e5rt er \u00e5 hjelpe deg med \u00e5 gjenkjenne hvilke deler av prosjektene som p\u00e5virker karbonfotavtrykket ditt, og hvordan vi er i stand til \u00e5 redusere denne p\u00e5virkningen. Til slutt f\u00e5r du en fullstendig forst\u00e5else om beslutninger, for \u00e5 forf\u00f8lge en \u00f8nsket avveining mellom \u00f8konomiske og milj\u00f8messige faktorer.<\/p>\n<p>[\/et_pb_text][\/et_pb_column][\/et_pb_row][et_pb_row column_structure=&raquo;2_5,3_5&#8243; _builder_version=&raquo;4.18.0&#8243; _module_preset=&raquo;default&raquo; background_enable_color=&raquo;off&raquo; global_colors_info=&raquo;{}&raquo;][et_pb_column type=&raquo;2_5&#8243; _builder_version=&raquo;4.18.0&#8243; _module_preset=&raquo;default&raquo; global_colors_info=&raquo;{}&raquo;][et_pb_image src=&raquo;https:\/\/lt.sitegist.net\/wp-content\/uploads\/2022\/09\/Carbonfree.svg&raquo; title_text=&raquo;Carbonfree&raquo; module_class=&raquo;servicesblockImg&raquo; _builder_version=&raquo;4.18.0&#8243; _module_preset=&raquo;default&raquo; background_enable_color=&raquo;off&raquo; width=&raquo;50%&raquo; module_alignment=&raquo;center&raquo; global_colors_info=&raquo;{}&raquo;][\/et_pb_image][\/et_pb_column][et_pb_column type=&raquo;3_5&#8243; _builder_version=&raquo;4.18.0&#8243; _module_preset=&raquo;default&raquo; global_colors_info=&raquo;{}&raquo;][et_pb_text module_class=&raquo;servicesblock&raquo; _builder_version=&raquo;4.18.0&#8243; _module_preset=&raquo;default&raquo; background_enable_color=&raquo;off&raquo; width=&raquo;110%&raquo; min_height=&raquo;419px&raquo; custom_margin=&raquo;|||20px|false|false&raquo; custom_padding=&raquo;20px|20px|20px|20px|false|false&raquo; global_colors_info=&raquo;{}&raquo;]<\/p>\n<h2 class=\"p1\">Karbonfri infra<\/h2>\n<p class=\"p1\">Vi vet alle at vi jobber i en bransje med et av de st\u00f8rste karbonfotavtrykkene. Arbeidet mot karbonfri og b\u00e6rekraftig infra er noe vi stolt kan dele med v\u00e5re fremtidige generasjoner. La oss vise vei sammen!<\/p>\n<p>[\/et_pb_text][\/et_pb_column][\/et_pb_row][\/et_pb_section][et_pb_section fb_built=&raquo;1&#8243; _builder_version=&raquo;4.16&#8243; _module_preset=&raquo;default&raquo; global_colors_info=&raquo;{}&raquo;][et_pb_row _builder_version=&raquo;4.16&#8243; _module_preset=&raquo;default&raquo; global_colors_info=&raquo;{}&raquo;][et_pb_column type=&raquo;4_4&#8243; _builder_version=&raquo;4.16&#8243; _module_preset=&raquo;default&raquo; global_colors_info=&raquo;{}&raquo;][et_pb_text _builder_version=&raquo;4.17.4&#8243; _module_preset=&raquo;default&raquo; global_colors_info=&raquo;{}&raquo;]<\/p>\n<h3>Kontakt oss vedr\u00f8rende b\u00e6rekraft<\/h3>\n<p>[\/et_pb_text][\/et_pb_column][\/et_pb_row][et_pb_row column_structure=&raquo;1_3,1_3,1_3&#8243; _builder_version=&raquo;4.17.4&#8243; _module_preset=&raquo;default&raquo; global_colors_info=&raquo;{}&raquo;][et_pb_column type=&raquo;1_3&#8243; _builder_version=&raquo;4.17.4&#8243; _module_preset=&raquo;default&raquo; global_colors_info=&raquo;{}&raquo;][\/et_pb_column][et_pb_column type=&raquo;1_3&#8243; _builder_version=&raquo;4.17.4&#8243; _module_preset=&raquo;default&raquo; global_colors_info=&raquo;{}&raquo;][et_pb_team_member image_url=&raquo;https:\/\/lt.sitegist.net\/wp-content\/uploads\/2022\/07\/infrakit_jere_syrjala.png&raquo; admin_label=&raquo;Jere Syrj\u00e4l\u00e4&raquo; _builder_version=&raquo;4.17.4&#8243; _module_preset=&raquo;default&raquo; global_colors_info=&raquo;{}&raquo;]<\/p>\n<p style=\"text-align: center;\"><strong>Jere Syrj\u00e4l\u00e4<\/strong><br \/>Product Manager<br \/><a href=\"mailto:jere.syrjala@lt.sitegist.net\">Jere.syrjala@lt.sitegist.net<\/a><br \/>+358 50 365 7875<\/p>\n<p>[\/et_pb_team_member][et_pb_code _builder_version=&raquo;4.18.0&#8243; _module_preset=&raquo;default&raquo; hover_enabled=&raquo;0&#8243; global_colors_info=&raquo;{}&raquo; sticky_enabled=&raquo;0&#8243;]<\/p>\n<div class=\"pipedriveWebForms\" data-pd-webforms=\"https:\/\/webforms.pipedrive.com\/f\/nOrm4wonazWNGuHz8G3zaw8XyL2vq5p1bSlvptVTlug6mbso0WrfyIEC8czONLJ\"><script src=\"https:\/\/webforms.pipedrive.com\/f\/loader\"><\/script><\/div>\n<p>[\/et_pb_code][\/et_pb_column][et_pb_column type=&raquo;1_3&#8243; _builder_version=&raquo;4.17.4&#8243; _module_preset=&raquo;default&raquo; global_colors_info=&raquo;{}&raquo;][\/et_pb_column][\/et_pb_row][\/et_pb_section]<\/p>\n","protected":false},"excerpt":{"rendered":"<p>B\u00e6rekraft Riktig digitalisering av prosjekter er din vei til b\u00e6rekraftig infrakonstruksjon. V\u00e5rt oppdrag er \u00e5 gj\u00f8re det mulig for infrastrukturbransjen \u00e5 bli b\u00e6rekraftig.Riktig digitalisering gj\u00f8r at organisasjonen din kan f\u00e5 h\u00f8yere poengsum fra b\u00e6rekraftsvurderinger som CEEQUAL eller ESG&gt;5% av karbonavtrykket til et prosjekt reduseres ved \u00e5 bruke effektivitets\u00f8kende digitalisering, og med v\u00e5r hjelp kan du [&hellip;]<\/p>\n","protected":false},"author":1,"featured_media":0,"parent":0,"menu_order":4,"comment_status":"closed","ping_status":"closed","template":"","meta":{"_acf_changed":false,"_et_pb_use_builder":"on","_et_pb_old_content":"[et_pb_section fb_built=\"1\" _builder_version=\"4.18.0\" _module_preset=\"default\" background_color=\"#fbfaf9\" global_colors_info=\"{}\"][et_pb_row column_structure=\"1_2,1_2\" _builder_version=\"4.16\" _module_preset=\"default\" global_colors_info=\"{}\"][et_pb_column type=\"1_2\" _builder_version=\"4.16\" _module_preset=\"default\" global_colors_info=\"{}\"][et_pb_text _builder_version=\"4.18.0\" _module_preset=\"default\" global_colors_info=\"{}\"]<h1>Sustainability<\/h1>\r\n<p class=\"intro\">Proper digitalization of projects will be your pathway to the sustainable infra construction. Our mission is to enable infrastructure industry to become sustainable.<\/p>[\/et_pb_text][\/et_pb_column][et_pb_column type=\"1_2\" _builder_version=\"4.16\" _module_preset=\"default\" global_colors_info=\"{}\"][et_pb_image src=\"\/wp-content\/uploads\/2021\/05\/services_image.png\" title_text=\"services_image\" _builder_version=\"4.16\" _module_preset=\"default\" global_colors_info=\"{}\"][\/et_pb_image][\/et_pb_column][\/et_pb_row][\/et_pb_section][et_pb_section fb_built=\"1\" admin_label=\"core services label\" _builder_version=\"4.16\" _module_preset=\"default\" background_color=\"#FBFAF9\" saved_tabs=\"all\" global_colors_info=\"{}\"][et_pb_row _builder_version=\"4.17.4\" _module_preset=\"default\" global_colors_info=\"{}\"][et_pb_column type=\"4_4\" _builder_version=\"4.17.4\" _module_preset=\"default\" global_colors_info=\"{}\"][et_pb_image src=\"https:\/\/lt.sitegist.net\/wp-content\/uploads\/2022\/07\/infrakit_sustainability_page-2.jpg\" title_text=\"infrakit_sustainability_page\" align=\"center\" force_fullwidth=\"on\" _builder_version=\"4.17.4\" _module_preset=\"default\" global_colors_info=\"{}\"][\/et_pb_image][\/et_pb_column][\/et_pb_row][et_pb_row column_structure=\"1_3,1_3,1_3\" make_equal=\"on\" admin_label=\"core services row\" _builder_version=\"4.16\" _module_preset=\"default\" global_colors_info=\"{}\"][et_pb_column type=\"1_3\" _builder_version=\"4.16\" _module_preset=\"default\" global_colors_info=\"{}\"][et_pb_number_counter number=\"100\" _builder_version=\"4.17.4\" _module_preset=\"default\" global_colors_info=\"{}\"][\/et_pb_number_counter][et_pb_text _builder_version=\"4.17.4\" _module_preset=\"default\" global_colors_info=\"{}\"]<p style=\"text-align: center;\">Proper digitalization enables your organization to receive higher scores from sustainability assessments such as <strong>CEEQUAL<\/strong> or <strong>ESG<\/strong><\/p>[\/et_pb_text][\/et_pb_column][et_pb_column type=\"1_3\" _builder_version=\"4.16\" _module_preset=\"default\" global_colors_info=\"{}\"][et_pb_number_counter number=\"5\" _builder_version=\"4.17.4\" _module_preset=\"default\" global_colors_info=\"{}\"][\/et_pb_number_counter][et_pb_text admin_label=\"Text\" _builder_version=\"4.18.0\" _module_preset=\"default\" global_colors_info=\"{}\"]<p style=\"text-align: center;\">>5% of the <strong>carbon footprint<\/strong> of a project is reduced just by applying efficiency increasing digitalization and with our help, you can make this impact much greater<\/p>[\/et_pb_text][\/et_pb_column][et_pb_column type=\"1_3\" _builder_version=\"4.16\" _module_preset=\"default\" global_colors_info=\"{}\"][et_pb_number_counter number=\"9 SDGs\" percent_sign=\"off\" _builder_version=\"4.17.4\" _module_preset=\"default\" global_colors_info=\"{}\"][\/et_pb_number_counter][et_pb_text admin_label=\"Text\" _builder_version=\"4.17.4\" _module_preset=\"default\" global_colors_info=\"{}\"]<p style=\"text-align: center;\"><strong>Proper digitalization<\/strong> of an infrastructure project will contribute to at least 9 Sustainable Development Goals<\/p>[\/et_pb_text][\/et_pb_column][\/et_pb_row][\/et_pb_section][et_pb_section fb_built=\"1\" _builder_version=\"4.18.0\" _module_preset=\"default\" background_enable_color=\"off\" global_colors_info=\"{}\"][et_pb_row column_structure=\"2_5,3_5\" _builder_version=\"4.18.0\" _module_preset=\"default\" background_enable_color=\"off\" global_colors_info=\"{}\"][et_pb_column type=\"2_5\" _builder_version=\"4.18.0\" _module_preset=\"default\" global_colors_info=\"{}\"][et_pb_image src=\"https:\/\/lt.sitegist.net\/wp-content\/uploads\/2022\/09\/Measureandcap.svg\" title_text=\"Measureandcap\" align=\"center\" module_class=\"servicesblockImg\" _builder_version=\"4.18.0\" _module_preset=\"default\" background_enable_color=\"off\" width=\"50%\" global_colors_info=\"{}\"][\/et_pb_image][\/et_pb_column][et_pb_column type=\"3_5\" _builder_version=\"4.18.0\" _module_preset=\"default\" global_colors_info=\"{}\"][et_pb_text module_class=\"servicesblock\" _builder_version=\"4.18.0\" _module_preset=\"default\" background_enable_color=\"off\" width=\"110%\" min_height=\"419px\" custom_margin=\"|||20px|false|false\" custom_padding=\"20px|20px|20px|20px|false|false\" global_colors_info=\"{}\"]<h2 class=\"p1\"><b>Measure & Cap<\/b><\/h2>\r\n<p class=\"p1\">Our joint journey towards mitigating carbon footprint of infra projects begins by moving from estimating the projects CO2e impact into the actual measurement of the impact.<\/p>[\/et_pb_text][\/et_pb_column][\/et_pb_row][et_pb_row column_structure=\"2_5,3_5\" _builder_version=\"4.18.0\" _module_preset=\"default\" background_enable_color=\"off\" global_colors_info=\"{}\"][et_pb_column type=\"2_5\" _builder_version=\"4.18.0\" _module_preset=\"default\" global_colors_info=\"{}\"][et_pb_image src=\"https:\/\/lt.sitegist.net\/wp-content\/uploads\/2022\/10\/Know-and-optimize-icon.svg\" title_text=\"Know and optimize icon\" module_class=\"servicesblockImg\" _builder_version=\"4.18.0\" _module_preset=\"default\" background_enable_color=\"off\" width=\"50%\" module_alignment=\"center\" global_colors_info=\"{}\"][\/et_pb_image][\/et_pb_column][et_pb_column type=\"3_5\" _builder_version=\"4.18.0\" _module_preset=\"default\" global_colors_info=\"{}\"][et_pb_text module_class=\"servicesblock\" _builder_version=\"4.18.0\" _module_preset=\"default\" background_enable_color=\"off\" width=\"110%\" min_height=\"419px\" custom_margin=\"|||20px|false|false\" custom_padding=\"20px|20px|20px|20px|false|false\" global_colors_info=\"{}\"]<h2 class=\"p1\"><b>Know & Optimize<\/b><\/h2>\r\n<p class=\"p1\">When we are able to trace the actual CO2e impact, and compare it to the estimations, it is time to start optimizing our working. Our aim is to help you to recognize which parts of the projects are impacting your carbon footprint and how we are able to mitigate that impact. Ultimately, you can reach a complete decision-making awareness to pursue a desired trade-off between economic and environmental factors.<\/p>[\/et_pb_text][\/et_pb_column][\/et_pb_row][et_pb_row column_structure=\"2_5,3_5\" _builder_version=\"4.18.0\" _module_preset=\"default\" background_enable_color=\"off\" global_colors_info=\"{}\"][et_pb_column type=\"2_5\" _builder_version=\"4.18.0\" _module_preset=\"default\" global_colors_info=\"{}\"][et_pb_image src=\"https:\/\/lt.sitegist.net\/wp-content\/uploads\/2022\/09\/Carbonfree.svg\" title_text=\"Carbonfree\" module_class=\"servicesblockImg\" _builder_version=\"4.18.0\" _module_preset=\"default\" background_enable_color=\"off\" width=\"50%\" module_alignment=\"center\" global_colors_info=\"{}\"][\/et_pb_image][\/et_pb_column][et_pb_column type=\"3_5\" _builder_version=\"4.18.0\" _module_preset=\"default\" global_colors_info=\"{}\"][et_pb_text module_class=\"servicesblock\" _builder_version=\"4.18.0\" _module_preset=\"default\" background_enable_color=\"off\" width=\"110%\" min_height=\"419px\" custom_margin=\"|||20px|false|false\" custom_padding=\"20px|20px|20px|20px|false|false\" global_colors_info=\"{}\"]<h2 class=\"p1\">Carbon free infra<\/h2>\r\n<p class=\"p1\">We all know we are working in an industry with one of largest carbon footprints. Working towards carbon free and sustainable infra is something we can proudly share with our future generations. Let\u2019s show the way together!<\/p>[\/et_pb_text][\/et_pb_column][\/et_pb_row][\/et_pb_section][et_pb_section fb_built=\"1\" _builder_version=\"4.16\" _module_preset=\"default\" global_colors_info=\"{}\"][et_pb_row _builder_version=\"4.16\" _module_preset=\"default\" global_colors_info=\"{}\"][et_pb_column type=\"4_4\" _builder_version=\"4.16\" _module_preset=\"default\" global_colors_info=\"{}\"][et_pb_text _builder_version=\"4.17.4\" _module_preset=\"default\" global_colors_info=\"{}\"]<h3>Get in touch about sustainability<\/h3>[\/et_pb_text][\/et_pb_column][\/et_pb_row][et_pb_row column_structure=\"1_3,1_3,1_3\" _builder_version=\"4.17.4\" _module_preset=\"default\" global_colors_info=\"{}\"][et_pb_column type=\"1_3\" _builder_version=\"4.17.4\" _module_preset=\"default\" global_colors_info=\"{}\"][\/et_pb_column][et_pb_column type=\"1_3\" _builder_version=\"4.17.4\" _module_preset=\"default\" global_colors_info=\"{}\"][et_pb_team_member image_url=\"https:\/\/lt.sitegist.net\/wp-content\/uploads\/2022\/07\/infrakit_jere_syrjala.png\" admin_label=\"Jere Syrj\u00e4l\u00e4\" _builder_version=\"4.17.4\" _module_preset=\"default\" global_colors_info=\"{}\"]<p style=\"text-align: center;\"><strong>Jere Syrj\u00e4l\u00e4<\/strong><br \/>Product Manager<br \/><a href=\"mailto:jere.syrjala@lt.sitegist.net\">Jere.syrjala@lt.sitegist.net<\/a><br \/>+358 50 365 7875<\/p>[\/et_pb_team_member][et_pb_code _builder_version=\"4.18.0\" _module_preset=\"default\" global_colors_info=\"{}\"]<div class=\"pipedriveWebForms\" data-pd-webforms=\"https:\/\/webforms.pipedrive.com\/f\/lzvVNRdjH0Q7Wt2ODBbLU71iso79x5YSEeruzP0Mz0DrRbb9dGA38VVl4Oi0O1d\"><script src=\"https:\/\/webforms.pipedrive.com\/f\/loader\"><\/script><\/div>[\/et_pb_code][\/et_pb_column][et_pb_column type=\"1_3\" _builder_version=\"4.17.4\" _module_preset=\"default\" global_colors_info=\"{}\"][\/et_pb_column][\/et_pb_row][\/et_pb_section]","_et_gb_content_width":"","footnotes":""},"class_list":["post-15391","page","type-page","status-publish","hentry"],"acf":[],"_links":{"self":[{"href":"https:\/\/lt.sitegist.net\/no\/wp-json\/wp\/v2\/pages\/15391","targetHints":{"allow":["GET"]}}],"collection":[{"href":"https:\/\/lt.sitegist.net\/no\/wp-json\/wp\/v2\/pages"}],"about":[{"href":"https:\/\/lt.sitegist.net\/no\/wp-json\/wp\/v2\/types\/page"}],"author":[{"embeddable":true,"href":"https:\/\/lt.sitegist.net\/no\/wp-json\/wp\/v2\/users\/1"}],"replies":[{"embeddable":true,"href":"https:\/\/lt.sitegist.net\/no\/wp-json\/wp\/v2\/comments?post=15391"}],"version-history":[{"count":4,"href":"https:\/\/lt.sitegist.net\/no\/wp-json\/wp\/v2\/pages\/15391\/revisions"}],"predecessor-version":[{"id":15492,"href":"https:\/\/lt.sitegist.net\/no\/wp-json\/wp\/v2\/pages\/15391\/revisions\/15492"}],"wp:attachment":[{"href":"https:\/\/lt.sitegist.net\/no\/wp-json\/wp\/v2\/media?parent=15391"}],"curies":[{"name":"wp","href":"https:\/\/api.w.org\/{rel}","templated":true}]}}