{"id":6076,"date":"2021-11-25T19:33:03","date_gmt":"2021-11-25T19:33:03","guid":{"rendered":"https:\/\/lt.sitegist.net\/?page_id=6076"},"modified":"2023-03-30T00:09:21","modified_gmt":"2023-03-30T00:09:21","slug":"aannemer","status":"publish","type":"page","link":"https:\/\/lt.sitegist.net\/nl\/product\/aannemer\/","title":{"rendered":"Aannemer"},"content":{"rendered":"<p>[et_pb_section fb_built=&#8221;1&#8243; _builder_version=&#8221;4.16&#8243; _module_preset=&#8221;default&#8221; global_colors_info=&#8221;{}&#8221;][et_pb_row _builder_version=&#8221;4.16&#8243; _module_preset=&#8221;default&#8221; global_colors_info=&#8221;{}&#8221;][et_pb_column type=&#8221;4_4&#8243; _builder_version=&#8221;4.16&#8243; _module_preset=&#8221;default&#8221; global_colors_info=&#8221;{}&#8221;][et_pb_text _builder_version=&#8221;4.16&#8243; _module_preset=&#8221;default&#8221; global_colors_info=&#8221;{}&#8221;]<\/p>\n<h2>Aannemer \u2013 Geef uw bouwplaats een boost<\/h2>\n<p class=\"intro\">Met Infrakit als bouwplatform kunt u op een effectieve en hoogwaardige manier bouwen. U krijgt een duidelijk situatiebeeld van het project, met alle projectgegevens op een kaart en in een 3D-weergave. Ook alle rollen op de bouwplaats krijgen up-to-date informatie van hoge kwaliteit om het dagelijkse werk uit te voeren. Zo bespaart u tijd en geld.<\/p>\n<p>&nbsp;<\/p>\n<p>[\/et_pb_text][et_pb_image src=&#8221;https:\/\/lt.sitegist.net\/wp-content\/uploads\/2021\/11\/infrakit_contractor_h.jpg&#8221; title_text=&#8221;infrakit_contractor_h&#8221; align=&#8221;center&#8221; admin_label=&#8221;Afbeelding&#8221; _builder_version=&#8221;4.16&#8243; _module_preset=&#8221;default&#8221; global_colors_info=&#8221;{}&#8221;][\/et_pb_image][\/et_pb_column][\/et_pb_row][\/et_pb_section][et_pb_section fb_built=&#8221;1&#8243; admin_label=&#8221;Testimonials section&#8221; _builder_version=&#8221;4.16&#8243; _module_preset=&#8221;default&#8221; background_color=&#8221;#f7f5f3&#8243; collapsed=&#8221;off&#8221; global_colors_info=&#8221;{}&#8221;][et_pb_row admin_label=&#8221;Testimonial section header&#8221; _builder_version=&#8221;4.16&#8243; _module_preset=&#8221;default&#8221; global_colors_info=&#8221;{}&#8221;][et_pb_column type=&#8221;4_4&#8243; _builder_version=&#8221;4.16&#8243; _module_preset=&#8221;default&#8221; global_colors_info=&#8221;{}&#8221;][et_pb_text admin_label=&#8221;Testimonials text heading&#8221; _builder_version=&#8221;4.16&#8243; _module_preset=&#8221;default&#8221; global_colors_info=&#8221;{}&#8221;]<\/p>\n<h3 style=\"text-align: center;\">Quotes van onze klanten<\/h3>\n<p>[\/et_pb_text][\/et_pb_column][\/et_pb_row][\/et_pb_section][et_pb_section fb_built=&#8221;1&#8243; _builder_version=&#8221;4.16&#8243; _module_preset=&#8221;default&#8221; background_color=&#8221;#f7f5f3&#8243; global_colors_info=&#8221;{}&#8221;][et_pb_row column_structure=&#8221;1_5,3_5,1_5&#8243; _builder_version=&#8221;4.16&#8243; _module_preset=&#8221;default&#8221; global_colors_info=&#8221;{}&#8221;][et_pb_column type=&#8221;1_5&#8243; _builder_version=&#8221;4.16&#8243; _module_preset=&#8221;default&#8221; global_colors_info=&#8221;{}&#8221;][\/et_pb_column][et_pb_column type=&#8221;3_5&#8243; _builder_version=&#8221;4.16&#8243; _module_preset=&#8221;default&#8221; global_colors_info=&#8221;{}&#8221;][et_pb_text admin_label=&#8221;Testimonials text&#8221; _builder_version=&#8221;4.16&#8243; _module_preset=&#8221;default&#8221; global_colors_info=&#8221;{}&#8221;]<\/p>\n<p style=\"text-align: center;\"><span style=\"max-width: 588px;\">\u201cInfrakit geeft een goed overzicht van de modellen die in de machines worden gebruikt. Je kan zien waar de machines zijn en eenvoudig gegevens ophalen. Het grootste verschil tussen vroeger en nu is dat het proces nu meer visueel is; je hebt een beter overzicht en je kunt je makkelijker ori\u00ebnteren.\u201d<\/span><\/p>\n<p style=\"text-align: center;\"><img decoding=\"async\" class=\"aligncenter\" src=\"\/wp-content\/uploads\/2021\/11\/infrakit_customer_risa.png\" \/><br \/>\n<b>Jarle Vatne, projectmanager bij Risa<\/b><\/p>\n<p><center><\/p>\n<hr \/>\n<p><\/center><\/p>\n<p>&nbsp;<\/p>\n<p>[\/et_pb_text][et_pb_text admin_label=&#8221;Testimonials text&#8221; _builder_version=&#8221;4.16&#8243; _module_preset=&#8221;default&#8221; global_colors_info=&#8221;{}&#8221;]<\/p>\n<p style=\"text-align: center;\"><span style=\"max-width: 588px;\">\u201cVroeger gebruikten we verschillende programma&#8217;s met verschillende portals. Hierdoor moesten we modellen verschillende keren uploaden. Met Infrakit worden ze verzameld. Bij een turnkey contract zoals dit zijn er veel modellen en updates. In plaats van vijf verschillende portalen om mee te werken, hebben we er nu maar \u00e9\u00e9n. Al met al zorgt dit voor een veel effici\u00ebntere machinebesturing.\u201d<\/span><\/p>\n<p style=\"text-align: center;\"><img decoding=\"async\" class=\"aligncenter\" src=\"\/wp-content\/uploads\/2021\/10\/infrakit_customer_peab.png\" \/><br \/>\n<b>Eirik Frimannslund, Survey Manager bij PEAB<\/b><\/p>\n<p><center><\/p>\n<hr \/>\n<p><\/center><\/p>\n<p>&nbsp;<\/p>\n<p>[\/et_pb_text][et_pb_text admin_label=&#8221;Testimonials text&#8221; _builder_version=&#8221;4.16&#8243; _module_preset=&#8221;default&#8221; global_colors_info=&#8221;{}&#8221;]<\/p>\n<p style=\"text-align: center;\"><span style=\"max-width: 588px;\">\u201cHet belangrijkste pluspunt van Infrakit is de gebruiksvriendelijkheid. Je kan veel verschillende soorten data invoeren en het visualiseert de informatie op een goede manier.\u201d<\/span><\/p>\n<p style=\"text-align: center;\"><img decoding=\"async\" class=\"aligncenter\" src=\"\/wp-content\/uploads\/2021\/10\/infrakit_customer_veidekke.png\" \/><br \/>\n<b>Terje Glad, BIM Manager bij Veidekke<\/b><\/p>\n<p>[\/et_pb_text][\/et_pb_column][et_pb_column type=&#8221;1_5&#8243; _builder_version=&#8221;4.16&#8243; _module_preset=&#8221;default&#8221; global_colors_info=&#8221;{}&#8221;][\/et_pb_column][\/et_pb_row][\/et_pb_section][et_pb_section fb_built=&#8221;1&#8243; admin_label=&#8221;benefits&#8221; _builder_version=&#8221;4.16&#8243; _module_preset=&#8221;default&#8221; saved_tabs=&#8221;all&#8221; global_colors_info=&#8221;{}&#8221;][et_pb_row admin_label=&#8221;Row Benefits&#8221; _builder_version=&#8221;4.16&#8243; _module_preset=&#8221;default&#8221; global_colors_info=&#8221;{}&#8221;][et_pb_column type=&#8221;4_4&#8243; _builder_version=&#8221;4.16&#8243; _module_preset=&#8221;default&#8221; global_colors_info=&#8221;{}&#8221;][et_pb_text admin_label=&#8221;Benefits&#8221; _builder_version=&#8221;4.16&#8243; _module_preset=&#8221;default&#8221; global_colors_info=&#8221;{}&#8221;]<\/p>\n<h3 style=\"text-align: center;\">Geef uw bouwplaats een boost<\/h3>\n<p>[\/et_pb_text][\/et_pb_column][\/et_pb_row][et_pb_row column_structure=&#8221;1_3,1_3,1_3&#8243; _builder_version=&#8221;4.16&#8243; _module_preset=&#8221;default&#8221; global_colors_info=&#8221;{}&#8221;][et_pb_column type=&#8221;1_3&#8243; _builder_version=&#8221;4.16&#8243; _module_preset=&#8221;default&#8221; global_colors_info=&#8221;{}&#8221;][et_pb_image src=&#8221;https:\/\/lt.sitegist.net\/wp-content\/uploads\/\/2021\/11\/Icon-1.svg&#8221; alt=&#8221;infrakit&#8221; title_text=&#8221;Icon 1&#8243; align=&#8221;center&#8221; disabled_on=&#8221;on|off|off&#8221; admin_label=&#8221;Image&#8221; _builder_version=&#8221;4.16&#8243; _module_preset=&#8221;default&#8221; global_colors_info=&#8221;{}&#8221;][\/et_pb_image][et_pb_image src=&#8221;https:\/\/lt.sitegist.net\/wp-content\/uploads\/\/2021\/11\/Icon-1.svg&#8221; alt=&#8221;infrakit&#8221; title_text=&#8221;Icon 1&#8243; align=&#8221;center&#8221; disabled_on=&#8221;off|on|on&#8221; admin_label=&#8221;Mobile image&#8221; _builder_version=&#8221;4.16&#8243; _module_preset=&#8221;default&#8221; width=&#8221;50%&#8221; global_colors_info=&#8221;{}&#8221;][\/et_pb_image][et_pb_text _builder_version=&#8221;4.16&#8243; _module_preset=&#8221;default&#8221; global_colors_info=&#8221;{}&#8221;]<\/p>\n<p style=\"text-align: center;\">Beheer en deel visuele realtime informatie voor beter projectbeheer en meer grip op de kwaliteitscontrole<\/p>\n<p>[\/et_pb_text][\/et_pb_column][et_pb_column type=&#8221;1_3&#8243; _builder_version=&#8221;4.16&#8243; _module_preset=&#8221;default&#8221; global_colors_info=&#8221;{}&#8221;][et_pb_image src=&#8221;https:\/\/lt.sitegist.net\/wp-content\/uploads\/\/2021\/11\/The-single-system-architecture.svg&#8221; title_text=&#8221;The single system architecture&#8221; align=&#8221;center&#8221; disabled_on=&#8221;on|off|off&#8221; admin_label=&#8221;Image&#8221; _builder_version=&#8221;4.16&#8243; _module_preset=&#8221;default&#8221; global_colors_info=&#8221;{}&#8221;][\/et_pb_image][et_pb_image src=&#8221;https:\/\/lt.sitegist.net\/wp-content\/uploads\/\/2021\/11\/The-single-system-architecture.svg&#8221; alt=&#8221;infrakit&#8221; title_text=&#8221;The single system architecture&#8221; align=&#8221;center&#8221; disabled_on=&#8221;off|on|on&#8221; admin_label=&#8221;Mobile image&#8221; _builder_version=&#8221;4.16&#8243; _module_preset=&#8221;default&#8221; width=&#8221;50%&#8221; global_colors_info=&#8221;{}&#8221;][\/et_pb_image][et_pb_text _builder_version=&#8221;4.16&#8243; _module_preset=&#8221;default&#8221; global_colors_info=&#8221;{}&#8221;]<\/p>\n<p style=\"text-align: center;\">Ontvang realtime informatie gedurende het volledige traject, om het vertrouwen en de transparantie te vergroten<\/p>\n<p>[\/et_pb_text][\/et_pb_column][et_pb_column type=&#8221;1_3&#8243; _builder_version=&#8221;4.16&#8243; _module_preset=&#8221;default&#8221; global_colors_info=&#8221;{}&#8221;][et_pb_image src=&#8221;https:\/\/lt.sitegist.net\/wp-content\/uploads\/\/2021\/11\/Complete-control.svg&#8221; title_text=&#8221;Complete control&#8221; align=&#8221;center&#8221; disabled_on=&#8221;on|off|off&#8221; admin_label=&#8221;Image&#8221; _builder_version=&#8221;4.16&#8243; _module_preset=&#8221;default&#8221; global_colors_info=&#8221;{}&#8221;][\/et_pb_image][et_pb_image src=&#8221;https:\/\/lt.sitegist.net\/wp-content\/uploads\/\/2021\/11\/Complete-control.svg&#8221; alt=&#8221;infrakit&#8221; title_text=&#8221;Complete control&#8221; align=&#8221;center&#8221; disabled_on=&#8221;off|on|on&#8221; admin_label=&#8221;Mobile image&#8221; _builder_version=&#8221;4.16&#8243; _module_preset=&#8221;default&#8221; width=&#8221;50%&#8221; global_colors_info=&#8221;{}&#8221;][\/et_pb_image][et_pb_text admin_label=&#8221;Text&#8221; _builder_version=&#8221;4.16&#8243; _module_preset=&#8221;default&#8221; global_colors_info=&#8221;{}&#8221;]<\/p>\n<p style=\"text-align: center;\">Lever projecten succesvol op met een gebruiksvriendelijke oplossing en deskundige ondersteuning, voor een betere aanname<\/p>\n<p>[\/et_pb_text][\/et_pb_column][\/et_pb_row][et_pb_row _builder_version=&#8221;4.16&#8243; _module_preset=&#8221;default&#8221; global_colors_info=&#8221;{}&#8221;][et_pb_column type=&#8221;4_4&#8243; _builder_version=&#8221;4.16&#8243; _module_preset=&#8221;default&#8221; global_colors_info=&#8221;{}&#8221;][et_pb_video src=&#8221;https:\/\/youtu.be\/T4deca3Q3ag&#8221; image_src=&#8221;\/\/i.ytimg.com\/vi\/T4deca3Q3ag\/hqdefault.jpg&#8221; play_icon_color=&#8221;#F06400&#8243; _builder_version=&#8221;4.20.2&#8243; _module_preset=&#8221;default&#8221; hover_enabled=&#8221;0&#8243; global_colors_info=&#8221;{}&#8221; font_icon=&#8221;&#x49;||divi||400&#8243; box_shadow_style=&#8221;preset1&#8243; sticky_enabled=&#8221;0&#8243;][\/et_pb_video][et_pb_text _builder_version=&#8221;4.20.2&#8243; _module_preset=&#8221;default&#8221; hover_enabled=&#8221;0&#8243; sticky_enabled=&#8221;0&#8243;]<\/p>\n<p>&nbsp;<\/p>\n<p>[\/et_pb_text][et_pb_video src=&#8221;https:\/\/youtu.be\/-j1SH52Fvvs&#8221; image_src=&#8221;\/\/i.ytimg.com\/vi\/-j1SH52Fvvs\/hqdefault.jpg&#8221; play_icon_color=&#8221;#F06400&#8243; _builder_version=&#8221;4.20.2&#8243; _module_preset=&#8221;default&#8221; hover_enabled=&#8221;0&#8243; global_colors_info=&#8221;{}&#8221; font_icon=&#8221;&#x49;||divi||400&#8243; box_shadow_style=&#8221;preset1&#8243; sticky_enabled=&#8221;0&#8243;][\/et_pb_video][et_pb_text _builder_version=&#8221;4.20.2&#8243; _module_preset=&#8221;default&#8221; hover_enabled=&#8221;0&#8243; sticky_enabled=&#8221;0&#8243;]<\/p>\n<p>&nbsp;<\/p>\n<p>[\/et_pb_text][et_pb_video src=&#8221;https:\/\/youtu.be\/SWoOQ9B3ywY&#8221; image_src=&#8221;\/\/i.ytimg.com\/vi\/SWoOQ9B3ywY\/hqdefault.jpg&#8221; play_icon_color=&#8221;#F06400&#8243; _builder_version=&#8221;4.20.2&#8243; _module_preset=&#8221;default&#8221; hover_enabled=&#8221;0&#8243; global_colors_info=&#8221;{}&#8221; font_icon=&#8221;&#x49;||divi||400&#8243; box_shadow_style=&#8221;preset1&#8243; sticky_enabled=&#8221;0&#8243;][\/et_pb_video][\/et_pb_column][\/et_pb_row][\/et_pb_section][et_pb_section fb_built=&#8221;1&#8243; admin_label=&#8221;BOOK A DEMO&#8221; _builder_version=&#8221;4.16&#8243; _module_preset=&#8221;default&#8221; background_color=&#8221;#FBFAF9&#8243; saved_tabs=&#8221;all&#8221; global_colors_info=&#8221;{}&#8221;][et_pb_row column_structure=&#8221;1_4,1_2,1_4&#8243; _builder_version=&#8221;4.16&#8243; _module_preset=&#8221;default&#8221; custom_padding=&#8221;20px|20px|20px|20px|false|false&#8221; global_colors_info=&#8221;{}&#8221;][et_pb_column type=&#8221;1_4&#8243; _builder_version=&#8221;4.16&#8243; _module_preset=&#8221;default&#8221; global_colors_info=&#8221;{}&#8221;][\/et_pb_column][et_pb_column type=&#8221;1_2&#8243; _builder_version=&#8221;4.16&#8243; _module_preset=&#8221;default&#8221; global_colors_info=&#8221;{}&#8221;][et_pb_text _builder_version=&#8221;4.16&#8243; _module_preset=&#8221;default&#8221; background_color=&#8221;#ffffff&#8221; custom_padding=&#8221;20px|20px|20px|20px|false|false&#8221; global_colors_info=&#8221;{}&#8221;]<\/p>\n<h4 style=\"text-align: center;\">Een demosessie boeken<\/h4>\n<p style=\"text-align: center;\">Ontdek hoe Infrakit alle activiteiten binnen uw infraprojecten met elkaar verbindt en waarde cre\u00ebert voor elk onderdeel van uw organisatie.<\/p>\n<p style=\"text-align: center;\"><button class=\"btn-small purple\" onclick=\"Calendly.initPopupWidget({url:'https:\/\/calendly.com\/janne-paitsola\/30min-1'});\nreturn false;\" id=> Een demo boeken<\/button><\/p>\n<p>[\/et_pb_text][\/et_pb_column][et_pb_column type=&#8221;1_4&#8243; _builder_version=&#8221;4.16&#8243; _module_preset=&#8221;default&#8221; global_colors_info=&#8221;{}&#8221;][\/et_pb_column][\/et_pb_row][\/et_pb_section]<\/p>\n","protected":false},"excerpt":{"rendered":"<p>Aannemer \u2013 Geef uw bouwplaats een boost Met Infrakit als bouwplatform kunt u op een effectieve en hoogwaardige manier bouwen. U krijgt een duidelijk situatiebeeld van het project, met alle projectgegevens op een kaart en in een 3D-weergave. Ook alle rollen op de bouwplaats krijgen up-to-date informatie van hoge kwaliteit om het dagelijkse werk uit [&hellip;]<\/p>\n","protected":false},"author":1,"featured_media":0,"parent":6036,"menu_order":2,"comment_status":"closed","ping_status":"closed","template":"","meta":{"_acf_changed":false,"_et_pb_use_builder":"on","_et_pb_old_content":"","_et_gb_content_width":"","footnotes":""},"class_list":["post-6076","page","type-page","status-publish","hentry"],"acf":[],"_links":{"self":[{"href":"https:\/\/lt.sitegist.net\/nl\/wp-json\/wp\/v2\/pages\/6076","targetHints":{"allow":["GET"]}}],"collection":[{"href":"https:\/\/lt.sitegist.net\/nl\/wp-json\/wp\/v2\/pages"}],"about":[{"href":"https:\/\/lt.sitegist.net\/nl\/wp-json\/wp\/v2\/types\/page"}],"author":[{"embeddable":true,"href":"https:\/\/lt.sitegist.net\/nl\/wp-json\/wp\/v2\/users\/1"}],"replies":[{"embeddable":true,"href":"https:\/\/lt.sitegist.net\/nl\/wp-json\/wp\/v2\/comments?post=6076"}],"version-history":[{"count":10,"href":"https:\/\/lt.sitegist.net\/nl\/wp-json\/wp\/v2\/pages\/6076\/revisions"}],"predecessor-version":[{"id":17529,"href":"https:\/\/lt.sitegist.net\/nl\/wp-json\/wp\/v2\/pages\/6076\/revisions\/17529"}],"up":[{"embeddable":true,"href":"https:\/\/lt.sitegist.net\/nl\/wp-json\/wp\/v2\/pages\/6036"}],"wp:attachment":[{"href":"https:\/\/lt.sitegist.net\/nl\/wp-json\/wp\/v2\/media?parent=6076"}],"curies":[{"name":"wp","href":"https:\/\/api.w.org\/{rel}","templated":true}]}}