{"id":15358,"date":"2022-10-12T08:32:08","date_gmt":"2022-10-12T08:32:08","guid":{"rendered":"https:\/\/lt.sitegist.net\/?page_id=15358"},"modified":"2022-10-12T12:55:09","modified_gmt":"2022-10-12T12:55:09","slug":"duurzaamheid","status":"publish","type":"page","link":"https:\/\/lt.sitegist.net\/nl\/duurzaamheid\/","title":{"rendered":"Duurzaamheid"},"content":{"rendered":"<p>[et_pb_section fb_built=&#8221;1&#8243; _builder_version=&#8221;4.18.0&#8243; _module_preset=&#8221;default&#8221; background_color=&#8221;#fbfaf9&#8243; global_colors_info=&#8221;{}&#8221;][et_pb_row column_structure=&#8221;1_2,1_2&#8243; _builder_version=&#8221;4.16&#8243; _module_preset=&#8221;default&#8221; global_colors_info=&#8221;{}&#8221;][et_pb_column type=&#8221;1_2&#8243; _builder_version=&#8221;4.16&#8243; _module_preset=&#8221;default&#8221; global_colors_info=&#8221;{}&#8221;][et_pb_text _builder_version=&#8221;4.18.0&#8243; _module_preset=&#8221;default&#8221; global_colors_info=&#8221;{}&#8221;]<\/p>\n<h1>Duurzaamheid<\/h1>\n<p class=\"intro\">De correcte digitalisering van projecten is de eerste stap naar duurzame infrabouw. Het is onze missie om de infrastructuursector duurzamer te maken.<\/p>\n<p>[\/et_pb_text][\/et_pb_column][et_pb_column type=&#8221;1_2&#8243; _builder_version=&#8221;4.16&#8243; _module_preset=&#8221;default&#8221; global_colors_info=&#8221;{}&#8221;][et_pb_image src=&#8221;\/wp-content\/uploads\/2021\/05\/services_image.png&#8221; title_text=&#8221;services_image&#8221; _builder_version=&#8221;4.16&#8243; _module_preset=&#8221;default&#8221; global_colors_info=&#8221;{}&#8221;][\/et_pb_image][\/et_pb_column][\/et_pb_row][\/et_pb_section][et_pb_section fb_built=&#8221;1&#8243; admin_label=&#8221;core services label&#8221; _builder_version=&#8221;4.16&#8243; _module_preset=&#8221;default&#8221; background_color=&#8221;#FBFAF9&#8243; saved_tabs=&#8221;all&#8221; global_colors_info=&#8221;{}&#8221;][et_pb_row _builder_version=&#8221;4.17.4&#8243; _module_preset=&#8221;default&#8221; global_colors_info=&#8221;{}&#8221;][et_pb_column type=&#8221;4_4&#8243; _builder_version=&#8221;4.17.4&#8243; _module_preset=&#8221;default&#8221; global_colors_info=&#8221;{}&#8221;][et_pb_image src=&#8221;https:\/\/lt.sitegist.net\/wp-content\/uploads\/2022\/07\/infrakit_sustainability_page-2.jpg&#8221; title_text=&#8221;infrakit_sustainability_page&#8221; align=&#8221;center&#8221; force_fullwidth=&#8221;on&#8221; _builder_version=&#8221;4.17.4&#8243; _module_preset=&#8221;default&#8221; global_colors_info=&#8221;{}&#8221;][\/et_pb_image][\/et_pb_column][\/et_pb_row][et_pb_row column_structure=&#8221;1_3,1_3,1_3&#8243; make_equal=&#8221;on&#8221; admin_label=&#8221;core services row&#8221; _builder_version=&#8221;4.16&#8243; _module_preset=&#8221;default&#8221; global_colors_info=&#8221;{}&#8221;][et_pb_column type=&#8221;1_3&#8243; _builder_version=&#8221;4.16&#8243; _module_preset=&#8221;default&#8221; global_colors_info=&#8221;{}&#8221;][et_pb_number_counter number=&#8221;100&#8243; _builder_version=&#8221;4.17.4&#8243; _module_preset=&#8221;default&#8221; global_colors_info=&#8221;{}&#8221;][\/et_pb_number_counter][et_pb_text _builder_version=&#8221;4.18.0&#8243; _module_preset=&#8221;default&#8221; global_colors_info=&#8221;{}&#8221;]<\/p>\n<p style=\"text-align: center;\">Dankzij degelijke digitalisering kan uw organisatie hogere scores behalen bij duurzaamheidsbeoordelingen zoals <strong>CEEQUAL<\/strong> of <strong>ESG<\/strong>.<\/p>\n<p>[\/et_pb_text][\/et_pb_column][et_pb_column type=&#8221;1_3&#8243; _builder_version=&#8221;4.16&#8243; _module_preset=&#8221;default&#8221; global_colors_info=&#8221;{}&#8221;][et_pb_number_counter number=&#8221;5&#8243; _builder_version=&#8221;4.17.4&#8243; _module_preset=&#8221;default&#8221; global_colors_info=&#8221;{}&#8221;][\/et_pb_number_counter][et_pb_text admin_label=&#8221;Text&#8221; _builder_version=&#8221;4.18.0&#8243; _module_preset=&#8221;default&#8221; global_colors_info=&#8221;{}&#8221;]<\/p>\n<p style=\"text-align: center;\"><strong>De ecologische voetafdruk<\/strong> van een project wordt met &gt;5% verminderd door digitalisering die daarnaast ook de effici\u00ebntie verhoogt, en met onze hulp kunt u die impact beduidend uitbreiden<\/p>\n<p>[\/et_pb_text][\/et_pb_column][et_pb_column type=&#8221;1_3&#8243; _builder_version=&#8221;4.16&#8243; _module_preset=&#8221;default&#8221; global_colors_info=&#8221;{}&#8221;][et_pb_number_counter number=&#8221;9 SDGs&#8221; percent_sign=&#8221;off&#8221; _builder_version=&#8221;4.17.4&#8243; _module_preset=&#8221;default&#8221; global_colors_info=&#8221;{}&#8221;][\/et_pb_number_counter][et_pb_text admin_label=&#8221;Text&#8221; _builder_version=&#8221;4.18.0&#8243; _module_preset=&#8221;default&#8221; custom_padding=&#8221;||0px|||&#8221; global_colors_info=&#8221;{}&#8221;]<\/p>\n<p style=\"text-align: center;\"><strong>De correcte digitalisering<\/strong> van een infrastructuurproject draagt bij aan minstens 9 duurzaamheidsdoelstellingen<\/p>\n<p>&nbsp;<\/p>\n<p>[\/et_pb_text][\/et_pb_column][\/et_pb_row][\/et_pb_section][et_pb_section fb_built=&#8221;1&#8243; _builder_version=&#8221;4.18.0&#8243; _module_preset=&#8221;default&#8221; background_enable_color=&#8221;off&#8221; global_colors_info=&#8221;{}&#8221;][et_pb_row column_structure=&#8221;2_5,3_5&#8243; _builder_version=&#8221;4.18.0&#8243; _module_preset=&#8221;default&#8221; background_enable_color=&#8221;off&#8221; global_colors_info=&#8221;{}&#8221;][et_pb_column type=&#8221;2_5&#8243; _builder_version=&#8221;4.18.0&#8243; _module_preset=&#8221;default&#8221; global_colors_info=&#8221;{}&#8221;][et_pb_image src=&#8221;https:\/\/lt.sitegist.net\/wp-content\/uploads\/2022\/09\/Measureandcap.svg&#8221; title_text=&#8221;Measureandcap&#8221; align=&#8221;center&#8221; module_class=&#8221;servicesblockImg&#8221; _builder_version=&#8221;4.18.0&#8243; _module_preset=&#8221;default&#8221; background_enable_color=&#8221;off&#8221; width=&#8221;50%&#8221; global_colors_info=&#8221;{}&#8221;][\/et_pb_image][\/et_pb_column][et_pb_column type=&#8221;3_5&#8243; _builder_version=&#8221;4.18.0&#8243; _module_preset=&#8221;default&#8221; global_colors_info=&#8221;{}&#8221;][et_pb_text module_class=&#8221;servicesblock&#8221; _builder_version=&#8221;4.18.0&#8243; _module_preset=&#8221;default&#8221; background_enable_color=&#8221;off&#8221; width=&#8221;110%&#8221; min_height=&#8221;419px&#8221; custom_margin=&#8221;|||20px|false|false&#8221; custom_padding=&#8221;20px|20px|20px|20px|false|false&#8221; global_colors_info=&#8221;{}&#8221;]<\/p>\n<h2 class=\"p1\">Meten &amp; beperken<\/h2>\n<p class=\"p1\">Onze gemeenschappelijke reis om de CO2-voetafdruk van infrastructuurprojecten te verkleinen, begint met de overstap van het inschatten van de CO2-impact van projecten naar het daadwerkelijk meten van de echte impact.<\/p>\n<p>[\/et_pb_text][\/et_pb_column][\/et_pb_row][et_pb_row column_structure=&#8221;2_5,3_5&#8243; _builder_version=&#8221;4.18.0&#8243; _module_preset=&#8221;default&#8221; background_enable_color=&#8221;off&#8221; global_colors_info=&#8221;{}&#8221;][et_pb_column type=&#8221;2_5&#8243; _builder_version=&#8221;4.18.0&#8243; _module_preset=&#8221;default&#8221; global_colors_info=&#8221;{}&#8221;][et_pb_image src=&#8221;https:\/\/lt.sitegist.net\/wp-content\/uploads\/2022\/10\/Know-and-optimize-icon.svg&#8221; title_text=&#8221;Know and optimize icon&#8221; module_class=&#8221;servicesblockImg&#8221; _builder_version=&#8221;4.18.0&#8243; _module_preset=&#8221;default&#8221; background_enable_color=&#8221;off&#8221; width=&#8221;50%&#8221; module_alignment=&#8221;center&#8221; global_colors_info=&#8221;{}&#8221;][\/et_pb_image][\/et_pb_column][et_pb_column type=&#8221;3_5&#8243; _builder_version=&#8221;4.18.0&#8243; _module_preset=&#8221;default&#8221; global_colors_info=&#8221;{}&#8221;][et_pb_text module_class=&#8221;servicesblock&#8221; _builder_version=&#8221;4.18.0&#8243; _module_preset=&#8221;default&#8221; background_enable_color=&#8221;off&#8221; width=&#8221;110%&#8221; min_height=&#8221;419px&#8221; custom_margin=&#8221;|||20px|false|false&#8221; custom_padding=&#8221;20px|20px|20px|20px|false|false&#8221; global_colors_info=&#8221;{}&#8221;]<\/p>\n<h2 class=\"p1\">Kennis &amp; optimalisatie<\/h2>\n<p class=\"p1\">Wanneer we de werkelijke CO2-impact kunnen vaststellen, en die kunnen vergelijken met de schattingen, wordt het tijd om ons werk te optimaliseren. Het is ons doel om u te tonen welke aspecten van uw projecten een impact hebben op uw CO2-voetafdruk, en hoe wij die impact kunnen inperken. Zo krijgt u een volledig inzicht en kunt u een afweging maken tussen economische en milieufactoren bij uw besluitvorming<\/p>\n<p>[\/et_pb_text][\/et_pb_column][\/et_pb_row][et_pb_row column_structure=&#8221;2_5,3_5&#8243; _builder_version=&#8221;4.18.0&#8243; _module_preset=&#8221;default&#8221; background_enable_color=&#8221;off&#8221; global_colors_info=&#8221;{}&#8221;][et_pb_column type=&#8221;2_5&#8243; _builder_version=&#8221;4.18.0&#8243; _module_preset=&#8221;default&#8221; global_colors_info=&#8221;{}&#8221;][et_pb_image src=&#8221;https:\/\/lt.sitegist.net\/wp-content\/uploads\/2022\/09\/Carbonfree.svg&#8221; title_text=&#8221;Carbonfree&#8221; module_class=&#8221;servicesblockImg&#8221; _builder_version=&#8221;4.18.0&#8243; _module_preset=&#8221;default&#8221; background_enable_color=&#8221;off&#8221; width=&#8221;50%&#8221; module_alignment=&#8221;center&#8221; global_colors_info=&#8221;{}&#8221;][\/et_pb_image][\/et_pb_column][et_pb_column type=&#8221;3_5&#8243; _builder_version=&#8221;4.18.0&#8243; _module_preset=&#8221;default&#8221; global_colors_info=&#8221;{}&#8221;][et_pb_text module_class=&#8221;servicesblock&#8221; _builder_version=&#8221;4.18.0&#8243; _module_preset=&#8221;default&#8221; background_enable_color=&#8221;off&#8221; width=&#8221;110%&#8221; min_height=&#8221;419px&#8221; custom_margin=&#8221;|||20px|false|false&#8221; custom_padding=&#8221;20px|20px|20px|20px|false|false&#8221; global_colors_info=&#8221;{}&#8221;]<\/p>\n<h2 class=\"p1\">Koolstofvrije infraprojecten<\/h2>\n<p class=\"p1\">Het is algemeen bekend dat onze sector een van de grootste CO2-voetafdrukken vertegenwoordigt. Naar koolstofvrije en duurzame infrabouw is iets wat we met trots willen delen met toekomstige generaties. Laten we samen aan de toekomst werken!<\/p>\n<p>[\/et_pb_text][\/et_pb_column][\/et_pb_row][\/et_pb_section][et_pb_section fb_built=&#8221;1&#8243; _builder_version=&#8221;4.16&#8243; _module_preset=&#8221;default&#8221; global_colors_info=&#8221;{}&#8221;][et_pb_row _builder_version=&#8221;4.16&#8243; _module_preset=&#8221;default&#8221; global_colors_info=&#8221;{}&#8221;][et_pb_column type=&#8221;4_4&#8243; _builder_version=&#8221;4.16&#8243; _module_preset=&#8221;default&#8221; global_colors_info=&#8221;{}&#8221;][et_pb_text _builder_version=&#8221;4.18.0&#8243; _module_preset=&#8221;default&#8221; global_colors_info=&#8221;{}&#8221;]<\/p>\n<h3>Neem contact met ons op voor meer informatie over duurzaamheid<\/h3>\n<p>[\/et_pb_text][\/et_pb_column][\/et_pb_row][et_pb_row column_structure=&#8221;1_3,1_3,1_3&#8243; _builder_version=&#8221;4.17.4&#8243; _module_preset=&#8221;default&#8221; global_colors_info=&#8221;{}&#8221;][et_pb_column type=&#8221;1_3&#8243; _builder_version=&#8221;4.17.4&#8243; _module_preset=&#8221;default&#8221; global_colors_info=&#8221;{}&#8221;][\/et_pb_column][et_pb_column type=&#8221;1_3&#8243; _builder_version=&#8221;4.17.4&#8243; _module_preset=&#8221;default&#8221; global_colors_info=&#8221;{}&#8221;][et_pb_team_member image_url=&#8221;https:\/\/lt.sitegist.net\/wp-content\/uploads\/2022\/07\/infrakit_jere_syrjala.png&#8221; admin_label=&#8221;Jere Syrj\u00e4l\u00e4&#8221; _builder_version=&#8221;4.17.4&#8243; _module_preset=&#8221;default&#8221; global_colors_info=&#8221;{}&#8221;]<\/p>\n<p style=\"text-align: center;\"><strong>Jere Syrj\u00e4l\u00e4<\/strong><br \/>Product Manager<br \/><a href=\"mailto:jere.syrjala@lt.sitegist.net\">Jere.syrjala@lt.sitegist.net<\/a><br \/>+358 50 365 7875<\/p>\n<p>[\/et_pb_team_member][et_pb_code _builder_version=&#8221;4.18.0&#8243; _module_preset=&#8221;default&#8221; hover_enabled=&#8221;0&#8243; global_colors_info=&#8221;{}&#8221; sticky_enabled=&#8221;0&#8243;]<\/p>\n<div class=\"pipedriveWebForms\" data-pd-webforms=\"https:\/\/webforms.pipedrive.com\/f\/Hun6hujaMh6A2H8LIQihHHHp3i4SmF7B3UxHTHN2Co3Uv2DrDUfPq4oAgxXBNOH\"><script src=\"https:\/\/webforms.pipedrive.com\/f\/loader\"><\/script><\/div>\n<p>[\/et_pb_code][\/et_pb_column][et_pb_column type=&#8221;1_3&#8243; _builder_version=&#8221;4.17.4&#8243; _module_preset=&#8221;default&#8221; global_colors_info=&#8221;{}&#8221;][\/et_pb_column][\/et_pb_row][\/et_pb_section]<\/p>\n","protected":false},"excerpt":{"rendered":"<p>Duurzaamheid De correcte digitalisering van projecten is de eerste stap naar duurzame infrabouw. Het is onze missie om de infrastructuursector duurzamer te maken.Dankzij degelijke digitalisering kan uw organisatie hogere scores behalen bij duurzaamheidsbeoordelingen zoals CEEQUAL of ESG.De ecologische voetafdruk van een project wordt met &gt;5% verminderd door digitalisering die daarnaast ook de effici\u00ebntie verhoogt, en [&hellip;]<\/p>\n","protected":false},"author":1,"featured_media":0,"parent":0,"menu_order":4,"comment_status":"closed","ping_status":"closed","template":"","meta":{"_acf_changed":false,"_et_pb_use_builder":"on","_et_pb_old_content":"[et_pb_section fb_built=\"1\" _builder_version=\"4.18.0\" _module_preset=\"default\" background_color=\"#fbfaf9\" global_colors_info=\"{}\"][et_pb_row column_structure=\"1_2,1_2\" _builder_version=\"4.16\" _module_preset=\"default\" global_colors_info=\"{}\"][et_pb_column type=\"1_2\" _builder_version=\"4.16\" _module_preset=\"default\" global_colors_info=\"{}\"][et_pb_text _builder_version=\"4.18.0\" _module_preset=\"default\" hover_enabled=\"0\" global_colors_info=\"{}\" sticky_enabled=\"0\"]<h1>Kest\u00e4v\u00e4 kehitys<\/h1>\r\n<p class=\"intro\">Projektien asianmukainen digitalisointi vie kohti kest\u00e4v\u00e4n kehityksen mukaista infrarakentamista. Missiomme on mahdollistaa infra-alan kest\u00e4v\u00e4 kehitys..<\/p>[\/et_pb_text][\/et_pb_column][et_pb_column type=\"1_2\" _builder_version=\"4.16\" _module_preset=\"default\" global_colors_info=\"{}\"][et_pb_image src=\"\/wp-content\/uploads\/2021\/05\/services_image.png\" title_text=\"services_image\" _builder_version=\"4.16\" _module_preset=\"default\" global_colors_info=\"{}\"][\/et_pb_image][\/et_pb_column][\/et_pb_row][\/et_pb_section][et_pb_section fb_built=\"1\" admin_label=\"core services label\" _builder_version=\"4.16\" _module_preset=\"default\" background_color=\"#FBFAF9\" saved_tabs=\"all\" global_colors_info=\"{}\"][et_pb_row _builder_version=\"4.17.4\" _module_preset=\"default\" global_colors_info=\"{}\"][et_pb_column type=\"4_4\" _builder_version=\"4.17.4\" _module_preset=\"default\" global_colors_info=\"{}\"][et_pb_image src=\"https:\/\/lt.sitegist.net\/wp-content\/uploads\/2022\/07\/infrakit_sustainability_page-2.jpg\" title_text=\"infrakit_sustainability_page\" align=\"center\" force_fullwidth=\"on\" _builder_version=\"4.17.4\" _module_preset=\"default\" global_colors_info=\"{}\"][\/et_pb_image][\/et_pb_column][\/et_pb_row][et_pb_row column_structure=\"1_3,1_3,1_3\" make_equal=\"on\" admin_label=\"core services row\" _builder_version=\"4.16\" _module_preset=\"default\" global_colors_info=\"{}\"][et_pb_column type=\"1_3\" _builder_version=\"4.16\" _module_preset=\"default\" global_colors_info=\"{}\"][et_pb_number_counter number=\"100\" _builder_version=\"4.17.4\" _module_preset=\"default\" global_colors_info=\"{}\"][\/et_pb_number_counter][et_pb_text _builder_version=\"4.18.0\" _module_preset=\"default\" hover_enabled=\"0\" global_colors_info=\"{}\" sticky_enabled=\"0\"]<p style=\"text-align: center;\">Asianmukaisen digitalisoinnin avulla organisaatiosi saa paremmat pisteet kest\u00e4v\u00e4n kehityksen arvioinneista esim. <strong>CEEQUAL<\/strong> tai <strong>ESG<\/strong>.<\/p>[\/et_pb_text][\/et_pb_column][et_pb_column type=\"1_3\" _builder_version=\"4.16\" _module_preset=\"default\" global_colors_info=\"{}\"][et_pb_number_counter number=\"5\" _builder_version=\"4.17.4\" _module_preset=\"default\" global_colors_info=\"{}\"][\/et_pb_number_counter][et_pb_text admin_label=\"Text\" _builder_version=\"4.18.0\" _module_preset=\"default\" hover_enabled=\"0\" global_colors_info=\"{}\" sticky_enabled=\"0\"]<p style=\"text-align: center;\">>5 % projektin <strong>hiilijalanj\u00e4ljest\u00e4<\/strong> pienenee pelk\u00e4ll\u00e4 tehokkuutta lis\u00e4\u00e4v\u00e4ll\u00e4 digitalisaatiolla, ja meid\u00e4n avullamme suurennat t\u00e4t\u00e4 vaikutusta huomattavasti.<\/p>[\/et_pb_text][\/et_pb_column][et_pb_column type=\"1_3\" _builder_version=\"4.16\" _module_preset=\"default\" global_colors_info=\"{}\"][et_pb_number_counter number=\"9 SDGs\" percent_sign=\"off\" _builder_version=\"4.17.4\" _module_preset=\"default\" global_colors_info=\"{}\"][\/et_pb_number_counter][et_pb_text admin_label=\"Text\" _builder_version=\"4.18.0\" _module_preset=\"default\" hover_enabled=\"0\" global_colors_info=\"{}\" sticky_enabled=\"0\"]<p style=\"text-align: center;\"><strong>Infraprojektin asianmukainen digitalisointi<\/strong> edist\u00e4\u00e4 v\u00e4hint\u00e4\u00e4n yhdeks\u00e4n kest\u00e4v\u00e4n kehityksen tavoitteen saavuttamista<\/p>[\/et_pb_text][\/et_pb_column][\/et_pb_row][\/et_pb_section][et_pb_section fb_built=\"1\" _builder_version=\"4.18.0\" _module_preset=\"default\" background_enable_color=\"off\" global_colors_info=\"{}\"][et_pb_row column_structure=\"2_5,3_5\" _builder_version=\"4.18.0\" _module_preset=\"default\" background_enable_color=\"off\" global_colors_info=\"{}\"][et_pb_column type=\"2_5\" _builder_version=\"4.18.0\" _module_preset=\"default\" global_colors_info=\"{}\"][et_pb_image src=\"https:\/\/lt.sitegist.net\/wp-content\/uploads\/2022\/09\/Measureandcap.svg\" title_text=\"Measureandcap\" align=\"center\" module_class=\"servicesblockImg\" _builder_version=\"4.18.0\" _module_preset=\"default\" background_enable_color=\"off\" width=\"50%\" global_colors_info=\"{}\"][\/et_pb_image][\/et_pb_column][et_pb_column type=\"3_5\" _builder_version=\"4.18.0\" _module_preset=\"default\" global_colors_info=\"{}\"][et_pb_text module_class=\"servicesblock\" _builder_version=\"4.18.0\" _module_preset=\"default\" background_enable_color=\"off\" width=\"110%\" min_height=\"419px\" custom_margin=\"|||20px|false|false\" custom_padding=\"20px|20px|20px|20px|false|false\" hover_enabled=\"0\" global_colors_info=\"{}\" sticky_enabled=\"0\"]<h2 class=\"p1\"><b>Mittaa & rajoita<\/b><\/h2>\r\n<p class=\"p1\">Yhteinen matkamme infraprojektien hiilijalanj\u00e4ljen pienent\u00e4miseen alkaa toden teolla, kun siirrymme projektien kasvihuonekaasup\u00e4\u00e4st\u00f6jen vaikutusten eli hiilidioksidiekvivalentin (CO2e) arvioinnista todellisten vaikutusten mittaamiseen.<\/p>[\/et_pb_text][\/et_pb_column][\/et_pb_row][et_pb_row column_structure=\"2_5,3_5\" _builder_version=\"4.18.0\" _module_preset=\"default\" background_enable_color=\"off\" global_colors_info=\"{}\"][et_pb_column type=\"2_5\" _builder_version=\"4.18.0\" _module_preset=\"default\" global_colors_info=\"{}\"][et_pb_image src=\"https:\/\/lt.sitegist.net\/wp-content\/uploads\/2022\/10\/Know-and-optimize-icon.svg\" title_text=\"Know and optimize icon\" module_class=\"servicesblockImg\" _builder_version=\"4.18.0\" _module_preset=\"default\" background_enable_color=\"off\" width=\"50%\" module_alignment=\"center\" global_colors_info=\"{}\"][\/et_pb_image][\/et_pb_column][et_pb_column type=\"3_5\" _builder_version=\"4.18.0\" _module_preset=\"default\" global_colors_info=\"{}\"][et_pb_text module_class=\"servicesblock\" _builder_version=\"4.18.0\" _module_preset=\"default\" background_enable_color=\"off\" width=\"110%\" min_height=\"419px\" custom_margin=\"|||20px|false|false\" custom_padding=\"20px|20px|20px|20px|false|false\" hover_enabled=\"0\" global_colors_info=\"{}\" sticky_enabled=\"0\"]<h2 class=\"p1\"><b>Tied\u00e4 & optimoi<\/b><\/h2>\r\n<p class=\"p1\">Kun voimme j\u00e4ljitt\u00e4\u00e4 todellisen hiilidioksidiekvivalentin ja verrata sit\u00e4 arvioihin, on aika aloittaa toiminnan optimointi. Autamme tunnistamaan, mitk\u00e4 projektien osat vaikuttavat hiilijalanj\u00e4lkeen ja miten voimme lievent\u00e4\u00e4 t\u00e4t\u00e4 vaikutusta. Lopulta voit saavuttaa t\u00e4ydellisen tietoisen p\u00e4\u00e4t\u00f6ksenteon ja siten pyrki\u00e4 tavoiteltuun kompromissiin taloudellisten ja ymp\u00e4rist\u00f6tekij\u00f6iden v\u00e4lill\u00e4.<\/p>[\/et_pb_text][\/et_pb_column][\/et_pb_row][et_pb_row column_structure=\"2_5,3_5\" _builder_version=\"4.18.0\" _module_preset=\"default\" background_enable_color=\"off\" global_colors_info=\"{}\"][et_pb_column type=\"2_5\" _builder_version=\"4.18.0\" _module_preset=\"default\" global_colors_info=\"{}\"][et_pb_image src=\"https:\/\/lt.sitegist.net\/wp-content\/uploads\/2022\/09\/Carbonfree.svg\" title_text=\"Carbonfree\" module_class=\"servicesblockImg\" _builder_version=\"4.18.0\" _module_preset=\"default\" background_enable_color=\"off\" width=\"50%\" module_alignment=\"center\" global_colors_info=\"{}\"][\/et_pb_image][\/et_pb_column][et_pb_column type=\"3_5\" _builder_version=\"4.18.0\" _module_preset=\"default\" global_colors_info=\"{}\"][et_pb_text module_class=\"servicesblock\" _builder_version=\"4.18.0\" _module_preset=\"default\" background_enable_color=\"off\" width=\"110%\" min_height=\"419px\" custom_margin=\"|||20px|false|false\" custom_padding=\"20px|20px|20px|20px|false|false\" hover_enabled=\"0\" global_colors_info=\"{}\" sticky_enabled=\"0\"]<h2 class=\"p1\">Hiilivapaa infra<\/h2>\r\n<p class=\"p1\">Tied\u00e4mme kaikki, ett\u00e4 ty\u00f6skentelemme alalla, jolla on yksi suurimmista hiilijalanj\u00e4ljist\u00e4. Hiilivapaaseen ja kest\u00e4v\u00e4n kehityksen mukaiseen infraan pyrkiminen on tulevien sukupolvien kanssa yhteinen tavoite, josta voimme olla ylpeit\u00e4. Ollaan yhdess\u00e4 edell\u00e4k\u00e4vij\u00f6it\u00e4!<\/p>[\/et_pb_text][\/et_pb_column][\/et_pb_row][\/et_pb_section][et_pb_section fb_built=\"1\" _builder_version=\"4.16\" _module_preset=\"default\" global_colors_info=\"{}\"][et_pb_row _builder_version=\"4.16\" _module_preset=\"default\" global_colors_info=\"{}\"][et_pb_column type=\"4_4\" _builder_version=\"4.16\" _module_preset=\"default\" global_colors_info=\"{}\"][et_pb_text _builder_version=\"4.18.0\" _module_preset=\"default\" hover_enabled=\"0\" global_colors_info=\"{}\" sticky_enabled=\"0\"]<h3>Ota yhteytt\u00e4 kest\u00e4v\u00e4st\u00e4 kehityksest\u00e4<\/h3>[\/et_pb_text][\/et_pb_column][\/et_pb_row][et_pb_row column_structure=\"1_3,1_3,1_3\" _builder_version=\"4.17.4\" _module_preset=\"default\" global_colors_info=\"{}\"][et_pb_column type=\"1_3\" _builder_version=\"4.17.4\" _module_preset=\"default\" global_colors_info=\"{}\"][\/et_pb_column][et_pb_column type=\"1_3\" _builder_version=\"4.17.4\" _module_preset=\"default\" global_colors_info=\"{}\"][et_pb_team_member image_url=\"https:\/\/lt.sitegist.net\/wp-content\/uploads\/2022\/07\/infrakit_jere_syrjala.png\" admin_label=\"Jere Syrj\u00e4l\u00e4\" _builder_version=\"4.17.4\" _module_preset=\"default\" global_colors_info=\"{}\"]<p style=\"text-align: center;\"><strong>Jere Syrj\u00e4l\u00e4<\/strong><br \/>Product Manager<br \/><a href=\"mailto:jere.syrjala@lt.sitegist.net\">Jere.syrjala@lt.sitegist.net<\/a><br \/>+358 50 365 7875<\/p>[\/et_pb_team_member][et_pb_code _builder_version=\"4.18.0\" _module_preset=\"default\" global_colors_info=\"{}\"]<div class=\"pipedriveWebForms\" data-pd-webforms=\"https:\/\/webforms.pipedrive.com\/f\/lzvVNRdjH0Q7Wt2ODBbLU71iso79x5YSEeruzP0Mz0DrRbb9dGA38VVl4Oi0O1d\"><script src=\"https:\/\/webforms.pipedrive.com\/f\/loader\"><\/script><\/div>[\/et_pb_code][\/et_pb_column][et_pb_column type=\"1_3\" _builder_version=\"4.17.4\" _module_preset=\"default\" global_colors_info=\"{}\"][\/et_pb_column][\/et_pb_row][\/et_pb_section]","_et_gb_content_width":"","footnotes":""},"class_list":["post-15358","page","type-page","status-publish","hentry"],"acf":[],"_links":{"self":[{"href":"https:\/\/lt.sitegist.net\/nl\/wp-json\/wp\/v2\/pages\/15358","targetHints":{"allow":["GET"]}}],"collection":[{"href":"https:\/\/lt.sitegist.net\/nl\/wp-json\/wp\/v2\/pages"}],"about":[{"href":"https:\/\/lt.sitegist.net\/nl\/wp-json\/wp\/v2\/types\/page"}],"author":[{"embeddable":true,"href":"https:\/\/lt.sitegist.net\/nl\/wp-json\/wp\/v2\/users\/1"}],"replies":[{"embeddable":true,"href":"https:\/\/lt.sitegist.net\/nl\/wp-json\/wp\/v2\/comments?post=15358"}],"version-history":[{"count":8,"href":"https:\/\/lt.sitegist.net\/nl\/wp-json\/wp\/v2\/pages\/15358\/revisions"}],"predecessor-version":[{"id":15493,"href":"https:\/\/lt.sitegist.net\/nl\/wp-json\/wp\/v2\/pages\/15358\/revisions\/15493"}],"wp:attachment":[{"href":"https:\/\/lt.sitegist.net\/nl\/wp-json\/wp\/v2\/media?parent=15358"}],"curies":[{"name":"wp","href":"https:\/\/api.w.org\/{rel}","templated":true}]}}