{"id":6184,"date":"2021-11-25T21:29:51","date_gmt":"2021-11-25T21:29:51","guid":{"rendered":"https:\/\/lt.sitegist.net\/?page_id=6184"},"modified":"2021-12-14T21:15:08","modified_gmt":"2021-12-14T21:15:08","slug":"references","status":"publish","type":"page","link":"https:\/\/lt.sitegist.net\/fr\/references\/","title":{"rendered":"R\u00e9f\u00e9rences"},"content":{"rendered":"<p>[et_pb_section fb_built=\u00a0\u00bb1&Prime; admin_label=\u00a0\u00bbheading component\u00a0\u00bb _builder_version=\u00a0\u00bb4.9.4&Prime; _module_preset=\u00a0\u00bbdefault\u00a0\u00bb background_color=\u00a0\u00bb#f9f9f7&Prime; global_colors_info=\u00a0\u00bb{}\u00a0\u00bb][et_pb_row column_structure=\u00a0\u00bb1_2,1_2&Prime; admin_label=\u00a0\u00bbHeader component\u00a0\u00bb _builder_version=\u00a0\u00bb4.9.4&Prime; _module_preset=\u00a0\u00bbdefault\u00a0\u00bb global_colors_info=\u00a0\u00bb{}\u00a0\u00bb][et_pb_column type=\u00a0\u00bb1_2&Prime; _builder_version=\u00a0\u00bb4.9.4&Prime; _module_preset=\u00a0\u00bbdefault\u00a0\u00bb global_colors_info=\u00a0\u00bb{}\u00a0\u00bb][et_pb_text _builder_version=\u00a0\u00bb4.13.1&Prime; _module_preset=\u00a0\u00bbdefault\u00a0\u00bb hover_enabled=\u00a0\u00bb0&Prime; global_colors_info=\u00a0\u00bb{}\u00a0\u00bb sticky_enabled=\u00a0\u00bb0&Prime;]<\/p>\n<h1>R\u00e9f\u00e9rences<\/h1>\n<p>[\/et_pb_text][\/et_pb_column][et_pb_column type=\u00a0\u00bb1_2&Prime; _builder_version=\u00a0\u00bb4.9.4&Prime; _module_preset=\u00a0\u00bbdefault\u00a0\u00bb global_colors_info=\u00a0\u00bb{}\u00a0\u00bb][et_pb_image src=\u00a0\u00bb\/wp-content\/uploads\/2021\/06\/Combined-Shape@15x.svg\u00a0\u00bb title_text=\u00a0\u00bbCombined Shape@1,5x\u00a0\u00bb _builder_version=\u00a0\u00bb4.9.4&Prime; _module_preset=\u00a0\u00bbdefault\u00a0\u00bb global_colors_info=\u00a0\u00bb{}\u00a0\u00bb][\/et_pb_image][\/et_pb_column][\/et_pb_row][\/et_pb_section][et_pb_section fb_built=\u00a0\u00bb1&Prime; fullwidth=\u00a0\u00bbon\u00a0\u00bb _builder_version=\u00a0\u00bb4.9.4&Prime; _module_preset=\u00a0\u00bbdefault\u00a0\u00bb global_colors_info=\u00a0\u00bb{}\u00a0\u00bb][et_pb_fullwidth_code _builder_version=\u00a0\u00bb4.9.4&Prime; _module_preset=\u00a0\u00bbdefault\u00a0\u00bb global_colors_info=\u00a0\u00bb{}\u00a0\u00bb]<style>\n    #slide {\n      width: 100%;\n      background-color: #FBFAF9;\n      display: flex;\n      align-items: center;\n      margin:0px;\n      padding:0;\n      heigth:auto;\n      max-height:700px;\n  }\n  #recent > article > a {\n    text-decoration: none;\n    color: black;\n  }\n  #headLineContent > a {\n    text-decoration: none;\n    color: black;\n  }\n  \n  #slidewrap {\u00a0\n    max-width: 500px;\n    width: 50%;\n    margin: auto;\n  }\n  #slidewrap img {\n    width:100%;\n  }\n  \n  .headlineContent{\n    background: #FBFAF9;\n    background-color: #FBFAF9;\n    display: block;\n    position: relative;\n    left: 20%;\n    margin-top:35%;\n    max-width: 800px;\n    padding: 30px;\n    max-height: 200px;\n    }\n  .headlineContent h1{\n     font-size: 28px;\n     line-height: 30px;\n  } \n  #recent {\n    background-color: #FBFAF9;\n    margin-top: 0px;\n    overflow: auto;\n    display: flex;\n    align-items: stretch;\n    flex-wrap: wrap;\n    padding: 30px;\n  }\n  \n  #recent > article {\n    margin: 15px;\n    flex-basis: 31%;\n    background-color: white;\n  \n  }\n  #recent > article > h1, h2,h3,h4,h6, p, a { \n    padding: 20px;\n  }\n  \n  \n  #recent article img {\n    padding: 0px;\n    margin: 0px auto;\n    min-width:400px;\n    width: 100%;\n    height: auto;\n  }\n  #contentx{ \n    background-color: #FBFAF9;\n    width: 100%;\n    margin: auto;\n    display:block;\n  }\n  #casesContentWrapper{\n    max-width:1600px;\n    margin: 0 auto;\n  }\n  @media screen and (max-width: 600px) {\n    #recent, article {\n      padding-left: 0px !important;\n    }\n    #recent > article > h1, h2, h3, h4, h6, p, a {\n      width:90%;\n      padding-left:15px;\n    }\n  }\n<\/style>\n<div id=\"contentx\">\n <div id=\"casesContentWrapper\">\n  <!-- Start content -->\n  <div id=\"slide\">\n    <div id=\"slidewrap\">\n        <img decoding=\"async\"\n          src=\"https:\/\/lt.sitegist.net\/wp-content\/uploads\/2022\/11\/windturbine8-whole-area@03x-1024x683-1.jpg\"\n        \/>\n        <div class=\"headlineContent\" style=\"top:-400px;display:block;\">\n            <h1>Krista Uutela, DesignkoordiKrista Uutela, coordinatrice de conception chez Destia, nous parle de son travail sur le projet de construction titanesque du parc \u00e9olien de Mutkalampinatorin bei Destia, erz\u00e4hlt uns von der Arbeit an dem gewaltigen Windparkprojekt Mutkalampi<\/h1>\n            <p>\n              Destia, le plus grand prestataire d\u2019infrastructures de Finlande, a construit les infrastructures pour Vestas Wind Systems \u00e0 Mutkalampi en Ostrobotnie centrale et du Nord.\n            <\/p>\n            <a class=\"readMore\" href=\"https:\/\/lt.sitegist.net\/fr\/caseselected\/krista-uutela-designkoordikrista-uutela-coordinatrice-de-conception-chez-destia-nous-parle-de-son-travail-sur-le-projet-de-construction-titanesque-du-parc-eolien-de-mutkalampinatorin-bei-destia-er\/\">Lire plus &raquo;<\/a><br \/>&nbsp;<br \/>\n        <\/div>\n    <\/div>\n  <\/div>\n  <section id=\"recent\">\n        \n        <article>\n        <img decoding=\"async\"\n          src=\"https:\/\/lt.sitegist.net\/wp-content\/uploads\/2023\/08\/A9_highlighter_image.jpg\"\n        \/>\n        <h6>Advancement through digitalization and innovation \u2013 Benefits of digitalization in the A9 highway refurbishment for all project participants.<\/h6>\n        <p>\n        The refurbishment of the Pyhrn Motorway A9 is a groundbreaking project in which Austrian motorway authority, ASFiNAG, placed a strong emphasis on digitalization during the tendering phase.\n        <\/p>\n        <a class=\"readMore\" href=\"https:\/\/lt.sitegist.net\/fr\/caseselected\/advancement-through-digitalization-and-innovation-benefits-of-digitalization-in-the-a9-highway-refurbishment-for-all-project-participants\/\">Lire plus &raquo;<\/a>\n      <\/article>\n        \n        <article>\n        <img decoding=\"async\"\n          src=\"https:\/\/lt.sitegist.net\/wp-content\/uploads\/2023\/02\/dunnewindgroep_highlighter_image.jpg\"\n        \/>\n        <h6>\u201cInfrakit is unmissable in our present-day work\u201d Jan Boerman, land surveyor at Dunnewind Groep in Ommen<\/h6>\n        <p>\n        He is an \u201cold hand\u201d in the trade. Jan Boerman works, among his other jobs, as a land surveyor at Dunnewind Groep in Ommen. The company specializes in earthworks, civil engineering, demolition projects, transport, and waste collection.\n        <\/p>\n        <a class=\"readMore\" href=\"https:\/\/lt.sitegist.net\/fr\/caseselected\/infrakit-is-unmissable-in-our-present-day-work-jan-boerman-land-surveyor-at-dunnewind-groep-in-ommen\/\">Lire plus &raquo;<\/a>\n      <\/article>\n        \n        <article>\n        <img decoding=\"async\"\n          src=\"https:\/\/lt.sitegist.net\/wp-content\/uploads\/2022\/12\/destia_wind_farm_highlighter_image.jpg\"\n        \/>\n        <h6>Destia utilise infrakit, l\u2019outil de gestion de construction d\u2019infrastructures, dans son ambitieux projet de parc \u00e9olien, \u00e0 Mutkalampi<\/h6>\n        <p>\n        Pour s\u2019assurer que le projet soit ex\u00e9cut\u00e9 dans les temps et normes pr\u00e9vus, Destia a utilis\u00e9 la technologie de pointe de gestion de chantier d\u2019Infrakit.\n        <\/p>\n        <a class=\"readMore\" href=\"https:\/\/lt.sitegist.net\/fr\/caseselected\/destia-utilise-infrakit-loutil-de-gestion-de-construction-dinfrastructures-dans-son-ambitieux-projet-de-parc-eolien-a-mutkalampi\/\">Lire plus &raquo;<\/a>\n      <\/article>\n        \n        <article>\n        <img decoding=\"async\"\n          src=\"https:\/\/lt.sitegist.net\/wp-content\/uploads\/2022\/09\/infrakit_heijmans_highlighter_image.jpg\"\n        \/>\n        <h6>Klavertje 4 : Heijmans construit le c\u0153ur de Greenport Venlo \u2013 G\u00e9om\u00e8tre-expert en chef sur la flotte mixte et la gestion de la qualit\u00e9<\/h6>\n        <p>\n        Klavertje 4 (K4, \u00e9changeur en tr\u00e8fle \u00e0 4 voies) est une zone d\u2019environ 5 000 hectares au nord-ouest de Venlo, situ\u00e9e entre les autoroutes A73 et A67.\n        <\/p>\n        <a class=\"readMore\" href=\"https:\/\/lt.sitegist.net\/fr\/caseselected\/klavertje-4-heijmans-construit-le-coeur-de-greenport-venlo-geometre-expert-en-chef-sur-la-flotte-mixte-et-la-gestion-de-la-qualite\/\">Lire plus &raquo;<\/a>\n      <\/article>\n        \n        <article>\n        <img decoding=\"async\"\n          src=\"https:\/\/lt.sitegist.net\/wp-content\/uploads\/2022\/08\/Bouygues-highlight-AB.jpg\"\n        \/>\n        <h6>Infrakit\u202f: une solution de partage des donn\u00e9es ultra performante sur le chantier de la ligne 11<\/h6>\n        <p>\n        Anthony Balbeurre, chef de chantier chez Bouygues Construction, peut s\u2019appuyer sur un nouvel outil de collecte et de partage des donn\u00e9es en temps r\u00e9el\u202f: Infrakit.\n        <\/p>\n        <a class=\"readMore\" href=\"https:\/\/lt.sitegist.net\/fr\/caseselected\/infrakit-une-solution-de-partage-des-donnees-ultra-performante-sur-le-chantier-de-la-ligne-11\/\">Lire plus &raquo;<\/a>\n      <\/article>\n        \n        <article>\n        <img decoding=\"async\"\n          src=\"https:\/\/lt.sitegist.net\/wp-content\/uploads\/2022\/06\/E39-AF-Anlegg.png\"\n        \/>\n        <h6>Le responsable du guidage d\u2019engins et de l\u2019automatisation des machines d\u2019AF Anlegg parle de la gestion de donn\u00e9es d\u2019une flotte mixte sur le projet d\u2019autoroute E39<\/h6>\n        <p>\n        Nous nous sommes entretenus avec Kristen Petillon, responsable du guidage d\u2019engins et de l\u2019automatisation des machines chez AF Anlegg, afin d\u2019en savoir plus sur son travail sur le projet avec Infrakit.\n        <\/p>\n        <a class=\"readMore\" href=\"https:\/\/lt.sitegist.net\/fr\/caseselected\/le-responsable-du-guidage-dengins-et-de-lautomatisation-des-machines-daf-anlegg-parle-de-la-gestion-de-donnees-dune-flotte-mixte-sur-le-projet-dautoroute-e\/\">Lire plus &raquo;<\/a>\n      <\/article>\n        <br><div style=\"width: 100%; text-align: center;float:none;\"><span aria-current=\"page\" class=\"page-numbers current\">1<\/span>\n<a class=\"page-numbers\" href=\"https:\/\/lt.sitegist.net\/fr\/wp-json\/wp\/v2\/pages\/6184\/page\/2\">2<\/a>\n<a class=\"page-numbers\" href=\"https:\/\/lt.sitegist.net\/fr\/wp-json\/wp\/v2\/pages\/6184\/page\/3\">3<\/a>\n<span class=\"page-numbers dots\">\u2026<\/span>\n<a class=\"page-numbers\" href=\"https:\/\/lt.sitegist.net\/fr\/wp-json\/wp\/v2\/pages\/6184\/page\/6\">6<\/a>\n<a class=\"next page-numbers\" href=\"https:\/\/lt.sitegist.net\/fr\/wp-json\/wp\/v2\/pages\/6184\/page\/2\">&#9658;<\/a><\/div><\/section>[\/et_pb_fullwidth_code][\/et_pb_section]<\/p>\n","protected":false},"excerpt":{"rendered":"<p>Le responsable du guidage d\u2019engins et de l\u2019automatisation des machines d\u2019AF Anlegg parle de la gestion de donn\u00e9es d\u2019une flotte mixte sur le projet d\u2019autoroute E39 \u202fAF Anlegg est un leader du domaine de la construction et de l\u2019industrie. En 2018, le groupe a sign\u00e9 un contrat avec Nye Veier pour l\u2019ing\u00e9nierie et la construction [&hellip;]<\/p>\n","protected":false},"author":1,"featured_media":0,"parent":0,"menu_order":4,"comment_status":"closed","ping_status":"closed","template":"","meta":{"_acf_changed":false,"_et_pb_use_builder":"on","_et_pb_old_content":"","_et_gb_content_width":"","footnotes":""},"class_list":["post-6184","page","type-page","status-publish","hentry"],"acf":[],"_links":{"self":[{"href":"https:\/\/lt.sitegist.net\/fr\/wp-json\/wp\/v2\/pages\/6184","targetHints":{"allow":["GET"]}}],"collection":[{"href":"https:\/\/lt.sitegist.net\/fr\/wp-json\/wp\/v2\/pages"}],"about":[{"href":"https:\/\/lt.sitegist.net\/fr\/wp-json\/wp\/v2\/types\/page"}],"author":[{"embeddable":true,"href":"https:\/\/lt.sitegist.net\/fr\/wp-json\/wp\/v2\/users\/1"}],"replies":[{"embeddable":true,"href":"https:\/\/lt.sitegist.net\/fr\/wp-json\/wp\/v2\/comments?post=6184"}],"version-history":[{"count":5,"href":"https:\/\/lt.sitegist.net\/fr\/wp-json\/wp\/v2\/pages\/6184\/revisions"}],"predecessor-version":[{"id":6814,"href":"https:\/\/lt.sitegist.net\/fr\/wp-json\/wp\/v2\/pages\/6184\/revisions\/6814"}],"wp:attachment":[{"href":"https:\/\/lt.sitegist.net\/fr\/wp-json\/wp\/v2\/media?parent=6184"}],"curies":[{"name":"wp","href":"https:\/\/api.w.org\/{rel}","templated":true}]}}