{"id":15385,"date":"2022-10-12T09:22:24","date_gmt":"2022-10-12T09:22:24","guid":{"rendered":"https:\/\/lt.sitegist.net\/?page_id=15385"},"modified":"2023-12-20T10:42:50","modified_gmt":"2023-12-20T10:42:50","slug":"durabilite","status":"publish","type":"page","link":"https:\/\/lt.sitegist.net\/fr\/durabilite\/","title":{"rendered":"Durabilit\u00e9"},"content":{"rendered":"<p>[et_pb_section fb_built=\u00a0\u00bb1&Prime; _builder_version=\u00a0\u00bb4.18.0&Prime; _module_preset=\u00a0\u00bbdefault\u00a0\u00bb background_color=\u00a0\u00bb#fbfaf9&Prime; global_colors_info=\u00a0\u00bb{}\u00a0\u00bb][et_pb_row column_structure=\u00a0\u00bb1_2,1_2&Prime; _builder_version=\u00a0\u00bb4.16&Prime; _module_preset=\u00a0\u00bbdefault\u00a0\u00bb global_colors_info=\u00a0\u00bb{}\u00a0\u00bb][et_pb_column type=\u00a0\u00bb1_2&Prime; _builder_version=\u00a0\u00bb4.16&Prime; _module_preset=\u00a0\u00bbdefault\u00a0\u00bb global_colors_info=\u00a0\u00bb{}\u00a0\u00bb][et_pb_text _builder_version=\u00a0\u00bb4.20.2&Prime; _module_preset=\u00a0\u00bbdefault\u00a0\u00bb hover_enabled=\u00a0\u00bb0&Prime; global_colors_info=\u00a0\u00bb{}\u00a0\u00bb sticky_enabled=\u00a0\u00bb0&Prime;]<\/p>\n<h1>Durabilit\u00e9<\/h1>\n<p class=\"intro\">La digitalisation des projets de travaux publics sera votre voie vers la construction d&rsquo;infrastructures durables. Notre mission est de permettre \u00e0 l&rsquo;industrie des infrastructures de devenir durable<\/p>\n<p>[\/et_pb_text][\/et_pb_column][et_pb_column type=\u00a0\u00bb1_2&Prime; _builder_version=\u00a0\u00bb4.16&Prime; _module_preset=\u00a0\u00bbdefault\u00a0\u00bb global_colors_info=\u00a0\u00bb{}\u00a0\u00bb][et_pb_image src=\u00a0\u00bb\/wp-content\/uploads\/2021\/05\/services_image.png\u00a0\u00bb title_text=\u00a0\u00bbservices_image\u00a0\u00bb _builder_version=\u00a0\u00bb4.16&Prime; _module_preset=\u00a0\u00bbdefault\u00a0\u00bb global_colors_info=\u00a0\u00bb{}\u00a0\u00bb][\/et_pb_image][\/et_pb_column][\/et_pb_row][\/et_pb_section][et_pb_section fb_built=\u00a0\u00bb1&Prime; admin_label=\u00a0\u00bbcore services label\u00a0\u00bb _builder_version=\u00a0\u00bb4.16&Prime; _module_preset=\u00a0\u00bbdefault\u00a0\u00bb background_color=\u00a0\u00bb#FBFAF9&Prime; saved_tabs=\u00a0\u00bball\u00a0\u00bb global_colors_info=\u00a0\u00bb{}\u00a0\u00bb][et_pb_row _builder_version=\u00a0\u00bb4.17.4&Prime; _module_preset=\u00a0\u00bbdefault\u00a0\u00bb global_colors_info=\u00a0\u00bb{}\u00a0\u00bb][et_pb_column type=\u00a0\u00bb4_4&Prime; _builder_version=\u00a0\u00bb4.17.4&Prime; _module_preset=\u00a0\u00bbdefault\u00a0\u00bb global_colors_info=\u00a0\u00bb{}\u00a0\u00bb][et_pb_image src=\u00a0\u00bbhttps:\/\/lt.sitegist.net\/wp-content\/uploads\/2022\/07\/infrakit_sustainability_page-2.jpg\u00a0\u00bb title_text=\u00a0\u00bbinfrakit_sustainability_page\u00a0\u00bb align=\u00a0\u00bbcenter\u00a0\u00bb force_fullwidth=\u00a0\u00bbon\u00a0\u00bb _builder_version=\u00a0\u00bb4.17.4&Prime; _module_preset=\u00a0\u00bbdefault\u00a0\u00bb global_colors_info=\u00a0\u00bb{}\u00a0\u00bb][\/et_pb_image][\/et_pb_column][\/et_pb_row][et_pb_row column_structure=\u00a0\u00bb1_3,1_3,1_3&Prime; make_equal=\u00a0\u00bbon\u00a0\u00bb admin_label=\u00a0\u00bbcore services row\u00a0\u00bb _builder_version=\u00a0\u00bb4.16&Prime; _module_preset=\u00a0\u00bbdefault\u00a0\u00bb global_colors_info=\u00a0\u00bb{}\u00a0\u00bb][et_pb_column type=\u00a0\u00bb1_3&Prime; _builder_version=\u00a0\u00bb4.16&Prime; _module_preset=\u00a0\u00bbdefault\u00a0\u00bb global_colors_info=\u00a0\u00bb{}\u00a0\u00bb][et_pb_number_counter number=\u00a0\u00bb100&Prime; _builder_version=\u00a0\u00bb4.17.4&Prime; _module_preset=\u00a0\u00bbdefault\u00a0\u00bb global_colors_info=\u00a0\u00bb{}\u00a0\u00bb][\/et_pb_number_counter][et_pb_text _builder_version=\u00a0\u00bb4.20.2&Prime; _module_preset=\u00a0\u00bbdefault\u00a0\u00bb hover_enabled=\u00a0\u00bb0&Prime; global_colors_info=\u00a0\u00bb{}\u00a0\u00bb sticky_enabled=\u00a0\u00bb0&Prime;]<\/p>\n<p style=\"text-align: center;\">Une bonne digitalisation permet \u00e0 votre organisation d\u2019obtenir de meilleurs r\u00e9sultats lors<span> des \u00e9valuations de durabilit\u00e9 (<strong>CEEQUAL<\/strong>\u00a0ou\u00a0<strong>ESG<\/strong>\u00a0par exemple).<\/span><\/p>\n<p>[\/et_pb_text][\/et_pb_column][et_pb_column type=\u00a0\u00bb1_3&Prime; _builder_version=\u00a0\u00bb4.16&Prime; _module_preset=\u00a0\u00bbdefault\u00a0\u00bb global_colors_info=\u00a0\u00bb{}\u00a0\u00bb][et_pb_number_counter number=\u00a0\u00bb5&Prime; _builder_version=\u00a0\u00bb4.17.4&Prime; _module_preset=\u00a0\u00bbdefault\u00a0\u00bb global_colors_info=\u00a0\u00bb{}\u00a0\u00bb][\/et_pb_number_counter][et_pb_text admin_label=\u00a0\u00bbText\u00a0\u00bb _builder_version=\u00a0\u00bb4.20.2&Prime; _module_preset=\u00a0\u00bbdefault\u00a0\u00bb hover_enabled=\u00a0\u00bb0&Prime; global_colors_info=\u00a0\u00bb{}\u00a0\u00bb sticky_enabled=\u00a0\u00bb0&Prime;]<\/p>\n<p style=\"font-weight: 400; text-align: center;\"><span>Les &gt;5\u00a0% de <strong>l\u2019empreinte carbone<\/strong> d\u2019un projet peuvent \u00eatre r\u00e9duits simplement en appliquant une num\u00e9risation plus efficace et, gr\u00e2ce \u00e0 nous, cette diminution peut \u00eatre bien plus importante.<\/span><\/p>\n<p>[\/et_pb_text][\/et_pb_column][et_pb_column type=\u00a0\u00bb1_3&Prime; _builder_version=\u00a0\u00bb4.16&Prime; _module_preset=\u00a0\u00bbdefault\u00a0\u00bb global_colors_info=\u00a0\u00bb{}\u00a0\u00bb][et_pb_number_counter number=\u00a0\u00bb9 SDGs\u00a0\u00bb percent_sign=\u00a0\u00bboff\u00a0\u00bb _builder_version=\u00a0\u00bb4.17.4&Prime; _module_preset=\u00a0\u00bbdefault\u00a0\u00bb global_colors_info=\u00a0\u00bb{}\u00a0\u00bb][\/et_pb_number_counter][et_pb_text admin_label=\u00a0\u00bbText\u00a0\u00bb _builder_version=\u00a0\u00bb4.18.0&Prime; _module_preset=\u00a0\u00bbdefault\u00a0\u00bb global_colors_info=\u00a0\u00bb{}\u00a0\u00bb]<\/p>\n<p style=\"text-align: center;\"><strong>La num\u00e9risation d\u2019un projet d\u2019infrastructure<\/strong>, si elle est effectu\u00e9e comme il faut, contribuera \u00e0 au moins 9 objectifs de d\u00e9veloppement durable.<\/p>\n<p>[\/et_pb_text][\/et_pb_column][\/et_pb_row][\/et_pb_section][et_pb_section fb_built=\u00a0\u00bb1&Prime; _builder_version=\u00a0\u00bb4.18.0&Prime; _module_preset=\u00a0\u00bbdefault\u00a0\u00bb background_enable_color=\u00a0\u00bboff\u00a0\u00bb global_colors_info=\u00a0\u00bb{}\u00a0\u00bb][et_pb_row column_structure=\u00a0\u00bb2_5,3_5&Prime; _builder_version=\u00a0\u00bb4.18.0&Prime; _module_preset=\u00a0\u00bbdefault\u00a0\u00bb background_enable_color=\u00a0\u00bboff\u00a0\u00bb global_colors_info=\u00a0\u00bb{}\u00a0\u00bb][et_pb_column type=\u00a0\u00bb2_5&Prime; _builder_version=\u00a0\u00bb4.18.0&Prime; _module_preset=\u00a0\u00bbdefault\u00a0\u00bb global_colors_info=\u00a0\u00bb{}\u00a0\u00bb][et_pb_image src=\u00a0\u00bbhttps:\/\/lt.sitegist.net\/wp-content\/uploads\/2022\/09\/Measureandcap.svg\u00a0\u00bb title_text=\u00a0\u00bbMeasureandcap\u00a0\u00bb align=\u00a0\u00bbcenter\u00a0\u00bb module_class=\u00a0\u00bbservicesblockImg\u00a0\u00bb _builder_version=\u00a0\u00bb4.18.0&Prime; _module_preset=\u00a0\u00bbdefault\u00a0\u00bb background_enable_color=\u00a0\u00bboff\u00a0\u00bb width=\u00a0\u00bb50%\u00a0\u00bb global_colors_info=\u00a0\u00bb{}\u00a0\u00bb][\/et_pb_image][\/et_pb_column][et_pb_column type=\u00a0\u00bb3_5&Prime; _builder_version=\u00a0\u00bb4.18.0&Prime; _module_preset=\u00a0\u00bbdefault\u00a0\u00bb global_colors_info=\u00a0\u00bb{}\u00a0\u00bb][et_pb_text module_class=\u00a0\u00bbservicesblock\u00a0\u00bb _builder_version=\u00a0\u00bb4.18.0&Prime; _module_preset=\u00a0\u00bbdefault\u00a0\u00bb background_enable_color=\u00a0\u00bboff\u00a0\u00bb width=\u00a0\u00bb110%\u00a0\u00bb min_height=\u00a0\u00bb419px\u00a0\u00bb custom_margin=\u00a0\u00bb|||20px|false|false\u00a0\u00bb custom_padding=\u00a0\u00bb20px|20px|20px|20px|false|false\u00a0\u00bb global_colors_info=\u00a0\u00bb{}\u00a0\u00bb]<\/p>\n<h2 class=\"p1\">Mesure &amp; plafond<\/h2>\n<p class=\"p1\">Notre d\u00e9marche en commun vers l\u2019att\u00e9nuation du bilan carbone des projets d\u2019infrastructure commence par le passage de l\u2019estimation de l\u2019impact CO2e des projets \u00e0 la mesure r\u00e9elle de cet impact.<\/p>\n<p>[\/et_pb_text][\/et_pb_column][\/et_pb_row][et_pb_row column_structure=\u00a0\u00bb2_5,3_5&Prime; _builder_version=\u00a0\u00bb4.18.0&Prime; _module_preset=\u00a0\u00bbdefault\u00a0\u00bb background_enable_color=\u00a0\u00bboff\u00a0\u00bb global_colors_info=\u00a0\u00bb{}\u00a0\u00bb][et_pb_column type=\u00a0\u00bb2_5&Prime; _builder_version=\u00a0\u00bb4.18.0&Prime; _module_preset=\u00a0\u00bbdefault\u00a0\u00bb global_colors_info=\u00a0\u00bb{}\u00a0\u00bb][et_pb_image src=\u00a0\u00bbhttps:\/\/lt.sitegist.net\/wp-content\/uploads\/2022\/10\/Know-and-optimize-icon.svg\u00a0\u00bb title_text=\u00a0\u00bbKnow and optimize icon\u00a0\u00bb module_class=\u00a0\u00bbservicesblockImg\u00a0\u00bb _builder_version=\u00a0\u00bb4.18.0&Prime; _module_preset=\u00a0\u00bbdefault\u00a0\u00bb background_enable_color=\u00a0\u00bboff\u00a0\u00bb width=\u00a0\u00bb50%\u00a0\u00bb module_alignment=\u00a0\u00bbcenter\u00a0\u00bb global_colors_info=\u00a0\u00bb{}\u00a0\u00bb][\/et_pb_image][\/et_pb_column][et_pb_column type=\u00a0\u00bb3_5&Prime; _builder_version=\u00a0\u00bb4.18.0&Prime; _module_preset=\u00a0\u00bbdefault\u00a0\u00bb global_colors_info=\u00a0\u00bb{}\u00a0\u00bb][et_pb_text module_class=\u00a0\u00bbservicesblock\u00a0\u00bb _builder_version=\u00a0\u00bb4.18.0&Prime; _module_preset=\u00a0\u00bbdefault\u00a0\u00bb background_enable_color=\u00a0\u00bboff\u00a0\u00bb width=\u00a0\u00bb110%\u00a0\u00bb min_height=\u00a0\u00bb419px\u00a0\u00bb custom_margin=\u00a0\u00bb|||20px|false|false\u00a0\u00bb custom_padding=\u00a0\u00bb20px|20px|20px|20px|false|false\u00a0\u00bb global_colors_info=\u00a0\u00bb{}\u00a0\u00bb]<\/p>\n<h2 class=\"p1\">Connaissances &amp; optimisation<\/h2>\n<p class=\"p1\">Une fois en mesure de retracer l\u2019impact CO2e r\u00e9el et de le comparer aux estimations, il est temps de commencer \u00e0 optimiser notre travail. Notre objectif est de vous aider \u00e0 d\u00e9tecter quelles parties des projets ont un impact sur votre empreinte carbone et comment nous pouvons att\u00e9nuer cet impact. Vous pouvez donc prendre vos d\u00e9cisions de mani\u00e8re compl\u00e8tement \u00e9clair\u00e9e pour trouver le compromis souhait\u00e9 entre les facteurs \u00e9conomiques et environnementaux<\/p>\n<p>[\/et_pb_text][\/et_pb_column][\/et_pb_row][et_pb_row column_structure=\u00a0\u00bb2_5,3_5&Prime; _builder_version=\u00a0\u00bb4.18.0&Prime; _module_preset=\u00a0\u00bbdefault\u00a0\u00bb background_enable_color=\u00a0\u00bboff\u00a0\u00bb global_colors_info=\u00a0\u00bb{}\u00a0\u00bb][et_pb_column type=\u00a0\u00bb2_5&Prime; _builder_version=\u00a0\u00bb4.18.0&Prime; _module_preset=\u00a0\u00bbdefault\u00a0\u00bb global_colors_info=\u00a0\u00bb{}\u00a0\u00bb][et_pb_image src=\u00a0\u00bbhttps:\/\/lt.sitegist.net\/wp-content\/uploads\/2022\/09\/Carbonfree.svg\u00a0\u00bb title_text=\u00a0\u00bbCarbonfree\u00a0\u00bb module_class=\u00a0\u00bbservicesblockImg\u00a0\u00bb _builder_version=\u00a0\u00bb4.18.0&Prime; _module_preset=\u00a0\u00bbdefault\u00a0\u00bb background_enable_color=\u00a0\u00bboff\u00a0\u00bb width=\u00a0\u00bb50%\u00a0\u00bb module_alignment=\u00a0\u00bbcenter\u00a0\u00bb global_colors_info=\u00a0\u00bb{}\u00a0\u00bb][\/et_pb_image][\/et_pb_column][et_pb_column type=\u00a0\u00bb3_5&Prime; _builder_version=\u00a0\u00bb4.18.0&Prime; _module_preset=\u00a0\u00bbdefault\u00a0\u00bb global_colors_info=\u00a0\u00bb{}\u00a0\u00bb][et_pb_text module_class=\u00a0\u00bbservicesblock\u00a0\u00bb _builder_version=\u00a0\u00bb4.20.2&Prime; _module_preset=\u00a0\u00bbdefault\u00a0\u00bb background_enable_color=\u00a0\u00bboff\u00a0\u00bb width=\u00a0\u00bb110%\u00a0\u00bb min_height=\u00a0\u00bb419px\u00a0\u00bb custom_margin=\u00a0\u00bb|||20px|false|false\u00a0\u00bb custom_padding=\u00a0\u00bb20px|20px|20px|20px|false|false\u00a0\u00bb hover_enabled=\u00a0\u00bb0&Prime; global_colors_info=\u00a0\u00bb{}\u00a0\u00bb sticky_enabled=\u00a0\u00bb0&Prime;]<\/p>\n<h2><span>Des infrastructures d\u00e9carbon\u00e9es<\/span><\/h2>\n<p><span>Nous savons tous que nous travaillons dans un secteur qui tra\u00eene l\u2019une des empreintes carbone les plus lourdes. Se tourner vers des infrastructures d\u00e9carbon\u00e9es et durables, c\u2019est un sujet de fiert\u00e9 que nous pouvons partager avec les g\u00e9n\u00e9rations \u00e0 venir. Montrons ensemble la voie \u00e0 suivre !<\/span><\/p>\n<p>[\/et_pb_text][\/et_pb_column][\/et_pb_row][\/et_pb_section][et_pb_section fb_built=\u00a0\u00bb1&Prime; _builder_version=\u00a0\u00bb4.16&Prime; _module_preset=\u00a0\u00bbdefault\u00a0\u00bb global_colors_info=\u00a0\u00bb{}\u00a0\u00bb][et_pb_row _builder_version=\u00a0\u00bb4.16&Prime; _module_preset=\u00a0\u00bbdefault\u00a0\u00bb global_colors_info=\u00a0\u00bb{}\u00a0\u00bb][et_pb_column type=\u00a0\u00bb4_4&Prime; _builder_version=\u00a0\u00bb4.16&Prime; _module_preset=\u00a0\u00bbdefault\u00a0\u00bb global_colors_info=\u00a0\u00bb{}\u00a0\u00bb][et_pb_text _builder_version=\u00a0\u00bb4.18.0&Prime; _module_preset=\u00a0\u00bbdefault\u00a0\u00bb global_colors_info=\u00a0\u00bb{}\u00a0\u00bb]<\/p>\n<h3>Misez sur la durabilit\u00e9<\/h3>\n<p>[\/et_pb_text][\/et_pb_column][\/et_pb_row][et_pb_row column_structure=\u00a0\u00bb1_3,1_3,1_3&Prime; _builder_version=\u00a0\u00bb4.17.4&Prime; _module_preset=\u00a0\u00bbdefault\u00a0\u00bb global_colors_info=\u00a0\u00bb{}\u00a0\u00bb][et_pb_column type=\u00a0\u00bb1_3&Prime; _builder_version=\u00a0\u00bb4.17.4&Prime; _module_preset=\u00a0\u00bbdefault\u00a0\u00bb global_colors_info=\u00a0\u00bb{}\u00a0\u00bb][\/et_pb_column][et_pb_column type=\u00a0\u00bb1_3&Prime; _builder_version=\u00a0\u00bb4.17.4&Prime; _module_preset=\u00a0\u00bbdefault\u00a0\u00bb global_colors_info=\u00a0\u00bb{}\u00a0\u00bb][et_pb_team_member image_url=\u00a0\u00bbhttps:\/\/lt.sitegist.net\/wp-content\/uploads\/2022\/07\/infrakit_jere_syrjala.png\u00a0\u00bb admin_label=\u00a0\u00bbJere Syrj\u00e4l\u00e4\u00a0\u00bb _builder_version=\u00a0\u00bb4.17.4&Prime; _module_preset=\u00a0\u00bbdefault\u00a0\u00bb global_colors_info=\u00a0\u00bb{}\u00a0\u00bb]<\/p>\n<p style=\"text-align: center;\"><strong>Jere Syrj\u00e4l\u00e4<\/strong><br \/>Product Manager<br \/><a href=\"mailto:jere.syrjala@lt.sitegist.net\">Jere.syrjala@lt.sitegist.net<\/a><br \/>+358 50 365 7875<\/p>\n<p>[\/et_pb_team_member][et_pb_code _builder_version=\u00a0\u00bb4.18.0&Prime; _module_preset=\u00a0\u00bbdefault\u00a0\u00bb global_colors_info=\u00a0\u00bb{}\u00a0\u00bb]<\/p>\n<div class=\"pipedriveWebForms\" data-pd-webforms=\"https:\/\/webforms.pipedrive.com\/f\/nm9IPwsJTZbaB8rej3Fgw3rCFAaxauRwGKPBS74MyLB8WMOEIRH9p4NNLxFoGsj\"><script src=\"https:\/\/webforms.pipedrive.com\/f\/loader\"><\/script><\/div>\n<p>[\/et_pb_code][\/et_pb_column][et_pb_column type=\u00a0\u00bb1_3&Prime; _builder_version=\u00a0\u00bb4.17.4&Prime; _module_preset=\u00a0\u00bbdefault\u00a0\u00bb global_colors_info=\u00a0\u00bb{}\u00a0\u00bb][\/et_pb_column][\/et_pb_row][\/et_pb_section]<\/p>\n","protected":false},"excerpt":{"rendered":"<p>Durabilit\u00e9 La digitalisation des projets de travaux publics sera votre voie vers la construction d&rsquo;infrastructures durables. Notre mission est de permettre \u00e0 l&rsquo;industrie des infrastructures de devenir durableUne bonne digitalisation permet \u00e0 votre organisation d\u2019obtenir de meilleurs r\u00e9sultats lors des \u00e9valuations de durabilit\u00e9 (CEEQUAL\u00a0ou\u00a0ESG\u00a0par exemple).Les &gt;5\u00a0% de l\u2019empreinte carbone d\u2019un projet peuvent \u00eatre r\u00e9duits simplement [&hellip;]<\/p>\n","protected":false},"author":1,"featured_media":0,"parent":0,"menu_order":4,"comment_status":"closed","ping_status":"closed","template":"","meta":{"_acf_changed":false,"_et_pb_use_builder":"on","_et_pb_old_content":"[et_pb_section fb_built=\"1\" _builder_version=\"4.18.0\" _module_preset=\"default\" background_color=\"#fbfaf9\" global_colors_info=\"{}\"][et_pb_row column_structure=\"1_2,1_2\" _builder_version=\"4.16\" _module_preset=\"default\" global_colors_info=\"{}\"][et_pb_column type=\"1_2\" _builder_version=\"4.16\" _module_preset=\"default\" global_colors_info=\"{}\"][et_pb_text _builder_version=\"4.18.0\" _module_preset=\"default\" global_colors_info=\"{}\"]<h1>Nachhaltigkeit<\/h1>\r\n<p class=\"intro\">Ihr Weg zu einer nachhaltigen Infrastruktur beginnt mit einer zweckm\u00e4\u00dfigen Digitalisierung Ihrer Projekte. Unsere Mission ist es, eine nachhaltige Infrastrukturindustrie zu erm\u00f6glichen..<\/p>[\/et_pb_text][\/et_pb_column][et_pb_column type=\"1_2\" _builder_version=\"4.16\" _module_preset=\"default\" global_colors_info=\"{}\"][et_pb_image src=\"\/wp-content\/uploads\/2021\/05\/services_image.png\" title_text=\"services_image\" _builder_version=\"4.16\" _module_preset=\"default\" global_colors_info=\"{}\"][\/et_pb_image][\/et_pb_column][\/et_pb_row][\/et_pb_section][et_pb_section fb_built=\"1\" admin_label=\"core services label\" _builder_version=\"4.16\" _module_preset=\"default\" background_color=\"#FBFAF9\" saved_tabs=\"all\" global_colors_info=\"{}\"][et_pb_row _builder_version=\"4.17.4\" _module_preset=\"default\" global_colors_info=\"{}\"][et_pb_column type=\"4_4\" _builder_version=\"4.17.4\" _module_preset=\"default\" global_colors_info=\"{}\"][et_pb_image src=\"https:\/\/lt.sitegist.net\/wp-content\/uploads\/2022\/07\/infrakit_sustainability_page-2.jpg\" title_text=\"infrakit_sustainability_page\" align=\"center\" force_fullwidth=\"on\" _builder_version=\"4.17.4\" _module_preset=\"default\" global_colors_info=\"{}\"][\/et_pb_image][\/et_pb_column][\/et_pb_row][et_pb_row column_structure=\"1_3,1_3,1_3\" make_equal=\"on\" admin_label=\"core services row\" _builder_version=\"4.16\" _module_preset=\"default\" global_colors_info=\"{}\"][et_pb_column type=\"1_3\" _builder_version=\"4.16\" _module_preset=\"default\" global_colors_info=\"{}\"][et_pb_number_counter number=\"100\" _builder_version=\"4.17.4\" _module_preset=\"default\" global_colors_info=\"{}\"][\/et_pb_number_counter][et_pb_text _builder_version=\"4.18.0\" _module_preset=\"default\" global_colors_info=\"{}\"]<p style=\"text-align: center;\">Richtig eingesetzte Digitalisierung erm\u00f6glicht es Ihrem Unternehmen, bei Nachhaltigkeitszertifizierungen wie <strong>CEEQUAL<\/strong> oder <strong>ESG<\/strong> h\u00f6here Punktzahlen zu erhalten.<\/p>[\/et_pb_text][\/et_pb_column][et_pb_column type=\"1_3\" _builder_version=\"4.16\" _module_preset=\"default\" global_colors_info=\"{}\"][et_pb_number_counter number=\"5\" _builder_version=\"4.17.4\" _module_preset=\"default\" global_colors_info=\"{}\"][\/et_pb_number_counter][et_pb_text admin_label=\"Text\" _builder_version=\"4.18.0\" _module_preset=\"default\" global_colors_info=\"{}\"]<p style=\"font-weight: 400; text-align: center;\"><span>>5\u00a0% <strong>des CO2-Fu\u00dfabdrucks<\/strong> in einem Projekts k\u00f6nnen allein durch die Effizienzsteigerung im Zuge der Digitalisierung eingespart werden. Mit unserer Hilfe k\u00f6nnen Sie diese Wirkung noch verst\u00e4rken.<\/span><\/p>[\/et_pb_text][\/et_pb_column][et_pb_column type=\"1_3\" _builder_version=\"4.16\" _module_preset=\"default\" global_colors_info=\"{}\"][et_pb_number_counter number=\"9 SDGs\" percent_sign=\"off\" _builder_version=\"4.17.4\" _module_preset=\"default\" global_colors_info=\"{}\"][\/et_pb_number_counter][et_pb_text admin_label=\"Text\" _builder_version=\"4.18.0\" _module_preset=\"default\" global_colors_info=\"{}\"]<p style=\"text-align: center;\"><strong>Die gezielte Digitalisierung eines Infrastrukturprojekt<\/strong>s tr\u00e4gt zu mindestens 9 Zielen f\u00fcr nachhaltige Entwicklung bei.<\/p>[\/et_pb_text][\/et_pb_column][\/et_pb_row][\/et_pb_section][et_pb_section fb_built=\"1\" _builder_version=\"4.18.0\" _module_preset=\"default\" background_enable_color=\"off\" global_colors_info=\"{}\"][et_pb_row column_structure=\"2_5,3_5\" _builder_version=\"4.18.0\" _module_preset=\"default\" background_enable_color=\"off\" global_colors_info=\"{}\"][et_pb_column type=\"2_5\" _builder_version=\"4.18.0\" _module_preset=\"default\" global_colors_info=\"{}\"][et_pb_image src=\"https:\/\/lt.sitegist.net\/wp-content\/uploads\/2022\/09\/Measureandcap.svg\" title_text=\"Measureandcap\" align=\"center\" module_class=\"servicesblockImg\" _builder_version=\"4.18.0\" _module_preset=\"default\" background_enable_color=\"off\" width=\"50%\" global_colors_info=\"{}\"][\/et_pb_image][\/et_pb_column][et_pb_column type=\"3_5\" _builder_version=\"4.18.0\" _module_preset=\"default\" global_colors_info=\"{}\"][et_pb_text module_class=\"servicesblock\" _builder_version=\"4.18.0\" _module_preset=\"default\" background_enable_color=\"off\" width=\"110%\" min_height=\"419px\" custom_margin=\"|||20px|false|false\" custom_padding=\"20px|20px|20px|20px|false|false\" global_colors_info=\"{}\"]<h2 class=\"p1\">Messen & begrenzen<\/h2>\r\n<p class=\"p1\">Unser gemeinsamer Weg zur Verringerung des CO2-Fu\u00dfabdrucks von Infrastrukturprojekten beginnt damit, dass wir von der Sch\u00e4tzung der CO2-Auswirkungen der Projekte zur Messung der tats\u00e4chlichen Auswirkungen \u00fcbergehen.<\/p>[\/et_pb_text][\/et_pb_column][\/et_pb_row][et_pb_row column_structure=\"2_5,3_5\" _builder_version=\"4.18.0\" _module_preset=\"default\" background_enable_color=\"off\" global_colors_info=\"{}\"][et_pb_column type=\"2_5\" _builder_version=\"4.18.0\" _module_preset=\"default\" global_colors_info=\"{}\"][et_pb_image src=\"https:\/\/lt.sitegist.net\/wp-content\/uploads\/2022\/10\/Know-and-optimize-icon.svg\" title_text=\"Know and optimize icon\" module_class=\"servicesblockImg\" _builder_version=\"4.18.0\" _module_preset=\"default\" background_enable_color=\"off\" width=\"50%\" module_alignment=\"center\" global_colors_info=\"{}\"][\/et_pb_image][\/et_pb_column][et_pb_column type=\"3_5\" _builder_version=\"4.18.0\" _module_preset=\"default\" global_colors_info=\"{}\"][et_pb_text module_class=\"servicesblock\" _builder_version=\"4.18.0\" _module_preset=\"default\" background_enable_color=\"off\" width=\"110%\" min_height=\"419px\" custom_margin=\"|||20px|false|false\" custom_padding=\"20px|20px|20px|20px|false|false\" global_colors_info=\"{}\"]<h2 class=\"p1\">Kennen & optimieren<\/h2>\r\n<p class=\"p1\">Sobald wir die tats\u00e4chlichen CO2-Auswirkungen nachvollziehen und mit den Sch\u00e4tzungen vergleichen k\u00f6nnen, kommt der Moment, unsere Arbeiten zu optimieren. Unser Ziel ist, Ihnen einen \u00dcberblick zu verschaffen, welche Teile der Projekte sich auf Ihren CO2-Fu\u00dfabdruck auswirken und wie wir diese Auswirkungen minimieren k\u00f6nnen. So kommen Sie zu einem vollst\u00e4ndig bewussten Entscheidungsprozess, um zwischen wirtschaftlichen und \u00f6kologischen Faktoren abzuw\u00e4gen und diese weiterzuverfolgen.<\/p>[\/et_pb_text][\/et_pb_column][\/et_pb_row][et_pb_row column_structure=\"2_5,3_5\" _builder_version=\"4.18.0\" _module_preset=\"default\" background_enable_color=\"off\" global_colors_info=\"{}\"][et_pb_column type=\"2_5\" _builder_version=\"4.18.0\" _module_preset=\"default\" global_colors_info=\"{}\"][et_pb_image src=\"https:\/\/lt.sitegist.net\/wp-content\/uploads\/2022\/09\/Carbonfree.svg\" title_text=\"Carbonfree\" module_class=\"servicesblockImg\" _builder_version=\"4.18.0\" _module_preset=\"default\" background_enable_color=\"off\" width=\"50%\" module_alignment=\"center\" global_colors_info=\"{}\"][\/et_pb_image][\/et_pb_column][et_pb_column type=\"3_5\" _builder_version=\"4.18.0\" _module_preset=\"default\" global_colors_info=\"{}\"][et_pb_text module_class=\"servicesblock\" _builder_version=\"4.18.0\" _module_preset=\"default\" background_enable_color=\"off\" width=\"110%\" min_height=\"419px\" custom_margin=\"|||20px|false|false\" custom_padding=\"20px|20px|20px|20px|false|false\" global_colors_info=\"{}\"]<h2 class=\"p1\">CO2-neutrale Infrastruktur<\/h2>\r\n<p class=\"p1\">Wir alle wissen, dass unsere Branche einen besonders gro\u00dfen CO2-Fu\u00dfabdruck hat. Die Arbeit an einer CO2-neutralen, nachhaltigen Infrastruktur ist etwas, das wir voll Stolz an die zuk\u00fcnftigen Generationen weitergeben k\u00f6nnen. Weisen wir gemeinsam den Weg!<\/p>[\/et_pb_text][\/et_pb_column][\/et_pb_row][\/et_pb_section][et_pb_section fb_built=\"1\" _builder_version=\"4.16\" _module_preset=\"default\" global_colors_info=\"{}\"][et_pb_row _builder_version=\"4.16\" _module_preset=\"default\" global_colors_info=\"{}\"][et_pb_column type=\"4_4\" _builder_version=\"4.16\" _module_preset=\"default\" global_colors_info=\"{}\"][et_pb_text _builder_version=\"4.18.0\" _module_preset=\"default\" global_colors_info=\"{}\"]<h3>Sprechen Sie mit uns zum Thema Nachhaltigkeit<\/h3>[\/et_pb_text][\/et_pb_column][\/et_pb_row][et_pb_row column_structure=\"1_3,1_3,1_3\" _builder_version=\"4.17.4\" _module_preset=\"default\" global_colors_info=\"{}\"][et_pb_column type=\"1_3\" _builder_version=\"4.17.4\" _module_preset=\"default\" global_colors_info=\"{}\"][\/et_pb_column][et_pb_column type=\"1_3\" _builder_version=\"4.17.4\" _module_preset=\"default\" global_colors_info=\"{}\"][et_pb_team_member image_url=\"https:\/\/lt.sitegist.net\/wp-content\/uploads\/2022\/07\/infrakit_jere_syrjala.png\" admin_label=\"Jere Syrj\u00e4l\u00e4\" _builder_version=\"4.17.4\" _module_preset=\"default\" global_colors_info=\"{}\"]<p style=\"text-align: center;\"><strong>Jere Syrj\u00e4l\u00e4<\/strong><br \/>Product Manager<br \/><a href=\"mailto:jere.syrjala@lt.sitegist.net\">Jere.syrjala@lt.sitegist.net<\/a><br \/>+358 50 365 7875<\/p>[\/et_pb_team_member][et_pb_code _builder_version=\"4.18.0\" _module_preset=\"default\" global_colors_info=\"{}\"]<div class=\"pipedriveWebForms\" data-pd-webforms=\"https:\/\/webforms.pipedrive.com\/f\/lzvVNRdjH0Q7Wt2ODBbLU71iso79x5YSEeruzP0Mz0DrRbb9dGA38VVl4Oi0O1d\"><script src=\"https:\/\/webforms.pipedrive.com\/f\/loader\"><\/script><\/div>[\/et_pb_code][\/et_pb_column][et_pb_column type=\"1_3\" _builder_version=\"4.17.4\" _module_preset=\"default\" global_colors_info=\"{}\"][\/et_pb_column][\/et_pb_row][\/et_pb_section]","_et_gb_content_width":"","footnotes":""},"class_list":["post-15385","page","type-page","status-publish","hentry"],"acf":[],"_links":{"self":[{"href":"https:\/\/lt.sitegist.net\/fr\/wp-json\/wp\/v2\/pages\/15385","targetHints":{"allow":["GET"]}}],"collection":[{"href":"https:\/\/lt.sitegist.net\/fr\/wp-json\/wp\/v2\/pages"}],"about":[{"href":"https:\/\/lt.sitegist.net\/fr\/wp-json\/wp\/v2\/types\/page"}],"author":[{"embeddable":true,"href":"https:\/\/lt.sitegist.net\/fr\/wp-json\/wp\/v2\/users\/1"}],"replies":[{"embeddable":true,"href":"https:\/\/lt.sitegist.net\/fr\/wp-json\/wp\/v2\/comments?post=15385"}],"version-history":[{"count":5,"href":"https:\/\/lt.sitegist.net\/fr\/wp-json\/wp\/v2\/pages\/15385\/revisions"}],"predecessor-version":[{"id":18564,"href":"https:\/\/lt.sitegist.net\/fr\/wp-json\/wp\/v2\/pages\/15385\/revisions\/18564"}],"wp:attachment":[{"href":"https:\/\/lt.sitegist.net\/fr\/wp-json\/wp\/v2\/media?parent=15385"}],"curies":[{"name":"wp","href":"https:\/\/api.w.org\/{rel}","templated":true}]}}