{"id":6180,"date":"2021-11-25T21:26:12","date_gmt":"2021-11-25T21:26:12","guid":{"rendered":"https:\/\/lt.sitegist.net\/?page_id=6180"},"modified":"2021-12-14T19:51:26","modified_gmt":"2021-12-14T19:51:26","slug":"referenssit","status":"publish","type":"page","link":"https:\/\/lt.sitegist.net\/fi\/referenssit\/","title":{"rendered":"Referenssit"},"content":{"rendered":"<p>[et_pb_section fb_built=&#8221;1&#8243; admin_label=&#8221;heading component&#8221; _builder_version=&#8221;4.9.4&#8243; _module_preset=&#8221;default&#8221; background_color=&#8221;#f9f9f7&#8243; global_colors_info=&#8221;{}&#8221;][et_pb_row column_structure=&#8221;1_2,1_2&#8243; admin_label=&#8221;Header component&#8221; _builder_version=&#8221;4.9.4&#8243; _module_preset=&#8221;default&#8221; global_colors_info=&#8221;{}&#8221;][et_pb_column type=&#8221;1_2&#8243; _builder_version=&#8221;4.9.4&#8243; _module_preset=&#8221;default&#8221; global_colors_info=&#8221;{}&#8221;][et_pb_text _builder_version=&#8221;4.13.1&#8243; _module_preset=&#8221;default&#8221; hover_enabled=&#8221;0&#8243; global_colors_info=&#8221;{}&#8221; sticky_enabled=&#8221;0&#8243;]<\/p>\n<h1>Referenssit<\/h1>\n<p>[\/et_pb_text][\/et_pb_column][et_pb_column type=&#8221;1_2&#8243; _builder_version=&#8221;4.9.4&#8243; _module_preset=&#8221;default&#8221; global_colors_info=&#8221;{}&#8221;][et_pb_image src=&#8221;\/wp-content\/uploads\/2021\/06\/Combined-Shape@15x.svg&#8221; title_text=&#8221;Combined Shape@1,5x&#8221; _builder_version=&#8221;4.9.4&#8243; _module_preset=&#8221;default&#8221; global_colors_info=&#8221;{}&#8221;][\/et_pb_image][\/et_pb_column][\/et_pb_row][\/et_pb_section][et_pb_section fb_built=&#8221;1&#8243; fullwidth=&#8221;on&#8221; _builder_version=&#8221;4.9.4&#8243; _module_preset=&#8221;default&#8221; global_colors_info=&#8221;{}&#8221;][et_pb_fullwidth_code _builder_version=&#8221;4.9.4&#8243; _module_preset=&#8221;default&#8221; global_colors_info=&#8221;{}&#8221;]<style>\n    #slide {\n      width: 100%;\n      background-color: #FBFAF9;\n      display: flex;\n      align-items: center;\n      margin:0px;\n      padding:0;\n      heigth:auto;\n      max-height:700px;\n  }\n  #recent > article > a {\n    text-decoration: none;\n    color: black;\n  }\n  #headLineContent > a {\n    text-decoration: none;\n    color: black;\n  }\n  \n  #slidewrap {\u00a0\n    max-width: 500px;\n    width: 50%;\n    margin: auto;\n  }\n  #slidewrap img {\n    width:100%;\n  }\n  \n  .headlineContent{\n    background: #FBFAF9;\n    background-color: #FBFAF9;\n    display: block;\n    position: relative;\n    left: 20%;\n    margin-top:35%;\n    max-width: 800px;\n    padding: 30px;\n    max-height: 200px;\n    }\n  .headlineContent h1{\n     font-size: 28px;\n     line-height: 30px;\n  } \n  #recent {\n    background-color: #FBFAF9;\n    margin-top: 0px;\n    overflow: auto;\n    display: flex;\n    align-items: stretch;\n    flex-wrap: wrap;\n    padding: 30px;\n  }\n  \n  #recent > article {\n    margin: 15px;\n    flex-basis: 31%;\n    background-color: white;\n  \n  }\n  #recent > article > h1, h2,h3,h4,h6, p, a { \n    padding: 20px;\n  }\n  \n  \n  #recent article img {\n    padding: 0px;\n    margin: 0px auto;\n    min-width:400px;\n    width: 100%;\n    height: auto;\n  }\n  #contentx{ \n    background-color: #FBFAF9;\n    width: 100%;\n    margin: auto;\n    display:block;\n  }\n  #casesContentWrapper{\n    max-width:1600px;\n    margin: 0 auto;\n  }\n  @media screen and (max-width: 600px) {\n    #recent, article {\n      padding-left: 0px !important;\n    }\n    #recent > article > h1, h2, h3, h4, h6, p, a {\n      width:90%;\n      padding-left:15px;\n    }\n  }\n<\/style>\n<div id=\"contentx\">\n <div id=\"casesContentWrapper\">\n  <!-- Start content -->\n  <div id=\"slide\">\n    <div id=\"slidewrap\">\n        <img decoding=\"async\"\n          src=\"https:\/\/lt.sitegist.net\/wp-content\/uploads\/2022\/11\/windturbine8-whole-area@03x-1024x683-1.jpg\"\n        \/>\n        <div class=\"headlineContent\" style=\"top:-400px;display:block;\">\n            <h1>Destia rakentaa Mutkalammen tuulipuistoa \u2013 Suunnittelun ohjaaja Krista Uutela kertoo j\u00e4ttihankkeen seurannasta suunnittelijan n\u00e4k\u00f6kulmasta<\/h1>\n            <p>\n              Destia rakentaa tuulipuistoinfraa Vestakselle Keski- ja Pohjois-Pohjanmaalla Mutkalammella, joka tulee valmistuessaan olemaan Suomen suurin.\n            <\/p>\n            <a class=\"readMore\" href=\"https:\/\/lt.sitegist.net\/fi\/caseselected\/destia-rakentaa-mutkalammen-tuulipuistoa-suunnittelun-ohjaaja-krista-uutela-kertoo-jattihankkeen-seurannasta-suunnittelijan-nakokulmasta\/\">Lue lis&auml;&auml; &raquo;<\/a><br \/>&nbsp;<br \/>\n        <\/div>\n    <\/div>\n  <\/div>\n  <section id=\"recent\">\n        \n        <article>\n        <img decoding=\"async\"\n          src=\"https:\/\/lt.sitegist.net\/wp-content\/uploads\/2023\/08\/A9_highlighter_image.jpg\"\n        \/>\n        <h6>Advancement through digitalization and innovation \u2013 Benefits of digitalization in the A9 highway refurbishment for all project participants.<\/h6>\n        <p>\n        The refurbishment of the Pyhrn Motorway A9 is a groundbreaking project in which Austrian motorway authority, ASFiNAG, placed a strong emphasis on digitalization during the tendering phase.\n        <\/p>\n        <a class=\"readMore\" href=\"https:\/\/lt.sitegist.net\/fi\/caseselected\/advancement-through-digitalization-and-innovation-benefits-of-digitalization-in-the-a9-highway-refurbishment-for-all-project-participants\/\">Lue lis&auml;&auml; &raquo;<\/a>\n      <\/article>\n        \n        <article>\n        <img decoding=\"async\"\n          src=\"https:\/\/lt.sitegist.net\/wp-content\/uploads\/2023\/02\/dunnewindgroep_highlighter_image.jpg\"\n        \/>\n        <h6>\u201cInfrakit is unmissable in our present-day work\u201d Jan Boerman, land surveyor at Dunnewind Groep in Ommen<\/h6>\n        <p>\n        He is an \u201cold hand\u201d in the trade. Jan Boerman works, among his other jobs, as a land surveyor at Dunnewind Groep in Ommen. The company specializes in earthworks, civil engineering, demolition projects, transport, and waste collection.\n        <\/p>\n        <a class=\"readMore\" href=\"https:\/\/lt.sitegist.net\/fi\/caseselected\/infrakit-is-unmissable-in-our-present-day-work-jan-boerman-land-surveyor-at-dunnewind-groep-in-ommen\/\">Lue lis&auml;&auml; &raquo;<\/a>\n      <\/article>\n        \n        <article>\n        <img decoding=\"async\"\n          src=\"https:\/\/lt.sitegist.net\/wp-content\/uploads\/2022\/12\/destia_wind_farm_highlighter_image.jpg\"\n        \/>\n        <h6>Destia rakentaa Mutkalammen tuulipuistoa \u2013 Ty\u00f6maap\u00e4\u00e4llikk\u00f6 kertoo j\u00e4ttihankkeen hallinnasta pilvipalvelun avulla<\/h6>\n        <p>\n        Mutkalammen tuulipuiston laajuuden \u2013 4800 hehtaarin ja 69 tuulivoimalan \u2013 my\u00f6t\u00e4 projekti vaatii pidemm\u00e4n valmistelu- ja rakentamisajanjakson.\n        <\/p>\n        <a class=\"readMore\" href=\"https:\/\/lt.sitegist.net\/fi\/caseselected\/destia-rakentaa-mutkalammen-tuulipuistoa-tyomaapaallikko-kertoo-jattihankkeen-hallinnasta-pilvipalvelun-avulla\/\">Lue lis&auml;&auml; &raquo;<\/a>\n      <\/article>\n        \n        <article>\n        <img decoding=\"async\"\n          src=\"https:\/\/lt.sitegist.net\/wp-content\/uploads\/2022\/09\/infrakit_heijmans_highlighter_image.jpg\"\n        \/>\n        <h6>Klavertje 4: Heijmans rakentaa Greenport Venlon syd\u00e4nt\u00e4 \u2013 maanmittausp\u00e4\u00e4llikk\u00f6 kertoo jaetusta kaluston- ja laadunhallinnasta<\/h6>\n        <p>\n        Klavertje 4 (K4, nelilehtinen apila) on noin 5 000 hehtaarin kokoinen alue Venlosta luoteeseen A73- ja A67-moottoriteiden v\u00e4liss\u00e4.\n        <\/p>\n        <a class=\"readMore\" href=\"https:\/\/lt.sitegist.net\/fi\/caseselected\/klavertje-4-heijmans-rakentaa-greenport-venlon-sydanta-maanmittauspaallikko-kertoo-jaetusta-kaluston-ja-laadunhallinnasta\/\">Lue lis&auml;&auml; &raquo;<\/a>\n      <\/article>\n        \n        <article>\n        <img decoding=\"async\"\n          src=\"https:\/\/lt.sitegist.net\/wp-content\/uploads\/2022\/08\/Bouygues-highlight-AB.jpg\"\n        \/>\n        <h6>Bouyguesin ty\u00f6maap\u00e4\u00e4llikk\u00f6 Anthony Balbeurre kertoo reaaliaikaisten tietojen hallinnasta metrolinjan 11 rakennusty\u00f6maalla Pariisissa<\/h6>\n        <p>\n        Metrolinjaa 11 laajentavalla ty\u00f6maalla Bouygues Constructionin ty\u00f6maap\u00e4\u00e4llikk\u00f6 Anthony Balbeurre voi nyt ker\u00e4t\u00e4 ja jakaa reaaliaikaista tietoa Infrakitin avulla\n        <\/p>\n        <a class=\"readMore\" href=\"https:\/\/lt.sitegist.net\/fi\/caseselected\/bouyguesin-tyomaapaallikko-anthony-balbeurre-kertoo-reaaliaikaisten-tietojen-hallinnasta-metrolinjan-11-rakennustyomaalla-pariisissa\/\">Lue lis&auml;&auml; &raquo;<\/a>\n      <\/article>\n        \n        <article>\n        <img decoding=\"async\"\n          src=\"https:\/\/lt.sitegist.net\/wp-content\/uploads\/2022\/06\/E39-AF-Anlegg.png\"\n        \/>\n        <h6>AF Anleggin koneohjaus- ja automaatiop\u00e4\u00e4llikk\u00f6 kertoo erimerkkisten laitteiden tiedonhallinnasta E39-moottoritien rakennushankkeella<\/h6>\n        <p>\n        Haastattelimme AF Anleggin koneohjaus- ja automaatiop\u00e4\u00e4llikk\u00f6 Kristen Petillonia ja kysyimme, miten ty\u00f6skentely Infrakitin kanssa on sujunut.\n        <\/p>\n        <a class=\"readMore\" href=\"https:\/\/lt.sitegist.net\/fi\/caseselected\/af-anleggin-koneohjaus-ja-automaatiopaallikko-kertoo-erimerkkisten-laitteiden-tiedonhallinnasta-e39-moottoritien-rakennushankkeella\/\">Lue lis&auml;&auml; &raquo;<\/a>\n      <\/article>\n        <br><div style=\"width: 100%; text-align: center;float:none;\"><span aria-current=\"page\" class=\"page-numbers current\">1<\/span>\n<a class=\"page-numbers\" href=\"https:\/\/lt.sitegist.net\/fi\/wp-json\/wp\/v2\/pages\/6180\/page\/2\">2<\/a>\n<a class=\"page-numbers\" href=\"https:\/\/lt.sitegist.net\/fi\/wp-json\/wp\/v2\/pages\/6180\/page\/3\">3<\/a>\n<span class=\"page-numbers dots\">&hellip;<\/span>\n<a class=\"page-numbers\" href=\"https:\/\/lt.sitegist.net\/fi\/wp-json\/wp\/v2\/pages\/6180\/page\/7\">7<\/a>\n<a class=\"next page-numbers\" href=\"https:\/\/lt.sitegist.net\/fi\/wp-json\/wp\/v2\/pages\/6180\/page\/2\">&#9658;<\/a><\/div><\/section>[\/et_pb_fullwidth_code][\/et_pb_section]<\/p>\n","protected":false},"excerpt":{"rendered":"<p>AF Anleggin koneohjaus- ja automaatiop\u00e4\u00e4llikk\u00f6 kertoo erimerkkisten laitteiden tiedonhallinnasta E39-moottoritien rakennushankkeella AF Anlegg on johtava rakennus- ja teollisuusalan konserni. Vuonna 2018 AF Anlegg allekirjoitti Nye Veierin kanssa sopimuksen uuden E39-moottoritien suunnittelusta ja rakentamisesta. E39-moottoritien rakentamista Kristiansandin l\u00e4nsiosan ja Mandalin it\u00e4osan v\u00e4lill\u00e4 koskeva hanke on Nye Veierin ensimm\u00e4inen E39-projekti. Allekirjoitushetkell\u00e4 t\u00e4m\u00e4 4,7 miljardin Norjan kruunun arvoinen [&hellip;]<\/p>\n","protected":false},"author":1,"featured_media":0,"parent":0,"menu_order":4,"comment_status":"closed","ping_status":"closed","template":"","meta":{"_acf_changed":false,"_et_pb_use_builder":"on","_et_pb_old_content":"","_et_gb_content_width":"","footnotes":""},"class_list":["post-6180","page","type-page","status-publish","hentry"],"acf":[],"_links":{"self":[{"href":"https:\/\/lt.sitegist.net\/fi\/wp-json\/wp\/v2\/pages\/6180","targetHints":{"allow":["GET"]}}],"collection":[{"href":"https:\/\/lt.sitegist.net\/fi\/wp-json\/wp\/v2\/pages"}],"about":[{"href":"https:\/\/lt.sitegist.net\/fi\/wp-json\/wp\/v2\/types\/page"}],"author":[{"embeddable":true,"href":"https:\/\/lt.sitegist.net\/fi\/wp-json\/wp\/v2\/users\/1"}],"replies":[{"embeddable":true,"href":"https:\/\/lt.sitegist.net\/fi\/wp-json\/wp\/v2\/comments?post=6180"}],"version-history":[{"count":4,"href":"https:\/\/lt.sitegist.net\/fi\/wp-json\/wp\/v2\/pages\/6180\/revisions"}],"predecessor-version":[{"id":6749,"href":"https:\/\/lt.sitegist.net\/fi\/wp-json\/wp\/v2\/pages\/6180\/revisions\/6749"}],"wp:attachment":[{"href":"https:\/\/lt.sitegist.net\/fi\/wp-json\/wp\/v2\/media?parent=6180"}],"curies":[{"name":"wp","href":"https:\/\/api.w.org\/{rel}","templated":true}]}}