{"id":6095,"date":"2021-11-25T19:53:48","date_gmt":"2021-11-25T19:53:48","guid":{"rendered":"https:\/\/lt.sitegist.net\/?page_id=6095"},"modified":"2023-03-29T22:34:09","modified_gmt":"2023-03-29T22:34:09","slug":"urakoitsija","status":"publish","type":"page","link":"https:\/\/lt.sitegist.net\/fi\/tuote\/urakoitsija\/","title":{"rendered":"Urakoitsija"},"content":{"rendered":"<p>[et_pb_section fb_built=&#8221;1&#8243; _builder_version=&#8221;4.16&#8243; _module_preset=&#8221;default&#8221; global_colors_info=&#8221;{}&#8221;][et_pb_row _builder_version=&#8221;4.16&#8243; _module_preset=&#8221;default&#8221; global_colors_info=&#8221;{}&#8221;][et_pb_column type=&#8221;4_4&#8243; _builder_version=&#8221;4.16&#8243; _module_preset=&#8221;default&#8221; global_colors_info=&#8221;{}&#8221;][et_pb_text _builder_version=&#8221;4.16&#8243; _module_preset=&#8221;default&#8221; global_colors_info=&#8221;{}&#8221;]<\/p>\n<h2>Urakoitsija \u2013 tehosta ty\u00f6maan toimintaa<\/h2>\n<p class=\"intro\">Infrakit-alustan avulla rakentaminen sujuu tehokkaasti ja laadukkaasti. Saat projektista tarkan tilannekuvan, koska kaikki projektin tiedot esitet\u00e4\u00e4n kartalla ja 3D-n\u00e4kym\u00e4ss\u00e4. Lis\u00e4ksi saat laadukasta ja ajantasaista tietoa kaikkien ty\u00f6maalla toimivien henkil\u00f6iden rooleista ja s\u00e4\u00e4st\u00e4t samalla aikaa ja rahaa.<\/p>\n<p>&nbsp;<\/p>\n<p>[\/et_pb_text][et_pb_image src=&#8221;https:\/\/lt.sitegist.net\/wp-content\/uploads\/2021\/11\/infrakit_contractor_h.jpg&#8221; title_text=&#8221;infrakit_contractor_h&#8221; align=&#8221;center&#8221; _builder_version=&#8221;4.16&#8243; _module_preset=&#8221;default&#8221; global_colors_info=&#8221;{}&#8221;][\/et_pb_image][\/et_pb_column][\/et_pb_row][\/et_pb_section][et_pb_section fb_built=&#8221;1&#8243; admin_label=&#8221;Testimonials section&#8221; _builder_version=&#8221;4.16&#8243; _module_preset=&#8221;default&#8221; background_color=&#8221;#f7f5f3&#8243; collapsed=&#8221;off&#8221; global_colors_info=&#8221;{}&#8221;][et_pb_row admin_label=&#8221;Testimonial section header&#8221; _builder_version=&#8221;4.16&#8243; _module_preset=&#8221;default&#8221; global_colors_info=&#8221;{}&#8221;][et_pb_column type=&#8221;4_4&#8243; _builder_version=&#8221;4.16&#8243; _module_preset=&#8221;default&#8221; global_colors_info=&#8221;{}&#8221;][et_pb_text admin_label=&#8221;Testimonials text heading&#8221; _builder_version=&#8221;4.16&#8243; _module_preset=&#8221;default&#8221; global_colors_info=&#8221;{}&#8221;]<\/p>\n<h3 style=\"text-align: center;\">Lainauksia asiakaspalautteista<\/h3>\n<p>[\/et_pb_text][\/et_pb_column][\/et_pb_row][\/et_pb_section][et_pb_section fb_built=&#8221;1&#8243; _builder_version=&#8221;4.16&#8243; _module_preset=&#8221;default&#8221; background_color=&#8221;#f7f5f3&#8243; global_colors_info=&#8221;{}&#8221;][et_pb_row column_structure=&#8221;1_5,3_5,1_5&#8243; _builder_version=&#8221;4.16&#8243; _module_preset=&#8221;default&#8221; global_colors_info=&#8221;{}&#8221;][et_pb_column type=&#8221;1_5&#8243; _builder_version=&#8221;4.16&#8243; _module_preset=&#8221;default&#8221; global_colors_info=&#8221;{}&#8221;][\/et_pb_column][et_pb_column type=&#8221;3_5&#8243; _builder_version=&#8221;4.16&#8243; _module_preset=&#8221;default&#8221; global_colors_info=&#8221;{}&#8221;][et_pb_text admin_label=&#8221;Testimonials text&#8221; _builder_version=&#8221;4.16&#8243; _module_preset=&#8221;default&#8221; global_colors_info=&#8221;{}&#8221;]<\/p>\n<p style=\"text-align: center;\"><span style=\"max-width: 588px;\">&#8221;Infrakit antaa hyv\u00e4n yleiskuvan koneissa k\u00e4ytetyist\u00e4 malleista. Lis\u00e4ksi se n\u00e4ytt\u00e4\u00e4, miss\u00e4 koneet sijaitsevat ja helpottaa tietojen hakemista. Suurin ero entiseen verrattuna on se, ett\u00e4 prosessi on nyt huomattavasti visuaalisempi. Projektista saa paremman yleiskuvan ja asioiden hahmottaminen on helpompaa.&#8221;<\/span><\/p>\n<p style=\"text-align: center;\"><img decoding=\"async\" class=\"aligncenter\" src=\"\/wp-content\/uploads\/2021\/11\/infrakit_customer_risa.png\" \/><br \/>\n<b>Jarle Vatne, Project Manager at Risa<\/b><\/p>\n<p><center><\/p>\n<hr \/>\n<p><\/center><\/p>\n<p>&nbsp;<\/p>\n<p>[\/et_pb_text][et_pb_text admin_label=&#8221;Testimonials text&#8221; _builder_version=&#8221;4.16&#8243; _module_preset=&#8221;default&#8221; global_colors_info=&#8221;{}&#8221;]<\/p>\n<p style=\"text-align: center;\"><span style=\"max-width: 588px;\">&#8221;Aiemmin k\u00e4ytimme useita ohjelmia eri alustoilla. Meid\u00e4n my\u00f6s t\u00e4ytyi l\u00e4hett\u00e4\u00e4 samat mallit useaan kertaan. Infrakit kokoaa kaikki mallit samaan paikkaan. T\u00e4llaiseen avaimet k\u00e4teen -urakkaan kuuluu monia malleja ja versioita. Viiden eri alustan sijaan voimme k\u00e4ytt\u00e4\u00e4 nyt t\u00e4t\u00e4 yht\u00e4. Kaiken kaikkiaan t\u00e4m\u00e4 tehostaa kalustonhallintaa huomattavasti.&#8221;<\/span><\/p>\n<p style=\"text-align: center;\"><img decoding=\"async\" class=\"aligncenter\" src=\"\/wp-content\/uploads\/2021\/10\/infrakit_customer_peab.png\" \/><br \/>\n<b>Eirik Frimannslund, Survey Manager at PEAB<\/b><br \/>\n<center><\/p>\n<hr \/>\n<p><\/center><\/p>\n<p>&nbsp;<\/p>\n<p>[\/et_pb_text][et_pb_text admin_label=&#8221;Testimonials text&#8221; _builder_version=&#8221;4.16&#8243; _module_preset=&#8221;default&#8221; global_colors_info=&#8221;{}&#8221;]<\/p>\n<p style=\"text-align: center;\"><span style=\"max-width: 588px;\">&#8221;Infrakitin t\u00e4rkein ominaisuus on sen helppok\u00e4ytt\u00f6isyys. Alustalle voidaan sy\u00f6tt\u00e4\u00e4 paljon erityyppist\u00e4 dataa, ja se esitt\u00e4\u00e4 tiedot selke\u00e4ss\u00e4 muodossa.&#8221;<\/span><\/p>\n<p style=\"text-align: center;\"><img decoding=\"async\" class=\"aligncenter\" src=\"\/wp-content\/uploads\/2021\/10\/infrakit_customer_veidekke.png\" \/><br \/>\n<b>Terje Glad, BIM Manager at Veidekke<\/b><\/p>\n<p>[\/et_pb_text][\/et_pb_column][et_pb_column type=&#8221;1_5&#8243; _builder_version=&#8221;4.16&#8243; _module_preset=&#8221;default&#8221; global_colors_info=&#8221;{}&#8221;][\/et_pb_column][\/et_pb_row][\/et_pb_section][et_pb_section fb_built=&#8221;1&#8243; admin_label=&#8221;benefits&#8221; _builder_version=&#8221;4.16&#8243; _module_preset=&#8221;default&#8221; saved_tabs=&#8221;all&#8221; global_colors_info=&#8221;{}&#8221;][et_pb_row admin_label=&#8221;Row Benefits&#8221; _builder_version=&#8221;4.16&#8243; _module_preset=&#8221;default&#8221; global_colors_info=&#8221;{}&#8221;][et_pb_column type=&#8221;4_4&#8243; _builder_version=&#8221;4.16&#8243; _module_preset=&#8221;default&#8221; global_colors_info=&#8221;{}&#8221;][et_pb_text admin_label=&#8221;Benefits&#8221; _builder_version=&#8221;4.16&#8243; _module_preset=&#8221;default&#8221; global_colors_info=&#8221;{}&#8221;]<\/p>\n<h3 style=\"text-align: center;\">Tehosta ty\u00f6maan toimintaa<\/h3>\n<p>[\/et_pb_text][\/et_pb_column][\/et_pb_row][et_pb_row column_structure=&#8221;1_3,1_3,1_3&#8243; _builder_version=&#8221;4.16&#8243; _module_preset=&#8221;default&#8221; global_colors_info=&#8221;{}&#8221;][et_pb_column type=&#8221;1_3&#8243; _builder_version=&#8221;4.16&#8243; _module_preset=&#8221;default&#8221; global_colors_info=&#8221;{}&#8221;][et_pb_image src=&#8221;https:\/\/lt.sitegist.net\/wp-content\/uploads\/\/2021\/11\/Icon-1.svg&#8221; alt=&#8221;infrakit&#8221; title_text=&#8221;Icon 1&#8243; align=&#8221;center&#8221; disabled_on=&#8221;on|off|off&#8221; admin_label=&#8221;Image&#8221; _builder_version=&#8221;4.16&#8243; _module_preset=&#8221;default&#8221; global_colors_info=&#8221;{}&#8221;][\/et_pb_image][et_pb_image src=&#8221;https:\/\/lt.sitegist.net\/wp-content\/uploads\/\/2021\/11\/Icon-1.svg&#8221; alt=&#8221;infrakit&#8221; title_text=&#8221;Icon 1&#8243; align=&#8221;center&#8221; disabled_on=&#8221;off|on|on&#8221; admin_label=&#8221;Mobile image&#8221; _builder_version=&#8221;4.16&#8243; _module_preset=&#8221;default&#8221; width=&#8221;50%&#8221; global_colors_info=&#8221;{}&#8221;][\/et_pb_image][et_pb_text _builder_version=&#8221;4.16&#8243; _module_preset=&#8221;default&#8221; global_colors_info=&#8221;{}&#8221;]<\/p>\n<p style=\"text-align: center;\">Paranna projektin ja laadun hallintaa alustalla, jonka kautta voit hallita ja jakaa tietoa reaaliajassa<\/p>\n<p>[\/et_pb_text][\/et_pb_column][et_pb_column type=&#8221;1_3&#8243; _builder_version=&#8221;4.16&#8243; _module_preset=&#8221;default&#8221; global_colors_info=&#8221;{}&#8221;][et_pb_image src=&#8221;https:\/\/lt.sitegist.net\/wp-content\/uploads\/\/2021\/11\/The-single-system-architecture.svg&#8221; title_text=&#8221;The single system architecture&#8221; align=&#8221;center&#8221; disabled_on=&#8221;on|off|off&#8221; admin_label=&#8221;Image&#8221; _builder_version=&#8221;4.16&#8243; _module_preset=&#8221;default&#8221; global_colors_info=&#8221;{}&#8221;][\/et_pb_image][et_pb_image src=&#8221;https:\/\/lt.sitegist.net\/wp-content\/uploads\/\/2021\/11\/The-single-system-architecture.svg&#8221; alt=&#8221;infrakit&#8221; title_text=&#8221;The single system architecture&#8221; align=&#8221;center&#8221; disabled_on=&#8221;off|on|on&#8221; admin_label=&#8221;Mobile image&#8221; _builder_version=&#8221;4.16&#8243; _module_preset=&#8221;default&#8221; width=&#8221;50%&#8221; global_colors_info=&#8221;{}&#8221;][\/et_pb_image][et_pb_text _builder_version=&#8221;4.16&#8243; _module_preset=&#8221;default&#8221; global_colors_info=&#8221;{}&#8221;]<\/p>\n<p style=\"text-align: center;\">Lis\u00e4\u00e4 luottamusta ja l\u00e4pin\u00e4kyvyytt\u00e4 reaaliaikaisella tiedolla koko projektin ajan<\/p>\n<p>[\/et_pb_text][\/et_pb_column][et_pb_column type=&#8221;1_3&#8243; _builder_version=&#8221;4.16&#8243; _module_preset=&#8221;default&#8221; global_colors_info=&#8221;{}&#8221;][et_pb_image src=&#8221;https:\/\/lt.sitegist.net\/wp-content\/uploads\/\/2021\/11\/Complete-control.svg&#8221; title_text=&#8221;Complete control&#8221; align=&#8221;center&#8221; disabled_on=&#8221;on|off|off&#8221; admin_label=&#8221;Image&#8221; _builder_version=&#8221;4.16&#8243; _module_preset=&#8221;default&#8221; global_colors_info=&#8221;{}&#8221;][\/et_pb_image][et_pb_image src=&#8221;https:\/\/lt.sitegist.net\/wp-content\/uploads\/\/2021\/11\/Complete-control.svg&#8221; alt=&#8221;infrakit&#8221; title_text=&#8221;Complete control&#8221; align=&#8221;center&#8221; disabled_on=&#8221;off|on|on&#8221; admin_label=&#8221;Mobile image&#8221; _builder_version=&#8221;4.16&#8243; _module_preset=&#8221;default&#8221; width=&#8221;50%&#8221; global_colors_info=&#8221;{}&#8221;][\/et_pb_image][et_pb_text admin_label=&#8221;Text&#8221; _builder_version=&#8221;4.16&#8243; _module_preset=&#8221;default&#8221; global_colors_info=&#8221;{}&#8221;]<\/p>\n<p style=\"text-align: center;\">Takaa k\u00e4ytt\u00f6\u00f6noton onnistuminen ja edist\u00e4 k\u00e4ytt\u00f6\u00e4 helppok\u00e4ytt\u00f6isell\u00e4 ratkaisulla ja asiantuntevalla tuella<\/p>\n<p>[\/et_pb_text][\/et_pb_column][\/et_pb_row][et_pb_row _builder_version=&#8221;4.16&#8243; _module_preset=&#8221;default&#8221; global_colors_info=&#8221;{}&#8221;][et_pb_column type=&#8221;4_4&#8243; _builder_version=&#8221;4.16&#8243; _module_preset=&#8221;default&#8221; global_colors_info=&#8221;{}&#8221;][et_pb_video src=&#8221;https:\/\/youtu.be\/xDJpMdb689s&#8221; image_src=&#8221;\/\/i.ytimg.com\/vi\/xDJpMdb689s\/hqdefault.jpg&#8221; play_icon_color=&#8221;#F06400&#8243; _builder_version=&#8221;4.20.2&#8243; _module_preset=&#8221;default&#8221; hover_enabled=&#8221;0&#8243; global_colors_info=&#8221;{}&#8221; font_icon=&#8221;&#x49;||divi||400&#8243; box_shadow_style=&#8221;preset1&#8243; sticky_enabled=&#8221;0&#8243;][\/et_pb_video][et_pb_text _builder_version=&#8221;4.20.2&#8243; _module_preset=&#8221;default&#8221; hover_enabled=&#8221;0&#8243; sticky_enabled=&#8221;0&#8243;]<\/p>\n<p>&nbsp;<\/p>\n<p>[\/et_pb_text][et_pb_video src=&#8221;https:\/\/youtu.be\/qzxETq1fjbE&#8221; image_src=&#8221;\/\/i.ytimg.com\/vi\/qzxETq1fjbE\/hqdefault.jpg&#8221; play_icon_color=&#8221;#F06400&#8243; _builder_version=&#8221;4.20.2&#8243; _module_preset=&#8221;default&#8221; hover_enabled=&#8221;0&#8243; global_colors_info=&#8221;{}&#8221; font_icon=&#8221;&#x49;||divi||400&#8243; box_shadow_style=&#8221;preset1&#8243; sticky_enabled=&#8221;0&#8243;][\/et_pb_video][et_pb_text _builder_version=&#8221;4.20.2&#8243; _module_preset=&#8221;default&#8221; hover_enabled=&#8221;0&#8243; sticky_enabled=&#8221;0&#8243;]<\/p>\n<p>&nbsp;<\/p>\n<p>[\/et_pb_text][et_pb_video src=&#8221;https:\/\/youtu.be\/rbGSwZ6434g&#8221; image_src=&#8221;\/\/i.ytimg.com\/vi\/rbGSwZ6434g\/hqdefault.jpg&#8221; play_icon_color=&#8221;#F06400&#8243; _builder_version=&#8221;4.20.2&#8243; _module_preset=&#8221;default&#8221; hover_enabled=&#8221;0&#8243; global_colors_info=&#8221;{}&#8221; font_icon=&#8221;&#x49;||divi||400&#8243; box_shadow_style=&#8221;preset1&#8243; sticky_enabled=&#8221;0&#8243;][\/et_pb_video][\/et_pb_column][\/et_pb_row][\/et_pb_section][et_pb_section fb_built=&#8221;1&#8243; admin_label=&#8221;BOOK A DEMO&#8221; _builder_version=&#8221;4.16&#8243; _module_preset=&#8221;default&#8221; background_color=&#8221;#FBFAF9&#8243; saved_tabs=&#8221;all&#8221; global_colors_info=&#8221;{}&#8221;][et_pb_row column_structure=&#8221;1_4,1_2,1_4&#8243; _builder_version=&#8221;4.16&#8243; _module_preset=&#8221;default&#8221; custom_padding=&#8221;20px|20px|20px|20px|false|false&#8221; global_colors_info=&#8221;{}&#8221;][et_pb_column type=&#8221;1_4&#8243; _builder_version=&#8221;4.16&#8243; _module_preset=&#8221;default&#8221; global_colors_info=&#8221;{}&#8221;][\/et_pb_column][et_pb_column type=&#8221;1_2&#8243; _builder_version=&#8221;4.16&#8243; _module_preset=&#8221;default&#8221; global_colors_info=&#8221;{}&#8221;][et_pb_text _builder_version=&#8221;4.16&#8243; _module_preset=&#8221;default&#8221; background_color=&#8221;#ffffff&#8221; custom_padding=&#8221;20px|20px|20px|20px|false|false&#8221; global_colors_info=&#8221;{}&#8221;]<\/p>\n<h4 style=\"text-align: center;\">Varaa esittely<\/h4>\n<p style=\"text-align: center;\">Tutustu siihen, miten Infrakit yhdist\u00e4\u00e4 infraprojektisi kaikki toiminnot ja tuottaa lis\u00e4arvoa kaikilla liiketoimintasi osa-alueilla.<\/p>\n<p style=\"text-align: center;\"><button class=\"btn-small purple\" onclick=\"Calendly.initPopupWidget({url:'https:\/\/calendly.com\/janne-paitsola\/varaa-esittely'});\nreturn false;\" id=>Varaa esittely<\/button><\/p>\n<p>[\/et_pb_text][\/et_pb_column][et_pb_column type=&#8221;1_4&#8243; _builder_version=&#8221;4.16&#8243; _module_preset=&#8221;default&#8221; global_colors_info=&#8221;{}&#8221;][\/et_pb_column][\/et_pb_row][\/et_pb_section]<\/p>\n","protected":false},"excerpt":{"rendered":"<p>Urakoitsija \u2013 tehosta ty\u00f6maan toimintaa Infrakit-alustan avulla rakentaminen sujuu tehokkaasti ja laadukkaasti. Saat projektista tarkan tilannekuvan, koska kaikki projektin tiedot esitet\u00e4\u00e4n kartalla ja 3D-n\u00e4kym\u00e4ss\u00e4. Lis\u00e4ksi saat laadukasta ja ajantasaista tietoa kaikkien ty\u00f6maalla toimivien henkil\u00f6iden rooleista ja s\u00e4\u00e4st\u00e4t samalla aikaa ja rahaa. &nbsp;Lainauksia asiakaspalautteista&#8221;Infrakit antaa hyv\u00e4n yleiskuvan koneissa k\u00e4ytetyist\u00e4 malleista. Lis\u00e4ksi se n\u00e4ytt\u00e4\u00e4, miss\u00e4 koneet sijaitsevat [&hellip;]<\/p>\n","protected":false},"author":1,"featured_media":0,"parent":6048,"menu_order":2,"comment_status":"closed","ping_status":"closed","template":"","meta":{"_acf_changed":false,"_et_pb_use_builder":"on","_et_pb_old_content":"","_et_gb_content_width":"","footnotes":""},"class_list":["post-6095","page","type-page","status-publish","hentry"],"acf":[],"_links":{"self":[{"href":"https:\/\/lt.sitegist.net\/fi\/wp-json\/wp\/v2\/pages\/6095","targetHints":{"allow":["GET"]}}],"collection":[{"href":"https:\/\/lt.sitegist.net\/fi\/wp-json\/wp\/v2\/pages"}],"about":[{"href":"https:\/\/lt.sitegist.net\/fi\/wp-json\/wp\/v2\/types\/page"}],"author":[{"embeddable":true,"href":"https:\/\/lt.sitegist.net\/fi\/wp-json\/wp\/v2\/users\/1"}],"replies":[{"embeddable":true,"href":"https:\/\/lt.sitegist.net\/fi\/wp-json\/wp\/v2\/comments?post=6095"}],"version-history":[{"count":8,"href":"https:\/\/lt.sitegist.net\/fi\/wp-json\/wp\/v2\/pages\/6095\/revisions"}],"predecessor-version":[{"id":17497,"href":"https:\/\/lt.sitegist.net\/fi\/wp-json\/wp\/v2\/pages\/6095\/revisions\/17497"}],"up":[{"embeddable":true,"href":"https:\/\/lt.sitegist.net\/fi\/wp-json\/wp\/v2\/pages\/6048"}],"wp:attachment":[{"href":"https:\/\/lt.sitegist.net\/fi\/wp-json\/wp\/v2\/media?parent=6095"}],"curies":[{"name":"wp","href":"https:\/\/api.w.org\/{rel}","templated":true}]}}