{"id":17697,"date":"2023-04-20T12:52:22","date_gmt":"2023-04-20T12:52:22","guid":{"rendered":"https:\/\/lt.sitegist.net\/?page_id=17697"},"modified":"2024-11-21T09:24:14","modified_gmt":"2024-11-21T09:24:14","slug":"tapahtumat","status":"publish","type":"page","link":"https:\/\/lt.sitegist.net\/fi\/ota-yhteytta\/tapahtumat\/","title":{"rendered":"Tapahtumat"},"content":{"rendered":"<p>[et_pb_section fb_built=&#8221;1&#8243; _builder_version=&#8221;4.17.4&#8243; _module_preset=&#8221;default&#8221; custom_padding=&#8221;47px|||||&#8221; global_colors_info=&#8221;{}&#8221;][et_pb_row _builder_version=&#8221;4.20.2&#8243; _module_preset=&#8221;default&#8221; global_colors_info=&#8221;{}&#8221;][et_pb_column type=&#8221;4_4&#8243; _builder_version=&#8221;4.20.2&#8243; _module_preset=&#8221;default&#8221; global_colors_info=&#8221;{}&#8221;][et_pb_text _builder_version=&#8221;4.20.2&#8243; _module_preset=&#8221;default&#8221; global_colors_info=&#8221;{}&#8221;]<\/p>\n<h1>Tulevat tapahtumat<\/h1>\n<p>[\/et_pb_text][\/et_pb_column][\/et_pb_row][et_pb_row column_structure=&#8221;1_3,1_3,1_3&#8243; _builder_version=&#8221;4.20.2&#8243; _module_preset=&#8221;default&#8221; locked=&#8221;off&#8221; global_colors_info=&#8221;{}&#8221;][et_pb_column type=&#8221;1_3&#8243; module_class=&#8221;pa-button-over-image&#8221; _builder_version=&#8221;4.20.2&#8243; _module_preset=&#8221;default&#8221; global_colors_info=&#8221;{}&#8221;][et_pb_image src=&#8221;https:\/\/lt.sitegist.net\/wp-content\/uploads\/2023\/10\/8007a7f3-4d71-4d22-b08a-a65607c1a95b-scaled.jpeg&#8221; title_text=&#8221;8007a7f3-4d71-4d22-b08a-a65607c1a95b&#8221; url=&#8221;https:\/\/lt.sitegist.net\/fi\/contact-us\/events\/infrakit-day-2024\/&#8221; use_overlay=&#8221;on&#8221; overlay_icon_color=&#8221;#F06400&#8243; hover_overlay_color=&#8221;rgba(249,249,249,0.5)&#8221; hover_icon=&#8221;&#x45;||divi||400&#8243; hover_icon_tablet=&#8221;#||divi||400&#8243; hover_icon_phone=&#8221;#||divi||400&#8243; hover_icon_last_edited=&#8221;on|desktop&#8221; admin_label=&#8221;Image Infrakit Day&#8221; _builder_version=&#8221;4.20.2&#8243; _module_preset=&#8221;default&#8221; border_width_all=&#8221;5px&#8221; border_color_all=&#8221;RGBA(255,255,255,0)&#8221; locked=&#8221;off&#8221; global_colors_info=&#8221;{}&#8221;][\/et_pb_image][et_pb_text admin_label=&#8221;Text&#8221; _builder_version=&#8221;4.20.2&#8243; _module_preset=&#8221;default&#8221; text_font=&#8221;Open Sans||||||||&#8221; text_text_color=&#8221;#000000&#8243; header_font=&#8221;Open Sans||||||||&#8221; header_2_font=&#8221;Open Sans||||||||&#8221; header_3_font=&#8221;Open Sans||||||||&#8221; header_3_text_align=&#8221;left&#8221; header_3_text_color=&#8221;#000000&#8243; header_4_font_size=&#8221;22px&#8221; custom_margin=&#8221;||||false|false&#8221; custom_padding=&#8221;1px|15px|||false|false&#8221; border_color_all=&#8221;RGBA(255,255,255,0)&#8221; border_style_all=&#8221;none&#8221; border_width_right=&#8221;1px&#8221; border_color_right=&#8221;#000000&#8243; locked=&#8221;off&#8221; global_colors_info=&#8221;{}&#8221;]<\/p>\n<h3 class=\"tw-data-text tw-text-large tw-ta\" data-placeholder=\"Translation\" id=\"tw-target-text\" dir=\"ltr\"><span class=\"Y2IQFc\" lang=\"en\"><span>Maksuton Infrakit-p\u00e4iv\u00e4 2024<\/span><\/span><\/h3>\n<ul>\n<li><span class=\" decm-show-data-display-block ecs-eventDate duration time  eventDate-ecs-icon\"><span class=\"ecs-detail-label\"><strong><span>Pvm<\/span><\/strong><span> 28.11<\/span><\/span><\/span><\/li>\n<li><strong><span class=\" decm-show-data-display-block ecs-eventDate duration time  eventDate-ecs-icon\"><span class=\"ecs-detail-label\">Aika <\/span><\/span><\/strong><span class=\" decm-show-data-display-block ecs-eventDate duration time  eventDate-ecs-icon\"><span class=\"ecs-detail-label\">8:30 &#8211; 15:30<\/span><\/span><\/li>\n<li><span class=\" decm-show-data-display-block ecs-location duration venue event-location-ecs-icon\"><span class=\"ecs-detail-label\"><strong>Sijainti<\/strong> <span>Keilaniementie 1, 02150 Espoo<\/span><\/span><\/span><\/li>\n<li><span class=\" decm-show-data-display-block  ecs-weburl weburl-ecs-icon\"><span class=\"ecs-detail-label\"><strong>Rekister\u00f6inti<\/strong>\u00a0<a href=\"https:\/\/lt.sitegist.net\/fi\/contact-us\/events\/infrakit-day-2024\/\" title=\"Tapahtuman verkkosivu\">Tapahtuman verkkosivu<\/a><\/span><\/span><\/li>\n<\/ul>\n<p>[\/et_pb_text][\/et_pb_column][et_pb_column type=&#8221;1_3&#8243; _builder_version=&#8221;4.20.2&#8243; _module_preset=&#8221;default&#8221; global_colors_info=&#8221;{}&#8221;][et_pb_image src=&#8221;https:\/\/lt.sitegist.net\/wp-content\/uploads\/2024\/02\/IMG_0689-copy-scaled.jpg&#8221; title_text=&#8221;IMG_0689 copy&#8221; url=&#8221;https:\/\/events.teams.microsoft.com\/event\/624cd507-1f58-4bc2-89a9-4e8936c021b1@1ce8888c-eedf-4e42-a7c1-fc40f75669de&#8221; use_overlay=&#8221;on&#8221; overlay_icon_color=&#8221;#F06400&#8243; hover_overlay_color=&#8221;rgba(249,249,249,0.5)&#8221; hover_icon=&#8221;&#x45;||divi||400&#8243; hover_icon_tablet=&#8221;#||divi||400&#8243; hover_icon_phone=&#8221;#||divi||400&#8243; hover_icon_last_edited=&#8221;on|desktop&#8221; admin_label=&#8221;image webinar basics&#8221; _builder_version=&#8221;4.20.2&#8243; _module_preset=&#8221;default&#8221; border_width_all=&#8221;5px&#8221; border_color_all=&#8221;RGBA(255,255,255,0)&#8221; locked=&#8221;off&#8221; global_colors_info=&#8221;{}&#8221;][\/et_pb_image][et_pb_text admin_label=&#8221;Text&#8221; _builder_version=&#8221;4.20.2&#8243; _module_preset=&#8221;default&#8221; text_font=&#8221;Open Sans||||||||&#8221; text_text_color=&#8221;#000000&#8243; header_font=&#8221;Open Sans||||||||&#8221; header_2_font=&#8221;Open Sans||||||||&#8221; header_3_font=&#8221;Open Sans||||||||&#8221; header_3_text_align=&#8221;left&#8221; header_3_text_color=&#8221;#000000&#8243; header_4_font_size=&#8221;22px&#8221; custom_margin=&#8221;||||false|false&#8221; custom_padding=&#8221;1px|15px|||false|false&#8221; border_color_all=&#8221;RGBA(255,255,255,0)&#8221; border_style_all=&#8221;none&#8221; border_width_right=&#8221;1px&#8221; border_color_right=&#8221;#000000&#8243; locked=&#8221;off&#8221; global_colors_info=&#8221;{}&#8221;]<\/p>\n<h3 id=\"event_title\" class=\"fui-Text ___10kk5gu fk6fouc fojgt09 fcen8rp flh3ekv fpgzoln f1w7gpdv f6juhto f1gl81tg f2jf649 f1hu3pq6 f11qmguv f19f4twv f1tyq0we fjksvth f19n0e5\">Infrakit webinaarit: BASICS-peruskoulutus<\/h3>\n<ul>\n<li><span class=\" decm-show-data-display-block  ecs-weburl weburl-ecs-icon\"><span class=\"ecs-detail-label\"><span><strong>Milloin:<\/strong>\u00a017.12.2024 klo 8 &#8211; 12<\/span><\/span><\/span><\/li>\n<li>\n<p><span><strong>Mit\u00e4:<\/strong>\u00a0Infrakit BASICS -peruskoulutus<\/span><\/p>\n<\/li>\n<li>\n<p><span><\/span><span><strong>Miss\u00e4:<\/strong>\u00a0Microsoft Teams -ymp\u00e4rist\u00f6ss\u00e4<\/span><span><\/span><\/p>\n<\/li>\n<li>\n<p><span><\/span><span><strong>Hinta: \u00a0<\/strong>160 \u20ac (alv. 0)<\/span><\/p>\n<\/li>\n<li><span><span class=\" decm-show-data-display-block  ecs-weburl weburl-ecs-icon\"><span class=\"ecs-detail-label\"><strong>Rekister\u00f6inti<\/strong>\u00a0<a href=\"https:\/\/events.teams.microsoft.com\/event\/624cd507-1f58-4bc2-89a9-4e8936c021b1@1ce8888c-eedf-4e42-a7c1-fc40f75669de\" title=\"Tapahtuman verkkosivu\">Tapahtuman verkkosivu<\/a><\/span><\/span><\/span><\/li>\n<\/ul>\n<p>[\/et_pb_text][\/et_pb_column][et_pb_column type=&#8221;1_3&#8243; _builder_version=&#8221;4.20.2&#8243; _module_preset=&#8221;default&#8221; global_colors_info=&#8221;{}&#8221;][et_pb_image src=&#8221;https:\/\/lt.sitegist.net\/wp-content\/uploads\/2024\/10\/IMG_0915-scaled.jpg&#8221; title_text=&#8221;IMG_0915&#8243; url=&#8221;https:\/\/events.teams.microsoft.com\/event\/e7144790-ce1f-49fc-b9eb-c479dba69d5b@1ce8888c-eedf-4e42-a7c1-fc40f75669de&#8221; use_overlay=&#8221;on&#8221; overlay_icon_color=&#8221;#F06400&#8243; hover_overlay_color=&#8221;rgba(249,249,249,0.5)&#8221; hover_icon=&#8221;&#x45;||divi||400&#8243; hover_icon_tablet=&#8221;#||divi||400&#8243; hover_icon_phone=&#8221;#||divi||400&#8243; hover_icon_last_edited=&#8221;on|desktop&#8221; admin_label=&#8221;image webinar pro&#8221; _builder_version=&#8221;4.20.2&#8243; _module_preset=&#8221;default&#8221; border_width_all=&#8221;5px&#8221; border_color_all=&#8221;RGBA(255,255,255,0)&#8221; locked=&#8221;off&#8221; global_colors_info=&#8221;{}&#8221;][\/et_pb_image][et_pb_text admin_label=&#8221;Text&#8221; _builder_version=&#8221;4.20.2&#8243; _module_preset=&#8221;default&#8221; text_font=&#8221;Open Sans||||||||&#8221; text_text_color=&#8221;#000000&#8243; header_font=&#8221;Open Sans||||||||&#8221; header_2_font=&#8221;Open Sans||||||||&#8221; header_3_font=&#8221;Open Sans||||||||&#8221; header_3_text_align=&#8221;left&#8221; header_3_text_color=&#8221;#000000&#8243; header_4_font_size=&#8221;22px&#8221; custom_margin=&#8221;||||false|false&#8221; custom_padding=&#8221;1px|15px|||false|false&#8221; hover_enabled=&#8221;0&#8243; border_color_all=&#8221;RGBA(255,255,255,0)&#8221; border_style_all=&#8221;none&#8221; border_width_right=&#8221;1px&#8221; border_color_right=&#8221;#000000&#8243; locked=&#8221;off&#8221; global_colors_info=&#8221;{}&#8221; sticky_enabled=&#8221;0&#8243;]<\/p>\n<h3 id=\"event_title\" class=\"fui-Text ___10kk5gu fk6fouc fojgt09 fcen8rp flh3ekv fpgzoln f1w7gpdv f6juhto f1gl81tg f2jf649 f1hu3pq6 f11qmguv f19f4twv f1tyq0we fjksvth f19n0e5\">Infrakit webinaarit &#8211; PRO: Tehokas ty\u00f6n johtaminen ja tiedon tuottaminen -t\u00e4sm\u00e4koulutus<\/h3>\n<ul>\n<li><span class=\" decm-show-data-display-block  ecs-weburl weburl-ecs-icon\"><span class=\"ecs-detail-label\"><span><strong>Milloin:<\/strong> 18.12.2024 klo 8 &#8211; 10<\/span><\/span><\/span><\/li>\n<li><span><strong>Mit\u00e4:<\/strong> Infrakit PRO &#8211; Tehokas ty\u00f6n johtaminen ja tiedon tuottaminen -t\u00e4sm\u00e4koulutus<\/span><\/li>\n<li><span><\/span><span><strong>Miss\u00e4:<\/strong>\u00a0Microsoft Teams -ymp\u00e4rist\u00f6ss\u00e4<\/span><span><\/span><\/li>\n<li><span><\/span><span><strong>Hinta: \u00a0<\/strong>100 \u20ac (alv. 0)<\/span><\/li>\n<li><span><span class=\" decm-show-data-display-block  ecs-weburl weburl-ecs-icon\"><span class=\"ecs-detail-label\"><strong>Rekister\u00f6inti<\/strong>\u00a0<a href=\"https:\/\/events.teams.microsoft.com\/event\/e7144790-ce1f-49fc-b9eb-c479dba69d5b@1ce8888c-eedf-4e42-a7c1-fc40f75669de\" title=\"Tapahtuman verkkosivu\">Tapahtuman verkkosivu<\/a><\/span><\/span><\/span><\/li>\n<\/ul>\n<p>[\/et_pb_text][\/et_pb_column][\/et_pb_row][\/et_pb_section]<\/p>\n","protected":false},"excerpt":{"rendered":"<p>Tulevat tapahtumatMaksuton Infrakit-p\u00e4iv\u00e4 2024 Pvm 28.11 Aika 8:30 &#8211; 15:30 Sijainti Keilaniementie 1, 02150 Espoo Rekister\u00f6inti\u00a0Tapahtuman verkkosivu Infrakit webinaarit: BASICS-peruskoulutus Milloin:\u00a017.12.2024 klo 8 &#8211; 12 Mit\u00e4:\u00a0Infrakit BASICS -peruskoulutus Miss\u00e4:\u00a0Microsoft Teams -ymp\u00e4rist\u00f6ss\u00e4 Hinta: \u00a0160 \u20ac (alv. 0) Rekister\u00f6inti\u00a0Tapahtuman verkkosivu Infrakit webinaarit &#8211; PRO: Tehokas ty\u00f6n johtaminen ja tiedon tuottaminen -t\u00e4sm\u00e4koulutus Milloin: 18.12.2024 klo 8 &#8211; 10 [&hellip;]<\/p>\n","protected":false},"author":9,"featured_media":0,"parent":6361,"menu_order":0,"comment_status":"closed","ping_status":"closed","template":"","meta":{"_acf_changed":false,"_et_pb_use_builder":"on","_et_pb_old_content":"","_et_gb_content_width":"","footnotes":""},"class_list":["post-17697","page","type-page","status-publish","hentry"],"acf":[],"_links":{"self":[{"href":"https:\/\/lt.sitegist.net\/fi\/wp-json\/wp\/v2\/pages\/17697","targetHints":{"allow":["GET"]}}],"collection":[{"href":"https:\/\/lt.sitegist.net\/fi\/wp-json\/wp\/v2\/pages"}],"about":[{"href":"https:\/\/lt.sitegist.net\/fi\/wp-json\/wp\/v2\/types\/page"}],"author":[{"embeddable":true,"href":"https:\/\/lt.sitegist.net\/fi\/wp-json\/wp\/v2\/users\/9"}],"replies":[{"embeddable":true,"href":"https:\/\/lt.sitegist.net\/fi\/wp-json\/wp\/v2\/comments?post=17697"}],"version-history":[{"count":36,"href":"https:\/\/lt.sitegist.net\/fi\/wp-json\/wp\/v2\/pages\/17697\/revisions"}],"predecessor-version":[{"id":20418,"href":"https:\/\/lt.sitegist.net\/fi\/wp-json\/wp\/v2\/pages\/17697\/revisions\/20418"}],"up":[{"embeddable":true,"href":"https:\/\/lt.sitegist.net\/fi\/wp-json\/wp\/v2\/pages\/6361"}],"wp:attachment":[{"href":"https:\/\/lt.sitegist.net\/fi\/wp-json\/wp\/v2\/media?parent=17697"}],"curies":[{"name":"wp","href":"https:\/\/api.w.org\/{rel}","templated":true}]}}