{"id":15351,"date":"2022-10-12T08:24:48","date_gmt":"2022-10-12T08:24:48","guid":{"rendered":"https:\/\/lt.sitegist.net\/?page_id=15351"},"modified":"2022-10-12T14:06:39","modified_gmt":"2022-10-12T14:06:39","slug":"kestava-kehitys","status":"publish","type":"page","link":"https:\/\/lt.sitegist.net\/fi\/kestava-kehitys\/","title":{"rendered":"Kest\u00e4v\u00e4 kehitys"},"content":{"rendered":"<p>[et_pb_section fb_built=&#8221;1&#8243; _builder_version=&#8221;4.18.0&#8243; _module_preset=&#8221;default&#8221; background_color=&#8221;#fbfaf9&#8243; global_colors_info=&#8221;{}&#8221;][et_pb_row column_structure=&#8221;1_2,1_2&#8243; _builder_version=&#8221;4.16&#8243; _module_preset=&#8221;default&#8221; global_colors_info=&#8221;{}&#8221;][et_pb_column type=&#8221;1_2&#8243; _builder_version=&#8221;4.16&#8243; _module_preset=&#8221;default&#8221; global_colors_info=&#8221;{}&#8221;][et_pb_text _builder_version=&#8221;4.18.0&#8243; _module_preset=&#8221;default&#8221; global_colors_info=&#8221;{}&#8221;]<\/p>\n<h1>Kest\u00e4v\u00e4 kehitys<\/h1>\n<p class=\"intro\">Projektien asianmukainen digitalisointi vie kohti kest\u00e4v\u00e4n kehityksen mukaista infrarakentamista. Missiomme on mahdollistaa infra-alan kest\u00e4v\u00e4 kehitys.<\/p>\n<p>[\/et_pb_text][\/et_pb_column][et_pb_column type=&#8221;1_2&#8243; _builder_version=&#8221;4.16&#8243; _module_preset=&#8221;default&#8221; global_colors_info=&#8221;{}&#8221;][et_pb_image src=&#8221;\/wp-content\/uploads\/2021\/05\/services_image.png&#8221; title_text=&#8221;services_image&#8221; _builder_version=&#8221;4.16&#8243; _module_preset=&#8221;default&#8221; global_colors_info=&#8221;{}&#8221;][\/et_pb_image][\/et_pb_column][\/et_pb_row][\/et_pb_section][et_pb_section fb_built=&#8221;1&#8243; admin_label=&#8221;core services label&#8221; _builder_version=&#8221;4.16&#8243; _module_preset=&#8221;default&#8221; background_color=&#8221;#FBFAF9&#8243; saved_tabs=&#8221;all&#8221; global_colors_info=&#8221;{}&#8221;][et_pb_row _builder_version=&#8221;4.17.4&#8243; _module_preset=&#8221;default&#8221; global_colors_info=&#8221;{}&#8221;][et_pb_column type=&#8221;4_4&#8243; _builder_version=&#8221;4.17.4&#8243; _module_preset=&#8221;default&#8221; global_colors_info=&#8221;{}&#8221;][et_pb_image src=&#8221;https:\/\/lt.sitegist.net\/wp-content\/uploads\/2022\/07\/infrakit_sustainability_page-2.jpg&#8221; title_text=&#8221;infrakit_sustainability_page&#8221; align=&#8221;center&#8221; force_fullwidth=&#8221;on&#8221; _builder_version=&#8221;4.17.4&#8243; _module_preset=&#8221;default&#8221; global_colors_info=&#8221;{}&#8221;][\/et_pb_image][\/et_pb_column][\/et_pb_row][et_pb_row column_structure=&#8221;1_3,1_3,1_3&#8243; make_equal=&#8221;on&#8221; admin_label=&#8221;core services row&#8221; _builder_version=&#8221;4.16&#8243; _module_preset=&#8221;default&#8221; global_colors_info=&#8221;{}&#8221;][et_pb_column type=&#8221;1_3&#8243; _builder_version=&#8221;4.16&#8243; _module_preset=&#8221;default&#8221; global_colors_info=&#8221;{}&#8221;][et_pb_number_counter number=&#8221;100&#8243; _builder_version=&#8221;4.17.4&#8243; _module_preset=&#8221;default&#8221; global_colors_info=&#8221;{}&#8221;][\/et_pb_number_counter][et_pb_text _builder_version=&#8221;4.18.0&#8243; _module_preset=&#8221;default&#8221; global_colors_info=&#8221;{}&#8221;]<\/p>\n<p style=\"text-align: center;\">Asianmukaisen digitalisoinnin avulla organisaatiosi saa paremmat pisteet kest\u00e4v\u00e4n kehityksen arvioinneista esim. <strong>CEEQUAL<\/strong> tai <strong>ESG<\/strong>.<\/p>\n<p>[\/et_pb_text][\/et_pb_column][et_pb_column type=&#8221;1_3&#8243; _builder_version=&#8221;4.16&#8243; _module_preset=&#8221;default&#8221; global_colors_info=&#8221;{}&#8221;][et_pb_number_counter number=&#8221;5&#8243; _builder_version=&#8221;4.17.4&#8243; _module_preset=&#8221;default&#8221; global_colors_info=&#8221;{}&#8221;][\/et_pb_number_counter][et_pb_text admin_label=&#8221;Text&#8221; _builder_version=&#8221;4.18.0&#8243; _module_preset=&#8221;default&#8221; global_colors_info=&#8221;{}&#8221;]<\/p>\n<p style=\"text-align: center;\">>5 % projektin <strong>hiilijalanj\u00e4ljest\u00e4<\/strong> pienenee pelk\u00e4ll\u00e4 tehokkuutta lis\u00e4\u00e4v\u00e4ll\u00e4 digitalisaatiolla, ja meid\u00e4n avullamme suurennat t\u00e4t\u00e4 vaikutusta huomattavasti.<\/p>\n<p>[\/et_pb_text][\/et_pb_column][et_pb_column type=&#8221;1_3&#8243; _builder_version=&#8221;4.16&#8243; _module_preset=&#8221;default&#8221; global_colors_info=&#8221;{}&#8221;][et_pb_number_counter number=&#8221;9 SDGs&#8221; percent_sign=&#8221;off&#8221; _builder_version=&#8221;4.17.4&#8243; _module_preset=&#8221;default&#8221; global_colors_info=&#8221;{}&#8221;][\/et_pb_number_counter][et_pb_text admin_label=&#8221;Text&#8221; _builder_version=&#8221;4.18.0&#8243; _module_preset=&#8221;default&#8221; global_colors_info=&#8221;{}&#8221;]<\/p>\n<p style=\"text-align: center;\"><strong>Infraprojektin asianmukainen digitalisointi<\/strong> edist\u00e4\u00e4 v\u00e4hint\u00e4\u00e4n yhdeks\u00e4n kest\u00e4v\u00e4n kehityksen tavoitteen saavuttamista<\/p>\n<p>[\/et_pb_text][\/et_pb_column][\/et_pb_row][\/et_pb_section][et_pb_section fb_built=&#8221;1&#8243; _builder_version=&#8221;4.18.0&#8243; _module_preset=&#8221;default&#8221; background_enable_color=&#8221;off&#8221; global_colors_info=&#8221;{}&#8221;][et_pb_row column_structure=&#8221;2_5,3_5&#8243; _builder_version=&#8221;4.18.0&#8243; _module_preset=&#8221;default&#8221; background_enable_color=&#8221;off&#8221; global_colors_info=&#8221;{}&#8221;][et_pb_column type=&#8221;2_5&#8243; _builder_version=&#8221;4.18.0&#8243; _module_preset=&#8221;default&#8221; global_colors_info=&#8221;{}&#8221;][et_pb_image src=&#8221;https:\/\/lt.sitegist.net\/wp-content\/uploads\/2022\/09\/Measureandcap.svg&#8221; title_text=&#8221;Measureandcap&#8221; align=&#8221;center&#8221; module_class=&#8221;servicesblockImg&#8221; _builder_version=&#8221;4.18.0&#8243; _module_preset=&#8221;default&#8221; background_enable_color=&#8221;off&#8221; width=&#8221;50%&#8221; global_colors_info=&#8221;{}&#8221;][\/et_pb_image][\/et_pb_column][et_pb_column type=&#8221;3_5&#8243; _builder_version=&#8221;4.18.0&#8243; _module_preset=&#8221;default&#8221; global_colors_info=&#8221;{}&#8221;][et_pb_text module_class=&#8221;servicesblock&#8221; _builder_version=&#8221;4.18.0&#8243; _module_preset=&#8221;default&#8221; background_enable_color=&#8221;off&#8221; width=&#8221;110%&#8221; min_height=&#8221;419px&#8221; custom_margin=&#8221;|||20px|false|false&#8221; custom_padding=&#8221;20px|20px|20px|20px|false|false&#8221; global_colors_info=&#8221;{}&#8221;]<\/p>\n<h2 class=\"p1\"><b>Mittaa &#038; rajoita<\/b><\/h2>\n<p class=\"p1\">Yhteinen matkamme infraprojektien hiilijalanj\u00e4ljen pienent\u00e4miseen alkaa toden teolla, kun siirrymme projektien kasvihuonekaasup\u00e4\u00e4st\u00f6jen vaikutusten eli hiilidioksidiekvivalentin (CO2e) arvioinnista todellisten vaikutusten mittaamiseen.<\/p>\n<p>[\/et_pb_text][\/et_pb_column][\/et_pb_row][et_pb_row column_structure=&#8221;2_5,3_5&#8243; _builder_version=&#8221;4.18.0&#8243; _module_preset=&#8221;default&#8221; background_enable_color=&#8221;off&#8221; global_colors_info=&#8221;{}&#8221;][et_pb_column type=&#8221;2_5&#8243; _builder_version=&#8221;4.18.0&#8243; _module_preset=&#8221;default&#8221; global_colors_info=&#8221;{}&#8221;][et_pb_image src=&#8221;https:\/\/lt.sitegist.net\/wp-content\/uploads\/2022\/10\/Know-and-optimize-icon.svg&#8221; title_text=&#8221;Know and optimize icon&#8221; module_class=&#8221;servicesblockImg&#8221; _builder_version=&#8221;4.18.0&#8243; _module_preset=&#8221;default&#8221; background_enable_color=&#8221;off&#8221; width=&#8221;50%&#8221; module_alignment=&#8221;center&#8221; global_colors_info=&#8221;{}&#8221;][\/et_pb_image][\/et_pb_column][et_pb_column type=&#8221;3_5&#8243; _builder_version=&#8221;4.18.0&#8243; _module_preset=&#8221;default&#8221; global_colors_info=&#8221;{}&#8221;][et_pb_text module_class=&#8221;servicesblock&#8221; _builder_version=&#8221;4.18.0&#8243; _module_preset=&#8221;default&#8221; background_enable_color=&#8221;off&#8221; width=&#8221;110%&#8221; min_height=&#8221;419px&#8221; custom_margin=&#8221;|||20px|false|false&#8221; custom_padding=&#8221;20px|20px|20px|20px|false|false&#8221; global_colors_info=&#8221;{}&#8221;]<\/p>\n<h2 class=\"p1\"><b>Tied\u00e4 &#038; optimoi<\/b><\/h2>\n<p class=\"p1\">Kun voimme j\u00e4ljitt\u00e4\u00e4 todellisen hiilidioksidiekvivalentin ja verrata sit\u00e4 arvioihin, on aika aloittaa toiminnan optimointi. Autamme tunnistamaan, mitk\u00e4 projektien osat vaikuttavat hiilijalanj\u00e4lkeen ja miten voimme lievent\u00e4\u00e4 t\u00e4t\u00e4 vaikutusta. Lopulta voit saavuttaa t\u00e4ydellisen tietoisen p\u00e4\u00e4t\u00f6ksenteon ja siten pyrki\u00e4 tavoiteltuun kompromissiin taloudellisten ja ymp\u00e4rist\u00f6tekij\u00f6iden v\u00e4lill\u00e4.<\/p>\n<p>[\/et_pb_text][\/et_pb_column][\/et_pb_row][et_pb_row column_structure=&#8221;2_5,3_5&#8243; _builder_version=&#8221;4.18.0&#8243; _module_preset=&#8221;default&#8221; background_enable_color=&#8221;off&#8221; global_colors_info=&#8221;{}&#8221;][et_pb_column type=&#8221;2_5&#8243; _builder_version=&#8221;4.18.0&#8243; _module_preset=&#8221;default&#8221; global_colors_info=&#8221;{}&#8221;][et_pb_image src=&#8221;https:\/\/lt.sitegist.net\/wp-content\/uploads\/2022\/09\/Carbonfree.svg&#8221; title_text=&#8221;Carbonfree&#8221; module_class=&#8221;servicesblockImg&#8221; _builder_version=&#8221;4.18.0&#8243; _module_preset=&#8221;default&#8221; background_enable_color=&#8221;off&#8221; width=&#8221;50%&#8221; module_alignment=&#8221;center&#8221; global_colors_info=&#8221;{}&#8221;][\/et_pb_image][\/et_pb_column][et_pb_column type=&#8221;3_5&#8243; _builder_version=&#8221;4.18.0&#8243; _module_preset=&#8221;default&#8221; global_colors_info=&#8221;{}&#8221;][et_pb_text module_class=&#8221;servicesblock&#8221; _builder_version=&#8221;4.18.0&#8243; _module_preset=&#8221;default&#8221; background_enable_color=&#8221;off&#8221; width=&#8221;110%&#8221; min_height=&#8221;419px&#8221; custom_margin=&#8221;|||20px|false|false&#8221; custom_padding=&#8221;20px|20px|20px|20px|false|false&#8221; global_colors_info=&#8221;{}&#8221;]<\/p>\n<h2 class=\"p1\">Hiilivapaa infra<\/h2>\n<p class=\"p1\">Tied\u00e4mme kaikki, ett\u00e4 ty\u00f6skentelemme alalla, jolla on yksi suurimmista hiilijalanj\u00e4ljist\u00e4. Hiilivapaaseen ja kest\u00e4v\u00e4n kehityksen mukaiseen infraan pyrkiminen on tulevien sukupolvien kanssa yhteinen tavoite, josta voimme olla ylpeit\u00e4. Ollaan yhdess\u00e4 edell\u00e4k\u00e4vij\u00f6it\u00e4!<\/p>\n<p>[\/et_pb_text][\/et_pb_column][\/et_pb_row][\/et_pb_section][et_pb_section fb_built=&#8221;1&#8243; _builder_version=&#8221;4.16&#8243; _module_preset=&#8221;default&#8221; global_colors_info=&#8221;{}&#8221;][et_pb_row _builder_version=&#8221;4.16&#8243; _module_preset=&#8221;default&#8221; global_colors_info=&#8221;{}&#8221;][et_pb_column type=&#8221;4_4&#8243; _builder_version=&#8221;4.16&#8243; _module_preset=&#8221;default&#8221; global_colors_info=&#8221;{}&#8221;][et_pb_text _builder_version=&#8221;4.18.0&#8243; _module_preset=&#8221;default&#8221; global_colors_info=&#8221;{}&#8221;]<\/p>\n<h3>Ota yhteytt\u00e4 kest\u00e4v\u00e4st\u00e4 kehityksest\u00e4<\/h3>\n<p>[\/et_pb_text][\/et_pb_column][\/et_pb_row][et_pb_row column_structure=&#8221;1_3,1_3,1_3&#8243; _builder_version=&#8221;4.17.4&#8243; _module_preset=&#8221;default&#8221; global_colors_info=&#8221;{}&#8221;][et_pb_column type=&#8221;1_3&#8243; _builder_version=&#8221;4.17.4&#8243; _module_preset=&#8221;default&#8221; global_colors_info=&#8221;{}&#8221;][\/et_pb_column][et_pb_column type=&#8221;1_3&#8243; _builder_version=&#8221;4.17.4&#8243; _module_preset=&#8221;default&#8221; global_colors_info=&#8221;{}&#8221;][et_pb_team_member image_url=&#8221;https:\/\/lt.sitegist.net\/wp-content\/uploads\/2022\/07\/infrakit_jere_syrjala.png&#8221; admin_label=&#8221;Jere Syrj\u00e4l\u00e4&#8221; _builder_version=&#8221;4.17.4&#8243; _module_preset=&#8221;default&#8221; global_colors_info=&#8221;{}&#8221;]<\/p>\n<p style=\"text-align: center;\"><strong>Jere Syrj\u00e4l\u00e4<\/strong><br \/>Product Manager<br \/><a href=\"mailto:jere.syrjala@lt.sitegist.net\">Jere.syrjala@lt.sitegist.net<\/a><br \/>+358 50 365 7875<\/p>\n<p>[\/et_pb_team_member][et_pb_code _builder_version=&#8221;4.18.0&#8243; _module_preset=&#8221;default&#8221; hover_enabled=&#8221;0&#8243; global_colors_info=&#8221;{}&#8221; sticky_enabled=&#8221;0&#8243;]<\/p>\n<div class=\"pipedriveWebForms\" data-pd-webforms=\"https:\/\/webforms.pipedrive.com\/f\/IUUvNaizDQB8jN1je7koyPmNdDpxdllklL8IRvXdpKZAy9Qzo4s6XAKLgR1jNKP\"><script src=\"https:\/\/webforms.pipedrive.com\/f\/loader\"><\/script><\/div>\n<p>[\/et_pb_code][\/et_pb_column][et_pb_column type=&#8221;1_3&#8243; _builder_version=&#8221;4.17.4&#8243; _module_preset=&#8221;default&#8221; global_colors_info=&#8221;{}&#8221;][\/et_pb_column][\/et_pb_row][\/et_pb_section]<\/p>\n","protected":false},"excerpt":{"rendered":"<p>Kest\u00e4v\u00e4 kehitys Projektien asianmukainen digitalisointi vie kohti kest\u00e4v\u00e4n kehityksen mukaista infrarakentamista. Missiomme on mahdollistaa infra-alan kest\u00e4v\u00e4 kehitys.Asianmukaisen digitalisoinnin avulla organisaatiosi saa paremmat pisteet kest\u00e4v\u00e4n kehityksen arvioinneista esim. CEEQUAL tai ESG.>5 % projektin hiilijalanj\u00e4ljest\u00e4 pienenee pelk\u00e4ll\u00e4 tehokkuutta lis\u00e4\u00e4v\u00e4ll\u00e4 digitalisaatiolla, ja meid\u00e4n avullamme suurennat t\u00e4t\u00e4 vaikutusta huomattavasti.Infraprojektin asianmukainen digitalisointi edist\u00e4\u00e4 v\u00e4hint\u00e4\u00e4n yhdeks\u00e4n kest\u00e4v\u00e4n kehityksen tavoitteen saavuttamistaMittaa &#038; [&hellip;]<\/p>\n","protected":false},"author":1,"featured_media":0,"parent":0,"menu_order":4,"comment_status":"closed","ping_status":"closed","template":"","meta":{"_acf_changed":false,"_et_pb_use_builder":"on","_et_pb_old_content":"[et_pb_section fb_built=\"1\" _builder_version=\"4.18.0\" _module_preset=\"default\" background_color=\"#fbfaf9\" global_colors_info=\"{}\"][et_pb_row column_structure=\"1_2,1_2\" _builder_version=\"4.16\" _module_preset=\"default\" global_colors_info=\"{}\"][et_pb_column type=\"1_2\" _builder_version=\"4.16\" _module_preset=\"default\" global_colors_info=\"{}\"][et_pb_text _builder_version=\"4.18.0\" _module_preset=\"default\" global_colors_info=\"{}\"]<h1>Sustainability<\/h1>\r\n<p class=\"intro\">Proper digitalization of projects will be your pathway to the sustainable infra construction. Our mission is to enable infrastructure industry to become sustainable.<\/p>[\/et_pb_text][\/et_pb_column][et_pb_column type=\"1_2\" _builder_version=\"4.16\" _module_preset=\"default\" global_colors_info=\"{}\"][et_pb_image src=\"\/wp-content\/uploads\/2021\/05\/services_image.png\" title_text=\"services_image\" _builder_version=\"4.16\" _module_preset=\"default\" global_colors_info=\"{}\"][\/et_pb_image][\/et_pb_column][\/et_pb_row][\/et_pb_section][et_pb_section fb_built=\"1\" admin_label=\"core services label\" _builder_version=\"4.16\" _module_preset=\"default\" background_color=\"#FBFAF9\" saved_tabs=\"all\" global_colors_info=\"{}\"][et_pb_row _builder_version=\"4.17.4\" _module_preset=\"default\" global_colors_info=\"{}\"][et_pb_column type=\"4_4\" _builder_version=\"4.17.4\" _module_preset=\"default\" global_colors_info=\"{}\"][et_pb_image src=\"https:\/\/lt.sitegist.net\/wp-content\/uploads\/2022\/07\/infrakit_sustainability_page-2.jpg\" title_text=\"infrakit_sustainability_page\" align=\"center\" force_fullwidth=\"on\" _builder_version=\"4.17.4\" _module_preset=\"default\" global_colors_info=\"{}\"][\/et_pb_image][\/et_pb_column][\/et_pb_row][et_pb_row column_structure=\"1_3,1_3,1_3\" make_equal=\"on\" admin_label=\"core services row\" _builder_version=\"4.16\" _module_preset=\"default\" global_colors_info=\"{}\"][et_pb_column type=\"1_3\" _builder_version=\"4.16\" _module_preset=\"default\" global_colors_info=\"{}\"][et_pb_number_counter number=\"100\" _builder_version=\"4.17.4\" _module_preset=\"default\" global_colors_info=\"{}\"][\/et_pb_number_counter][et_pb_text _builder_version=\"4.17.4\" _module_preset=\"default\" global_colors_info=\"{}\"]<p style=\"text-align: center;\">Proper digitalization enables your organization to receive higher scores from sustainability assessments such as <strong>CEEQUAL<\/strong> or <strong>ESG<\/strong><\/p>[\/et_pb_text][\/et_pb_column][et_pb_column type=\"1_3\" _builder_version=\"4.16\" _module_preset=\"default\" global_colors_info=\"{}\"][et_pb_number_counter number=\"5\" _builder_version=\"4.17.4\" _module_preset=\"default\" global_colors_info=\"{}\"][\/et_pb_number_counter][et_pb_text admin_label=\"Text\" _builder_version=\"4.18.0\" _module_preset=\"default\" global_colors_info=\"{}\"]<p style=\"text-align: center;\">>5% of the <strong>carbon footprint<\/strong> of a project is reduced just by applying efficiency increasing digitalization and with our help, you can make this impact much greater<\/p>[\/et_pb_text][\/et_pb_column][et_pb_column type=\"1_3\" _builder_version=\"4.16\" _module_preset=\"default\" global_colors_info=\"{}\"][et_pb_number_counter number=\"9 SDGs\" percent_sign=\"off\" _builder_version=\"4.17.4\" _module_preset=\"default\" global_colors_info=\"{}\"][\/et_pb_number_counter][et_pb_text admin_label=\"Text\" _builder_version=\"4.17.4\" _module_preset=\"default\" global_colors_info=\"{}\"]<p style=\"text-align: center;\"><strong>Proper digitalization<\/strong> of an infrastructure project will contribute to at least 9 Sustainable Development Goals<\/p>[\/et_pb_text][\/et_pb_column][\/et_pb_row][\/et_pb_section][et_pb_section fb_built=\"1\" _builder_version=\"4.18.0\" _module_preset=\"default\" background_enable_color=\"off\" global_colors_info=\"{}\"][et_pb_row column_structure=\"2_5,3_5\" _builder_version=\"4.18.0\" _module_preset=\"default\" background_enable_color=\"off\" global_colors_info=\"{}\"][et_pb_column type=\"2_5\" _builder_version=\"4.18.0\" _module_preset=\"default\" global_colors_info=\"{}\"][et_pb_image src=\"https:\/\/lt.sitegist.net\/wp-content\/uploads\/2022\/09\/Measureandcap.svg\" title_text=\"Measureandcap\" align=\"center\" module_class=\"servicesblockImg\" _builder_version=\"4.18.0\" _module_preset=\"default\" background_enable_color=\"off\" width=\"50%\" global_colors_info=\"{}\"][\/et_pb_image][\/et_pb_column][et_pb_column type=\"3_5\" _builder_version=\"4.18.0\" _module_preset=\"default\" global_colors_info=\"{}\"][et_pb_text module_class=\"servicesblock\" _builder_version=\"4.18.0\" _module_preset=\"default\" background_enable_color=\"off\" width=\"110%\" min_height=\"419px\" custom_margin=\"|||20px|false|false\" custom_padding=\"20px|20px|20px|20px|false|false\" global_colors_info=\"{}\"]<h2 class=\"p1\"><b>Measure & Cap<\/b><\/h2>\r\n<p class=\"p1\">Our joint journey towards mitigating carbon footprint of infra projects begins by moving from estimating the projects CO2e impact into the actual measurement of the impact.<\/p>[\/et_pb_text][\/et_pb_column][\/et_pb_row][et_pb_row column_structure=\"2_5,3_5\" _builder_version=\"4.18.0\" _module_preset=\"default\" background_enable_color=\"off\" global_colors_info=\"{}\"][et_pb_column type=\"2_5\" _builder_version=\"4.18.0\" _module_preset=\"default\" global_colors_info=\"{}\"][et_pb_image src=\"https:\/\/lt.sitegist.net\/wp-content\/uploads\/2022\/10\/Know-and-optimize-icon.svg\" title_text=\"Know and optimize icon\" module_class=\"servicesblockImg\" _builder_version=\"4.18.0\" _module_preset=\"default\" background_enable_color=\"off\" width=\"50%\" module_alignment=\"center\" global_colors_info=\"{}\"][\/et_pb_image][\/et_pb_column][et_pb_column type=\"3_5\" _builder_version=\"4.18.0\" _module_preset=\"default\" global_colors_info=\"{}\"][et_pb_text module_class=\"servicesblock\" _builder_version=\"4.18.0\" _module_preset=\"default\" background_enable_color=\"off\" width=\"110%\" min_height=\"419px\" custom_margin=\"|||20px|false|false\" custom_padding=\"20px|20px|20px|20px|false|false\" global_colors_info=\"{}\"]<h2 class=\"p1\"><b>Know & Optimize<\/b><\/h2>\r\n<p class=\"p1\">When we are able to trace the actual CO2e impact, and compare it to the estimations, it is time to start optimizing our working. Our aim is to help you to recognize which parts of the projects are impacting your carbon footprint and how we are able to mitigate that impact. Ultimately, you can reach a complete decision-making awareness to pursue a desired trade-off between economic and environmental factors.<\/p>[\/et_pb_text][\/et_pb_column][\/et_pb_row][et_pb_row column_structure=\"2_5,3_5\" _builder_version=\"4.18.0\" _module_preset=\"default\" background_enable_color=\"off\" global_colors_info=\"{}\"][et_pb_column type=\"2_5\" _builder_version=\"4.18.0\" _module_preset=\"default\" global_colors_info=\"{}\"][et_pb_image src=\"https:\/\/lt.sitegist.net\/wp-content\/uploads\/2022\/09\/Carbonfree.svg\" title_text=\"Carbonfree\" module_class=\"servicesblockImg\" _builder_version=\"4.18.0\" _module_preset=\"default\" background_enable_color=\"off\" width=\"50%\" module_alignment=\"center\" global_colors_info=\"{}\"][\/et_pb_image][\/et_pb_column][et_pb_column type=\"3_5\" _builder_version=\"4.18.0\" _module_preset=\"default\" global_colors_info=\"{}\"][et_pb_text module_class=\"servicesblock\" _builder_version=\"4.18.0\" _module_preset=\"default\" background_enable_color=\"off\" width=\"110%\" min_height=\"419px\" custom_margin=\"|||20px|false|false\" custom_padding=\"20px|20px|20px|20px|false|false\" global_colors_info=\"{}\"]<h2 class=\"p1\">Carbon free infra<\/h2>\r\n<p class=\"p1\">We all know we are working in an industry with one of largest carbon footprints. Working towards carbon free and sustainable infra is something we can proudly share with our future generations. Let\u2019s show the way together!<\/p>[\/et_pb_text][\/et_pb_column][\/et_pb_row][\/et_pb_section][et_pb_section fb_built=\"1\" _builder_version=\"4.16\" _module_preset=\"default\" global_colors_info=\"{}\"][et_pb_row _builder_version=\"4.16\" _module_preset=\"default\" global_colors_info=\"{}\"][et_pb_column type=\"4_4\" _builder_version=\"4.16\" _module_preset=\"default\" global_colors_info=\"{}\"][et_pb_text _builder_version=\"4.17.4\" _module_preset=\"default\" global_colors_info=\"{}\"]<h3>Get in touch about sustainability<\/h3>[\/et_pb_text][\/et_pb_column][\/et_pb_row][et_pb_row column_structure=\"1_3,1_3,1_3\" _builder_version=\"4.17.4\" _module_preset=\"default\" global_colors_info=\"{}\"][et_pb_column type=\"1_3\" _builder_version=\"4.17.4\" _module_preset=\"default\" global_colors_info=\"{}\"][\/et_pb_column][et_pb_column type=\"1_3\" _builder_version=\"4.17.4\" _module_preset=\"default\" global_colors_info=\"{}\"][et_pb_team_member image_url=\"https:\/\/lt.sitegist.net\/wp-content\/uploads\/2022\/07\/infrakit_jere_syrjala.png\" admin_label=\"Jere Syrj\u00e4l\u00e4\" _builder_version=\"4.17.4\" _module_preset=\"default\" global_colors_info=\"{}\"]<p style=\"text-align: center;\"><strong>Jere Syrj\u00e4l\u00e4<\/strong><br \/>Product Manager<br \/><a href=\"mailto:jere.syrjala@lt.sitegist.net\">Jere.syrjala@lt.sitegist.net<\/a><br \/>+358 50 365 7875<\/p>[\/et_pb_team_member][et_pb_code _builder_version=\"4.18.0\" _module_preset=\"default\" global_colors_info=\"{}\"]<div class=\"pipedriveWebForms\" data-pd-webforms=\"https:\/\/webforms.pipedrive.com\/f\/lzvVNRdjH0Q7Wt2ODBbLU71iso79x5YSEeruzP0Mz0DrRbb9dGA38VVl4Oi0O1d\"><script src=\"https:\/\/webforms.pipedrive.com\/f\/loader\"><\/script><\/div>[\/et_pb_code][\/et_pb_column][et_pb_column type=\"1_3\" _builder_version=\"4.17.4\" _module_preset=\"default\" global_colors_info=\"{}\"][\/et_pb_column][\/et_pb_row][\/et_pb_section]","_et_gb_content_width":"","footnotes":""},"class_list":["post-15351","page","type-page","status-publish","hentry"],"acf":[],"_links":{"self":[{"href":"https:\/\/lt.sitegist.net\/fi\/wp-json\/wp\/v2\/pages\/15351","targetHints":{"allow":["GET"]}}],"collection":[{"href":"https:\/\/lt.sitegist.net\/fi\/wp-json\/wp\/v2\/pages"}],"about":[{"href":"https:\/\/lt.sitegist.net\/fi\/wp-json\/wp\/v2\/types\/page"}],"author":[{"embeddable":true,"href":"https:\/\/lt.sitegist.net\/fi\/wp-json\/wp\/v2\/users\/1"}],"replies":[{"embeddable":true,"href":"https:\/\/lt.sitegist.net\/fi\/wp-json\/wp\/v2\/comments?post=15351"}],"version-history":[{"count":7,"href":"https:\/\/lt.sitegist.net\/fi\/wp-json\/wp\/v2\/pages\/15351\/revisions"}],"predecessor-version":[{"id":15496,"href":"https:\/\/lt.sitegist.net\/fi\/wp-json\/wp\/v2\/pages\/15351\/revisions\/15496"}],"wp:attachment":[{"href":"https:\/\/lt.sitegist.net\/fi\/wp-json\/wp\/v2\/media?parent=15351"}],"curies":[{"name":"wp","href":"https:\/\/api.w.org\/{rel}","templated":true}]}}