{"id":6188,"date":"2021-11-25T21:33:03","date_gmt":"2021-11-25T21:33:03","guid":{"rendered":"https:\/\/lt.sitegist.net\/?page_id=6188"},"modified":"2022-03-04T13:27:56","modified_gmt":"2022-03-04T13:27:56","slug":"referenzen","status":"publish","type":"page","link":"https:\/\/lt.sitegist.net\/de\/referenzen\/","title":{"rendered":"Nutzererfahrungen"},"content":{"rendered":"<p>[et_pb_section fb_built=&#8220;1&#8243; admin_label=&#8220;heading component&#8220; _builder_version=&#8220;4.9.4&#8243; _module_preset=&#8220;default&#8220; background_color=&#8220;#f9f9f7&#8243; global_colors_info=&#8220;{}&#8220;][et_pb_row column_structure=&#8220;1_2,1_2&#8243; admin_label=&#8220;Header component&#8220; _builder_version=&#8220;4.9.4&#8243; _module_preset=&#8220;default&#8220; global_colors_info=&#8220;{}&#8220;][et_pb_column type=&#8220;1_2&#8243; _builder_version=&#8220;4.9.4&#8243; _module_preset=&#8220;default&#8220; global_colors_info=&#8220;{}&#8220;][et_pb_text _builder_version=&#8220;4.14.8&#8243; _module_preset=&#8220;default&#8220; hover_enabled=&#8220;0&#8243; global_colors_info=&#8220;{}&#8220; sticky_enabled=&#8220;0&#8243;]<\/p>\n<h1>Nutzererfahrungen<\/h1>\n<p>[\/et_pb_text][\/et_pb_column][et_pb_column type=&#8220;1_2&#8243; _builder_version=&#8220;4.9.4&#8243; _module_preset=&#8220;default&#8220; global_colors_info=&#8220;{}&#8220;][et_pb_image src=&#8220;\/wp-content\/uploads\/2021\/06\/Combined-Shape@15x.svg&#8220; title_text=&#8220;Combined Shape@1,5x&#8220; _builder_version=&#8220;4.9.4&#8243; _module_preset=&#8220;default&#8220; global_colors_info=&#8220;{}&#8220;][\/et_pb_image][\/et_pb_column][\/et_pb_row][\/et_pb_section][et_pb_section fb_built=&#8220;1&#8243; fullwidth=&#8220;on&#8220; _builder_version=&#8220;4.9.4&#8243; _module_preset=&#8220;default&#8220; global_colors_info=&#8220;{}&#8220;][et_pb_fullwidth_code _builder_version=&#8220;4.9.4&#8243; _module_preset=&#8220;default&#8220; global_colors_info=&#8220;{}&#8220;]<style>\n    #slide {\n      width: 100%;\n      background-color: #FBFAF9;\n      display: flex;\n      align-items: center;\n      margin:0px;\n      padding:0;\n      heigth:auto;\n      max-height:700px;\n  }\n  #recent > article > a {\n    text-decoration: none;\n    color: black;\n  }\n  #headLineContent > a {\n    text-decoration: none;\n    color: black;\n  }\n  \n  #slidewrap {\u00a0\n    max-width: 500px;\n    width: 50%;\n    margin: auto;\n  }\n  #slidewrap img {\n    width:100%;\n  }\n  \n  .headlineContent{\n    background: #FBFAF9;\n    background-color: #FBFAF9;\n    display: block;\n    position: relative;\n    left: 20%;\n    margin-top:35%;\n    max-width: 800px;\n    padding: 30px;\n    max-height: 200px;\n    }\n  .headlineContent h1{\n     font-size: 28px;\n     line-height: 30px;\n  } \n  #recent {\n    background-color: #FBFAF9;\n    margin-top: 0px;\n    overflow: auto;\n    display: flex;\n    align-items: stretch;\n    flex-wrap: wrap;\n    padding: 30px;\n  }\n  \n  #recent > article {\n    margin: 15px;\n    flex-basis: 31%;\n    background-color: white;\n  \n  }\n  #recent > article > h1, h2,h3,h4,h6, p, a { \n    padding: 20px;\n  }\n  \n  \n  #recent article img {\n    padding: 0px;\n    margin: 0px auto;\n    min-width:400px;\n    width: 100%;\n    height: auto;\n  }\n  #contentx{ \n    background-color: #FBFAF9;\n    width: 100%;\n    margin: auto;\n    display:block;\n  }\n  #casesContentWrapper{\n    max-width:1600px;\n    margin: 0 auto;\n  }\n  @media screen and (max-width: 600px) {\n    #recent, article {\n      padding-left: 0px !important;\n    }\n    #recent > article > h1, h2, h3, h4, h6, p, a {\n      width:90%;\n      padding-left:15px;\n    }\n  }\n<\/style>\n<div id=\"contentx\">\n <div id=\"casesContentWrapper\">\n  <!-- Start content -->\n  <div id=\"slide\">\n    <div id=\"slidewrap\">\n        <img decoding=\"async\"\n          src=\"https:\/\/lt.sitegist.net\/wp-content\/uploads\/2022\/11\/windturbine8-whole-area@03x-1024x683-1.jpg\"\n        \/>\n        <div class=\"headlineContent\" style=\"top:-400px;display:block;\">\n            <h1>Krista Uutela, Designkoordinatorin bei Destia, erz\u00e4hlt uns von der Arbeit an dem gewaltigen Windparkprojekt Mutkalampi<\/h1>\n            <p>\n              Destia, Finnlands gr\u00f6\u00dftes Unternehmen f\u00fcr Infrastrukturdienstleistungen, hat f\u00fcr Vestas Wind Systems die Infrastruktur f\u00fcr den Windpark Mutkalampi in Mittel- und Nord\u00f6sterbotten, Finnland, gebaut.\n            <\/p>\n            <a class=\"readMore\" href=\"https:\/\/lt.sitegist.net\/de\/caseselected\/krista-uutela-designkoordinatorin-bei-destia-erzaehlt-uns-von-der-arbeit-an-dem-gewaltigen-windparkprojekt-mutkalampi\/\">Mehr lesen &raquo;<\/a><br \/>&nbsp;<br \/>\n        <\/div>\n    <\/div>\n  <\/div>\n  <section id=\"recent\">\n        \n        <article>\n        <img decoding=\"async\"\n          src=\"https:\/\/lt.sitegist.net\/wp-content\/uploads\/2023\/08\/A9_highlighter_image.jpg\"\n        \/>\n        <h6>Vorsprung durch Digitalisierung und Innovation \u2013 Vorteile der Digitalisierung bei der A9 Generalsanierung f\u00fcr alle Projektbeteiligten<\/h6>\n        <p>\n        Die Sanierung der Pyhrn Autobahn A9 ist ein wegweisendes Projekt, bei dem die ASFiNAG als Bauherr bereits in der Ausschreibungsphase den Fokus auf die Digitalisierung gelegt hat.\n        <\/p>\n        <a class=\"readMore\" href=\"https:\/\/lt.sitegist.net\/de\/caseselected\/vorsprung-durch-digitalisierung-und-innovation-vorteile-der-digitalisierung-bei-der-a9-generalsanierung-fuer-alle-projektbeteiligten\/\">Mehr lesen &raquo;<\/a>\n      <\/article>\n        \n        <article>\n        <img decoding=\"async\"\n          src=\"https:\/\/lt.sitegist.net\/wp-content\/uploads\/2023\/02\/dunnewindgroep_highlighter_image.jpg\"\n        \/>\n        <h6>\u201cInfrakit is unmissable in our present-day work\u201d Jan Boerman, land surveyor at Dunnewind Groep in Ommen<\/h6>\n        <p>\n        He is an \u201cold hand\u201d in the trade. Jan Boerman works, among his other jobs, as a land surveyor at Dunnewind Groep in Ommen. The company specializes in earthworks, civil engineering, demolition projects, transport, and waste collection.\n        <\/p>\n        <a class=\"readMore\" href=\"https:\/\/lt.sitegist.net\/de\/caseselected\/infrakit-is-unmissable-in-our-present-day-work-jan-boerman-land-surveyor-at-dunnewind-groep-in-ommen\/\">Mehr lesen &raquo;<\/a>\n      <\/article>\n        \n        <article>\n        <img decoding=\"async\"\n          src=\"https:\/\/lt.sitegist.net\/wp-content\/uploads\/2022\/12\/destia_wind_farm_highlighter_image.jpg\"\n        \/>\n        <h6>Destia verwendet Infrakit f\u00fcr die Verwaltung der Infrastruktur des Windparkprojekts Mutkalampi<\/h6>\n        <p>\n        Mit 69 Turbinen wird der Windpark der gr\u00f6\u00dfte Finnlands sein. Der Windpark wird in zwei Phasen in Betrieb gehen: Ende 2022 und von Juli bis September 2023.\n        <\/p>\n        <a class=\"readMore\" href=\"https:\/\/lt.sitegist.net\/de\/caseselected\/destia-verwendet-infrakit-fuer-die-verwaltung-der-infrastruktur-des-windparkprojekts-mutkalampi\/\">Mehr lesen &raquo;<\/a>\n      <\/article>\n        \n        <article>\n        <img decoding=\"async\"\n          src=\"https:\/\/lt.sitegist.net\/wp-content\/uploads\/2022\/09\/infrakit_heijmans_highlighter_image.jpg\"\n        \/>\n        <h6>Klavertje 4: Heijmans baut das Zentrum von Greenport Venlo \u2013 Vermessungsleiter \u00fcber gemischten Fuhrpark und Qualit\u00e4tsmanagement<\/h6>\n        <p>\n        Klavertje 4 (K4, Vierbl\u00e4ttriges Kleeblatt) ist ein etwa 5.000 Hektar gro\u00dfes Gebiet nordwestlich von Venlo, das zwischen den Autobahnen A73 und A67 liegt.\n        <\/p>\n        <a class=\"readMore\" href=\"https:\/\/lt.sitegist.net\/de\/caseselected\/klavertje-4-heijmans-baut-das-zentrum-von-greenport-venlo-vermessungsleiter-ueber-gemischten-fuhrpark-und-qualitaetsmanagement\/\">Mehr lesen &raquo;<\/a>\n      <\/article>\n        \n        <article>\n        <img decoding=\"async\"\n          src=\"https:\/\/lt.sitegist.net\/wp-content\/uploads\/2022\/08\/Bouygues-highlight-AB.jpg\"\n        \/>\n        <h6>Der Bauleiter von Bouygues \u00fcber die Verwaltung von Echtzeitdaten auf der Baustelle der U-Bahn-Linie 11 in Paris<\/h6>\n        <p>\n        An der Erweiterungsbaustelle der U-Bahn-Linie 11 kann sich Anthony Balbeurre, Bauleiter bei Bouygues Construction, jetzt auf Infrakit verlassen, um Daten in Echtzeit zu sammeln und auszutauschen\n        <\/p>\n        <a class=\"readMore\" href=\"https:\/\/lt.sitegist.net\/de\/caseselected\/der-bauleiter-von-bouygues-ueber-die-verwaltung-von-echtzeitdaten-auf-der-baustelle-der-u-bahn-linie-11-in-paris\/\">Mehr lesen &raquo;<\/a>\n      <\/article>\n        \n        <article>\n        <img decoding=\"async\"\n          src=\"https:\/\/lt.sitegist.net\/wp-content\/uploads\/2022\/06\/E39-AF-Anlegg.png\"\n        \/>\n        <h6>Der Abteilungsleiter f\u00fcr Maschinensteuerung und Automatisierung bei AF Anlegg spricht \u00fcber die Datenflussverwaltung des gemischten Fuhrparks beim Autobahnprojekt E39<\/h6>\n        <p>\n        Wir haben Kristen Petillon, den Leiter der Abteilung Maschinensteuerung und Automatisierung von AF Anlegg, \u00fcber seine Arbeit an dem Projekt mit Infrakit befragt.\n        <\/p>\n        <a class=\"readMore\" href=\"https:\/\/lt.sitegist.net\/de\/caseselected\/der-abteilungsleiter-fuer-maschinensteuerung-und-automatisierung-bei-af-anlegg-spricht-ueber-die-datenflussverwaltung-des-gemischten-fuhrparks-beim-autobahnprojekt-e39\/\">Mehr lesen &raquo;<\/a>\n      <\/article>\n        <br><div style=\"width: 100%; text-align: center;float:none;\"><span aria-current=\"page\" class=\"page-numbers current\">1<\/span>\n<a class=\"page-numbers\" href=\"https:\/\/lt.sitegist.net\/de\/wp-json\/wp\/v2\/pages\/6188\/page\/2\">2<\/a>\n<a class=\"page-numbers\" href=\"https:\/\/lt.sitegist.net\/de\/wp-json\/wp\/v2\/pages\/6188\/page\/3\">3<\/a>\n<span class=\"page-numbers dots\">&hellip;<\/span>\n<a class=\"page-numbers\" href=\"https:\/\/lt.sitegist.net\/de\/wp-json\/wp\/v2\/pages\/6188\/page\/7\">7<\/a>\n<a class=\"next page-numbers\" href=\"https:\/\/lt.sitegist.net\/de\/wp-json\/wp\/v2\/pages\/6188\/page\/2\">&#9658;<\/a><\/div><\/section>[\/et_pb_fullwidth_code][\/et_pb_section]<\/p>\n","protected":false},"excerpt":{"rendered":"<p>Der Abteilungsleiter f\u00fcr Maschinensteuerung und Automatisierung bei AF Anlegg spricht \u00fcber die Datenflussverwaltung des gemischten Fuhrparks beim Autobahnprojekt E39AF Anlegg ist ein f\u00fchrender Bau- und Industriekonzern. Im Jahr 2018 unterzeichneten sie einen Vertrag mit Nye Veier f\u00fcr die Planung und den Bau der neuen Autobahn E39. E39 Kristiansand West \u2013 Mandal Ost war der erste [&hellip;]<\/p>\n","protected":false},"author":1,"featured_media":0,"parent":0,"menu_order":4,"comment_status":"closed","ping_status":"closed","template":"","meta":{"_acf_changed":false,"_et_pb_use_builder":"on","_et_pb_old_content":"","_et_gb_content_width":"","footnotes":""},"class_list":["post-6188","page","type-page","status-publish","hentry"],"acf":[],"_links":{"self":[{"href":"https:\/\/lt.sitegist.net\/de\/wp-json\/wp\/v2\/pages\/6188","targetHints":{"allow":["GET"]}}],"collection":[{"href":"https:\/\/lt.sitegist.net\/de\/wp-json\/wp\/v2\/pages"}],"about":[{"href":"https:\/\/lt.sitegist.net\/de\/wp-json\/wp\/v2\/types\/page"}],"author":[{"embeddable":true,"href":"https:\/\/lt.sitegist.net\/de\/wp-json\/wp\/v2\/users\/1"}],"replies":[{"embeddable":true,"href":"https:\/\/lt.sitegist.net\/de\/wp-json\/wp\/v2\/comments?post=6188"}],"version-history":[{"count":6,"href":"https:\/\/lt.sitegist.net\/de\/wp-json\/wp\/v2\/pages\/6188\/revisions"}],"predecessor-version":[{"id":10670,"href":"https:\/\/lt.sitegist.net\/de\/wp-json\/wp\/v2\/pages\/6188\/revisions\/10670"}],"wp:attachment":[{"href":"https:\/\/lt.sitegist.net\/de\/wp-json\/wp\/v2\/media?parent=6188"}],"curies":[{"name":"wp","href":"https:\/\/api.w.org\/{rel}","templated":true}]}}