{"id":6142,"date":"2021-11-25T20:36:57","date_gmt":"2021-11-25T20:36:57","guid":{"rendered":"https:\/\/lt.sitegist.net\/?page_id=6142"},"modified":"2023-03-29T22:28:40","modified_gmt":"2023-03-29T22:28:40","slug":"infra-besitzer","status":"publish","type":"page","link":"https:\/\/lt.sitegist.net\/de\/produkt\/infra-besitzer\/","title":{"rendered":"Auftraggeber"},"content":{"rendered":"<p>[et_pb_section fb_built=&#8220;1&#8243; _builder_version=&#8220;4.16&#8243; _module_preset=&#8220;default&#8220; global_colors_info=&#8220;{}&#8220;][et_pb_row _builder_version=&#8220;4.16&#8243; _module_preset=&#8220;default&#8220; global_colors_info=&#8220;{}&#8220;][et_pb_column type=&#8220;4_4&#8243; _builder_version=&#8220;4.16&#8243; _module_preset=&#8220;default&#8220; global_colors_info=&#8220;{}&#8220;][et_pb_text _builder_version=&#8220;4.20.2&#8243; _module_preset=&#8220;default&#8220; hover_enabled=&#8220;0&#8243; global_colors_info=&#8220;{}&#8220; sticky_enabled=&#8220;0&#8243;]<\/p>\n<h2>F\u00fcr Auftraggeber &#8211; Optimieren Sie Ihr Projektmanagement<\/h2>\n<p class=\"intro\">Als Auftraggeber haben Sie zu jeder Zeit einen ganzheitlichen \u00dcberblick \u00fcber Ihre Baustelle. Verfolgen Sie den Projektstatus mit Hilfe von teilautomatisierten Baufortschrittsberichten oder sehen Sie wie weit Ihr Projekt im Zeitplan vorangeschritten ist. Baubesprechungen k\u00f6nnen durch die webbrowserbasierte Cloudplattform \u00fcberall abgehalten werden &#8211; keine Softwareinstallation notwendig. Versionierung und Genehmigungswerkzeuge versetzen Sie in die Lage Bauprozesse besser als jemals zuvor begleiten zu k\u00f6nnen.<\/p>\n<p>An einem Ort k\u00f6nnen Sie folgende Informationen sehen:<\/p>\n<ul>\n<li>den aktuellen Zustand<\/li>\n<li>die Planung<\/li>\n<li>die Dokumentation \/ den Baufortschritt<\/li>\n<\/ul>\n<p>Eine umfangreiche Nutzer- und Rechteverwaltung macht es m\u00f6glich alle Akteure eines Bauprojektes mit einer gemeinsamen Dateistruktur zu verbinden. Ein Ort f\u00fcr die gesamte Bauausf\u00fchrung.<\/p>\n<p>&nbsp;<\/p>\n<p>[\/et_pb_text][et_pb_image src=&#8220;https:\/\/lt.sitegist.net\/wp-content\/uploads\/2022\/03\/1921&#215;1361.jpg&#8220; title_text=&#8220;1921&#215;1361&#8243; align=&#8220;center&#8220; _builder_version=&#8220;4.16&#8243; _module_preset=&#8220;default&#8220; global_colors_info=&#8220;{}&#8220;][\/et_pb_image][\/et_pb_column][\/et_pb_row][\/et_pb_section][et_pb_section fb_built=&#8220;1&#8243; admin_label=&#8220;Testimonials section&#8220; _builder_version=&#8220;4.16&#8243; _module_preset=&#8220;default&#8220; background_color=&#8220;#f7f5f3&#8243; collapsed=&#8220;off&#8220; global_colors_info=&#8220;{}&#8220;][et_pb_row admin_label=&#8220;Testimonial section header&#8220; _builder_version=&#8220;4.16&#8243; _module_preset=&#8220;default&#8220; global_colors_info=&#8220;{}&#8220;][et_pb_column type=&#8220;4_4&#8243; _builder_version=&#8220;4.16&#8243; _module_preset=&#8220;default&#8220; global_colors_info=&#8220;{}&#8220;][et_pb_text admin_label=&#8220;Testimonials text heading&#8220; _builder_version=&#8220;4.16&#8243; _module_preset=&#8220;default&#8220; global_colors_info=&#8220;{}&#8220;]<\/p>\n<h3 style=\"text-align: center;\">Was unsere Kunden sagen<\/h3>\n<p>[\/et_pb_text][\/et_pb_column][\/et_pb_row][\/et_pb_section][et_pb_section fb_built=&#8220;1&#8243; _builder_version=&#8220;4.16&#8243; _module_preset=&#8220;default&#8220; background_color=&#8220;#f7f5f3&#8243; global_colors_info=&#8220;{}&#8220;][et_pb_row column_structure=&#8220;1_5,3_5,1_5&#8243; _builder_version=&#8220;4.16&#8243; _module_preset=&#8220;default&#8220; global_colors_info=&#8220;{}&#8220;][et_pb_column type=&#8220;1_5&#8243; _builder_version=&#8220;4.16&#8243; _module_preset=&#8220;default&#8220; global_colors_info=&#8220;{}&#8220;][\/et_pb_column][et_pb_column type=&#8220;3_5&#8243; _builder_version=&#8220;4.16&#8243; _module_preset=&#8220;default&#8220; global_colors_info=&#8220;{}&#8220;][et_pb_text admin_label=&#8220;Testimonials text&#8220; _builder_version=&#8220;4.16&#8243; _module_preset=&#8220;default&#8220; global_colors_info=&#8220;{}&#8220;]<\/p>\n<p style=\"text-align: center;\"><span style=\"max-width: 588px;\">\u201cAus der Sicht des Bauherrn ist es sehr praktisch, die Probleme, die w\u00e4hrend der Bauzeit entlang der Trasse aufgetreten sind auf der Karte nachvollziehen zu k\u00f6nnen. Das macht es viel einfacher, die Ursachen von M\u00e4ngeln zu identifizieren und Streitigkeiten w\u00e4hrend der Garantiezeit zu l\u00f6sen.\u201d<\/span><\/p>\n<p style=\"text-align: center;\"><img decoding=\"async\" class=\"aligncenter\" src=\"\/wp-content\/uploads\/2021\/11\/infrakit_customer_reta.png\" \/><br \/>\n<b>Kadi Tuum, Projektleiterin, Estnische Verkehrsverwaltung<\/b><\/p>\n<p><center><\/p>\n<hr \/>\n<p><\/center><\/p>\n<p>&nbsp;<\/p>\n<p>[\/et_pb_text][et_pb_text admin_label=&#8220;Testimonials text&#8220; _builder_version=&#8220;4.16&#8243; _module_preset=&#8220;default&#8220; global_colors_info=&#8220;{}&#8220;]<\/p>\n<p style=\"text-align: center;\"><span style=\"max-width: 588px;\">\u201dBei der Planung des Pilotprojekts wollten wir von den finnischen Erfahrungen und dem Know-how profitieren &#8211; deshalb haben wir uns f\u00fcr die Infrakit-Plattform entschieden. Der gr\u00f6\u00dfte Vorteil von Infrakit liegt in der Bauausf\u00fchrung. Das man die gesamte Projektdokumentation mit dem Smartphone oder Tablet auf die Baustelle mitnehmen kann. Es ist auch m\u00f6glich von jedem PC auf die Modelle zuzugreifen ohne eine spezielle CAD- oder Konstruktionssoftware zu besitzen. Und schlie\u00dflich haben wir die M\u00f6glichkeit die Planung in 3D zu \u00fcberpr\u00fcfen.\u201d<\/span><\/p>\n<p style=\"text-align: center;\"><img decoding=\"async\" class=\"aligncenter\" src=\"\/wp-content\/uploads\/2021\/11\/infrakit_customer_reta.png\" \/><br \/>\n<b>Anti Palmi, Leiter der Abteilung f\u00fcr Stra\u00dfenbau und -instandhaltung in der estnischen Stra\u00dfenverwaltung<\/b><\/p>\n<p>[\/et_pb_text][\/et_pb_column][et_pb_column type=&#8220;1_5&#8243; _builder_version=&#8220;4.16&#8243; _module_preset=&#8220;default&#8220; global_colors_info=&#8220;{}&#8220;][\/et_pb_column][\/et_pb_row][\/et_pb_section][et_pb_section fb_built=&#8220;1&#8243; admin_label=&#8220;benefits&#8220; _builder_version=&#8220;4.16&#8243; _module_preset=&#8220;default&#8220; saved_tabs=&#8220;all&#8220; global_colors_info=&#8220;{}&#8220;][et_pb_row admin_label=&#8220;Row Benefits&#8220; _builder_version=&#8220;4.16&#8243; _module_preset=&#8220;default&#8220; global_colors_info=&#8220;{}&#8220;][et_pb_column type=&#8220;4_4&#8243; _builder_version=&#8220;4.16&#8243; _module_preset=&#8220;default&#8220; global_colors_info=&#8220;{}&#8220;][et_pb_text admin_label=&#8220;Benefits&#8220; _builder_version=&#8220;4.16&#8243; _module_preset=&#8220;default&#8220; global_colors_info=&#8220;{}&#8220;]<\/p>\n<h3 style=\"text-align: center;\">Verwalten Sie Ihre Projekte einfacher<\/h3>\n<p>[\/et_pb_text][\/et_pb_column][\/et_pb_row][et_pb_row column_structure=&#8220;1_3,1_3,1_3&#8243; _builder_version=&#8220;4.16&#8243; _module_preset=&#8220;default&#8220; global_colors_info=&#8220;{}&#8220;][et_pb_column type=&#8220;1_3&#8243; _builder_version=&#8220;4.16&#8243; _module_preset=&#8220;default&#8220; global_colors_info=&#8220;{}&#8220;][et_pb_image src=&#8220;https:\/\/lt.sitegist.net\/wp-content\/uploads\/\/2021\/11\/The-single-system-architecture.svg&#8220; title_text=&#8220;The single system architecture&#8220; align=&#8220;center&#8220; disabled_on=&#8220;on|off|off&#8220; _builder_version=&#8220;4.16&#8243; _module_preset=&#8220;default&#8220; global_colors_info=&#8220;{}&#8220;][\/et_pb_image][et_pb_image src=&#8220;https:\/\/lt.sitegist.net\/wp-content\/uploads\/\/2021\/11\/The-single-system-architecture.svg&#8220; title_text=&#8220;The single system architecture&#8220; align=&#8220;center&#8220; disabled_on=&#8220;off|on|on&#8220; admin_label=&#8220;Mobile image&#8220; _builder_version=&#8220;4.16&#8243; _module_preset=&#8220;default&#8220; width=&#8220;50%&#8220; global_colors_info=&#8220;{}&#8220;][\/et_pb_image][et_pb_text admin_label=&#8220;Text&#8220; _builder_version=&#8220;4.16&#8243; _module_preset=&#8220;default&#8220; global_colors_info=&#8220;{}&#8220;]<\/p>\n<p style=\"text-align: center;\">Beschleunigen Sie die Digitalisierung mit einer Cloud-L\u00f6sung und Expertenservices zur Steigerung der Effizienz in Ihrem Projekt.<\/p>\n<p>[\/et_pb_text][\/et_pb_column][et_pb_column type=&#8220;1_3&#8243; _builder_version=&#8220;4.16&#8243; _module_preset=&#8220;default&#8220; global_colors_info=&#8220;{}&#8220;][et_pb_image src=&#8220;https:\/\/lt.sitegist.net\/wp-content\/uploads\/\/2021\/11\/Manage-your-projects-easily.svg&#8220; title_text=&#8220;Manage your projects easily&#8220; align=&#8220;center&#8220; disabled_on=&#8220;on|off|off&#8220; _builder_version=&#8220;4.16&#8243; _module_preset=&#8220;default&#8220; global_colors_info=&#8220;{}&#8220;][\/et_pb_image][et_pb_image src=&#8220;https:\/\/lt.sitegist.net\/wp-content\/uploads\/\/2021\/11\/Manage-your-projects-easily.svg&#8220; title_text=&#8220;Manage your projects easily&#8220; align=&#8220;center&#8220; disabled_on=&#8220;off|on|on&#8220; admin_label=&#8220;Mobile image&#8220; _builder_version=&#8220;4.16&#8243; _module_preset=&#8220;default&#8220; width=&#8220;50%&#8220; global_colors_info=&#8220;{}&#8220;][\/et_pb_image][et_pb_text _builder_version=&#8220;4.16&#8243; _module_preset=&#8220;default&#8220; global_colors_info=&#8220;{}&#8220;]<\/p>\n<p style=\"text-align: center;\">Zugriff auf Echtzeit-Informationen w\u00e4hrend des gesamten Projektlebenszyklus f\u00fcr mehr Vertrauen und Transparenz bei allen Projektbeteiligten.<\/p>\n<p>[\/et_pb_text][\/et_pb_column][et_pb_column type=&#8220;1_3&#8243; _builder_version=&#8220;4.16&#8243; _module_preset=&#8220;default&#8220; global_colors_info=&#8220;{}&#8220;][et_pb_image src=&#8220;https:\/\/lt.sitegist.net\/wp-content\/uploads\/\/2021\/11\/Icon-3.svg&#8220; title_text=&#8220;Icon 3&#8243; align=&#8220;center&#8220; disabled_on=&#8220;on|off|off&#8220; _builder_version=&#8220;4.16&#8243; _module_preset=&#8220;default&#8220; global_colors_info=&#8220;{}&#8220;][\/et_pb_image][et_pb_image src=&#8220;https:\/\/lt.sitegist.net\/wp-content\/uploads\/\/2021\/11\/Icon-3.svg&#8220; title_text=&#8220;Icon 3&#8243; align=&#8220;center&#8220; disabled_on=&#8220;off|on|on&#8220; admin_label=&#8220;Mobile image&#8220; _builder_version=&#8220;4.16&#8243; _module_preset=&#8220;default&#8220; width=&#8220;50%&#8220; global_colors_info=&#8220;{}&#8220;][\/et_pb_image][et_pb_text _builder_version=&#8220;4.16&#8243; _module_preset=&#8220;default&#8220; global_colors_info=&#8220;{}&#8220;]<\/p>\n<p style=\"text-align: center;\">Einfache \u00dcberpr\u00fcfung und Freigabe der As-built-Daten durch visuelle Dokumentation zur Sicherung des Projekterfolgs.<\/p>\n<p>[\/et_pb_text][\/et_pb_column][\/et_pb_row][et_pb_row _builder_version=&#8220;4.16&#8243; _module_preset=&#8220;default&#8220; global_colors_info=&#8220;{}&#8220;][et_pb_column type=&#8220;4_4&#8243; _builder_version=&#8220;4.16&#8243; _module_preset=&#8220;default&#8220; global_colors_info=&#8220;{}&#8220;][et_pb_video src=&#8220;https:\/\/youtu.be\/I8YuyqNaodw&#8220; image_src=&#8220;\/\/i.ytimg.com\/vi\/I8YuyqNaodw\/hqdefault.jpg&#8220; play_icon_color=&#8220;#F06400&#8243; font_icon=&#8220;&#x49;||divi||400&#8243; _builder_version=&#8220;4.20.2&#8243; _module_preset=&#8220;default&#8220; box_shadow_style=&#8220;preset1&#8243; global_colors_info=&#8220;{}&#8220;][\/et_pb_video][et_pb_text _builder_version=&#8220;4.20.2&#8243; _module_preset=&#8220;default&#8220; global_colors_info=&#8220;{}&#8220;]<\/p>\n<p>&nbsp;<\/p>\n<p>[\/et_pb_text][et_pb_video src=&#8220;https:\/\/youtu.be\/rjRYFUsiTVk&#8220; image_src=&#8220;\/\/i.ytimg.com\/vi\/rjRYFUsiTVk\/hqdefault.jpg&#8220; play_icon_color=&#8220;#F06400&#8243; font_icon=&#8220;&#x49;||divi||400&#8243; _builder_version=&#8220;4.20.2&#8243; _module_preset=&#8220;default&#8220; box_shadow_style=&#8220;preset1&#8243; global_colors_info=&#8220;{}&#8220;][\/et_pb_video][et_pb_text _builder_version=&#8220;4.20.2&#8243; _module_preset=&#8220;default&#8220; global_colors_info=&#8220;{}&#8220;]<\/p>\n<p>&nbsp;<\/p>\n<p>[\/et_pb_text][et_pb_video src=&#8220;https:\/\/youtu.be\/YwXR5DD-x_c&#8220; image_src=&#8220;\/\/i.ytimg.com\/vi\/YwXR5DD-x_c\/hqdefault.jpg&#8220; play_icon_color=&#8220;#F06400&#8243; font_icon=&#8220;&#x49;||divi||400&#8243; _builder_version=&#8220;4.20.2&#8243; _module_preset=&#8220;default&#8220; box_shadow_style=&#8220;preset1&#8243; global_colors_info=&#8220;{}&#8220;][\/et_pb_video][\/et_pb_column][\/et_pb_row][\/et_pb_section][et_pb_section fb_built=&#8220;1&#8243; admin_label=&#8220;BOOK A DEMO&#8220; _builder_version=&#8220;4.16&#8243; _module_preset=&#8220;default&#8220; background_color=&#8220;#FBFAF9&#8243; saved_tabs=&#8220;all&#8220; global_colors_info=&#8220;{}&#8220;][et_pb_row column_structure=&#8220;1_4,1_2,1_4&#8243; _builder_version=&#8220;4.16&#8243; _module_preset=&#8220;default&#8220; custom_padding=&#8220;20px|20px|20px|20px|false|false&#8220; global_colors_info=&#8220;{}&#8220;][et_pb_column type=&#8220;1_4&#8243; _builder_version=&#8220;4.16&#8243; _module_preset=&#8220;default&#8220; global_colors_info=&#8220;{}&#8220;][\/et_pb_column][et_pb_column type=&#8220;1_2&#8243; _builder_version=&#8220;4.16&#8243; _module_preset=&#8220;default&#8220; global_colors_info=&#8220;{}&#8220;][et_pb_text _builder_version=&#8220;4.16&#8243; _module_preset=&#8220;default&#8220; background_color=&#8220;#ffffff&#8220; custom_padding=&#8220;20px|20px|20px|20px|false|false&#8220; global_colors_info=&#8220;{}&#8220;]<\/p>\n<h4 style=\"text-align: center;\">Buchen Sie eine Demo<\/h4>\n<p style=\"text-align: center;\">Entdecken Sie wie Infrakit Ihr Projekt vernetzt und einen Mehrwert f\u00fcr die gesamte digitale Bauausf\u00fchrung in Ihrem Unternehmen bietet.<\/p>\n<p style=\"text-align: center;\"><button class=\"btn-small purple\" onclick=\"Calendly.initPopupWidget({url:'https:\/\/calendly.com\/stefan-argiriu\/demo-buchen'});\nreturn false;\" id=>Demo buchen<\/button><\/p>\n<p>[\/et_pb_text][\/et_pb_column][et_pb_column type=&#8220;1_4&#8243; _builder_version=&#8220;4.16&#8243; _module_preset=&#8220;default&#8220; global_colors_info=&#8220;{}&#8220;][\/et_pb_column][\/et_pb_row][\/et_pb_section]<\/p>\n","protected":false},"excerpt":{"rendered":"<p>F\u00fcr Auftraggeber &#8211; Optimieren Sie Ihr Projektmanagement Als Auftraggeber haben Sie zu jeder Zeit einen ganzheitlichen \u00dcberblick \u00fcber Ihre Baustelle. Verfolgen Sie den Projektstatus mit Hilfe von teilautomatisierten Baufortschrittsberichten oder sehen Sie wie weit Ihr Projekt im Zeitplan vorangeschritten ist. Baubesprechungen k\u00f6nnen durch die webbrowserbasierte Cloudplattform \u00fcberall abgehalten werden &#8211; keine Softwareinstallation notwendig. Versionierung und [&hellip;]<\/p>\n","protected":false},"author":1,"featured_media":0,"parent":6059,"menu_order":3,"comment_status":"closed","ping_status":"closed","template":"","meta":{"_acf_changed":false,"_et_pb_use_builder":"on","_et_pb_old_content":"","_et_gb_content_width":"","footnotes":""},"class_list":["post-6142","page","type-page","status-publish","hentry"],"acf":[],"_links":{"self":[{"href":"https:\/\/lt.sitegist.net\/de\/wp-json\/wp\/v2\/pages\/6142","targetHints":{"allow":["GET"]}}],"collection":[{"href":"https:\/\/lt.sitegist.net\/de\/wp-json\/wp\/v2\/pages"}],"about":[{"href":"https:\/\/lt.sitegist.net\/de\/wp-json\/wp\/v2\/types\/page"}],"author":[{"embeddable":true,"href":"https:\/\/lt.sitegist.net\/de\/wp-json\/wp\/v2\/users\/1"}],"replies":[{"embeddable":true,"href":"https:\/\/lt.sitegist.net\/de\/wp-json\/wp\/v2\/comments?post=6142"}],"version-history":[{"count":30,"href":"https:\/\/lt.sitegist.net\/de\/wp-json\/wp\/v2\/pages\/6142\/revisions"}],"predecessor-version":[{"id":17489,"href":"https:\/\/lt.sitegist.net\/de\/wp-json\/wp\/v2\/pages\/6142\/revisions\/17489"}],"up":[{"embeddable":true,"href":"https:\/\/lt.sitegist.net\/de\/wp-json\/wp\/v2\/pages\/6059"}],"wp:attachment":[{"href":"https:\/\/lt.sitegist.net\/de\/wp-json\/wp\/v2\/media?parent=6142"}],"curies":[{"name":"wp","href":"https:\/\/api.w.org\/{rel}","templated":true}]}}