{"id":6104,"date":"2021-11-25T20:00:15","date_gmt":"2021-11-25T20:00:15","guid":{"rendered":"https:\/\/lt.sitegist.net\/?page_id=6104"},"modified":"2023-03-29T22:00:11","modified_gmt":"2023-03-29T22:00:11","slug":"auftragnehmer","status":"publish","type":"page","link":"https:\/\/lt.sitegist.net\/de\/produkt\/auftragnehmer\/","title":{"rendered":"Bauunternehmen"},"content":{"rendered":"<p>[et_pb_section fb_built=&#8220;1&#8243; _builder_version=&#8220;4.16&#8243; _module_preset=&#8220;default&#8220; global_colors_info=&#8220;{}&#8220;][et_pb_row _builder_version=&#8220;4.16&#8243; _module_preset=&#8220;default&#8220; global_colors_info=&#8220;{}&#8220;][et_pb_column type=&#8220;4_4&#8243; _builder_version=&#8220;4.16&#8243; _module_preset=&#8220;default&#8220; global_colors_info=&#8220;{}&#8220;][et_pb_text _builder_version=&#8220;4.16&#8243; _module_preset=&#8220;default&#8220; global_colors_info=&#8220;{}&#8220;]<\/p>\n<h2>F\u00fcr Bauunternehmer &#8211; Optimieren Sie Ihre Baustelle<\/h2>\n<p class=\"intro\">Infrakit wurde speziell f\u00fcr die Bauausf\u00fchrung im Infrastrukturbau wie etwa Verkehrswegebau entwickelt. Die Plattform bietet einen Online Datenspeicher kombiniert mit Hintergrundkarten, 3D-Visualisierung und Querschnitten. Kostenlose Android- und iOS-Apps bieten Ihnen die M\u00f6glichkeit auf der Baustelle alle Informationen der browserbasierten Plattform zu nutzen.<\/p>\n<p>An einem Ort k\u00f6nnen Sie folgende Informationen sehen:<\/p>\n<ul>\n<li>den aktuellen Zustand<\/li>\n<li>die Planung<\/li>\n<li>die Dokumentation \/ den Baufortschritt<\/li>\n<\/ul>\n<p>100% Cloudsoftware bedeutet f\u00fcr Sie keinen IT-Support oder Installationen.\u00a0Sehen Sie auf einen Blick alle Maschinen, Vermessungsequipment, Subunternehmer und App-Informationen.\u00a0Infrakit ist aktuell die einzige Plattform weltweit die eine Integration mit allen g\u00e4ngigen Maschinensteuerungen bietet &#8211; und wir arbeiten an weiteren Integrationen mit unserer offenen Schnittstellen-API.<\/p>\n<p>&nbsp;<\/p>\n<p>[\/et_pb_text][et_pb_image src=&#8220;https:\/\/lt.sitegist.net\/wp-content\/uploads\/2021\/11\/infrakit_contractor_h.jpg&#8220; title_text=&#8220;infrakit_contractor_h&#8220; align=&#8220;center&#8220; _builder_version=&#8220;4.16&#8243; _module_preset=&#8220;default&#8220; global_colors_info=&#8220;{}&#8220;][\/et_pb_image][\/et_pb_column][\/et_pb_row][\/et_pb_section][et_pb_section fb_built=&#8220;1&#8243; admin_label=&#8220;Testimonials section&#8220; _builder_version=&#8220;4.16&#8243; _module_preset=&#8220;default&#8220; background_color=&#8220;#f7f5f3&#8243; collapsed=&#8220;off&#8220; global_colors_info=&#8220;{}&#8220;][et_pb_row admin_label=&#8220;Testimonial section header&#8220; _builder_version=&#8220;4.16&#8243; _module_preset=&#8220;default&#8220; global_colors_info=&#8220;{}&#8220;][et_pb_column type=&#8220;4_4&#8243; _builder_version=&#8220;4.16&#8243; _module_preset=&#8220;default&#8220; global_colors_info=&#8220;{}&#8220;][et_pb_text admin_label=&#8220;Testimonials text heading&#8220; _builder_version=&#8220;4.16&#8243; _module_preset=&#8220;default&#8220; global_colors_info=&#8220;{}&#8220;]<\/p>\n<h3 style=\"text-align: center;\">Was unsere Kunden sagen<\/h3>\n<p>[\/et_pb_text][\/et_pb_column][\/et_pb_row][\/et_pb_section][et_pb_section fb_built=&#8220;1&#8243; _builder_version=&#8220;4.16&#8243; _module_preset=&#8220;default&#8220; background_color=&#8220;#f7f5f3&#8243; global_colors_info=&#8220;{}&#8220;][et_pb_row column_structure=&#8220;1_5,3_5,1_5&#8243; _builder_version=&#8220;4.16&#8243; _module_preset=&#8220;default&#8220; global_colors_info=&#8220;{}&#8220;][et_pb_column type=&#8220;1_5&#8243; _builder_version=&#8220;4.16&#8243; _module_preset=&#8220;default&#8220; global_colors_info=&#8220;{}&#8220;][\/et_pb_column][et_pb_column type=&#8220;3_5&#8243; _builder_version=&#8220;4.16&#8243; _module_preset=&#8220;default&#8220; global_colors_info=&#8220;{}&#8220;][et_pb_text admin_label=&#8220;Testimonials text&#8220; _builder_version=&#8220;4.16&#8243; _module_preset=&#8220;default&#8220; global_colors_info=&#8220;{}&#8220;]<\/p>\n<p style=\"text-align: center;\"><span style=\"max-width: 588px;\">&#8222;\u201cInfrakit bietet einen guten \u00dcberblick \u00fcber die in den Maschinen verwendeten Modelle. Man kann sehen, wo sich die Maschinen befinden, und man kann leicht Daten abrufen. Der gr\u00f6\u00dfte Unterschied zwischen vorher und jetzt ist, dass der Prozess jetzt visueller ist; man hat einen besseren \u00dcberblick und kann sich leichter orientieren.\u201d&#8220;<\/span><\/p>\n<p style=\"text-align: center;\"><img decoding=\"async\" class=\"aligncenter\" src=\"\/wp-content\/uploads\/2021\/11\/infrakit_customer_risa.png\" \/><br \/>\n<b>Jarle Vatne, Projektmanager bei Risa<\/b><\/p>\n<p><center><\/p>\n<hr \/>\n<p><\/center><\/p>\n<p>&nbsp;<\/p>\n<p>[\/et_pb_text][et_pb_text admin_label=&#8220;Testimonials text&#8220; _builder_version=&#8220;4.16&#8243; _module_preset=&#8220;default&#8220; global_colors_info=&#8220;{}&#8220;]<\/p>\n<p style=\"text-align: center;\"><span style=\"max-width: 588px;\">\u201cVorher haben wir mehrere Programme mit unterschiedlichen Portalen verwendet. Das bedeutete, dass wir die Modelle mehrmals einstellen mussten. Bei Infrakit werden sie gesammelt. Bei einem schl\u00fcsselfertigen Auftrag wie diesem gibt es viele Modelle und Aktualisierungen. Anstatt f\u00fcnf verschiedene Portale zu durchlaufen, bleibt es jetzt bei einem. Insgesamt bietet dies eine viel effizientere Nutzung der Maschinensteuerungen.\u201d<\/span><\/p>\n<p style=\"text-align: center;\"><img decoding=\"async\" class=\"aligncenter\" src=\"\/wp-content\/uploads\/2021\/10\/infrakit_customer_peab.png\" \/><br \/>\n<b>Eirik Frimannslund, Survey Manager bei PEAB<\/b><\/p>\n<p><center><\/p>\n<hr \/>\n<p><\/center><\/p>\n<p>&nbsp;<\/p>\n<p>[\/et_pb_text][et_pb_text admin_label=&#8220;Testimonials text&#8220; _builder_version=&#8220;4.16&#8243; _module_preset=&#8220;default&#8220; global_colors_info=&#8220;{}&#8220;]<\/p>\n<p style=\"text-align: center;\"><span style=\"max-width: 588px;\">\u201cDas Wichtigste an Infrakit ist, dass es sehr einfach zu bedienen ist. Man kann viele verschiedene Arten von Daten eingeben und es zeigt die Informationen auf eine gute Weise an.\u201d<\/span><\/p>\n<p style=\"text-align: center;\"><img decoding=\"async\" class=\"aligncenter\" src=\"\/wp-content\/uploads\/2021\/10\/infrakit_customer_veidekke.png\" \/><br \/>\n<b>Terje Glad, BIM Manager bei Veidekke<\/b><\/p>\n<p>[\/et_pb_text][\/et_pb_column][et_pb_column type=&#8220;1_5&#8243; _builder_version=&#8220;4.16&#8243; _module_preset=&#8220;default&#8220; global_colors_info=&#8220;{}&#8220;][\/et_pb_column][\/et_pb_row][\/et_pb_section][et_pb_section fb_built=&#8220;1&#8243; admin_label=&#8220;benefits&#8220; _builder_version=&#8220;4.16&#8243; _module_preset=&#8220;default&#8220; saved_tabs=&#8220;all&#8220; global_colors_info=&#8220;{}&#8220;][et_pb_row admin_label=&#8220;Row Benefits&#8220; _builder_version=&#8220;4.16&#8243; _module_preset=&#8220;default&#8220; global_colors_info=&#8220;{}&#8220;][et_pb_column type=&#8220;4_4&#8243; _builder_version=&#8220;4.16&#8243; _module_preset=&#8220;default&#8220; global_colors_info=&#8220;{}&#8220;][et_pb_text admin_label=&#8220;Benefits&#8220; _builder_version=&#8220;4.16&#8243; _module_preset=&#8220;default&#8220; global_colors_info=&#8220;{}&#8220;]<\/p>\n<h3 style=\"text-align: center;\">Helfen Sie Ihrer Baustelle auf die Spr\u00fcnge<\/h3>\n<p>[\/et_pb_text][\/et_pb_column][\/et_pb_row][et_pb_row column_structure=&#8220;1_3,1_3,1_3&#8243; _builder_version=&#8220;4.16&#8243; _module_preset=&#8220;default&#8220; global_colors_info=&#8220;{}&#8220;][et_pb_column type=&#8220;1_3&#8243; _builder_version=&#8220;4.16&#8243; _module_preset=&#8220;default&#8220; global_colors_info=&#8220;{}&#8220;][et_pb_image src=&#8220;https:\/\/lt.sitegist.net\/wp-content\/uploads\/\/2021\/11\/Icon-1.svg&#8220; alt=&#8220;infrakit&#8220; title_text=&#8220;Icon 1&#8243; align=&#8220;center&#8220; disabled_on=&#8220;on|off|off&#8220; admin_label=&#8220;Image&#8220; _builder_version=&#8220;4.16&#8243; _module_preset=&#8220;default&#8220; global_colors_info=&#8220;{}&#8220;][\/et_pb_image][et_pb_image src=&#8220;https:\/\/lt.sitegist.net\/wp-content\/uploads\/\/2021\/11\/Icon-1.svg&#8220; alt=&#8220;infrakit&#8220; title_text=&#8220;Icon 1&#8243; align=&#8220;center&#8220; disabled_on=&#8220;off|on|on&#8220; admin_label=&#8220;Mobile image&#8220; _builder_version=&#8220;4.16&#8243; _module_preset=&#8220;default&#8220; width=&#8220;50%&#8220; global_colors_info=&#8220;{}&#8220;][\/et_pb_image][et_pb_text _builder_version=&#8220;4.16&#8243; _module_preset=&#8220;default&#8220; global_colors_info=&#8220;{}&#8220;]<\/p>\n<p style=\"text-align: center;\">Verwalten und teilen Sie Echtzeitinformationen mit Ihrem Team zur Verbesserung der Projekt- und Qualit\u00e4tskontrolle.<\/p>\n<p>[\/et_pb_text][\/et_pb_column][et_pb_column type=&#8220;1_3&#8243; _builder_version=&#8220;4.16&#8243; _module_preset=&#8220;default&#8220; global_colors_info=&#8220;{}&#8220;][et_pb_image src=&#8220;https:\/\/lt.sitegist.net\/wp-content\/uploads\/\/2021\/11\/The-single-system-architecture.svg&#8220; title_text=&#8220;The single system architecture&#8220; align=&#8220;center&#8220; disabled_on=&#8220;on|off|off&#8220; admin_label=&#8220;Image&#8220; _builder_version=&#8220;4.16&#8243; _module_preset=&#8220;default&#8220; global_colors_info=&#8220;{}&#8220;][\/et_pb_image][et_pb_image src=&#8220;https:\/\/lt.sitegist.net\/wp-content\/uploads\/\/2021\/11\/The-single-system-architecture.svg&#8220; alt=&#8220;infrakit&#8220; title_text=&#8220;The single system architecture&#8220; align=&#8220;center&#8220; disabled_on=&#8220;off|on|on&#8220; admin_label=&#8220;Mobile image&#8220; _builder_version=&#8220;4.16&#8243; _module_preset=&#8220;default&#8220; width=&#8220;50%&#8220; global_colors_info=&#8220;{}&#8220;][\/et_pb_image][et_pb_text _builder_version=&#8220;4.16&#8243; _module_preset=&#8220;default&#8220; global_colors_info=&#8220;{}&#8220;]<\/p>\n<p style=\"text-align: center;\">W\u00e4hrend des gesamten Projektlebenszyklus bieten Echtzeitinformationen die Grundlage f\u00fcr alle Projektbeteiligten um gegenseitiges Vertrauen aufzubauen und die Transparenz zu erh\u00f6hen.<\/p>\n<p>[\/et_pb_text][\/et_pb_column][et_pb_column type=&#8220;1_3&#8243; _builder_version=&#8220;4.16&#8243; _module_preset=&#8220;default&#8220; global_colors_info=&#8220;{}&#8220;][et_pb_image src=&#8220;https:\/\/lt.sitegist.net\/wp-content\/uploads\/\/2021\/11\/Complete-control.svg&#8220; title_text=&#8220;Complete control&#8220; align=&#8220;center&#8220; disabled_on=&#8220;on|off|off&#8220; admin_label=&#8220;Image&#8220; _builder_version=&#8220;4.16&#8243; _module_preset=&#8220;default&#8220; global_colors_info=&#8220;{}&#8220;][\/et_pb_image][et_pb_image src=&#8220;https:\/\/lt.sitegist.net\/wp-content\/uploads\/\/2021\/11\/Complete-control.svg&#8220; alt=&#8220;infrakit&#8220; title_text=&#8220;Complete control&#8220; align=&#8220;center&#8220; disabled_on=&#8220;off|on|on&#8220; admin_label=&#8220;Mobile image&#8220; _builder_version=&#8220;4.16&#8243; _module_preset=&#8220;default&#8220; width=&#8220;50%&#8220; global_colors_info=&#8220;{}&#8220;][\/et_pb_image][et_pb_text admin_label=&#8220;Text&#8220; _builder_version=&#8220;4.16&#8243; _module_preset=&#8220;default&#8220; global_colors_info=&#8220;{}&#8220;]<\/p>\n<p style=\"text-align: center;\">Einf\u00fchrung der benutzerfreundlichen Infrakit-L\u00f6sung mit unserer fachkundigen Unterst\u00fctzung f\u00fchren zur Steigerung der Akzeptanz und einer erfolgreichen Implementierung in Ihrem Projekt und Unternehmen.<\/p>\n<p>[\/et_pb_text][\/et_pb_column][\/et_pb_row][et_pb_row _builder_version=&#8220;4.16&#8243; _module_preset=&#8220;default&#8220; global_colors_info=&#8220;{}&#8220;][et_pb_column type=&#8220;4_4&#8243; _builder_version=&#8220;4.16&#8243; _module_preset=&#8220;default&#8220; global_colors_info=&#8220;{}&#8220;][et_pb_video src=&#8220;https:\/\/youtu.be\/I8YuyqNaodw&#8220; image_src=&#8220;\/\/i.ytimg.com\/vi\/I8YuyqNaodw\/hqdefault.jpg&#8220; play_icon_color=&#8220;#F06400&#8243; font_icon=&#8220;&#x49;||divi||400&#8243; _builder_version=&#8220;4.20.2&#8243; _module_preset=&#8220;default&#8220; box_shadow_style=&#8220;preset1&#8243; global_colors_info=&#8220;{}&#8220;][\/et_pb_video][et_pb_text _builder_version=&#8220;4.20.2&#8243; _module_preset=&#8220;default&#8220; hover_enabled=&#8220;0&#8243; sticky_enabled=&#8220;0&#8243;]<\/p>\n<p>&nbsp;<\/p>\n<p>[\/et_pb_text][et_pb_video src=&#8220;https:\/\/youtu.be\/rjRYFUsiTVk&#8220; image_src=&#8220;\/\/i.ytimg.com\/vi\/rjRYFUsiTVk\/hqdefault.jpg&#8220; play_icon_color=&#8220;#F06400&#8243; font_icon=&#8220;&#x49;||divi||400&#8243; _builder_version=&#8220;4.20.2&#8243; _module_preset=&#8220;default&#8220; box_shadow_style=&#8220;preset1&#8243; global_colors_info=&#8220;{}&#8220;][\/et_pb_video][et_pb_text _builder_version=&#8220;4.20.2&#8243; _module_preset=&#8220;default&#8220; hover_enabled=&#8220;0&#8243; sticky_enabled=&#8220;0&#8243;]<\/p>\n<p>&nbsp;<\/p>\n<p>[\/et_pb_text][et_pb_video src=&#8220;https:\/\/youtu.be\/YwXR5DD-x_c&#8220; image_src=&#8220;\/\/i.ytimg.com\/vi\/YwXR5DD-x_c\/hqdefault.jpg&#8220; play_icon_color=&#8220;#F06400&#8243; font_icon=&#8220;&#x49;||divi||400&#8243; _builder_version=&#8220;4.20.2&#8243; _module_preset=&#8220;default&#8220; box_shadow_style=&#8220;preset1&#8243; global_colors_info=&#8220;{}&#8220;][\/et_pb_video][\/et_pb_column][\/et_pb_row][\/et_pb_section][et_pb_section fb_built=&#8220;1&#8243; admin_label=&#8220;BOOK A DEMO&#8220; _builder_version=&#8220;4.16&#8243; _module_preset=&#8220;default&#8220; background_color=&#8220;#FBFAF9&#8243; saved_tabs=&#8220;all&#8220; global_colors_info=&#8220;{}&#8220;][et_pb_row column_structure=&#8220;1_4,1_2,1_4&#8243; _builder_version=&#8220;4.16&#8243; _module_preset=&#8220;default&#8220; custom_padding=&#8220;20px|20px|20px|20px|false|false&#8220; global_colors_info=&#8220;{}&#8220;][et_pb_column type=&#8220;1_4&#8243; _builder_version=&#8220;4.16&#8243; _module_preset=&#8220;default&#8220; global_colors_info=&#8220;{}&#8220;][\/et_pb_column][et_pb_column type=&#8220;1_2&#8243; _builder_version=&#8220;4.16&#8243; _module_preset=&#8220;default&#8220; global_colors_info=&#8220;{}&#8220;][et_pb_text _builder_version=&#8220;4.16&#8243; _module_preset=&#8220;default&#8220; background_color=&#8220;#ffffff&#8220; custom_padding=&#8220;20px|20px|20px|20px|false|false&#8220; global_colors_info=&#8220;{}&#8220;]<\/p>\n<h4 style=\"text-align: center;\">Buchen Sie eine Demo<\/h4>\n<p style=\"text-align: center;\">Entdecken Sie wie Infrakit Ihr Projekt vernetzt und einen Mehrwert f\u00fcr die gesamte digitale Bauausf\u00fchrung in Ihrem Unternehmen bietet.<\/p>\n<p style=\"text-align: center;\"><button class=\"btn-small purple\" onclick=\"Calendly.initPopupWidget({url:'https:\/\/calendly.com\/stefan-argiriu\/demo-buchen'});\nreturn false;\" id=>Demo buchen<\/button><\/p>\n<p>[\/et_pb_text][\/et_pb_column][et_pb_column type=&#8220;1_4&#8243; _builder_version=&#8220;4.16&#8243; _module_preset=&#8220;default&#8220; global_colors_info=&#8220;{}&#8220;][\/et_pb_column][\/et_pb_row][\/et_pb_section]<\/p>\n","protected":false},"excerpt":{"rendered":"<p>F\u00fcr Bauunternehmer &#8211; Optimieren Sie Ihre Baustelle Infrakit wurde speziell f\u00fcr die Bauausf\u00fchrung im Infrastrukturbau wie etwa Verkehrswegebau entwickelt. Die Plattform bietet einen Online Datenspeicher kombiniert mit Hintergrundkarten, 3D-Visualisierung und Querschnitten. Kostenlose Android- und iOS-Apps bieten Ihnen die M\u00f6glichkeit auf der Baustelle alle Informationen der browserbasierten Plattform zu nutzen. An einem Ort k\u00f6nnen Sie folgende [&hellip;]<\/p>\n","protected":false},"author":1,"featured_media":0,"parent":6059,"menu_order":2,"comment_status":"closed","ping_status":"closed","template":"","meta":{"_acf_changed":false,"_et_pb_use_builder":"on","_et_pb_old_content":"","_et_gb_content_width":"","footnotes":""},"class_list":["post-6104","page","type-page","status-publish","hentry"],"acf":[],"_links":{"self":[{"href":"https:\/\/lt.sitegist.net\/de\/wp-json\/wp\/v2\/pages\/6104","targetHints":{"allow":["GET"]}}],"collection":[{"href":"https:\/\/lt.sitegist.net\/de\/wp-json\/wp\/v2\/pages"}],"about":[{"href":"https:\/\/lt.sitegist.net\/de\/wp-json\/wp\/v2\/types\/page"}],"author":[{"embeddable":true,"href":"https:\/\/lt.sitegist.net\/de\/wp-json\/wp\/v2\/users\/1"}],"replies":[{"embeddable":true,"href":"https:\/\/lt.sitegist.net\/de\/wp-json\/wp\/v2\/comments?post=6104"}],"version-history":[{"count":16,"href":"https:\/\/lt.sitegist.net\/de\/wp-json\/wp\/v2\/pages\/6104\/revisions"}],"predecessor-version":[{"id":17482,"href":"https:\/\/lt.sitegist.net\/de\/wp-json\/wp\/v2\/pages\/6104\/revisions\/17482"}],"up":[{"embeddable":true,"href":"https:\/\/lt.sitegist.net\/de\/wp-json\/wp\/v2\/pages\/6059"}],"wp:attachment":[{"href":"https:\/\/lt.sitegist.net\/de\/wp-json\/wp\/v2\/media?parent=6104"}],"curies":[{"name":"wp","href":"https:\/\/api.w.org\/{rel}","templated":true}]}}