{"id":6001,"date":"2021-11-25T18:35:14","date_gmt":"2021-11-25T18:35:14","guid":{"rendered":"https:\/\/lt.sitegist.net\/?page_id=6001"},"modified":"2023-09-18T14:46:45","modified_gmt":"2023-09-18T14:46:45","slug":"uber-uns","status":"publish","type":"page","link":"https:\/\/lt.sitegist.net\/de\/kontaktiere-uns\/uber-uns\/","title":{"rendered":"\u00dcber uns"},"content":{"rendered":"<p>[et_pb_section fb_built=&#8220;1&#8243; _builder_version=&#8220;4.16&#8243; _module_preset=&#8220;default&#8220; background_color=&#8220;#FBFAF9&#8243; global_colors_info=&#8220;{}&#8220;][et_pb_row _builder_version=&#8220;4.16&#8243; _module_preset=&#8220;default&#8220; global_colors_info=&#8220;{}&#8220;][et_pb_column type=&#8220;4_4&#8243; _builder_version=&#8220;4.16&#8243; _module_preset=&#8220;default&#8220; global_colors_info=&#8220;{}&#8220;][et_pb_text _builder_version=&#8220;4.16&#8243; _module_preset=&#8220;default&#8220; global_colors_info=&#8220;{}&#8220;]<\/p>\n<h1>\u00dcber uns<\/h1>\n<p>[\/et_pb_text][\/et_pb_column][\/et_pb_row][\/et_pb_section][et_pb_section fb_built=&#8220;1&#8243; _builder_version=&#8220;4.16&#8243; _module_preset=&#8220;default&#8220; background_color=&#8220;#FBFAF9&#8243; custom_margin=&#8220;||-23px|||&#8220; custom_padding=&#8220;0px||0px|||&#8220; global_colors_info=&#8220;{}&#8220;][et_pb_row column_structure=&#8220;1_5,3_5,1_5&#8243; _builder_version=&#8220;4.16&#8243; _module_preset=&#8220;default&#8220; min_height=&#8220;843.6px&#8220; custom_margin=&#8220;|auto|3px|auto||&#8220; custom_padding=&#8220;||0px|||&#8220; global_colors_info=&#8220;{}&#8220;][et_pb_column type=&#8220;1_5&#8243; _builder_version=&#8220;4.16&#8243; _module_preset=&#8220;default&#8220; global_colors_info=&#8220;{}&#8220;][\/et_pb_column][et_pb_column type=&#8220;3_5&#8243; _builder_version=&#8220;4.16&#8243; _module_preset=&#8220;default&#8220; global_colors_info=&#8220;{}&#8220;][et_pb_image src=&#8220;https:\/\/lt.sitegist.net\/wp-content\/uploads\/2021\/11\/infrakit_about_us-1.jpg&#8220; title_text=&#8220;infrakit_about_us&#8220; module_id=&#8220;headingPicture&#8220; _builder_version=&#8220;4.16&#8243; _module_preset=&#8220;default&#8220; global_colors_info=&#8220;{}&#8220;][\/et_pb_image][et_pb_text module_id=&#8220;theContent&#8220; _builder_version=&#8220;4.16&#8243; _module_preset=&#8220;default&#8220; background_color=&#8220;#FBFAF9&#8243; custom_padding=&#8220;30px|30px|30px|30px|false|false&#8220; custom_css_main_element=&#8220;top: -100px;||left: 100px;||&#8220; global_colors_info=&#8220;{}&#8220;]<\/p>\n<h2>Wie fing alles an?<\/h2>\n<p>Infrakit wurde an der Universit\u00e4t Oulu aus einer Idee bei der Forschung \u00fcber Bauautomation geboren. Wir stellten fest, dass der ineffiziente und schwerf\u00e4llige Kommunikationsfluss den Projektfortschritt und die Fertigstellung bedeutend verlangsamte. Im Jahr 2010 gr\u00fcndeten wir Infrakit, nachdem wir mit Hilfe unserer Plattform dieses in Finnland sehr bedeutende Problem in der Infrastruktur-Bauindustrie gel\u00f6st hatten.<\/p>\n<p>Wir kreierten eine Plattform zum digitalen Datenfluss von Planungsmodellen und<br \/>\nBestandsinformationen durch alle Projektphasen hindurch. Dadurch waren und sind wir in der Lage eine gro\u00dfe Anzahl Verz\u00f6gerungen und Fehler zu eliminieren, die durch den Mangel an Kommunikation entstehen. Das Wesentliche ist, dass die mit Infrakit implementierten Infrastruktur-Projekte schneller fertiggestellt werden.<\/p>\n<p>Mit freundlichen Gr\u00fc\u00dfen,<br \/>\nTeemu Kivim\u00e4ki<\/p>\n<p>[\/et_pb_text][\/et_pb_column][et_pb_column type=&#8220;1_5&#8243; _builder_version=&#8220;4.16&#8243; _module_preset=&#8220;default&#8220; global_colors_info=&#8220;{}&#8220;][\/et_pb_column][\/et_pb_row][\/et_pb_section][et_pb_section fb_built=&#8220;1&#8243; _builder_version=&#8220;4.16&#8243; _module_preset=&#8220;default&#8220; background_color=&#8220;#FBFAF9&#8243; custom_padding=&#8220;0px|||||&#8220; global_colors_info=&#8220;{}&#8220;][et_pb_row column_structure=&#8220;1_4,1_2,1_4&#8243; _builder_version=&#8220;4.16&#8243; _module_preset=&#8220;default&#8220; global_colors_info=&#8220;{}&#8220;][et_pb_column type=&#8220;1_4&#8243; _builder_version=&#8220;4.16&#8243; _module_preset=&#8220;default&#8220; global_colors_info=&#8220;{}&#8220;][\/et_pb_column][et_pb_column type=&#8220;1_2&#8243; _builder_version=&#8220;4.16&#8243; _module_preset=&#8220;default&#8220; global_colors_info=&#8220;{}&#8220;][et_pb_text _builder_version=&#8220;4.16&#8243; _module_preset=&#8220;default&#8220; text_text_color=&#8220;#3F0F6B&#8220; background_color=&#8220;#ffffff&#8220; custom_padding=&#8220;20px|20px|20px|20px|false|false&#8220; global_colors_info=&#8220;{}&#8220;]<\/p>\n<h3>Unsere Mission<\/h3>\n<p class=\"p1\" align=\"center\"><span class=\"s1\">Wir bieten die beste Cloud-Plattform um den Erfolg der Infrastruktur-Bau zu gew\u00e4hrleisten.<\/span><\/p>\n<p>[\/et_pb_text][\/et_pb_column][et_pb_column type=&#8220;1_4&#8243; _builder_version=&#8220;4.16&#8243; _module_preset=&#8220;default&#8220; global_colors_info=&#8220;{}&#8220;][\/et_pb_column][\/et_pb_row][et_pb_row column_structure=&#8220;1_4,1_2,1_4&#8243; _builder_version=&#8220;4.16&#8243; _module_preset=&#8220;default&#8220; global_colors_info=&#8220;{}&#8220;][et_pb_column type=&#8220;1_4&#8243; _builder_version=&#8220;4.16&#8243; _module_preset=&#8220;default&#8220; global_colors_info=&#8220;{}&#8220;][\/et_pb_column][et_pb_column type=&#8220;1_2&#8243; _builder_version=&#8220;4.16&#8243; _module_preset=&#8220;default&#8220; global_colors_info=&#8220;{}&#8220;][et_pb_text _builder_version=&#8220;4.16&#8243; _module_preset=&#8220;default&#8220; text_text_color=&#8220;#3F0F6B&#8220; background_color=&#8220;#ffffff&#8220; custom_padding=&#8220;20px|20px|20px|20px|false|false&#8220; global_colors_info=&#8220;{}&#8220;]<\/p>\n<h3>Unsere Vision<\/h3>\n<p class=\"p1\" align=\"center\"><span class=\"s1\">Unser Ziel ist ein nachhaltiger Infrastrukturbau.<\/span><\/p>\n<p>[\/et_pb_text][\/et_pb_column][et_pb_column type=&#8220;1_4&#8243; _builder_version=&#8220;4.16&#8243; _module_preset=&#8220;default&#8220; global_colors_info=&#8220;{}&#8220;][\/et_pb_column][\/et_pb_row][\/et_pb_section][et_pb_section fb_built=&#8220;1&#8243; admin_label=&#8220;BOOK A DEMO&#8220; _builder_version=&#8220;4.16&#8243; _module_preset=&#8220;default&#8220; background_color=&#8220;#FBFAF9&#8243; saved_tabs=&#8220;all&#8220; global_colors_info=&#8220;{}&#8220; locked=&#8220;off&#8220;][et_pb_row column_structure=&#8220;1_4,1_2,1_4&#8243; _builder_version=&#8220;4.16&#8243; _module_preset=&#8220;default&#8220; custom_padding=&#8220;20px|20px|20px|20px|false|false&#8220; global_colors_info=&#8220;{}&#8220;][et_pb_column type=&#8220;1_4&#8243; _builder_version=&#8220;4.16&#8243; _module_preset=&#8220;default&#8220; global_colors_info=&#8220;{}&#8220;][\/et_pb_column][et_pb_column type=&#8220;1_2&#8243; _builder_version=&#8220;4.16&#8243; _module_preset=&#8220;default&#8220; global_colors_info=&#8220;{}&#8220;][et_pb_text _builder_version=&#8220;4.16&#8243; _module_preset=&#8220;default&#8220; background_color=&#8220;#ffffff&#8220; custom_padding=&#8220;20px|20px|20px|20px|false|false&#8220; global_colors_info=&#8220;{}&#8220;]<\/p>\n<h4 style=\"text-align: center;\">Buchen Sie eine Demo<\/h4>\n<p style=\"text-align: center;\">Entdecken Sie wie Infrakit Ihr Projekt vernetzt und einen Mehrwert f\u00fcr die gesamte digitale Bauausf\u00fchrung in Ihrem Unternehmen bietet.<\/p>\n<p style=\"text-align: center;\"><button class=\"btn-small purple\" onclick=\"Calendly.initPopupWidget({url:'https:\/\/calendly.com\/stefan-argiriu\/demo-buchen'});\nreturn false;\" id=>Demo buchen<\/button><\/p>\n<p>[\/et_pb_text][\/et_pb_column][et_pb_column type=&#8220;1_4&#8243; _builder_version=&#8220;4.16&#8243; _module_preset=&#8220;default&#8220; global_colors_info=&#8220;{}&#8220;][\/et_pb_column][\/et_pb_row][\/et_pb_section]<\/p>\n","protected":false},"excerpt":{"rendered":"<p>\u00dcber unsWie fing alles an? Infrakit wurde an der Universit\u00e4t Oulu aus einer Idee bei der Forschung \u00fcber Bauautomation geboren. Wir stellten fest, dass der ineffiziente und schwerf\u00e4llige Kommunikationsfluss den Projektfortschritt und die Fertigstellung bedeutend verlangsamte. Im Jahr 2010 gr\u00fcndeten wir Infrakit, nachdem wir mit Hilfe unserer Plattform dieses in Finnland sehr bedeutende Problem in [&hellip;]<\/p>\n","protected":false},"author":1,"featured_media":0,"parent":5941,"menu_order":0,"comment_status":"closed","ping_status":"closed","template":"","meta":{"_acf_changed":false,"_et_pb_use_builder":"on","_et_pb_old_content":"","_et_gb_content_width":"","footnotes":""},"class_list":["post-6001","page","type-page","status-publish","hentry"],"acf":[],"_links":{"self":[{"href":"https:\/\/lt.sitegist.net\/de\/wp-json\/wp\/v2\/pages\/6001","targetHints":{"allow":["GET"]}}],"collection":[{"href":"https:\/\/lt.sitegist.net\/de\/wp-json\/wp\/v2\/pages"}],"about":[{"href":"https:\/\/lt.sitegist.net\/de\/wp-json\/wp\/v2\/types\/page"}],"author":[{"embeddable":true,"href":"https:\/\/lt.sitegist.net\/de\/wp-json\/wp\/v2\/users\/1"}],"replies":[{"embeddable":true,"href":"https:\/\/lt.sitegist.net\/de\/wp-json\/wp\/v2\/comments?post=6001"}],"version-history":[{"count":9,"href":"https:\/\/lt.sitegist.net\/de\/wp-json\/wp\/v2\/pages\/6001\/revisions"}],"predecessor-version":[{"id":18219,"href":"https:\/\/lt.sitegist.net\/de\/wp-json\/wp\/v2\/pages\/6001\/revisions\/18219"}],"up":[{"embeddable":true,"href":"https:\/\/lt.sitegist.net\/de\/wp-json\/wp\/v2\/pages\/5941"}],"wp:attachment":[{"href":"https:\/\/lt.sitegist.net\/de\/wp-json\/wp\/v2\/media?parent=6001"}],"curies":[{"name":"wp","href":"https:\/\/api.w.org\/{rel}","templated":true}]}}